{"id":13983,"date":"2023-07-24T07:49:08","date_gmt":"2023-07-24T05:49:08","guid":{"rendered":"https:\/\/loopys.pl\/gdansk\/?page_id=13983"},"modified":"2025-10-29T18:02:02","modified_gmt":"2025-10-29T17:02:02","slug":"faq-czeste-pytania","status":"publish","type":"page","link":"https:\/\/loopys.pl\/gdansk\/en\/faq-czeste-pytania\/","title":{"rendered":"FAQ - Frequently asked questions"},"content":{"rendered":"\t\t<div data-elementor-type=\"wp-page\" data-elementor-id=\"13983\" class=\"elementor elementor-13983\" data-elementor-post-type=\"page\">\n\t\t\t\t<div class=\"elementor-element elementor-element-0a550f6 e-flex e-con-boxed e-con e-parent\" data-id=\"0a550f6\" data-element_type=\"container\" data-e-type=\"container\">\n\t\t\t\t\t<div class=\"e-con-inner\">\n\t\t\t\t<div class=\"elementor-element elementor-element-2069446 elementor-widget elementor-widget-heading\" data-id=\"2069446\" data-element_type=\"widget\" data-e-type=\"widget\" data-widget_type=\"heading.default\">\n\t\t\t\t<div class=\"elementor-widget-container\">\n\t\t\t\t\t<h2 class=\"elementor-heading-title elementor-size-default\">Najcz\u0119\u015bciej zadawane pytania:<\/h2>\t\t\t\t<\/div>\n\t\t\t\t<\/div>\n\t\t\t\t<div class=\"elementor-element elementor-element-667a987 elementor-widget elementor-widget-accordion\" data-id=\"667a987\" data-element_type=\"widget\" data-e-type=\"widget\" data-widget_type=\"accordion.default\">\n\t\t\t\t<div class=\"elementor-widget-container\">\n\t\t\t\t\t\t\t<div class=\"elementor-accordion\">\n\t\t\t\t\t\t\t<div class=\"elementor-accordion-item\">\n\t\t\t\t\t<div id=\"elementor-tab-title-1071\" class=\"elementor-tab-title\" data-tab=\"1\" role=\"button\" aria-controls=\"elementor-tab-content-1071\" aria-expanded=\"false\">\n\t\t\t\t\t\t\t\t\t\t\t\t\t<span class=\"elementor-accordion-icon elementor-accordion-icon-left\" aria-hidden=\"true\">\n\t\t\t\t\t\t\t\t\t\t\t\t\t\t\t<span class=\"elementor-accordion-icon-closed\"><svg class=\"e-font-icon-svg e-fas-plus\" viewBox=\"0 0 448 512\" xmlns=\"http:\/\/www.w3.org\/2000\/svg\"><path d=\"M416 208H272V64c0-17.67-14.33-32-32-32h-32c-17.67 0-32 14.33-32 32v144H32c-17.67 0-32 14.33-32 32v32c0 17.67 14.33 32 32 32h144v144c0 17.67 14.33 32 32 32h32c17.67 0 32-14.33 32-32V304h144c17.67 0 32-14.33 32-32v-32c0-17.67-14.33-32-32-32z\"><\/path><\/svg><\/span>\n\t\t\t\t\t\t\t\t<span class=\"elementor-accordion-icon-opened\"><svg class=\"e-font-icon-svg e-fas-minus\" viewBox=\"0 0 448 512\" xmlns=\"http:\/\/www.w3.org\/2000\/svg\"><path d=\"M416 208H32c-17.67 0-32 14.33-32 32v32c0 17.67 14.33 32 32 32h384c17.67 0 32-14.33 32-32v-32c0-17.67-14.33-32-32-32z\"><\/path><\/svg><\/span>\n\t\t\t\t\t\t\t\t\t\t\t\t\t\t<\/span>\n\t\t\t\t\t\t\t\t\t\t\t\t<a class=\"elementor-accordion-title\" tabindex=\"0\">Czy bilet mo\u017cna kupi\u0107 z wyprzedzeniem i jak d\u0142ugo pozostaje on wa\u017cny?<\/a>\n\t\t\t\t\t<\/div>\n\t\t\t\t\t<div id=\"elementor-tab-content-1071\" class=\"elementor-tab-content elementor-clearfix\" data-tab=\"1\" role=\"region\" aria-labelledby=\"elementor-tab-title-1071\"><p>Tak, bilet do Loopy\u2019s mo\u017cna kupi\u0107 z wyprzedzeniem. Jest wa\u017cny przez 3 miesi\u0105ce od daty zakupu. Bilety mo\u017cna kupi\u0107 na naszej stronie internetowej oraz w recepcji Centrum.<\/p><\/div>\n\t\t\t\t<\/div>\n\t\t\t\t\t\t\t<div class=\"elementor-accordion-item\">\n\t\t\t\t\t<div id=\"elementor-tab-title-1072\" class=\"elementor-tab-title\" data-tab=\"2\" role=\"button\" aria-controls=\"elementor-tab-content-1072\" aria-expanded=\"false\">\n\t\t\t\t\t\t\t\t\t\t\t\t\t<span class=\"elementor-accordion-icon elementor-accordion-icon-left\" aria-hidden=\"true\">\n\t\t\t\t\t\t\t\t\t\t\t\t\t\t\t<span class=\"elementor-accordion-icon-closed\"><svg class=\"e-font-icon-svg e-fas-plus\" viewBox=\"0 0 448 512\" xmlns=\"http:\/\/www.w3.org\/2000\/svg\"><path d=\"M416 208H272V64c0-17.67-14.33-32-32-32h-32c-17.67 0-32 14.33-32 32v144H32c-17.67 0-32 14.33-32 32v32c0 17.67 14.33 32 32 32h144v144c0 17.67 14.33 32 32 32h32c17.67 0 32-14.33 32-32V304h144c17.67 0 32-14.33 32-32v-32c0-17.67-14.33-32-32-32z\"><\/path><\/svg><\/span>\n\t\t\t\t\t\t\t\t<span class=\"elementor-accordion-icon-opened\"><svg class=\"e-font-icon-svg e-fas-minus\" viewBox=\"0 0 448 512\" xmlns=\"http:\/\/www.w3.org\/2000\/svg\"><path d=\"M416 208H32c-17.67 0-32 14.33-32 32v32c0 17.67 14.33 32 32 32h384c17.67 0 32-14.33 32-32v-32c0-17.67-14.33-32-32-32z\"><\/path><\/svg><\/span>\n\t\t\t\t\t\t\t\t\t\t\t\t\t\t<\/span>\n\t\t\t\t\t\t\t\t\t\t\t\t<a class=\"elementor-accordion-title\" tabindex=\"0\">Czy w Loopy\u2019s World akceptowana jest Karta Du\u017cej Rodziny? <\/a>\n\t\t\t\t\t<\/div>\n\t\t\t\t\t<div id=\"elementor-tab-content-1072\" class=\"elementor-tab-content elementor-clearfix\" data-tab=\"2\" role=\"region\" aria-labelledby=\"elementor-tab-title-1072\"><p>Tak, honorujemy Kart\u0119 Du\u017cej Rodziny. Aktualnie obowi\u0105zuj\u0105ca zni\u017cka to 10% na wej\u015bcie z jednym dzieckiem i 20% z dw\u00f3jk\u0105 i wi\u0119cej. Warunkiem uzyskania zni\u017cki jest okazanie pracownikowi w recepcji wa\u017cnej Karty Du\u017cej Rodziny.<\/p><\/div>\n\t\t\t\t<\/div>\n\t\t\t\t\t\t\t<div class=\"elementor-accordion-item\">\n\t\t\t\t\t<div id=\"elementor-tab-title-1073\" class=\"elementor-tab-title\" data-tab=\"3\" role=\"button\" aria-controls=\"elementor-tab-content-1073\" aria-expanded=\"false\">\n\t\t\t\t\t\t\t\t\t\t\t\t\t<span class=\"elementor-accordion-icon elementor-accordion-icon-left\" aria-hidden=\"true\">\n\t\t\t\t\t\t\t\t\t\t\t\t\t\t\t<span class=\"elementor-accordion-icon-closed\"><svg class=\"e-font-icon-svg e-fas-plus\" viewBox=\"0 0 448 512\" xmlns=\"http:\/\/www.w3.org\/2000\/svg\"><path d=\"M416 208H272V64c0-17.67-14.33-32-32-32h-32c-17.67 0-32 14.33-32 32v144H32c-17.67 0-32 14.33-32 32v32c0 17.67 14.33 32 32 32h144v144c0 17.67 14.33 32 32 32h32c17.67 0 32-14.33 32-32V304h144c17.67 0 32-14.33 32-32v-32c0-17.67-14.33-32-32-32z\"><\/path><\/svg><\/span>\n\t\t\t\t\t\t\t\t<span class=\"elementor-accordion-icon-opened\"><svg class=\"e-font-icon-svg e-fas-minus\" viewBox=\"0 0 448 512\" xmlns=\"http:\/\/www.w3.org\/2000\/svg\"><path d=\"M416 208H32c-17.67 0-32 14.33-32 32v32c0 17.67 14.33 32 32 32h384c17.67 0 32-14.33 32-32v-32c0-17.67-14.33-32-32-32z\"><\/path><\/svg><\/span>\n\t\t\t\t\t\t\t\t\t\t\t\t\t\t<\/span>\n\t\t\t\t\t\t\t\t\t\t\t\t<a class=\"elementor-accordion-title\" tabindex=\"0\">Czy wszystkie atrakcje dost\u0119pne s\u0105 w cenie biletu? <\/a>\n\t\t\t\t\t<\/div>\n\t\t\t\t\t<div id=\"elementor-tab-content-1073\" class=\"elementor-tab-content elementor-clearfix\" data-tab=\"3\" role=\"region\" aria-labelledby=\"elementor-tab-title-1073\"><p>Zakupiony bilet upowa\u017cnia do nielimitowanego korzystania z wielopoziomowej konstrukcji, zje\u017cd\u017calni, basen\u00f3w z pi\u0142kami, trampolin, armatek pneumatycznych i wielu innych.<\/p><p>Jest kilka miejsc, w kt\u00f3rych nale\u017cy si\u0119 liczy\u0107 z dodatkowymi op\u0142atami, s\u0105 to: gokarty elektryczne, kolejka, czy automaty zr\u0119czno\u015bciowe z mo\u017cliwo\u015bci\u0105 wygrania nagr\u00f3d.<\/p><\/div>\n\t\t\t\t<\/div>\n\t\t\t\t\t\t\t<div class=\"elementor-accordion-item\">\n\t\t\t\t\t<div id=\"elementor-tab-title-1074\" class=\"elementor-tab-title\" data-tab=\"4\" role=\"button\" aria-controls=\"elementor-tab-content-1074\" aria-expanded=\"false\">\n\t\t\t\t\t\t\t\t\t\t\t\t\t<span class=\"elementor-accordion-icon elementor-accordion-icon-left\" aria-hidden=\"true\">\n\t\t\t\t\t\t\t\t\t\t\t\t\t\t\t<span class=\"elementor-accordion-icon-closed\"><svg class=\"e-font-icon-svg e-fas-plus\" viewBox=\"0 0 448 512\" xmlns=\"http:\/\/www.w3.org\/2000\/svg\"><path d=\"M416 208H272V64c0-17.67-14.33-32-32-32h-32c-17.67 0-32 14.33-32 32v144H32c-17.67 0-32 14.33-32 32v32c0 17.67 14.33 32 32 32h144v144c0 17.67 14.33 32 32 32h32c17.67 0 32-14.33 32-32V304h144c17.67 0 32-14.33 32-32v-32c0-17.67-14.33-32-32-32z\"><\/path><\/svg><\/span>\n\t\t\t\t\t\t\t\t<span class=\"elementor-accordion-icon-opened\"><svg class=\"e-font-icon-svg e-fas-minus\" viewBox=\"0 0 448 512\" xmlns=\"http:\/\/www.w3.org\/2000\/svg\"><path d=\"M416 208H32c-17.67 0-32 14.33-32 32v32c0 17.67 14.33 32 32 32h384c17.67 0 32-14.33 32-32v-32c0-17.67-14.33-32-32-32z\"><\/path><\/svg><\/span>\n\t\t\t\t\t\t\t\t\t\t\t\t\t\t<\/span>\n\t\t\t\t\t\t\t\t\t\t\t\t<a class=\"elementor-accordion-title\" tabindex=\"0\">W jaki spos\u00f3b mog\u0119 zarezerwowa\u0107 urodziny? <\/a>\n\t\t\t\t\t<\/div>\n\t\t\t\t\t<div id=\"elementor-tab-content-1074\" class=\"elementor-tab-content elementor-clearfix\" data-tab=\"4\" role=\"region\" aria-labelledby=\"elementor-tab-title-1074\"><p>Rezerwacji mo\u017cna dokona\u0107 poprzez formularz na naszej stronie internetowej lub w recepcji Centrum. Nie przyjmujemy rezerwacji telefonicznie. <a href=\"https:\/\/loopys.pl\/gdansk\/oferta\/urodziny\/zarezerwuj-urodziny\/\">Zarezerwuj on-line<\/a><\/p><\/div>\n\t\t\t\t<\/div>\n\t\t\t\t\t\t\t<div class=\"elementor-accordion-item\">\n\t\t\t\t\t<div id=\"elementor-tab-title-1075\" class=\"elementor-tab-title\" data-tab=\"5\" role=\"button\" aria-controls=\"elementor-tab-content-1075\" aria-expanded=\"false\">\n\t\t\t\t\t\t\t\t\t\t\t\t\t<span class=\"elementor-accordion-icon elementor-accordion-icon-left\" aria-hidden=\"true\">\n\t\t\t\t\t\t\t\t\t\t\t\t\t\t\t<span class=\"elementor-accordion-icon-closed\"><svg class=\"e-font-icon-svg e-fas-plus\" viewBox=\"0 0 448 512\" xmlns=\"http:\/\/www.w3.org\/2000\/svg\"><path d=\"M416 208H272V64c0-17.67-14.33-32-32-32h-32c-17.67 0-32 14.33-32 32v144H32c-17.67 0-32 14.33-32 32v32c0 17.67 14.33 32 32 32h144v144c0 17.67 14.33 32 32 32h32c17.67 0 32-14.33 32-32V304h144c17.67 0 32-14.33 32-32v-32c0-17.67-14.33-32-32-32z\"><\/path><\/svg><\/span>\n\t\t\t\t\t\t\t\t<span class=\"elementor-accordion-icon-opened\"><svg class=\"e-font-icon-svg e-fas-minus\" viewBox=\"0 0 448 512\" xmlns=\"http:\/\/www.w3.org\/2000\/svg\"><path d=\"M416 208H32c-17.67 0-32 14.33-32 32v32c0 17.67 14.33 32 32 32h384c17.67 0 32-14.33 32-32v-32c0-17.67-14.33-32-32-32z\"><\/path><\/svg><\/span>\n\t\t\t\t\t\t\t\t\t\t\t\t\t\t<\/span>\n\t\t\t\t\t\t\t\t\t\t\t\t<a class=\"elementor-accordion-title\" tabindex=\"0\">Mam Kart\u0119 Malucha\/Juniora, czy mog\u0119 wykorzysta\u0107 j\u0105 w waszej innej lokalizacji?<\/a>\n\t\t\t\t\t<\/div>\n\t\t\t\t\t<div id=\"elementor-tab-content-1075\" class=\"elementor-tab-content elementor-clearfix\" data-tab=\"5\" role=\"region\" aria-labelledby=\"elementor-tab-title-1075\"><p>Tak! Karty mo\u017cna wykorzystywa\u0107 w ka\u017cdej z lokalizacji.<\/p><\/div>\n\t\t\t\t<\/div>\n\t\t\t\t\t\t\t<div class=\"elementor-accordion-item\">\n\t\t\t\t\t<div id=\"elementor-tab-title-1076\" class=\"elementor-tab-title\" data-tab=\"6\" role=\"button\" aria-controls=\"elementor-tab-content-1076\" aria-expanded=\"false\">\n\t\t\t\t\t\t\t\t\t\t\t\t\t<span class=\"elementor-accordion-icon elementor-accordion-icon-left\" aria-hidden=\"true\">\n\t\t\t\t\t\t\t\t\t\t\t\t\t\t\t<span class=\"elementor-accordion-icon-closed\"><svg class=\"e-font-icon-svg e-fas-plus\" viewBox=\"0 0 448 512\" xmlns=\"http:\/\/www.w3.org\/2000\/svg\"><path d=\"M416 208H272V64c0-17.67-14.33-32-32-32h-32c-17.67 0-32 14.33-32 32v144H32c-17.67 0-32 14.33-32 32v32c0 17.67 14.33 32 32 32h144v144c0 17.67 14.33 32 32 32h32c17.67 0 32-14.33 32-32V304h144c17.67 0 32-14.33 32-32v-32c0-17.67-14.33-32-32-32z\"><\/path><\/svg><\/span>\n\t\t\t\t\t\t\t\t<span class=\"elementor-accordion-icon-opened\"><svg class=\"e-font-icon-svg e-fas-minus\" viewBox=\"0 0 448 512\" xmlns=\"http:\/\/www.w3.org\/2000\/svg\"><path d=\"M416 208H32c-17.67 0-32 14.33-32 32v32c0 17.67 14.33 32 32 32h384c17.67 0 32-14.33 32-32v-32c0-17.67-14.33-32-32-32z\"><\/path><\/svg><\/span>\n\t\t\t\t\t\t\t\t\t\t\t\t\t\t<\/span>\n\t\t\t\t\t\t\t\t\t\t\t\t<a class=\"elementor-accordion-title\" tabindex=\"0\">Czy mog\u0119 zostawi\u0107 dziecko na terenie Loopy\u2019s pod wasz\u0105 opiek\u0105? <\/a>\n\t\t\t\t\t<\/div>\n\t\t\t\t\t<div id=\"elementor-tab-content-1076\" class=\"elementor-tab-content elementor-clearfix\" data-tab=\"6\" role=\"region\" aria-labelledby=\"elementor-tab-title-1076\"><p>Zrobimy wszystko, aby ka\u017cde dziecko czu\u0142o si\u0119 u nas jak w domu! Nie sprawujemy jednak opieki nad Maluchami, ca\u0142a konstrukcja dostosowana jest tak\u017ce do u\u017cytkowania przez osoby doros\u0142e, tak aby\u015bcie mogli bawi\u0107 si\u0119 wsp\u00f3lnie. W przypadku dziecka powy\u017cej 7 roku \u017cycia, istnieje mo\u017cliwo\u015b\u0107 samodzielnej zabawy po podpisaniu stosownego o\u015bwiadczenia.<\/p><\/div>\n\t\t\t\t<\/div>\n\t\t\t\t\t\t\t\t\t\t<script type=\"application\/ld+json\">{\"@context\":\"https:\\\/\\\/schema.org\",\"@type\":\"FAQPage\",\"mainEntity\":[{\"@type\":\"Question\",\"name\":\"Czy bilet mo\\u017cna kupi\\u0107 z wyprzedzeniem i jak d\\u0142ugo pozostaje on wa\\u017cny?\",\"acceptedAnswer\":{\"@type\":\"Answer\",\"text\":\"<p>Tak, bilet do Loopy\\u2019s mo\\u017cna kupi\\u0107 z wyprzedzeniem. Jest wa\\u017cny przez 3 miesi\\u0105ce od daty zakupu. Bilety mo\\u017cna kupi\\u0107 na naszej stronie internetowej oraz w recepcji Centrum.<\\\/p>\"}},{\"@type\":\"Question\",\"name\":\"Czy w Loopy\\u2019s World akceptowana jest Karta Du\\u017cej Rodziny?\",\"acceptedAnswer\":{\"@type\":\"Answer\",\"text\":\"<p>Tak, honorujemy Kart\\u0119 Du\\u017cej Rodziny. Aktualnie obowi\\u0105zuj\\u0105ca zni\\u017cka to 10% na wej\\u015bcie z jednym dzieckiem i 20% z dw\\u00f3jk\\u0105 i wi\\u0119cej. Warunkiem uzyskania zni\\u017cki jest okazanie pracownikowi w recepcji wa\\u017cnej Karty Du\\u017cej Rodziny.<\\\/p>\"}},{\"@type\":\"Question\",\"name\":\"Czy wszystkie atrakcje dost\\u0119pne s\\u0105 w cenie biletu?\",\"acceptedAnswer\":{\"@type\":\"Answer\",\"text\":\"<p>Zakupiony bilet upowa\\u017cnia do nielimitowanego korzystania z wielopoziomowej konstrukcji, zje\\u017cd\\u017calni, basen\\u00f3w z pi\\u0142kami, trampolin, armatek pneumatycznych i wielu innych.<\\\/p><p>Jest kilka miejsc, w kt\\u00f3rych nale\\u017cy si\\u0119 liczy\\u0107 z dodatkowymi op\\u0142atami, s\\u0105 to: gokarty elektryczne, kolejka, czy automaty zr\\u0119czno\\u015bciowe z mo\\u017cliwo\\u015bci\\u0105 wygrania nagr\\u00f3d.<\\\/p>\"}},{\"@type\":\"Question\",\"name\":\"W jaki spos\\u00f3b mog\\u0119 zarezerwowa\\u0107 urodziny?\",\"acceptedAnswer\":{\"@type\":\"Answer\",\"text\":\"<p>Rezerwacji mo\\u017cna dokona\\u0107 poprzez formularz na naszej stronie internetowej lub w recepcji Centrum. Nie przyjmujemy rezerwacji telefonicznie. <a href=\\\"https:\\\/\\\/loopys.pl\\\/gdansk\\\/oferta\\\/urodziny\\\/zarezerwuj-urodziny\\\/\\\">Zarezerwuj on-line<\\\/a><\\\/p>\"}},{\"@type\":\"Question\",\"name\":\"Mam Kart\\u0119 Malucha\\\/Juniora, czy mog\\u0119 wykorzysta\\u0107 j\\u0105 w waszej innej lokalizacji?\",\"acceptedAnswer\":{\"@type\":\"Answer\",\"text\":\"<p>Tak! Karty mo\\u017cna wykorzystywa\\u0107 w ka\\u017cdej z lokalizacji.<\\\/p>\"}},{\"@type\":\"Question\",\"name\":\"Czy mog\\u0119 zostawi\\u0107 dziecko na terenie Loopy\\u2019s pod wasz\\u0105 opiek\\u0105?\",\"acceptedAnswer\":{\"@type\":\"Answer\",\"text\":\"<p>Zrobimy wszystko, aby ka\\u017cde dziecko czu\\u0142o si\\u0119 u nas jak w domu! Nie sprawujemy jednak opieki nad Maluchami, ca\\u0142a konstrukcja dostosowana jest tak\\u017ce do u\\u017cytkowania przez osoby doros\\u0142e, tak aby\\u015bcie mogli bawi\\u0107 si\\u0119 wsp\\u00f3lnie. W przypadku dziecka powy\\u017cej 7 roku \\u017cycia, istnieje mo\\u017cliwo\\u015b\\u0107 samodzielnej zabawy po podpisaniu stosownego o\\u015bwiadczenia.<\\\/p>\"}}]}<\/script>\n\t\t\t\t\t<\/div>\n\t\t\t\t\t\t<\/div>\n\t\t\t\t<\/div>\n\t\t\t\t\t<\/div>\n\t\t\t\t<\/div>\n\t\t\t\t<\/div>\n\t\t","protected":false},"excerpt":{"rendered":"<p>Frequently asked questions: Can a ticket be purchased in advance and how long does it remain valid? Yes, a ticket to Loopy's can be purchased in advance. It is valid for 3 months from the date of purchase. Tickets can be purchased on our website and at the reception of the Centre. Is the Large Family Card accepted at Loopy's World? Yes, we honour the Large Family Card....<\/p>","protected":false},"author":11,"featured_media":0,"parent":0,"menu_order":0,"comment_status":"closed","ping_status":"closed","template":"","meta":{"_acf_changed":false,"_kad_blocks_custom_css":"","_kad_blocks_head_custom_js":"","_kad_blocks_body_custom_js":"","_kad_blocks_footer_custom_js":"","_kad_post_transparent":"","_kad_post_title":"hide","_kad_post_layout":"fullwidth","_kad_post_sidebar_id":"","_kad_post_content_style":"unboxed","_kad_post_vertical_padding":"hide","_kad_post_feature":"hide","_kad_post_feature_position":"","_kad_post_header":false,"_kad_post_footer":false,"_kad_post_classname":"","footnotes":""},"class_list":["post-13983","page","type-page","status-publish","hentry"],"acf":[],"taxonomy_info":[],"featured_image_src_large":false,"author_info":{"display_name":"michal2","author_link":"https:\/\/loopys.pl\/gdansk\/en\/author\/michal2\/"},"comment_info":0,"_links":{"self":[{"href":"https:\/\/loopys.pl\/gdansk\/en\/wp-json\/wp\/v2\/pages\/13983","targetHints":{"allow":["GET"]}}],"collection":[{"href":"https:\/\/loopys.pl\/gdansk\/en\/wp-json\/wp\/v2\/pages"}],"about":[{"href":"https:\/\/loopys.pl\/gdansk\/en\/wp-json\/wp\/v2\/types\/page"}],"author":[{"embeddable":true,"href":"https:\/\/loopys.pl\/gdansk\/en\/wp-json\/wp\/v2\/users\/11"}],"replies":[{"embeddable":true,"href":"https:\/\/loopys.pl\/gdansk\/en\/wp-json\/wp\/v2\/comments?post=13983"}],"version-history":[{"count":0,"href":"https:\/\/loopys.pl\/gdansk\/en\/wp-json\/wp\/v2\/pages\/13983\/revisions"}],"wp:attachment":[{"href":"https:\/\/loopys.pl\/gdansk\/en\/wp-json\/wp\/v2\/media?parent=13983"}],"curies":[{"name":"wp","href":"https:\/\/api.w.org\/{rel}","templated":true}]}}