{"id":13524,"date":"2023-07-10T21:05:28","date_gmt":"2023-07-10T19:05:28","guid":{"rendered":"https:\/\/loopys.pl\/gdansk\/?page_id=13524"},"modified":"2024-08-22T14:37:27","modified_gmt":"2024-08-22T12:37:27","slug":"wejsciowka-do-loopys-world","status":"publish","type":"page","link":"https:\/\/loopys.pl\/gdansk\/wejsciowka-do-loopys-world\/","title":{"rendered":"Wej\u015bci\u00f3wka do Loopy&#8217;s World"},"content":{"rendered":"\t\t<div data-elementor-type=\"wp-page\" data-elementor-id=\"13524\" class=\"elementor elementor-13524\" data-elementor-post-type=\"page\">\n\t\t\t\t<div class=\"elementor-element elementor-element-e4f5a29 e-flex e-con-boxed e-con e-parent\" data-id=\"e4f5a29\" data-element_type=\"container\" data-e-type=\"container\">\n\t\t\t\t\t<div class=\"e-con-inner\">\n\t\t\t\t<div class=\"elementor-element elementor-element-a294599 elementor-widget elementor-widget-heading\" data-id=\"a294599\" data-element_type=\"widget\" data-e-type=\"widget\" data-widget_type=\"heading.default\">\n\t\t\t\t<div class=\"elementor-widget-container\">\n\t\t\t\t\t<h2 class=\"elementor-heading-title elementor-size-default\">Kup wej\u015bci\u00f3wk\u0119 online wa\u017cn\u0105 przez trzy miesi\u0105ce od daty zakupu lub miesi\u0119czny abonament.<\/h2>\t\t\t\t<\/div>\n\t\t\t\t<\/div>\n\t\t\t\t<div class=\"elementor-element elementor-element-9b820d5 elementor-widget elementor-widget-html\" data-id=\"9b820d5\" data-element_type=\"widget\" data-e-type=\"widget\" data-widget_type=\"html.default\">\n\t\t\t\t<div class=\"elementor-widget-container\">\n\t\t\t\t\t<!-- Pocz\u0105tek elementu sprzeda\u017cowego droplabs.pl. Prosz\u0119 nie modyfikowa\u0107 kodu, mo\u017ce to wp\u0142yn\u0105\u0107 na poprawno\u015b\u0107 dzia\u0142ania sprzeda\u017cy! -->\n<iframe id=\"dl-widget\" style=\"border: 0;width: 100% !important;padding: 0;margin: 0 auto;min-height: 200px;max-width: 1000px;display:block;\" src=\"https:\/\/widget.droplabs.pl\/index.html?facilityId=342&onlineGroupId=7564\"><\/iframe>\n<script type=\"text\/javascript\" src=\"https:\/\/widget.droplabs.pl\/widget.js\"><\/script>\n<!-- Koniec elementu sprzeda\u017cowego droplabs.pl -->\t\t\t\t<\/div>\n\t\t\t\t<\/div>\n\t\t\t\t\t<\/div>\n\t\t\t\t<\/div>\n\t\t\t\t<\/div>\n\t\t","protected":false},"excerpt":{"rendered":"<p>Kup wej\u015bci\u00f3wk\u0119 online wa\u017cn\u0105 przez trzy miesi\u0105ce od daty zakupu lub miesi\u0119czny abonament.<\/p>\n","protected":false},"author":11,"featured_media":0,"parent":0,"menu_order":0,"comment_status":"closed","ping_status":"closed","template":"","meta":{"_acf_changed":false,"_kad_blocks_custom_css":"","_kad_blocks_head_custom_js":"","_kad_blocks_body_custom_js":"","_kad_blocks_footer_custom_js":"","_kad_post_transparent":"","_kad_post_title":"hide","_kad_post_layout":"fullwidth","_kad_post_sidebar_id":"","_kad_post_content_style":"unboxed","_kad_post_vertical_padding":"hide","_kad_post_feature":"hide","_kad_post_feature_position":"","_kad_post_header":false,"_kad_post_footer":false,"_kad_post_classname":"","footnotes":""},"class_list":["post-13524","page","type-page","status-publish","hentry"],"acf":[],"taxonomy_info":[],"featured_image_src_large":false,"author_info":{"display_name":"michal2","author_link":"https:\/\/loopys.pl\/gdansk\/author\/michal2\/"},"comment_info":0,"_links":{"self":[{"href":"https:\/\/loopys.pl\/gdansk\/wp-json\/wp\/v2\/pages\/13524","targetHints":{"allow":["GET"]}}],"collection":[{"href":"https:\/\/loopys.pl\/gdansk\/wp-json\/wp\/v2\/pages"}],"about":[{"href":"https:\/\/loopys.pl\/gdansk\/wp-json\/wp\/v2\/types\/page"}],"author":[{"embeddable":true,"href":"https:\/\/loopys.pl\/gdansk\/wp-json\/wp\/v2\/users\/11"}],"replies":[{"embeddable":true,"href":"https:\/\/loopys.pl\/gdansk\/wp-json\/wp\/v2\/comments?post=13524"}],"version-history":[{"count":0,"href":"https:\/\/loopys.pl\/gdansk\/wp-json\/wp\/v2\/pages\/13524\/revisions"}],"wp:attachment":[{"href":"https:\/\/loopys.pl\/gdansk\/wp-json\/wp\/v2\/media?parent=13524"}],"curies":[{"name":"wp","href":"https:\/\/api.w.org\/{rel}","templated":true}]}}