{"id":14977,"date":"2024-07-16T11:57:07","date_gmt":"2024-07-16T09:57:07","guid":{"rendered":"https:\/\/loopys.pl\/gdansk\/?page_id=14977"},"modified":"2024-07-22T14:52:38","modified_gmt":"2024-07-22T12:52:38","slug":"mapa-witryny","status":"publish","type":"page","link":"https:\/\/loopys.pl\/gdansk\/mapa-witryny\/","title":{"rendered":"Mapa witryny"},"content":{"rendered":"<style>.kb-row-layout-id14977_f04efd-72 > .kt-row-column-wrap{align-content:start;}:where(.kb-row-layout-id14977_f04efd-72 > .kt-row-column-wrap) > .wp-block-kadence-column{justify-content:start;}.kb-row-layout-id14977_f04efd-72 > .kt-row-column-wrap{column-gap:var(--global-kb-gap-md, 2rem);row-gap:var(--global-kb-gap-md, 2rem);max-width:var( --global-content-width, 1200px );padding-left:var(--global-content-edge-padding);padding-right:var(--global-content-edge-padding);padding-top:var(--global-kb-spacing-sm, 1.5rem);padding-bottom:var(--global-kb-spacing-sm, 1.5rem);grid-template-columns:minmax(0, 1fr);}.kb-row-layout-id14977_f04efd-72 > .kt-row-layout-overlay{opacity:0.30;}@media all and (max-width: 1024px){.kb-row-layout-id14977_f04efd-72 > .kt-row-column-wrap{grid-template-columns:minmax(0, 1fr);}}@media all and (max-width: 767px){.kb-row-layout-id14977_f04efd-72 > .kt-row-column-wrap{grid-template-columns:minmax(0, 1fr);}}<\/style><div class=\"kb-row-layout-wrap kb-row-layout-id14977_f04efd-72 alignnone wp-block-kadence-rowlayout\"><div class=\"kt-row-column-wrap kt-has-1-columns kt-row-layout-equal kt-tab-layout-inherit kt-mobile-layout-row kt-row-valign-top kb-theme-content-width\">\n<style>.kadence-column14977_6e51ac-f7 > .kt-inside-inner-col,.kadence-column14977_6e51ac-f7 > .kt-inside-inner-col:before{border-top-left-radius:0px;border-top-right-radius:0px;border-bottom-right-radius:0px;border-bottom-left-radius:0px;}.kadence-column14977_6e51ac-f7 > .kt-inside-inner-col{column-gap:var(--global-kb-gap-sm, 1rem);}.kadence-column14977_6e51ac-f7 > .kt-inside-inner-col{flex-direction:column;}.kadence-column14977_6e51ac-f7 > .kt-inside-inner-col > .aligncenter{width:100%;}.kadence-column14977_6e51ac-f7 > .kt-inside-inner-col:before{opacity:0.3;}.kadence-column14977_6e51ac-f7{position:relative;}@media all and (max-width: 1024px){.kadence-column14977_6e51ac-f7 > .kt-inside-inner-col{flex-direction:column;justify-content:center;}}@media all and (max-width: 767px){.kadence-column14977_6e51ac-f7 > .kt-inside-inner-col{flex-direction:column;justify-content:center;}}<\/style>\n<div class=\"wp-block-kadence-column kadence-column14977_6e51ac-f7\"><div class=\"kt-inside-inner-col\"><div class=\"rank-math-html-sitemap\"><div class=\"rank-math-html-sitemap__section rank-math-html-sitemap__section--post-type rank-math-html-sitemap__section--post\"><h2 class=\"rank-math-html-sitemap__title\">Wpisy<\/h2><ul class=\"rank-math-html-sitemap__list\"><li class=\"rank-math-html-sitemap__item\"><a href=\"https:\/\/loopys.pl\/gdansk\/nowe-pakiety-urodzinowee\/\" class=\"rank-math-html-sitemap__link\">\ud83c\udf82NOWE PAKIETY URODZINOWE\ud83c\udf82<\/a><\/li><li class=\"rank-math-html-sitemap__item\"><a href=\"https:\/\/loopys.pl\/gdansk\/wielkanocne-godziny-otwarcia\/\" class=\"rank-math-html-sitemap__link\">\ud83c\udf38\ud83d\udc23\u00a0 WIELKANOCNE GODZINY OTWARCIA \ud83d\udc23\ud83c\udf38<\/a><\/li><li class=\"rank-math-html-sitemap__item\"><a href=\"https:\/\/loopys.pl\/gdansk\/wielkanoc-tuz-za-rogiem\/\" class=\"rank-math-html-sitemap__link\">\ud83c\udf38\ud83d\udc23\u00a0 WIELKANOC TU\u017b ZA ROGIEM \ud83d\udc23\ud83c\udf38<\/a><\/li><li class=\"rank-math-html-sitemap__item\"><a href=\"https:\/\/loopys.pl\/gdansk\/promocja-wielkanocna-pomysl-na-prezent-od-zajaczka\/\" class=\"rank-math-html-sitemap__link\">\ud83c\udf38PROMOCJA WIELKANOCNA\ud83c\udf38- pomys\u0142 na prezent od zaj\u0105czka<\/a><\/li><li class=\"rank-math-html-sitemap__item\"><a href=\"https:\/\/loopys.pl\/gdansk\/topienie-marzanny-xxl\/\" class=\"rank-math-html-sitemap__link\">\ud83c\udf0a\ud83c\udf0a\ud83c\udf0a TOPIENIE MARZANNY XXL \ud83c\udf0a\ud83c\udf0a\ud83c\udf0a<\/a><\/li><li class=\"rank-math-html-sitemap__item\"><a href=\"https:\/\/loopys.pl\/gdansk\/tworzenie-marzanny-wiosna\/\" class=\"rank-math-html-sitemap__link\">\ud83c\udf38\ud83c\udf43 MARZANNA XXL \ud83c\udf43\ud83c\udf38<\/a><\/li><li class=\"rank-math-html-sitemap__item\"><a href=\"https:\/\/loopys.pl\/gdansk\/animacje-ferie-2026\/\" class=\"rank-math-html-sitemap__link\">\u2744\ufe0f\ud83d\udc8e FERIE 2026 \ud83d\udc8e\u2744\ufe0f<\/a><\/li><li class=\"rank-math-html-sitemap__item\"><a href=\"https:\/\/loopys.pl\/gdansk\/promocja-dwaplusjedengratis\/\" class=\"rank-math-html-sitemap__link\">\u2757\u015aWI\u0104TECZNA PROMOCJA \u2757 2+1 gratis \ud83d\udc76\ud83d\udc76\ud83d\udc76<\/a><\/li><li class=\"rank-math-html-sitemap__item\"><a href=\"https:\/\/loopys.pl\/gdansk\/mikolajki-2025-animacje\/\" class=\"rank-math-html-sitemap__link\">MIKO\u0141AJ JUNIOR PRZEJMUJE \u015aWI\u0118TA! \ud83c\udf85\ud83d\udc76<\/a><\/li><li class=\"rank-math-html-sitemap__item\"><a href=\"https:\/\/loopys.pl\/gdansk\/pomyslnaprezent\/\" class=\"rank-math-html-sitemap__link\">\ud83c\udf85POMYS\u0141 NA PREZENT! 3+1 gratis \ud83c\udf85<\/a><\/li><li class=\"rank-math-html-sitemap__item\"><a href=\"https:\/\/loopys.pl\/gdansk\/nochalloween2025\/\" class=\"rank-math-html-sitemap__link\">\ud83d\udc7b\ud83d\udd6f\ufe0fUPIORNE, NOCNE PRZYJ\u0118CIE HALLOWEEN 2025\ud83d\udd6f\ufe0f\ud83d\udc7b<\/a><\/li><li class=\"rank-math-html-sitemap__item\"><a href=\"https:\/\/loopys.pl\/gdansk\/15-08-jestesmy-otwarci\/\" class=\"rank-math-html-sitemap__link\">15.08- JESTE\u015aMY OTWARCI<\/a><\/li><li class=\"rank-math-html-sitemap__item\"><a href=\"https:\/\/loopys.pl\/gdansk\/wakacyjny-rabat-abonamenty\/\" class=\"rank-math-html-sitemap__link\">% WAKACJYJNY RABAT NA ABONAMENTY %<\/a><\/li><li class=\"rank-math-html-sitemap__item\"><a href=\"https:\/\/loopys.pl\/gdansk\/roztanczony-dzien-dziecka\/\" class=\"rank-math-html-sitemap__link\">ROZTA\u0143CZONY DZIE\u0143 DZIECKA<\/a><\/li><li class=\"rank-math-html-sitemap__item\"><a href=\"https:\/\/loopys.pl\/gdansk\/ofertadlafirm\/\" class=\"rank-math-html-sitemap__link\">OFERTA DLA FIRM<\/a><\/li><li class=\"rank-math-html-sitemap__item\"><a href=\"https:\/\/loopys.pl\/gdansk\/cybermajowka2025\/\" class=\"rank-math-html-sitemap__link\">CYBERMAJ\u00d3WKA 2025<\/a><\/li><li class=\"rank-math-html-sitemap__item\"><a href=\"https:\/\/loopys.pl\/gdansk\/wielkanoc2025\/\" class=\"rank-math-html-sitemap__link\">WIELKANOC 2025 - godziny otwarcia<\/a><\/li><li class=\"rank-math-html-sitemap__item\"><a href=\"https:\/\/loopys.pl\/gdansk\/pracownik-recepcji\/\" class=\"rank-math-html-sitemap__link\">Pracownik Recepcji<\/a><\/li><li class=\"rank-math-html-sitemap__item\"><a href=\"https:\/\/loopys.pl\/gdansk\/animator\/\" class=\"rank-math-html-sitemap__link\">Animator<\/a><\/li><li class=\"rank-math-html-sitemap__item\"><a href=\"https:\/\/loopys.pl\/gdansk\/specjalista-ds-sprzedazy-oferty-branza-rozrywka-dla-rodzin-z-dziecmi\/\" class=\"rank-math-html-sitemap__link\">Specjalista ds. sprzeda\u017cy oferty \u2013 bran\u017ca rozrywka dla rodzin z dzie\u0107mi<\/a><\/li><li class=\"rank-math-html-sitemap__item\"><a href=\"https:\/\/loopys.pl\/gdansk\/zimowakartaodkrywcy\/\" class=\"rank-math-html-sitemap__link\">Zimowa Karta Odkrywcy<\/a><\/li><li class=\"rank-math-html-sitemap__item\"><a href=\"https:\/\/loopys.pl\/gdansk\/feriezimowe2025\/\" class=\"rank-math-html-sitemap__link\">FERIE ZIMOWE 2025<\/a><\/li><li class=\"rank-math-html-sitemap__item\"><a href=\"https:\/\/loopys.pl\/gdansk\/wosp-x-loopys-world-2025\/\" class=\"rank-math-html-sitemap__link\">WO\u015aP x Loopy\u2019s World 2025<\/a><\/li><li class=\"rank-math-html-sitemap__item\"><a href=\"https:\/\/loopys.pl\/gdansk\/godziny-otwarcia-sylwester-i-nowy-rok-3\/\" class=\"rank-math-html-sitemap__link\">GODZINY OTWARCIA \u2013 SYLWESTER I NOWY ROK<\/a><\/li><li class=\"rank-math-html-sitemap__item\"><a href=\"https:\/\/loopys.pl\/gdansk\/promocja-na-wejsciowki-do-loopys-21-gratis\/\" class=\"rank-math-html-sitemap__link\">Promocja na wej\u015bci\u00f3wki do Loopy&#039;s 2+1 gratis\ud83c\udf81<\/a><\/li><li class=\"rank-math-html-sitemap__item\"><a href=\"https:\/\/loopys.pl\/gdansk\/nieczynne-w-dniach-24-26-12-2024-loopys-world-bedzie-zamkniete\/\" class=\"rank-math-html-sitemap__link\">\u2757NIECZYNNE\u2757- w dniach 24-26.12.2024 Loopy&#039;s World b\u0119dzie zamkni\u0119te.<\/a><\/li><li class=\"rank-math-html-sitemap__item\"><a href=\"https:\/\/loopys.pl\/gdansk\/mikolajki-2024-sekrety-warsztatu-sw-mikolaj\/\" class=\"rank-math-html-sitemap__link\">\ud83c\udf85Miko\u0142ajki 2024 - sekrety warsztatu \u015bw. Miko\u0142aja\ud83c\udf85<\/a><\/li><li class=\"rank-math-html-sitemap__item\"><a href=\"https:\/\/loopys.pl\/gdansk\/magiczne-loopys-world-na-andrzejki\/\" class=\"rank-math-html-sitemap__link\">Magiczne Loopy&#039;s World na Andrzejki.<\/a><\/li><li class=\"rank-math-html-sitemap__item\"><a href=\"https:\/\/loopys.pl\/gdansk\/mikolajkowa-promocja-na-wejsciowki-do-loopys-31-gratis\/\" class=\"rank-math-html-sitemap__link\">Miko\u0142ajkowa promocja na wej\u015bci\u00f3wki do Loopy&#039;s 3+1 gratis\ud83c\udf81<\/a><\/li><li class=\"rank-math-html-sitemap__item\"><a href=\"https:\/\/loopys.pl\/gdansk\/odwiedz-nas-z-okazji-mikolajek-ze-swoja-grupa\/\" class=\"rank-math-html-sitemap__link\">Odwied\u017a nas z okazji Miko\u0142ajek ze swoj\u0105 grup\u0105! \ud83c\udf85<\/a><\/li><li class=\"rank-math-html-sitemap__item\"><a href=\"https:\/\/loopys.pl\/gdansk\/1-listopad-centrum-zamkniete\/\" class=\"rank-math-html-sitemap__link\">1 listopad\u2013 CENTRUM ZAMKNI\u0118TE<\/a><\/li><li class=\"rank-math-html-sitemap__item\"><a href=\"https:\/\/loopys.pl\/gdansk\/przekleta-noc-wampirow-halloween-zabawa-dla-dzieci-2024\/\" class=\"rank-math-html-sitemap__link\">Przekl\u0119ta NOC wampir\u00f3w. Halloween zabawa dla dzieci 2024<\/a><\/li><li class=\"rank-math-html-sitemap__item\"><a href=\"https:\/\/loopys.pl\/gdansk\/weekend-wampirow-haloween-dla-dzieci-2024\/\" class=\"rank-math-html-sitemap__link\">Przekl\u0119ty weekend wampir\u00f3w. \ud83e\udddb\ud83e\udd87<\/a><\/li><li class=\"rank-math-html-sitemap__item\"><a href=\"https:\/\/loopys.pl\/gdansk\/7-10-pazdziernika-loopys-world-zamkniete\/\" class=\"rank-math-html-sitemap__link\">7-10 pa\u017adziernika \u2013 CENTRUM ZAMKNI\u0118TE<\/a><\/li><li class=\"rank-math-html-sitemap__item\"><a href=\"https:\/\/loopys.pl\/gdansk\/zmieniamy-sie-dla-was-wazne-info\/\" class=\"rank-math-html-sitemap__link\">Zmieniamy si\u0119 dla Was! \ud83d\udea7 WA\u017bNE INFO!<\/a><\/li><li class=\"rank-math-html-sitemap__item\"><a href=\"https:\/\/loopys.pl\/gdansk\/odbierz-darmowe-plany-lekcji\/\" class=\"rank-math-html-sitemap__link\">Odbierz darmowe plany lekcji dla uczni\u00f3w z Twojej szko\u0142y!\u270f<\/a><\/li><li class=\"rank-math-html-sitemap__item\"><a href=\"https:\/\/loopys.pl\/gdansk\/oferta-dla-firm-2024-impreza-mikolajkowa\/\" class=\"rank-math-html-sitemap__link\">Impreza Miko\u0142ajkowa dla Twoich pracownik\u00f3w! \ud83c\udf85<\/a><\/li><li class=\"rank-math-html-sitemap__item\"><a href=\"https:\/\/loopys.pl\/gdansk\/samograj-na-wakacje-w-loopys-world-2024\/\" class=\"rank-math-html-sitemap__link\">SamoGRAJ na Wakacje 2024- zabawa dla ka\u017cdego<\/a><\/li><li class=\"rank-math-html-sitemap__item\"><a href=\"https:\/\/loopys.pl\/gdansk\/wakacje-w-loopys-world-2024\/\" class=\"rank-math-html-sitemap__link\">Wakacje w Loopy&#039;s World 2024<\/a><\/li><li class=\"rank-math-html-sitemap__item\"><a href=\"https:\/\/loopys.pl\/gdansk\/dzien-dziecka-w-loopys-world-2024\/\" class=\"rank-math-html-sitemap__link\">Dzie\u0144 Dziecka w Loopy&#039;s World 2024<\/a><\/li><li class=\"rank-math-html-sitemap__item\"><a href=\"https:\/\/loopys.pl\/gdansk\/majowka-w-loopys-world-2024\/\" class=\"rank-math-html-sitemap__link\">Maj\u00f3wka w Loopy&#039;s World 2024<\/a><\/li><li class=\"rank-math-html-sitemap__item\"><a href=\"https:\/\/loopys.pl\/gdansk\/konkurs-dla-twojej-klasy-top-krzyk\/\" class=\"rank-math-html-sitemap__link\">Konkurs dla Twojej klasy- TOP KRZYK<\/a><\/li><li class=\"rank-math-html-sitemap__item\"><a href=\"https:\/\/loopys.pl\/gdansk\/wosp-x-loopys-world-2024\/\" class=\"rank-math-html-sitemap__link\">WO\u015aP X LOOPY\u2019S WORLD 2024<\/a><\/li><li class=\"rank-math-html-sitemap__item\"><a href=\"https:\/\/loopys.pl\/gdansk\/ferie-zimowe-w-gdansku-2024\/\" class=\"rank-math-html-sitemap__link\">FERIE ZIMOWE W GDA\u0143SKU 2024<\/a><\/li><li class=\"rank-math-html-sitemap__item\"><a href=\"https:\/\/loopys.pl\/gdansk\/swiateczna-promocja-31\/\" class=\"rank-math-html-sitemap__link\">\u015aWI\u0104TECZNA PROMOCJA 3+1<\/a><\/li><li class=\"rank-math-html-sitemap__item\"><a href=\"https:\/\/loopys.pl\/gdansk\/mikolajki-w-loopys-word-2023\/\" class=\"rank-math-html-sitemap__link\">Miko\u0142ajki w Loopy&#039;s Word 2023<\/a><\/li><li class=\"rank-math-html-sitemap__item\"><a href=\"https:\/\/loopys.pl\/gdansk\/konkurs-dla-szkol-wykrzyczcie-znakomite-nagrody\/\" class=\"rank-math-html-sitemap__link\">KONKURS DLA SZK\u00d3\u0141 - Wykrzyczcie znakomite nagrody!<\/a><\/li><li class=\"rank-math-html-sitemap__item\"><a href=\"https:\/\/loopys.pl\/gdansk\/noc-halloween-2023\/\" class=\"rank-math-html-sitemap__link\">Noc Halloween 2023<\/a><\/li><li class=\"rank-math-html-sitemap__item\"><a href=\"https:\/\/loopys.pl\/gdansk\/wakacje-w-loopys-world-2023\/\" class=\"rank-math-html-sitemap__link\">Wakacje w Loopy&#039;s World 2023<\/a><\/li><li class=\"rank-math-html-sitemap__item\"><a href=\"https:\/\/loopys.pl\/gdansk\/rycerski-dzien-dziecka-w-loopys-world\/\" class=\"rank-math-html-sitemap__link\">Rycerski Dzie\u0144 Dziecka w Loopy&#039;s World<\/a><\/li><li class=\"rank-math-html-sitemap__item\"><a href=\"https:\/\/loopys.pl\/gdansk\/majowka-2023-z-loopys-world\/\" class=\"rank-math-html-sitemap__link\">Maj\u00f3wka 2023 z Loopy&#039;s World<\/a><\/li><li class=\"rank-math-html-sitemap__item\"><a href=\"https:\/\/loopys.pl\/gdansk\/wosp-x-loopys-world-2023\/\" class=\"rank-math-html-sitemap__link\">WO\u015aP X LOOPY\u2019S WORLD 2023<\/a><\/li><li class=\"rank-math-html-sitemap__item\"><a href=\"https:\/\/loopys.pl\/gdansk\/najbardziej-rozgrzewajace-ferie-w-trojmiescie\/\" class=\"rank-math-html-sitemap__link\">NAJBARDZIEJ ROZGRZEWAJ\u0104CE FERIE W TR\u00d3JMIE\u015aCIE<\/a><\/li><\/ul><\/div><div class=\"rank-math-html-sitemap__section rank-math-html-sitemap__section--post-type rank-math-html-sitemap__section--page\"><h2 class=\"rank-math-html-sitemap__title\">Strony<\/h2><ul class=\"rank-math-html-sitemap__list\"><li class=\"rank-math-html-sitemap__item\"><a href=\"https:\/\/loopys.pl\/gdansk\/zapisz\/\" class=\"rank-math-html-sitemap__link\">Zapisz do newslettera<\/a><\/li><li class=\"rank-math-html-sitemap__item\"><a href=\"https:\/\/loopys.pl\/gdansk\/mapa-witryny\/\" class=\"rank-math-html-sitemap__link\">Mapa witryny<\/a><\/li><li class=\"rank-math-html-sitemap__item\"><a href=\"https:\/\/loopys.pl\/gdansk\/do-pobrania\/\" class=\"rank-math-html-sitemap__link\">Do pobrania<\/a><\/li><li class=\"rank-math-html-sitemap__item\"><a href=\"https:\/\/loopys.pl\/gdansk\/galeria-imprezy-dzieciece\/\" class=\"rank-math-html-sitemap__link\">Galeria<\/a><\/li><li class=\"rank-math-html-sitemap__item\"><a href=\"https:\/\/loopys.pl\/gdansk\/faq-czeste-pytania\/\" class=\"rank-math-html-sitemap__link\">FAQ - cz\u0119ste pytania<\/a><\/li><li class=\"rank-math-html-sitemap__item\"><a href=\"https:\/\/loopys.pl\/gdansk\/urodziny-dla-dziecka\/\" class=\"rank-math-html-sitemap__link\">home2<\/a><\/li><li class=\"rank-math-html-sitemap__item\"><a href=\"https:\/\/loopys.pl\/gdansk\/wejsciowka-do-loopys-world\/\" class=\"rank-math-html-sitemap__link\">Wej\u015bci\u00f3wka do Loopy&#039;s World<\/a><\/li><li class=\"rank-math-html-sitemap__item\"><a href=\"https:\/\/loopys.pl\/gdansk\/cennik-atrakcje-dla-dzieci\/\" class=\"rank-math-html-sitemap__link\">Cennik<\/a><\/li><li class=\"rank-math-html-sitemap__item\"><a href=\"https:\/\/loopys.pl\/gdansk\/atrakcje-dla-dzieci\/\" class=\"rank-math-html-sitemap__link\">Atrakcje<\/a><\/li><li class=\"rank-math-html-sitemap__item\"><a href=\"https:\/\/loopys.pl\/gdansk\/kontakt\/\" class=\"rank-math-html-sitemap__link\">Kontakt<\/a><\/li><li class=\"rank-math-html-sitemap__item\"><a href=\"https:\/\/loopys.pl\/gdansk\/oferta\/\" class=\"rank-math-html-sitemap__link\">Oferta<\/a><ul class=\"rank-math-html-sitemap__list\"><li class=\"rank-math-html-sitemap__item\"><a href=\"https:\/\/loopys.pl\/gdansk\/oferta\/imprezy-firmowe-gdansk\/\" class=\"rank-math-html-sitemap__link\">Firmy<\/a><ul class=\"rank-math-html-sitemap__list\"><li class=\"rank-math-html-sitemap__item\"><a href=\"https:\/\/loopys.pl\/gdansk\/oferta\/imprezy-firmowe-gdansk\/reklama\/\" class=\"rank-math-html-sitemap__link\">Reklama<\/a><\/li><li class=\"rank-math-html-sitemap__item\"><a href=\"https:\/\/loopys.pl\/gdansk\/oferta\/imprezy-firmowe-gdansk\/wejsciowki\/\" class=\"rank-math-html-sitemap__link\">Wej\u015bci\u00f3wki<\/a><\/li><li class=\"rank-math-html-sitemap__item\"><a href=\"https:\/\/loopys.pl\/gdansk\/oferta\/imprezy-firmowe-gdansk\/imprezy-firmowe\/\" class=\"rank-math-html-sitemap__link\">Imprezy firmowe<\/a><\/li><\/ul><\/li><li class=\"rank-math-html-sitemap__item\"><a href=\"https:\/\/loopys.pl\/gdansk\/oferta\/abonamenty-gdansk\/\" class=\"rank-math-html-sitemap__link\">Abonamenty<\/a><ul class=\"rank-math-html-sitemap__list\"><li class=\"rank-math-html-sitemap__item\"><a href=\"https:\/\/loopys.pl\/gdansk\/oferta\/abonamenty-gdansk\/karta-juniora\/\" class=\"rank-math-html-sitemap__link\">Karta Juniora<\/a><\/li><li class=\"rank-math-html-sitemap__item\"><a href=\"https:\/\/loopys.pl\/gdansk\/oferta\/abonamenty-gdansk\/karta-malucha\/\" class=\"rank-math-html-sitemap__link\">Karta Malucha<\/a><\/li><\/ul><\/li><li class=\"rank-math-html-sitemap__item\"><a href=\"https:\/\/loopys.pl\/gdansk\/oferta\/grupy-zorganizowane\/\" class=\"rank-math-html-sitemap__link\">Grupy zorganizowane<\/a><ul class=\"rank-math-html-sitemap__list\"><li class=\"rank-math-html-sitemap__item\"><a href=\"https:\/\/loopys.pl\/gdansk\/oferta\/grupy-zorganizowane\/regulamin-grup-zorganizowanych\/\" class=\"rank-math-html-sitemap__link\">Regulamin grup zorganizowanych<\/a><\/li><li class=\"rank-math-html-sitemap__item\"><a href=\"https:\/\/loopys.pl\/gdansk\/oferta\/grupy-zorganizowane\/oferta-dla-grup\/\" class=\"rank-math-html-sitemap__link\">Oferta dla grup<\/a><\/li><li class=\"rank-math-html-sitemap__item\"><a href=\"https:\/\/loopys.pl\/gdansk\/oferta\/grupy-zorganizowane\/zasady-dla-grup\/\" class=\"rank-math-html-sitemap__link\">Zasady dla grup<\/a><\/li><li class=\"rank-math-html-sitemap__item\"><a href=\"https:\/\/loopys.pl\/gdansk\/oferta\/grupy-zorganizowane\/cennik-dla-grup\/\" class=\"rank-math-html-sitemap__link\">Cennik dla grup<\/a><\/li><\/ul><\/li><li class=\"rank-math-html-sitemap__item\"><a href=\"https:\/\/loopys.pl\/gdansk\/oferta\/urodziny\/\" class=\"rank-math-html-sitemap__link\">Urodziny<\/a><ul class=\"rank-math-html-sitemap__list\"><li class=\"rank-math-html-sitemap__item\"><a href=\"https:\/\/loopys.pl\/gdansk\/oferta\/urodziny\/cennik-imprezy-urodzinowej\/\" class=\"rank-math-html-sitemap__link\">Cennik imprezy urodzinowej<\/a><\/li><li class=\"rank-math-html-sitemap__item\"><a href=\"https:\/\/loopys.pl\/gdansk\/oferta\/urodziny\/regulamin-urodzin\/\" class=\"rank-math-html-sitemap__link\">Regulamin urodzin<\/a><\/li><li class=\"rank-math-html-sitemap__item\"><a href=\"https:\/\/loopys.pl\/gdansk\/oferta\/urodziny\/pobierz-zaproszenia\/\" class=\"rank-math-html-sitemap__link\">Pobierz zaproszenia<\/a><\/li><li class=\"rank-math-html-sitemap__item\"><a href=\"https:\/\/loopys.pl\/gdansk\/oferta\/urodziny\/zarezerwuj-urodziny\/\" class=\"rank-math-html-sitemap__link\">Zarezerwuj urodziny<\/a><\/li><\/ul><\/li><\/ul><\/li><li class=\"rank-math-html-sitemap__item\"><a href=\"https:\/\/loopys.pl\/gdansk\/restauracja\/\" class=\"rank-math-html-sitemap__link\">Restauracja<\/a><\/li><li class=\"rank-math-html-sitemap__item\"><a href=\"https:\/\/loopys.pl\/gdansk\/przed-wizyta\/\" class=\"rank-math-html-sitemap__link\">Przed wizyt\u0105<\/a><ul class=\"rank-math-html-sitemap__list\"><li class=\"rank-math-html-sitemap__item\"><a href=\"https:\/\/loopys.pl\/gdansk\/przed-wizyta\/regulamin\/\" class=\"rank-math-html-sitemap__link\">Regulamin<\/a><\/li><li class=\"rank-math-html-sitemap__item\"><a href=\"https:\/\/loopys.pl\/gdansk\/przed-wizyta\/polityka-prywatnosci\/\" class=\"rank-math-html-sitemap__link\">Polityka prywatno\u015bci<\/a><\/li><li class=\"rank-math-html-sitemap__item\"><a href=\"https:\/\/loopys.pl\/gdansk\/przed-wizyta\/zasady\/\" class=\"rank-math-html-sitemap__link\">Zasady<\/a><\/li><li class=\"rank-math-html-sitemap__item\"><a href=\"https:\/\/loopys.pl\/gdansk\/przed-wizyta\/bezpieczenstwo\/\" class=\"rank-math-html-sitemap__link\">Bezpiecze\u0144stwo<\/a><\/li><\/ul><\/li><li class=\"rank-math-html-sitemap__item\"><a href=\"https:\/\/loopys.pl\/gdansk\/\" class=\"rank-math-html-sitemap__link\">Start<\/a><\/li><\/ul><\/div><\/div>\n<\/div><\/div>\n\n<\/div><\/div>","protected":false},"excerpt":{"rendered":"","protected":false},"author":11,"featured_media":0,"parent":0,"menu_order":0,"comment_status":"closed","ping_status":"closed","template":"","meta":{"_acf_changed":false,"_kad_blocks_custom_css":"","_kad_blocks_head_custom_js":"","_kad_blocks_body_custom_js":"","_kad_blocks_footer_custom_js":"","_kad_post_transparent":"","_kad_post_title":"","_kad_post_layout":"","_kad_post_sidebar_id":"","_kad_post_content_style":"","_kad_post_vertical_padding":"","_kad_post_feature":"","_kad_post_feature_position":"","_kad_post_header":false,"_kad_post_footer":false,"_kad_post_classname":"","footnotes":""},"class_list":["post-14977","page","type-page","status-publish","hentry"],"acf":[],"taxonomy_info":[],"featured_image_src_large":false,"author_info":{"display_name":"michal2","author_link":"https:\/\/loopys.pl\/gdansk\/author\/michal2\/"},"comment_info":0,"_links":{"self":[{"href":"https:\/\/loopys.pl\/gdansk\/wp-json\/wp\/v2\/pages\/14977","targetHints":{"allow":["GET"]}}],"collection":[{"href":"https:\/\/loopys.pl\/gdansk\/wp-json\/wp\/v2\/pages"}],"about":[{"href":"https:\/\/loopys.pl\/gdansk\/wp-json\/wp\/v2\/types\/page"}],"author":[{"embeddable":true,"href":"https:\/\/loopys.pl\/gdansk\/wp-json\/wp\/v2\/users\/11"}],"replies":[{"embeddable":true,"href":"https:\/\/loopys.pl\/gdansk\/wp-json\/wp\/v2\/comments?post=14977"}],"version-history":[{"count":0,"href":"https:\/\/loopys.pl\/gdansk\/wp-json\/wp\/v2\/pages\/14977\/revisions"}],"wp:attachment":[{"href":"https:\/\/loopys.pl\/gdansk\/wp-json\/wp\/v2\/media?parent=14977"}],"curies":[{"name":"wp","href":"https:\/\/api.w.org\/{rel}","templated":true}]}}