{"id":33,"date":"2023-06-15T13:46:26","date_gmt":"2023-06-15T11:46:26","guid":{"rendered":"https:\/\/loopys.pl\/gdansk\/informacje-praktyczne\/zasady\/"},"modified":"2025-08-18T12:48:28","modified_gmt":"2025-08-18T10:48:28","slug":"zasady","status":"publish","type":"page","link":"https:\/\/loopys.pl\/gdansk\/przed-wizyta\/zasady\/","title":{"rendered":"Zasady"},"content":{"rendered":"\t\t<div data-elementor-type=\"wp-page\" data-elementor-id=\"33\" class=\"elementor elementor-33\" data-elementor-post-type=\"page\">\n\t\t\t\t<div class=\"elementor-element elementor-element-57da724 e-flex e-con-boxed e-con e-parent\" data-id=\"57da724\" data-element_type=\"container\" data-e-type=\"container\">\n\t\t\t\t\t<div class=\"e-con-inner\">\n\t\t\t\t<div class=\"elementor-element elementor-element-746aa72 elementor-widget elementor-widget-text-editor\" data-id=\"746aa72\" data-element_type=\"widget\" data-e-type=\"widget\" data-widget_type=\"text-editor.default\">\n\t\t\t\t<div class=\"elementor-widget-container\">\n\t\t\t\t\t\t\t\t\t<p>Przed wizyt\u0105 w Loopy\u2019s warto zapozna\u0107 si\u0119 z panuj\u0105cymi wewn\u0105trz zasadami i zwyczajami. Dzi\u0119ki temu nic Was nie zaskoczy, a wizyta b\u0119dzie sam\u0105 przyjemno\u015bci\u0105.<strong>\u00a0<\/strong><\/p><p><strong>NAJWA\u017bNIEJSZE! Dobry humor jest u nas obowi\u0105zkowy.<\/strong>\u00a0Ale nie martwcie si\u0119, je\u015bli nie zabierzecie go ze sob\u0105 z domu. U nas znajdziecie\u00a0go w ilo\u015bciach nieograniczonych. \u015amiech, szale\u0144stwo, wyg\u0142upy, skoki, brykanie, a nawet pokrzykiwanie \u2013 ca\u0142kowicie dozwolone!!!<\/p><h3>Przed wizyt\u0105:<\/h3><ul class=\"kids-list\"><li>Koniecznie zapoznajcie si\u0119 z\u00a0<a href=\"https:\/\/loopys.pl\/gdansk\/przed-wizyta\/regulamin\/\"><strong>Regulaminem Centrum<\/strong><\/a>, dost\u0119pnym na naszej stronie i na ternie Centrum.<\/li><li>W Loopy\u2019s World dzieci pozostaj\u0105, przez ca\u0142y czas, pod opiek\u0105\u00a0<strong>Rodzic\u00f3w lub Opiekun\u00f3w.<\/strong><\/li><li><strong>Na terenie Centrum bawimy si\u0119 bez but\u00f3w, ale zawsze w skarpetkach\u00a0<\/strong>\u2013 to jedyne wskazane okrycie dla ma\u0142ych i du\u017cych st\u00f3p. Dla bezpiecze\u0144stwa, wi\u0119kszej swobody i \u0142atwego dost\u0119pu do wszystkich zakamark\u00f3w placu, a przy okazji stopy \u0107wicz\u0105 i nabieraj\u0105 sprawno\u015bci. Je\u015bli zapomnicie o skarpetach \u2013 w naszej recepcji mo\u017cecie je kupi\u0107.<\/li><li><strong>Zadbajcie\u00a0o odpowiednie ubranie<\/strong>\u00a0\u2013 zalecamy cienkie, wygodne i przewiewne rzeczy (najlepiej spodnie z d\u0142ugimi nogawkami lub leginsy i bluzka z d\u0142ugim r\u0119kawem) \u2013 dla swobodnej\u00a0zabawy i ochrony przed otarciami!<\/li><li><strong>Bi\u017cuteri\u0119 i inne ozdoby najlepiej zostawi\u0107 w domu<\/strong>\u00a0\u2013 b\u0119d\u0105 tylko przeszkadza\u0107!<\/li><li><strong>Na teren Centrum nie mo\u017cna wnosi\u0107 jedzenia i picia.<\/strong>\u00a0To bardzo wa\u017cna zasada.\u00a0W naszej Restauracji znajdziecie wszystko, co b\u0119dzie Wam potrzebne. Zimne i ciep\u0142e napoje, po\u017cywne przek\u0105ski, zdrowe dania obiadowe i energetyczne desery. Nie zabierajcie w\u0142asnego prowiantu, bo b\u0119dzie mu smutno w szatni. Pami\u0119taj, \u017ce na teren Centrum mo\u017cna wnosi\u0107 jedynie produkty przeznaczone dla dzieci do 1 roku \u017cycia.<\/li><\/ul><h3>Ju\u017c w \u015brodku:<\/h3><ul class=\"kids-list\"><li>Przy wej\u015bciu wszyscy dostaj\u0105 transpondery zwane zegarkami \u2013 czerwone, \u017c\u00f3\u0142te i zielone dla opiekun\u00f3w, pomara\u0144czowe dla dzieci. Prosimy nie zdejmowa\u0107 ich podczas zabawy. S\u0105 one gwarancj\u0105, \u017ce dzieci nie opuszcz\u0105 placu bez wiedzy Opiekuna.<\/li><li>Bezpieczna pozycj\u0119 na\u00a0zje\u017cd\u017calniach, to r\u0119ce skrzy\u017cowane na kolanach lub na klatce piersiowej.<\/li><li>Pami\u0119tajcie o przestrzeganiu\u00a0zasad bezpiecznej zabawy \u2013 ze zje\u017cd\u017calni i trampolin korzystamy pojedynczo, na zje\u017cd\u017calnie nie wchodzimy pod pr\u0105d, zwracamy uwag\u0119 na inne bawi\u0105ce si\u0119 osoby, nie popychamy innych dzieci itp.<\/li><li>Dbamy o czysto\u015b\u0107 i bezpiecze\u0144stwo, dlatego pijemy i jemy tylko na terenie restauracji.<\/li><li>Je\u015bli masz tak\u0105 mo\u017cliwo\u015b\u0107, zostaw w\u00f3zek dzieci\u0119cy w samochodzie. Przestrze\u0144 dla w\u00f3zk\u00f3w przeznaczona jest g\u0142\u00f3wnie dla dzieci do 1 roku \u017cycia.<\/li><\/ul>\t\t\t\t\t\t\t\t<\/div>\n\t\t\t\t<\/div>\n\t\t\t\t\t<\/div>\n\t\t\t\t<\/div>\n\t\t<div class=\"elementor-element elementor-element-24bd5f4 e-con-full e-flex e-con e-parent\" data-id=\"24bd5f4\" data-element_type=\"container\" data-e-type=\"container\">\n\t\t\t\t<div class=\"elementor-element elementor-element-f31a5bb elementor-widget elementor-widget-image\" data-id=\"f31a5bb\" data-element_type=\"widget\" data-e-type=\"widget\" data-widget_type=\"image.default\">\n\t\t\t\t<div class=\"elementor-widget-container\">\n\t\t\t\t\t\t\t\t\t\t\t\t\t\t\t<img fetchpriority=\"high\" decoding=\"async\" width=\"2048\" height=\"782\" src=\"https:\/\/loopys.pl\/gdansk\/wp-content\/uploads\/2023\/09\/instrukcja1a.png\" class=\"attachment-full size-full wp-image-14273\" alt=\"\" srcset=\"https:\/\/loopys.pl\/gdansk\/wp-content\/uploads\/2023\/09\/instrukcja1a.png 2048w, https:\/\/loopys.pl\/gdansk\/wp-content\/uploads\/2023\/09\/instrukcja1a-300x115.png 300w, https:\/\/loopys.pl\/gdansk\/wp-content\/uploads\/2023\/09\/instrukcja1a-1024x391.png 1024w, https:\/\/loopys.pl\/gdansk\/wp-content\/uploads\/2023\/09\/instrukcja1a-768x293.png 768w, https:\/\/loopys.pl\/gdansk\/wp-content\/uploads\/2023\/09\/instrukcja1a-1536x587.png 1536w\" sizes=\"(max-width: 2048px) 100vw, 2048px\" \/>\t\t\t\t\t\t\t\t\t\t\t\t\t\t\t<\/div>\n\t\t\t\t<\/div>\n\t\t\t\t<\/div>\n\t\t\t\t<\/div>\n\t\t","protected":false},"excerpt":{"rendered":"<p>Przed wizyt\u0105 w Loopy\u2019s warto zapozna\u0107 si\u0119 z panuj\u0105cymi wewn\u0105trz zasadami i zwyczajami. Dzi\u0119ki temu nic Was nie zaskoczy, a wizyta b\u0119dzie sam\u0105 przyjemno\u015bci\u0105.\u00a0 NAJWA\u017bNIEJSZE! Dobry humor jest u nas obowi\u0105zkowy.\u00a0Ale nie martwcie si\u0119, je\u015bli nie zabierzecie go ze sob\u0105 z domu. U nas znajdziecie\u00a0go w ilo\u015bciach nieograniczonych. \u015amiech, szale\u0144stwo, wyg\u0142upy, skoki, brykanie, a nawet&#8230;<\/p>\n","protected":false},"author":11,"featured_media":0,"parent":32,"menu_order":0,"comment_status":"closed","ping_status":"closed","template":"","meta":{"_acf_changed":false,"_kad_blocks_custom_css":"","_kad_blocks_head_custom_js":"","_kad_blocks_body_custom_js":"","_kad_blocks_footer_custom_js":"","_kad_post_transparent":"","_kad_post_title":"hide","_kad_post_layout":"fullwidth","_kad_post_sidebar_id":"","_kad_post_content_style":"unboxed","_kad_post_vertical_padding":"hide","_kad_post_feature":"hide","_kad_post_feature_position":"","_kad_post_header":false,"_kad_post_footer":false,"_kad_post_classname":"","footnotes":""},"class_list":["post-33","page","type-page","status-publish","hentry"],"acf":[],"taxonomy_info":[],"featured_image_src_large":false,"author_info":{"display_name":"michal2","author_link":"https:\/\/loopys.pl\/gdansk\/author\/michal2\/"},"comment_info":0,"_links":{"self":[{"href":"https:\/\/loopys.pl\/gdansk\/wp-json\/wp\/v2\/pages\/33","targetHints":{"allow":["GET"]}}],"collection":[{"href":"https:\/\/loopys.pl\/gdansk\/wp-json\/wp\/v2\/pages"}],"about":[{"href":"https:\/\/loopys.pl\/gdansk\/wp-json\/wp\/v2\/types\/page"}],"author":[{"embeddable":true,"href":"https:\/\/loopys.pl\/gdansk\/wp-json\/wp\/v2\/users\/11"}],"replies":[{"embeddable":true,"href":"https:\/\/loopys.pl\/gdansk\/wp-json\/wp\/v2\/comments?post=33"}],"version-history":[{"count":0,"href":"https:\/\/loopys.pl\/gdansk\/wp-json\/wp\/v2\/pages\/33\/revisions"}],"up":[{"embeddable":true,"href":"https:\/\/loopys.pl\/gdansk\/wp-json\/wp\/v2\/pages\/32"}],"wp:attachment":[{"href":"https:\/\/loopys.pl\/gdansk\/wp-json\/wp\/v2\/media?parent=33"}],"curies":[{"name":"wp","href":"https:\/\/api.w.org\/{rel}","templated":true}]}}