{"id":34,"date":"2023-06-15T13:46:26","date_gmt":"2023-06-15T11:46:26","guid":{"rendered":"https:\/\/loopys.pl\/gdansk\/informacje-praktyczne\/regulamin\/"},"modified":"2025-12-08T12:35:05","modified_gmt":"2025-12-08T11:35:05","slug":"regulamin","status":"publish","type":"page","link":"https:\/\/loopys.pl\/gdansk\/przed-wizyta\/regulamin\/","title":{"rendered":"Regulamin"},"content":{"rendered":"\t\t<div data-elementor-type=\"wp-page\" data-elementor-id=\"34\" class=\"elementor elementor-34\" data-elementor-post-type=\"page\">\n\t\t\t\t<div class=\"elementor-element elementor-element-37d9107 e-flex e-con-boxed e-con e-parent\" data-id=\"37d9107\" data-element_type=\"container\" data-e-type=\"container\">\n\t\t\t\t\t<div class=\"e-con-inner\">\n\t\t\t\t<div class=\"elementor-element elementor-element-b9f89ab elementor-widget elementor-widget-text-editor\" data-id=\"b9f89ab\" data-element_type=\"widget\" data-e-type=\"widget\" data-widget_type=\"text-editor.default\">\n\t\t\t\t<div class=\"elementor-widget-container\">\n\t\t\t\t\t\t\t\t\t<h2><span style=\"font-size: 34px;\">Plac zabaw \u201eLoopy\u2019s World\u201d jest miejscem zabawy Pa\u0144stwa Dzieci. Nasz Regulamin powsta\u0142, aby zapewni\u0107 Pa\u0144stwa Dzieciom bezpieczn\u0105 i beztrosk\u0105 zabaw\u0119. Dlatego prosimy o zapoznanie si\u0119 z nim i jego przestrzeganie.<\/span><\/h2><div><span style=\"font-size: 34px;\">\u00a0<\/span><\/div><ol><li>Placem zabaw \u201eLoopy\u2019s World\u201d (dalej: \u201ePlac Zabaw\u201d) zarz\u0105dza Loopys Sp. Z o.o. z siedzib\u0105 w Gda\u0144sku przy ul. Grunwaldzkiej 229 (dalej: \u201eZarz\u0105dzaj\u0105cy\u201d).<\/li><li>Korzystanie z placu jest odp\u0142atne. Zasady odp\u0142atno\u015bci okre\u015bla aktualny Cennik Placu Zabaw (dalej: \u201eCennik\u201d), kt\u00f3ry jest dost\u0119pny dla Go\u015bci.<\/li><li>Osoby korzystaj\u0105ce z Placu Zabaw zobowi\u0105zane s\u0105 do zapoznania si\u0119 z niniejszym Regulaminem (dalej: \u201eRegulamin\u201d) i z Cennikiem przed wej\u015bciem na teren Placu Zabaw.<\/li><li>Opiekunowie zobowi\u0105zani s\u0105 do przedstawienia dzieciom informacji dotycz\u0105cych Regulaminu i zasad korzystania z Placu Zabaw oraz poszczeg\u00f3lnych urz\u0105dze\u0144.<\/li><li>Za wst\u0119p na teren Placu Zabaw dzieci w wieku 1-14 lat pobierana jest op\u0142ata w wysoko\u015bci okre\u015blonej w Cenniku. Dzieci w wieku do 1 roku \u017cycia oraz osoby powy\u017cej 14 lat (decyduje data urodzin) wchodz\u0105 na teren Placu Zabaw bezp\u0142atnie, tylko towarzysz\u0105c dzieciom w wieku 1-14 lat. Dzieci powy\u017cej 14 lat powinny okaza\u0107 legitymacj\u0119 lub inny dokument potwierdzaj\u0105cy to\u017csamo\u015b\u0107 i wiek.<\/li><li>Wydzielona strefa na Placu Zabaw przeznaczona do zabawy (dalej \u201eStrefa Zabawy\u201d dedykowana jest dla dzieci w wieku 1-14 lat. Wszystkie osoby powy\u017cej 14 lat mog\u0105 przebywa\u0107 na terenie Strefy Zabawy, ale jedynie towarzysz\u0105c dzieciom 1-14 lat w zabawie, musz\u0105 zachowa\u0107 szczeg\u00f3ln\u0105 ostro\u017cno\u015b\u0107, nie powodowa\u0107 zagro\u017ce\u0144 oraz zapobiega\u0107 zachowaniom niebezpiecznym dla dzieci. Celem przebywania os\u00f3b powy\u017cej 14 lat w Strefie Zabawy jest opieka nad dzie\u0107mi, a nie aktywna zabawa. W szczeg\u00f3lno\u015bci zabrania si\u0119 osobom powy\u017cej 14 lat: skakania na trampolinach, skakania po poszczeg\u00f3lnych elementach konstrukcji, wspinania si\u0119 i ci\u0105gni\u0119cia za siatki.<\/li><li>Osoby niepe\u0142noletnie mog\u0105 przebywa\u0107 na terenie Placu Zabaw tylko pod opiek\u0105 os\u00f3b pe\u0142noletnich. Zarz\u0105dzaj\u0105cy ani personel obs\u0142ugi Placu Zabaw (dalej: \u201eObs\u0142uga\u201d) nie \u015bwiadcz\u0105 opieki nad dzie\u0107mi. Osoby, pod kt\u00f3rych opiek\u0105 znajduj\u0105 si\u0119 dzieci zobowi\u0105zane s\u0105 do sprawowania opieki nad nimi przez ca\u0142y czas przebywania na terenie Placu Zabaw i odpowiadaj\u0105 za ich bezpiecze\u0144stwo oraz wszelkie szkody przez nie wyrz\u0105dzone, w tym r\u00f3wnie\u017c za wszelkie zanieczyszczenia.<\/li><li>W przypadku grup zorganizowanych na ka\u017cd\u0105 rozpocz\u0119t\u0105 dziesi\u0105tk\u0119 dzieci musi przypada\u0107 co najmniej jeden doros\u0142y opiekun. W<br \/>ramach grupy zorganizowanej mog\u0105 wchodzi\u0107 wy\u0142\u0105cznie dzieci w wieku powy\u017cej 3 lat. Organizator grupy jest zobowi\u0105zany do zapewnienia opiekun\u00f3w w ilo\u015bci stosownej do ilo\u015bci i wieku dzieci, z zastrze\u017ceniem spe\u0142nienia minimalnych wymaga\u0144 Zarz\u0105dzaj\u0105cego, okre\u015blonych w niniejszym punkcie.<\/li><li>W zwi\u0105zku z charakterem Placu Zabaw, kt\u00f3ry jest przeznaczony dla dzieci do 14 lat, a tak\u017ce ze wzgl\u0119d\u00f3w bezpiecze\u0144stwa, na teren Placu Zabaw nie b\u0119d\u0105 wpuszczane osoby przychodz\u0105ce bez dziecka w wieku 1-14 lat, chyba \u017ce udowodni\u0105 one, \u017ce ich dziecko znajduje si\u0119 na terenie Placu Zabaw.<\/li><li>Na terenie Placu Zabaw obowi\u0105zuje:<\/li><\/ol><ul><li>Zakaz wnoszenia przedmiot\u00f3w niebezpiecznych, ostrych i szklanych.<\/li><li>Zakaz wnoszenia \u017cywno\u015bci i napoj\u00f3w<\/li><li>Zakaz spo\u017cywania alkoholu, \u015brodk\u00f3w odurzaj\u0105cych i przebywania os\u00f3b po spo\u017cyciu tego rodzaju substancji<\/li><li>Zakaz palenia tytoniu i papieros\u00f3w elektronicznych\/jednorazowych<\/li><li>Zakaz wprowadzania zwierz\u0105t<\/li><li>Na terenie Placu Zabaw zabronione s\u0105 b\u00f3jki, popychanie, wchodzenie po zje\u017cd\u017calniach pod g\u00f3r\u0119, wsp\u00f3lne zje\u017cd\u017canie ze zje\u017cd\u017calni przez dwie lub wi\u0119cej os\u00f3b naraz, wspinanie si\u0119 po zewn\u0119trznej stronie konstrukcji Placu Zabaw, noszenie si\u0119 nawzajem i wskakiwanie na siebie oraz wszelkie inne zachowania niebezpieczne, agresywne lub nosz\u0105ce znamiona dyskryminacji.<\/li><\/ul><ol start=\"11\"><li>Loopy\u2019s nie jest stron\u0105 w konfliktach mi\u0119dzy odwiedzaj\u0105cymi Go\u015b\u0107mi.<\/li><li>Dzieci wchodz\u0105c na teren Placu Zabaw powinny zdj\u0105\u0107 i przekaza\u0107 opiekunom wszelkie przedmioty mog\u0105ce stanowi\u0107 zagro\u017cenie w szczeg\u00f3lno\u015bci: zegarki, bi\u017cuteri\u0119, paski z ostrymi sprz\u0105czkami, ubrania z d\u0142ugimi sznurkami (np. przy kapturach) lub same sznurki, d\u0142ugopisy, telefony kom\u00f3rkowe, odtwarzacze elektroniczne etc.<\/li><li>Na terenie ca\u0142ego Centrum Go\u015bcie przebywaj\u0105 bez but\u00f3w, zawsze w skarpetkach.<\/li><li>Okrycia wierzchnie Go\u015bcie pozostawiaj\u0105 w szafkach zamykanych na kluczyk lub w szatni.<\/li><li>Do szatni nie b\u0119d\u0105 przyjmowane rzeczy inne ni\u017c odzie\u017c, a w szczeg\u00f3lno\u015bci przedmioty warto\u015bciowe.<\/li><li><strong>Odzie\u017c\/rzeczy o warto\u015bci powy\u017cej 250 z\u0142 nale\u017cy przechowywa\u0107 w zamykanych szafkach. Nie b\u0119d\u0105 one przyjmowane w szatni. <\/strong><\/li><li>Za przedmioty warto\u015bciowe, w tym odzie\u017c o kt\u00f3rej mowa w pkt 16, pieni\u0105dze, dokumenty, pozostawione w szatni lub w szafkach zamykanych -Zarz\u0105dzaj\u0105cy nie odpowiada.<\/li><li>Zarz\u0105dzaj\u0105cy nie odpowiada za rzeczy pozostawione na terenie Placu Zabaw, <strong><u>poza szatni\u0105.<\/u><\/strong><\/li><li><strong><u>Korzystanie z szafek zamykanych jest odp\u0142atne. Za rzeczy pozostawione w szafkach Zarz\u0105dzaj\u0105cy nie odpowiada. Teren, gdzie znajduj\u0105 si\u0119 szafki jest obj\u0119ty monitoringiem wizyjnym. <\/u><\/strong><\/li><li>Spo\u017cywanie \u017cywno\u015bci i napoj\u00f3w mo\u017cliwe jest wy\u0142\u0105cznie na terenie Restauracji. Nie nale\u017cy wnosi\u0107 jedzenia ani napoj\u00f3w do Strefy Zabawy. Na terenie Placu Zabaw nie nale\u017cy \u017cu\u0107 gumy.<\/li><li>Go\u015bcie Placu Zabaw u\u017cywaj\u0105 Chip\u00f3w elektronicznych, kt\u00f3re powinni nosi\u0107 przez ca\u0142y czas pobytu na terenie Placu Zabaw, a\u017c do czasu jego opuszczenia.<\/li><li><strong><u>Ka\u017cdy bilet jest przeznaczony dla jednej osoby na jedno wej\u015bcie. W przypadku opuszczenia Placu Zabaw, przez co rozumie si\u0119 przekroczenie linii bramek, wizyt\u0119 na Placu Zabaw uznaje si\u0119 za zako\u0144czon\u0105, niezale\u017cnie od czasu na jaki zosta\u0142 wykupiony bilet. W takim wypadku nie ma mo\u017cliwo\u015bci ponownego wej\u015bcia na wcze\u015bniej zakupiony bilet. <\/u><\/strong><\/li><li>Wej\u015bcie na teren Placu Zabaw nast\u0119puje przez bramk\u0119 wej\u015bciow\u0105. Dotkni\u0119cie chipem elektronicznym czytnika przy bramce wej\u015bciowej oznacza akceptacj\u0119 Regulaminu oraz Cennika i zobowi\u0105zuje Go\u015bcia do ich przestrzegania.<\/li><li>Kwota za zakupione towary w Restauracji Loopy\u2019s i kwota za dodatkowo p\u0142atne atrakcje Placu Zabaw zostaje nabita na elektroniczny chip Go\u015bcia. W restauracji wydawane s\u0105 paragony. Przy wyj\u015bciu nast\u0119puje odczytanie zapisanej na chipie elektronicznym nale\u017cno\u015bci. Go\u015bcie uiszczaj\u0105 wszystkie nale\u017cno\u015bci nabite na swoim chipie elektronicznym. W przypadku grup rodzinnych lub grup zorganizowanych jeden z Go\u015bci otrzymuje tzw. \u201eMaster chip\u201d (czerwony lub \u017c\u00f3\u0142ty zegarek) jest on odpowiedzialny tak\u017ce za zap\u0142at\u0119 nale\u017cno\u015bci naliczonych na chipach elektronicznych os\u00f3b, kt\u00f3re wesz\u0142y razem z nim i s\u0105 przypisani do \u201eMaster chipa\u201d.<\/li><li>Za zgubienie lub uszkodzenie chipa elektronicznego naliczona zostanie op\u0142ata w wysoko\u015bci okre\u015blonej w Cenniku.<strong> <u>W przypadku zgubienia chip\u00f3w elektronicznych wszystkich Go\u015bci wchodz\u0105cych na Plac Zabaw zostanie naliczona op\u0142ata specjalna w wysoko\u015bci okre\u015blonej w Cenniku.<\/u><\/strong><\/li><li>Instrukcje korzystania z poszczeg\u00f3lnych urz\u0105dze\u0144, zabaw i atrakcji (dalej: \u201ekonstrukcje\u201d) mog\u0105 wprowadza\u0107 ograniczenia wieku, ilo\u015bci os\u00f3b, wzrostu lub ci\u0119\u017caru w korzystaniu z poszczeg\u00f3lnych urz\u0105dze\u0144, zabaw lub atrakcji.<\/li><li>Z urz\u0105dze\u0144, zabaw i atrakcji Go\u015bcie powinni korzysta\u0107 zgodnie z ich przeznaczeniem i instrukcjami.<\/li><li>Go\u015bcie zobowi\u0105zani s\u0105 przestrzega\u0107 postanowie\u0144 Regulaminu i Instrukcji oraz stosowa\u0107 si\u0119 do zalece\u0144 Obs\u0142ugi.<\/li><li>Zarz\u0105dzaj\u0105cy nie odpowiada za wypadku spowodowane nieprzestrzeganiem Regulaminu, Instrukcji lub zalece\u0144 Obs\u0142ugi, a tak\u017ce w sytuacjach, gdy wypadkowi ulegnie osoba nietrze\u017awa lub znajduj\u0105ca si\u0119 w stanie po u\u017cyciu \u015brodk\u00f3w odurzaj\u0105cych.<\/li><li>Go\u015bcie odpowiadaj\u0105 za szkody wyrz\u0105dzone w skutek nieprzestrzegania Regulaminu, Instrukcji lub zalece\u0144 Obs\u0142ugi, a tak\u017ce spowodowane w skutek innego zawinionego dzia\u0142ania lub zaniechania.<\/li><li>W przypadku jakichkolwiek zdarze\u0144 losowych, wypadk\u00f3w, zauwa\u017conych usterek lub jakichkolwiek innych zdarze\u0144 i zachowa\u0144 stwarzaj\u0105cych zagro\u017cenie na Placu Zabaw nale\u017cy poinformowa\u0107 Obs\u0142ug\u0119.<\/li><li>Teren Placu Zabaw jest obj\u0119ty monitoringiem. Monitoring nie b\u0119dzie narusza\u0142 d\u00f3br osobistych Go\u015bci.<\/li><li>Wchodz\u0105c na teren Placu Zabaw Go\u015bcie wyra\u017caj\u0105 zgod\u0119 na zapis wizerunku swojego i os\u00f3b znajduj\u0105cych si\u0119 pod ich opiek\u0105. <u>Monitoring s\u0142u\u017cy zapewnieniu bezpiecze\u0144stwa Go\u015bci. <\/u><\/li><li>Wszelkie dane uzyskane od Go\u015bci przetwarzane s\u0105 zgodnie z Rozporz\u0105dzeniem o Ochronie Danych Osobowych (RODO), kt\u00f3re wesz\u0142o w \u017cycie z dniem 25 maja 2018r. Wi\u0119cej informacji znajduje si\u0119 w Polityce Prywatno\u015bci Centrum.<\/li><li>W uzasadnionych przypadkach Obs\u0142uga ma prawo poprosi\u0107 Go\u015bcia o poddanie si\u0119 badaniu trze\u017awo\u015bci. Odmowa poddania si\u0119 badaniu trze\u017awo\u015bci mo\u017ce spowodowa\u0107 potraktowanie Go\u015bcia jako osob\u0119 znajduj\u0105c\u0105 si\u0119 pod wp\u0142ywem alkoholu, ze wszystkimi konsekwencjami przewidzianymi Regulaminem.<\/li><li style=\"font-weight: 400;\" aria-level=\"1\"><span style=\"font-weight: 400;\">Zarz\u0105dzaj\u0105cy zastrzega sobie prawo do odm\u00f3wienia zezwolenia wst\u0119pu na Plac Zabaw wed\u0142ug w\u0142asnego uznania.\u00a0<\/span><\/li><li><span style=\"font-weight: 400;\">Zarz\u0105dzaj\u0105cy mo\u017ce wed\u0142ug w\u0142asnego uznania za\u017c\u0105da\u0107 opuszczenia Placu Zabaw przez Go\u015bci, a w szczeg\u00f3lno\u015bci przez osoby naruszaj\u0105ce Regulamin, Instrukcje, og\u00f3lnie przyj\u0119te normy zachowania lub stwarzaj\u0105ce zagro\u017cenie dla innych Go\u015bci, a tak\u017ce przez osoby niestosuj\u0105ce si\u0119 do zalece\u0144 Obs\u0142ugi. Cena za niewykorzystany bilet nie zostanie w takim przypadku zwr\u00f3cona.<\/span><\/li><li><span style=\"font-weight: 400;\">Na teren Placu Zabaw mog\u0105 nie zosta\u0107 wpuszczone osoby stwarzaj\u0105ce zagro\u017cenie dla innych Go\u015bci jak, np. dzieci z opatrunkami gipsowymi czy osoby o widocznych oznakach chor\u00f3b zaka\u017anych. <\/span><\/li><li style=\"font-weight: 400;\" aria-level=\"1\"><span style=\"font-weight: 400;\">Osoby niepe\u0142nosprawne korzystaj\u0105 z atrakcji Placu Zabaw wy\u0142\u0105cznie na w\u0142asn\u0105 odpowiedzialno\u015b\u0107 lub\/i odpowiedzialno\u015b\u0107 opiekuna, pod kt\u00f3rego opiek\u0105 pozostaj\u0105 w czasie pobytu na Placu Zabaw.\u00a0<\/span><\/li><li><b>Za bilet zakupiony a niewykorzystany jak r\u00f3wnie\u017c za niewykorzystany czas, nie przys\u0142uguje zwrot ca\u0142o\u015bci ani cz\u0119\u015bci ceny biletu.<\/b><\/li><li><span style=\"font-weight: 400;\">Zarz\u0105dzaj\u0105cy nie ponosi odpowiedzialno\u015bci za przerwy w funkcjonowaniu Placu Zabaw wynikaj\u0105ce z przyczyn, za kt\u00f3re nie ponosi odpowiedzialno\u015bci lub z powodu dzia\u0142ania si\u0142y wy\u017cszej lub wyst\u0105pienia zdarze\u0144 losowych jak, np. konieczno\u015b\u0107 ewakuacji, brak dostawy energii elektrycznej etc. <\/span><\/li><li><span style=\"font-weight: 400;\">Zg\u0142oszenia szkody oraz reklamacje mog\u0105 by\u0107 zg\u0142aszane w Recepcji Placu Zabaw w dniu wizyty. Zg\u0142oszenia szkody oraz reklamacje sk\u0142adane w p\u00f3\u017aniejszym terminie nie zostan\u0105 uwzgl\u0119dnione. Podstaw\u0105 zg\u0142oszenia szkody oraz reklamacji jest dow\u00f3d wniesienia op\u0142aty za us\u0142ugi Placu Zabaw. <\/span><\/li><\/ol>\t\t\t\t\t\t\t\t<\/div>\n\t\t\t\t<\/div>\n\t\t\t\t<div class=\"elementor-element elementor-element-26eb5d6 elementor-widget elementor-widget-heading\" data-id=\"26eb5d6\" data-element_type=\"widget\" data-e-type=\"widget\" data-widget_type=\"heading.default\">\n\t\t\t\t<div class=\"elementor-widget-container\">\n\t\t\t\t\t<h2 class=\"elementor-heading-title elementor-size-default\">Instrukcja korzystania z poszczeg\u00f3lnych urz\u0105dze\u0144 placu:<\/h2>\t\t\t\t<\/div>\n\t\t\t\t<\/div>\n\t\t\t\t\t<\/div>\n\t\t\t\t<\/div>\n\t\t<div class=\"elementor-element elementor-element-86dd186 e-flex e-con-boxed e-con e-parent\" data-id=\"86dd186\" data-element_type=\"container\" data-e-type=\"container\" data-settings=\"{&quot;background_background&quot;:&quot;classic&quot;}\">\n\t\t\t\t\t<div class=\"e-con-inner\">\n\t\t\t\t<div class=\"elementor-element elementor-element-93bb58a elementor-widget elementor-widget-image\" data-id=\"93bb58a\" data-element_type=\"widget\" data-e-type=\"widget\" data-widget_type=\"image.default\">\n\t\t\t\t<div class=\"elementor-widget-container\">\n\t\t\t\t\t\t\t\t\t\t\t\t\t\t\t<img fetchpriority=\"high\" decoding=\"async\" width=\"2048\" height=\"5170\" src=\"https:\/\/loopys.pl\/gdansk\/wp-content\/uploads\/2024\/06\/instrukcja-uzytkowania-gda.png\" class=\"attachment-full size-full wp-image-14800\" alt=\"instrukcja obs\u0142ugi zabawy\" srcset=\"https:\/\/loopys.pl\/gdansk\/wp-content\/uploads\/2024\/06\/instrukcja-uzytkowania-gda.png 2048w, https:\/\/loopys.pl\/gdansk\/wp-content\/uploads\/2024\/06\/instrukcja-uzytkowania-gda-119x300.png 119w, https:\/\/loopys.pl\/gdansk\/wp-content\/uploads\/2024\/06\/instrukcja-uzytkowania-gda-406x1024.png 406w, https:\/\/loopys.pl\/gdansk\/wp-content\/uploads\/2024\/06\/instrukcja-uzytkowania-gda-768x1939.png 768w, https:\/\/loopys.pl\/gdansk\/wp-content\/uploads\/2024\/06\/instrukcja-uzytkowania-gda-608x1536.png 608w, https:\/\/loopys.pl\/gdansk\/wp-content\/uploads\/2024\/06\/instrukcja-uzytkowania-gda-811x2048.png 811w, https:\/\/loopys.pl\/gdansk\/wp-content\/uploads\/2024\/06\/instrukcja-uzytkowania-gda-5x12.png 5w\" sizes=\"(max-width: 2048px) 100vw, 2048px\" \/>\t\t\t\t\t\t\t\t\t\t\t\t\t\t\t<\/div>\n\t\t\t\t<\/div>\n\t\t\t\t\t<\/div>\n\t\t\t\t<\/div>\n\t\t\t\t<\/div>\n\t\t","protected":false},"excerpt":{"rendered":"<p>Plac zabaw \u201eLoopy\u2019s World\u201d jest miejscem zabawy Pa\u0144stwa Dzieci. Nasz Regulamin powsta\u0142, aby zapewni\u0107 Pa\u0144stwa Dzieciom bezpieczn\u0105 i beztrosk\u0105 zabaw\u0119. Dlatego prosimy o zapoznanie si\u0119 z nim i jego przestrzeganie. \u00a0 Placem zabaw \u201eLoopy\u2019s World\u201d (dalej: \u201ePlac Zabaw\u201d) zarz\u0105dza Loopys Sp. Z o.o. z siedzib\u0105 w Gda\u0144sku przy ul. Grunwaldzkiej 229 (dalej: \u201eZarz\u0105dzaj\u0105cy\u201d). Korzystanie z&#8230;<\/p>\n","protected":false},"author":11,"featured_media":0,"parent":32,"menu_order":0,"comment_status":"closed","ping_status":"closed","template":"","meta":{"_acf_changed":false,"_kad_blocks_custom_css":"","_kad_blocks_head_custom_js":"","_kad_blocks_body_custom_js":"","_kad_blocks_footer_custom_js":"","_kad_post_transparent":"","_kad_post_title":"hide","_kad_post_layout":"fullwidth","_kad_post_sidebar_id":"","_kad_post_content_style":"unboxed","_kad_post_vertical_padding":"hide","_kad_post_feature":"hide","_kad_post_feature_position":"","_kad_post_header":false,"_kad_post_footer":false,"_kad_post_classname":"","footnotes":""},"class_list":["post-34","page","type-page","status-publish","hentry"],"acf":[],"taxonomy_info":[],"featured_image_src_large":false,"author_info":{"display_name":"michal2","author_link":"https:\/\/loopys.pl\/gdansk\/author\/michal2\/"},"comment_info":0,"_links":{"self":[{"href":"https:\/\/loopys.pl\/gdansk\/wp-json\/wp\/v2\/pages\/34","targetHints":{"allow":["GET"]}}],"collection":[{"href":"https:\/\/loopys.pl\/gdansk\/wp-json\/wp\/v2\/pages"}],"about":[{"href":"https:\/\/loopys.pl\/gdansk\/wp-json\/wp\/v2\/types\/page"}],"author":[{"embeddable":true,"href":"https:\/\/loopys.pl\/gdansk\/wp-json\/wp\/v2\/users\/11"}],"replies":[{"embeddable":true,"href":"https:\/\/loopys.pl\/gdansk\/wp-json\/wp\/v2\/comments?post=34"}],"version-history":[{"count":0,"href":"https:\/\/loopys.pl\/gdansk\/wp-json\/wp\/v2\/pages\/34\/revisions"}],"up":[{"embeddable":true,"href":"https:\/\/loopys.pl\/gdansk\/wp-json\/wp\/v2\/pages\/32"}],"wp:attachment":[{"href":"https:\/\/loopys.pl\/gdansk\/wp-json\/wp\/v2\/media?parent=34"}],"curies":[{"name":"wp","href":"https:\/\/api.w.org\/{rel}","templated":true}]}}