{"id":41,"date":"2023-06-15T13:46:26","date_gmt":"2023-06-15T11:46:26","guid":{"rendered":"https:\/\/loopys.pl\/gdansk\/oferta\/urodziny\/cennik-imprezy-urodzinowej\/"},"modified":"2026-03-27T13:54:00","modified_gmt":"2026-03-27T12:54:00","slug":"cennik-imprezy-urodzinowej","status":"publish","type":"page","link":"https:\/\/loopys.pl\/gdansk\/oferta\/urodziny\/cennik-imprezy-urodzinowej\/","title":{"rendered":"Cennik imprezy urodzinowej"},"content":{"rendered":"\t\t<div data-elementor-type=\"wp-page\" data-elementor-id=\"41\" class=\"elementor elementor-41\" data-elementor-post-type=\"page\">\n\t\t\t\t<div class=\"elementor-element elementor-element-324387a e-flex e-con-boxed e-con e-parent\" data-id=\"324387a\" data-element_type=\"container\" data-e-type=\"container\">\n\t\t\t\t\t<div class=\"e-con-inner\">\n\t\t\t\t<div class=\"elementor-element elementor-element-475ccc5 elementor-widget__width-initial elementor-widget elementor-widget-text-editor\" data-id=\"475ccc5\" data-element_type=\"widget\" data-e-type=\"widget\" data-widget_type=\"text-editor.default\">\n\t\t\t\t<div class=\"elementor-widget-container\">\n\t\t\t\t\t\t\t\t\t<h2 style=\"text-align: center;\">PAKIETY URODZINOWE<\/h2><div class=\"tablee responsive-table-wrapper\"><table id=\"tablepress-15\" class=\"tablepress tablepress-id-15 dataTable no-footer\" style=\"width: 101.039%;\"><thead><tr class=\"row-1 odd\"><th class=\"column-1\" style=\"width: 27.6537%;\">\u00a0<\/th><th class=\"column-2\" style=\"width: 16.3076%; text-align: center;\"><strong>ODJAZD<\/strong><\/th><th class=\"column-3\" style=\"width: 14.7584%; text-align: center;\"><strong>PRZYGODA<\/strong><\/th><th class=\"column-4\" style=\"width: 13.5551%; text-align: center;\"><strong>DELUXE<\/strong><\/th><th style=\"width: 13.5004%; text-align: center;\"><strong>\u00a0GAMERA\u00a0<\/strong><\/th><th style=\"width: 15.9416%; text-align: center;\"><strong>\u00a0KULINARNY<\/strong><\/th><\/tr><\/thead><tbody class=\"row-hover\"><tr class=\"row-2\" role=\"row\"><td class=\"column-1\" style=\"width: 27.6537%;\">Czas trwania urodzin<\/td><td class=\"column-2\" style=\"width: 16.3076%;\">2,5 h<\/td><td class=\"column-3\" style=\"width: 14.7584%;\">2,5 h<\/td><td class=\"column-4\" style=\"width: 13.5551%;\">3 h<\/td><td style=\"width: 13.5004%;\">3 h<\/td><td style=\"width: 15.9416%;\">3 h<\/td><\/tr><tr class=\"row-3\" role=\"row\"><td class=\"column-1\" style=\"width: 27.6537%;\">Animacje i zabawy tematyczne<\/td><td class=\"column-2\" style=\"width: 16.3076%;\">&#8212;-<\/td><td class=\"column-3\" style=\"width: 14.7584%;\">TAK<\/td><td class=\"column-4\" style=\"width: 13.5551%;\">TAK<\/td><td style=\"width: 13.5004%;\">TAK<\/td><td style=\"width: 15.9416%;\">TAK<\/td><\/tr><tr class=\"row-4\" role=\"row\"><td class=\"column-1\" style=\"width: 27.6537%;\">Rezerwacja wybranego pokoju urodzinowego<\/td><td class=\"column-2\" style=\"width: 16.3076%;\">tak (45 min.)<\/td><td class=\"column-3\" style=\"width: 14.7584%;\">tak (30 min.)<\/td><td class=\"column-4\" style=\"width: 13.5551%;\">tak (30 min.)<\/td><td style=\"width: 13.5004%;\">tak (45 min.)<\/td><td style=\"width: 15.9416%;\">tak (60 min.)<\/td><\/tr><tr class=\"row-5\" role=\"row\"><td class=\"column-1\" style=\"width: 27.6537%;\">Zaproszenia dla Go\u015bci<\/td><td class=\"column-2\" style=\"width: 16.3076%;\">TAK (do pobrania ze strony www)<\/td><td class=\"column-3\" style=\"width: 14.7584%;\">TAK (do pobrania ze strony www)<\/td><td class=\"column-4\" style=\"width: 13.5551%;\">TAK (do odbioru w Loopy&#8217;s)<\/td><td style=\"width: 13.5004%;\">TAK (do odbioru w Loopy&#8217;s)<\/td><td style=\"width: 15.9416%;\">TAK (do odbioru w Loopy&#8217;s<\/td><\/tr><tr class=\"row-6\" role=\"row\"><td class=\"column-1\" style=\"width: 27.6537%;\">Ciep\u0142a przek\u0105ska i nap\u00f3j<\/td><td class=\"column-2\" style=\"width: 16.3076%;\">TAK<\/td><td class=\"column-3\" style=\"width: 14.7584%;\">TAK<\/td><td class=\"column-4\" style=\"width: 13.5551%;\">TAK<\/td><td style=\"width: 13.5004%;\">TAK<\/td><td style=\"width: 15.9416%;\">TAK<\/td><\/tr><tr class=\"row-7\" role=\"row\"><td class=\"column-1\" style=\"width: 27.6537%;\">Prezent od Loopy&#8217;s dla Solenizanta<\/td><td class=\"column-2\" style=\"width: 16.3076%;\">TAK<\/td><td class=\"column-3\" style=\"width: 14.7584%;\">TAK<\/td><td class=\"column-4\" style=\"width: 13.5551%;\">TAK<\/td><td style=\"width: 13.5004%;\">TAK<\/td><td style=\"width: 15.9416%;\">TAK<\/td><\/tr><tr class=\"row-8\" role=\"row\"><td class=\"column-1\" style=\"width: 27.6537%;\">Stolik w restauracji dla Rodzic\u00f3w<\/td><td class=\"column-2\" style=\"width: 16.3076%;\">TAK<\/td><td class=\"column-3\" style=\"width: 14.7584%;\">TAK<\/td><td class=\"column-4\" style=\"width: 13.5551%;\">TAK<\/td><td style=\"width: 13.5004%;\">TAK<\/td><td style=\"width: 15.9416%;\">TAK<\/td><\/tr><tr class=\"row-9\" role=\"row\"><td class=\"column-1\" style=\"width: 27.6537%;\">Przejazdy kolejk\u0105 \/ samochodami<\/td><td class=\"column-2\" style=\"width: 16.3076%;\">&#8212;-<\/td><td class=\"column-3\" style=\"width: 14.7584%;\">&#8212;-<\/td><td class=\"column-4\" style=\"width: 13.5551%;\">TAK (bez limitu)<\/td><td style=\"width: 13.5004%;\">TAK (bez limitu)<\/td><td style=\"width: 15.9416%;\">TAK (2 PRZEJAZDY)<\/td><\/tr><tr class=\"row-10\" role=\"row\"><td class=\"column-1\" style=\"width: 27.6537%;\">Tort<\/td><td class=\"column-2\" style=\"width: 16.3076%;\">&#8212;-<\/td><td class=\"column-3\" style=\"width: 14.7584%;\">&#8212;-<\/td><td class=\"column-4\" style=\"width: 13.5551%;\">TAK<\/td><td style=\"width: 13.5004%;\">TAK<\/td><td style=\"width: 15.9416%;\">TAK<\/td><\/tr><tr class=\"row-11\" role=\"row\"><td class=\"column-1\" style=\"width: 27.6537%;\">Szampan bezalkoholowy<\/td><td class=\"column-2\" style=\"width: 16.3076%;\">&#8212;-<\/td><td class=\"column-3\" style=\"width: 14.7584%;\">&#8212;-<\/td><td class=\"column-4\" style=\"width: 13.5551%;\">&#8212;<\/td><td style=\"width: 13.5004%;\">&#8212;<\/td><td style=\"width: 15.9416%;\">&#8212;<\/td><\/tr><tr class=\"row-12\" role=\"row\"><td class=\"column-1\" style=\"width: 27.6537%;\">Patera przek\u0105sek s\u0142odkich i s\u0142onych<\/td><td class=\"column-2\" style=\"width: 16.3076%;\">&#8212;-<\/td><td class=\"column-3\" style=\"width: 14.7584%;\">&#8212;-<\/td><td class=\"column-4\" style=\"width: 13.5551%;\">TAK<\/td><td style=\"width: 13.5004%;\">TAK<\/td><td style=\"width: 15.9416%;\">&#8212;<\/td><\/tr><tr class=\"row-13\" role=\"row\"><td class=\"column-1\" style=\"width: 27.6537%;\">Patera ciast dla doros\u0142ych<\/td><td class=\"column-2\" style=\"width: 16.3076%;\">&#8212;-<\/td><td class=\"column-3\" style=\"width: 14.7584%;\">&#8212;-<\/td><td class=\"column-4\" style=\"width: 13.5551%;\">TAK<\/td><td style=\"width: 13.5004%;\">TAK<\/td><td style=\"width: 15.9416%;\">TAK<\/td><\/tr><tr class=\"row-14\" role=\"row\"><td class=\"column-1\" style=\"width: 27.6537%;\">Kawa lub herbata dla doros\u0142ych<\/td><td class=\"column-2\" style=\"width: 16.3076%;\">&#8212;-<\/td><td class=\"column-3\" style=\"width: 14.7584%;\">&#8212;-<\/td><td class=\"column-4\" style=\"width: 13.5551%;\">TAK<\/td><td style=\"width: 13.5004%;\">NIE<\/td><td style=\"width: 15.9416%;\">NIE<\/td><\/tr><tr><td style=\"width: 27.6537%;\">St\u00f3\u0142 OPCJA 1 (2x pizza, patera ciasta, kawa i herbata bez limitu, 1x dzbanek soku jab\u0142kowego, 1x dzbanek lemoniady)<\/td><td style=\"width: 16.3076%;\">&#8212;<\/td><td style=\"width: 14.7584%;\">&#8212;<\/td><td style=\"width: 13.5551%;\">&#8212;<\/td><td style=\"width: 13.5004%;\">TAK<\/td><td style=\"width: 15.9416%;\">TAK<\/td><\/tr><tr class=\"row-15\" role=\"row\"><td class=\"column-1\" style=\"width: 27.6537%;\"><strong>CENA PAKIETU<\/strong><\/td><td class=\"column-2\" style=\"width: 16.3076%;\"><strong>95 z\u0142 \/ os<\/strong><\/td><td class=\"column-3\" style=\"width: 14.7584%;\"><strong>115 z\u0142 \/ os<\/strong><\/td><td class=\"column-4\" style=\"width: 13.5551%;\"><strong>160 z\u0142 \/ os<\/strong><\/td><td style=\"width: 13.5004%;\"><strong>210 z\u0142 \/ os<\/strong><\/td><td style=\"width: 15.9416%;\"><strong>185 z\u0142 \/ os<\/strong><\/td><\/tr><tr class=\"row-16\"><td class=\"column-1\" style=\"width: 43.9613%;\" colspan=\"2\"><strong>PROMOCJE<\/strong><\/td><td class=\"column-3\" style=\"width: 14.7584%;\">\u00a0<\/td><td class=\"column-4\" style=\"width: 13.5551%;\">\u00a0<\/td><td style=\"width: 13.5004%;\">\u00a0<\/td><td style=\"width: 15.9416%;\">\u00a0<\/td><\/tr><tr class=\"row-17\"><td class=\"column-1\" style=\"width: 58.7197%;\" colspan=\"3\">Du\u017ce przyj\u0119cie \u2013 rabat 15% na 16-te i ka\u017cde kolejne dziecko<\/td><td class=\"column-4\" style=\"width: 13.5551%;\">\u00a0<\/td><td style=\"width: 13.5004%;\">\u00a0<\/td><td style=\"width: 15.9416%;\">\u00a0<\/td><\/tr><tr class=\"row-18\"><td class=\"column-1\" style=\"width: 27.6537%;\"><strong>ATRAKCJE DODATKOWE<\/strong><\/td><td class=\"column-2\" style=\"width: 16.3076%;\">\u00a0<\/td><td class=\"column-3\" style=\"width: 14.7584%;\">\u00a0<\/td><td class=\"column-4\" style=\"width: 13.5551%;\">\u00a0<\/td><td style=\"width: 13.5004%;\">\u00a0<\/td><td style=\"width: 15.9416%;\">\u00a0<\/td><\/tr><tr class=\"row-19\"><td class=\"column-1\" style=\"width: 27.6537%;\">Przejazdy kolejk\u0105 \/ samochodami<\/td><td class=\"column-2\" style=\"width: 16.3076%;\">od 7 z\u0142 \/ os.<\/td><td class=\"column-3\" style=\"width: 14.7584%;\">od 7 z\u0142 \/ os.<\/td><td class=\"column-4\" style=\"width: 13.5551%;\">\u00a0<\/td><td style=\"width: 13.5004%;\">\u00a0<\/td><td style=\"width: 15.9416%;\">\u00a0<\/td><\/tr><tr class=\"row-20\"><td class=\"column-1\" style=\"width: 27.6537%;\">Tort typu Standard (ok. 1kg, 6 smak\u00f3w)<\/td><td class=\"column-2\" style=\"width: 16.3076%;\">160 z\u0142 \/ szt.<\/td><td class=\"column-3\" style=\"width: 14.7584%;\"><p>160 z\u0142 \/ szt.<\/p><\/td><td class=\"column-4\" style=\"width: 13.5551%;\">\u00a0<\/td><td style=\"width: 13.5004%;\">\u00a0<\/td><td style=\"width: 15.9416%;\">\u00a0<\/td><\/tr><tr class=\"row-21\"><td class=\"column-1\" style=\"width: 27.6537%;\">Tort typu Premium (ok. 1.5 kg, 6 smak\u00f3w)<\/td><td class=\"column-2\" style=\"width: 16.3076%;\">260 z\u0142 \/ szt.<\/td><td class=\"column-3\" style=\"width: 14.7584%;\">260 z\u0142 \/ szt.<\/td><td class=\"column-4\" style=\"width: 13.5551%;\">260 z\u0142 \/ szt.<\/td><td style=\"width: 13.5004%;\">260 z\u0142 \/ szt.<\/td><td style=\"width: 15.9416%;\">260 z\u0142 \/ szt.<\/td><\/tr><tr class=\"row-22\"><td class=\"column-1\" style=\"width: 27.6537%;\">Wniesienie w\u0142asnego tortu<\/td><td class=\"column-2\" style=\"width: 16.3076%;\">150 z\u0142 \/ szt.<\/td><td class=\"column-3\" style=\"width: 14.7584%;\">150 z\u0142 \/ szt.<\/td><td class=\"column-4\" style=\"width: 13.5551%;\">150 z\u0142 \/ szt<\/td><td style=\"width: 13.5004%;\">150 z\u0142 \/ szt<\/td><td style=\"width: 15.9416%;\">150 z\u0142 \/ szt<\/td><\/tr><tr class=\"row-23\"><td class=\"column-1\" style=\"width: 27.6537%;\">Dodatkowy nap\u00f3j w dzbanku (1,3l.)<\/td><td class=\"column-2\" style=\"width: 16.3076%;\">27z\u0142 \/ szt.<\/td><td class=\"column-3\" style=\"width: 14.7584%;\">27 z\u0142 \/ szt.<\/td><td class=\"column-4\" style=\"width: 13.5551%;\">\u00a0<\/td><td style=\"width: 13.5004%;\">\u00a0<\/td><td style=\"width: 15.9416%;\">\u00a0<\/td><\/tr><tr class=\"row-24\"><td class=\"column-1\" style=\"width: 27.6537%;\">Przed\u0142u\u017cenie imprezy urodzinowej<\/td><td class=\"column-2\" style=\"width: 16.3076%;\">od 100 z\u0142<\/td><td class=\"column-3\" style=\"width: 14.7584%;\">od 100 z\u0142<\/td><td class=\"column-4\" style=\"width: 13.5551%;\">od 100 z\u0142<\/td><td style=\"width: 13.5004%;\">od 100 z\u0142<\/td><td style=\"width: 15.9416%;\">od 100 z\u0142<\/td><\/tr><tr class=\"row-25\"><td class=\"column-1\" style=\"width: 27.6537%;\">Animator na wy\u0142\u0105czno\u015b\u0107 (dla dzieci do 8 r.\u017c.)<\/td><td class=\"column-2\" style=\"width: 16.3076%;\">150 z\u0142<\/td><td class=\"column-3\" style=\"width: 14.7584%;\">150 z\u0142<\/td><td class=\"column-4\" style=\"width: 13.5551%;\">150 z\u0142<\/td><td style=\"width: 13.5004%;\">150 z\u0142<\/td><td style=\"width: 15.9416%;\">150 z\u0142<\/td><\/tr><tr class=\"row-26\"><td class=\"column-1\" style=\"width: 27.6537%;\">Wizyta maskotki w pokoju urodzinowym<\/td><td class=\"column-2\" style=\"width: 16.3076%;\">100 z\u0142<\/td><td class=\"column-3\" style=\"width: 14.7584%;\">100 z\u0142<\/td><td class=\"column-4\" style=\"width: 13.5551%;\">100 z\u0142<\/td><td style=\"width: 13.5004%;\">100 z\u0142<\/td><td style=\"width: 15.9416%;\">100 z\u0142<\/td><\/tr><tr><td style=\"width: 27.6537%;\">Gift away<\/td><td style=\"width: 16.3076%;\">15 z\u0142\/ szt.<\/td><td style=\"width: 14.7584%;\">15 z\u0142\/ szt.<\/td><td style=\"width: 13.5551%;\">15 z\u0142\/ szt.<\/td><td style=\"width: 13.5004%;\">15 z\u0142\/ szt.<\/td><td style=\"width: 15.9416%;\">15 z\u0142\/ szt.<\/td><\/tr><\/tbody><\/table><\/div><div class=\"tablee\"><table id=\"tablepress-16\" class=\"tablepress tablepress-id-16\" style=\"width: 100%; height: 1208px;\"><thead><tr class=\"row-1 odd\" style=\"height: 61px;\"><th class=\"column-1\" style=\"height: 61px;\">Drugi Solenizant<\/th><th class=\"column-2\" style=\"height: 61px;\">80 z\u0142<\/th><\/tr><\/thead><tbody class=\"row-hover\"><tr class=\"row-2 even\" style=\"height: 90px;\"><td class=\"column-1\" style=\"height: 90px;\">Przejazdy kolejk\u0105 \/ samochodami<\/td><td class=\"column-2\" style=\"height: 90px;\">od 7 z\u0142 \/ os.<\/td><\/tr><tr class=\"row-3 odd\" style=\"height: 61px;\"><td class=\"column-1\" style=\"height: 61px;\">Patera babeczek<\/td><td class=\"column-2\" style=\"height: 61px;\">75 z\u0142 \/ szt.<\/td><\/tr><tr class=\"row-4 even\" style=\"height: 61px;\"><td class=\"column-1\" style=\"height: 61px;\">Lody- ga\u0142ka loda w wafelku<\/td><td class=\"column-2\" style=\"height: 61px;\">8 z\u0142 \/ os.<\/td><\/tr><tr class=\"row-5 odd\" style=\"height: 61px;\"><td class=\"column-1\" style=\"height: 61px;\">Patera owoc\u00f3w<\/td><td class=\"column-2\" style=\"height: 61px;\">75 z\u0142 \/ 1,2kg<\/td><\/tr><tr class=\"row-6 even\" style=\"height: 119px;\"><td class=\"column-1\" style=\"height: 119px;\">Patera przek\u0105sek s\u0142odkich i s\u0142onych<\/td><td class=\"column-2\" style=\"height: 119px;\">65 z\u0142 \/ szt.<\/td><\/tr><tr style=\"height: 61px;\"><td style=\"height: 61px;\">Patera \u017celek<\/td><td style=\"height: 61px;\">65 z\u0142 \/ szt.<\/td><\/tr><tr class=\"row-7 odd\" style=\"height: 90px;\"><td class=\"column-1\" style=\"height: 90px;\">Dodatkowy nap\u00f3j w dzbanku (1,3l.)<\/td><td class=\"column-2\" style=\"height: 90px;\">27 z\u0142 \/ szt.<\/td><\/tr><tr class=\"row-8 even\" style=\"height: 61px;\"><td class=\"column-1\" style=\"height: 61px;\">Wybuchowy balon s\u0142odko\u015bci<\/td><td class=\"column-2\" style=\"height: 61px;\">75 z\u0142 \/ os.<\/td><\/tr><tr class=\"row-9 odd\" style=\"height: 119px;\"><td class=\"column-1\" style=\"height: 119px;\">\u017betony do automat\u00f3w 20szt. \/ 30szt. \/ 40 szt.<\/td><td class=\"column-2\" style=\"height: 119px;\">76z\u0142 \/ 111z\u0142 \/ 144 z\u0142<\/td><\/tr><tr class=\"row-10 even\" style=\"height: 90px;\"><td class=\"column-1\" style=\"height: 90px;\"><p>Przed\u0142u\u017cenie imprezy urodzinowej<\/p><p>Pixel\u00a0<\/p><\/td><td class=\"column-2\" style=\"height: 90px;\"><p>od 100 z\u0142<\/p><p>10 z\u0142\/os.<\/p><\/td><\/tr><tr class=\"row-11 odd\" style=\"height: 61px;\"><td class=\"column-1\" style=\"height: 61px;\"><strong>DLA RODZIC\u00d3W<\/strong><\/td><td class=\"column-2\" style=\"height: 61px;\">\u00a0<\/td><\/tr><tr class=\"row-12 even\" style=\"height: 61px;\"><td class=\"column-1\" style=\"height: 61px;\">Kawa lub herbata<\/td><td class=\"column-2\" style=\"height: 61px;\">12 z\u0142 \/ os.<\/td><\/tr><tr class=\"row-13 odd\" style=\"height: 61px;\"><td class=\"column-1\" style=\"height: 61px;\">Patera ciast (dla ok. 10 os\u00f3b)<\/td><td class=\"column-2\" style=\"height: 61px;\">80 z\u0142 \/ szt.<\/td><\/tr><tr style=\"height: 90px;\"><td style=\"height: 90px;\">St\u00f3\u0142 OPCJA 1 (2x pizza, patera ciasta, kawa i herbata bez limitu, 1x dzbanek soku jab\u0142kowego, 1x dzbanek lemoniady)<\/td><td style=\"height: 90px;\">300 z\u0142<\/td><\/tr><tr style=\"height: 61px;\"><td style=\"height: 61px;\">St\u00f3\u0142 OPCJA 2 (2x pizza, patera owoc\u00f3w, 1x dzbanek soku jab\u0142kowego, 1x dzbanek lemoniady)<\/td><td style=\"height: 61px;\">200 z\u0142<\/td><\/tr><\/tbody><\/table><\/div>\t\t\t\t\t\t\t\t<\/div>\n\t\t\t\t<\/div>\n\t\t\t\t\t<\/div>\n\t\t\t\t<\/div>\n\t\t\t\t<\/div>\n\t\t","protected":false},"excerpt":{"rendered":"<p>PAKIETY URODZINOWE \u00a0 ODJAZD PRZYGODA DELUXE \u00a0GAMERA\u00a0 \u00a0KULINARNY Czas trwania urodzin 2,5 h 2,5 h 3 h 3 h 3 h Animacje i zabawy tematyczne &#8212;- TAK TAK TAK TAK Rezerwacja wybranego pokoju urodzinowego tak (45 min.) tak (30 min.) tak (30 min.) tak (45 min.) tak (60 min.) Zaproszenia dla Go\u015bci TAK (do pobrania&#8230;<\/p>\n","protected":false},"author":11,"featured_media":0,"parent":38,"menu_order":0,"comment_status":"closed","ping_status":"closed","template":"","meta":{"_acf_changed":false,"_kad_blocks_custom_css":"","_kad_blocks_head_custom_js":"","_kad_blocks_body_custom_js":"","_kad_blocks_footer_custom_js":"","_kad_post_transparent":"","_kad_post_title":"hide","_kad_post_layout":"fullwidth","_kad_post_sidebar_id":"","_kad_post_content_style":"unboxed","_kad_post_vertical_padding":"hide","_kad_post_feature":"hide","_kad_post_feature_position":"","_kad_post_header":false,"_kad_post_footer":false,"_kad_post_classname":"","footnotes":""},"class_list":["post-41","page","type-page","status-publish","hentry"],"acf":[],"taxonomy_info":[],"featured_image_src_large":false,"author_info":{"display_name":"michal2","author_link":"https:\/\/loopys.pl\/gdansk\/author\/michal2\/"},"comment_info":0,"_links":{"self":[{"href":"https:\/\/loopys.pl\/gdansk\/wp-json\/wp\/v2\/pages\/41","targetHints":{"allow":["GET"]}}],"collection":[{"href":"https:\/\/loopys.pl\/gdansk\/wp-json\/wp\/v2\/pages"}],"about":[{"href":"https:\/\/loopys.pl\/gdansk\/wp-json\/wp\/v2\/types\/page"}],"author":[{"embeddable":true,"href":"https:\/\/loopys.pl\/gdansk\/wp-json\/wp\/v2\/users\/11"}],"replies":[{"embeddable":true,"href":"https:\/\/loopys.pl\/gdansk\/wp-json\/wp\/v2\/comments?post=41"}],"version-history":[{"count":27,"href":"https:\/\/loopys.pl\/gdansk\/wp-json\/wp\/v2\/pages\/41\/revisions"}],"predecessor-version":[{"id":16844,"href":"https:\/\/loopys.pl\/gdansk\/wp-json\/wp\/v2\/pages\/41\/revisions\/16844"}],"up":[{"embeddable":true,"href":"https:\/\/loopys.pl\/gdansk\/wp-json\/wp\/v2\/pages\/38"}],"wp:attachment":[{"href":"https:\/\/loopys.pl\/gdansk\/wp-json\/wp\/v2\/media?parent=41"}],"curies":[{"name":"wp","href":"https:\/\/api.w.org\/{rel}","templated":true}]}}