{"id":42,"date":"2023-06-15T13:46:26","date_gmt":"2023-06-15T11:46:26","guid":{"rendered":"https:\/\/loopys.pl\/gdansk\/oferta\/urodziny\/pobierz-zaproszenia\/"},"modified":"2024-12-27T15:57:14","modified_gmt":"2024-12-27T14:57:14","slug":"pobierz-zaproszenia","status":"publish","type":"page","link":"https:\/\/loopys.pl\/gdansk\/oferta\/urodziny\/pobierz-zaproszenia\/","title":{"rendered":"Pobierz zaproszenia"},"content":{"rendered":"\t\t<div data-elementor-type=\"wp-page\" data-elementor-id=\"42\" class=\"elementor elementor-42\" data-elementor-post-type=\"page\">\n\t\t\t\t<div class=\"elementor-element elementor-element-a70f65f e-flex e-con-boxed e-con e-parent\" data-id=\"a70f65f\" data-element_type=\"container\" data-e-type=\"container\">\n\t\t\t\t\t<div class=\"e-con-inner\">\n\t\t\t\t<div class=\"elementor-element elementor-element-fc56b2e elementor-widget elementor-widget-heading\" data-id=\"fc56b2e\" data-element_type=\"widget\" data-e-type=\"widget\" data-widget_type=\"heading.default\">\n\t\t\t\t<div class=\"elementor-widget-container\">\n\t\t\t\t\t<h2 class=\"elementor-heading-title elementor-size-default\">ZAPROSZENIA URODZINOWE<\/h2>\t\t\t\t<\/div>\n\t\t\t\t<\/div>\n\t\t\t\t\t<\/div>\n\t\t\t\t<\/div>\n\t\t<div class=\"elementor-element elementor-element-71427ec e-flex e-con-boxed e-con e-parent\" data-id=\"71427ec\" data-element_type=\"container\" data-e-type=\"container\">\n\t\t\t\t\t<div class=\"e-con-inner\">\n\t\t\t\t<div class=\"elementor-element elementor-element-ddabd97 elementor-widget elementor-widget-text-editor\" data-id=\"ddabd97\" data-element_type=\"widget\" data-e-type=\"widget\" data-widget_type=\"text-editor.default\">\n\t\t\t\t<div class=\"elementor-widget-container\">\n\t\t\t\t\t\t\t\t\t<p>W naszym centrum mo\u017cesz kupi\u0107 starannie wykonane zaproszenia ale istnieje r\u00f3wnie\u017c mo\u017cliwo\u015b\u0107 pobrania ich w formacie pdf poni\u017cej.<\/p>\t\t\t\t\t\t\t\t<\/div>\n\t\t\t\t<\/div>\n\t\t\t\t\t<\/div>\n\t\t\t\t<\/div>\n\t\t<div class=\"elementor-element elementor-element-e10ee66 e-flex e-con-boxed e-con e-parent\" data-id=\"e10ee66\" data-element_type=\"container\" data-e-type=\"container\">\n\t\t\t\t\t<div class=\"e-con-inner\">\n\t\t\t\t<div class=\"elementor-element elementor-element-bbc3d46 elementor-widget elementor-widget-heading\" data-id=\"bbc3d46\" data-element_type=\"widget\" data-e-type=\"widget\" data-widget_type=\"heading.default\">\n\t\t\t\t<div class=\"elementor-widget-container\">\n\t\t\t\t\t<h3 class=\"elementor-heading-title elementor-size-default\">Pobierz i wydrukuj zaproszenia:<\/h3>\t\t\t\t<\/div>\n\t\t\t\t<\/div>\n\t\t\t\t<div class=\"elementor-element elementor-element-5ccb369 elementor-widget elementor-widget-image\" data-id=\"5ccb369\" data-element_type=\"widget\" data-e-type=\"widget\" data-widget_type=\"image.default\">\n\t\t\t\t<div class=\"elementor-widget-container\">\n\t\t\t\t\t\t\t\t\t\t\t\t\t\t\t\t<a href=\"https:\/\/loopys.pl\/gdansk\/wp-content\/uploads\/2024\/07\/zaproszenie-dziewczynka-GDA.pdf\">\n\t\t\t\t\t\t\t<img fetchpriority=\"high\" decoding=\"async\" width=\"595\" height=\"281\" src=\"https:\/\/loopys.pl\/gdansk\/wp-content\/uploads\/2023\/07\/zaproszenie-dziewczynka-awers.jpg\" class=\"attachment-medium_large size-medium_large wp-image-12984\" alt=\"\" srcset=\"https:\/\/loopys.pl\/gdansk\/wp-content\/uploads\/2023\/07\/zaproszenie-dziewczynka-awers.jpg 595w, https:\/\/loopys.pl\/gdansk\/wp-content\/uploads\/2023\/07\/zaproszenie-dziewczynka-awers-300x142.jpg 300w\" sizes=\"(max-width: 595px) 100vw, 595px\" \/>\t\t\t\t\t\t\t\t<\/a>\n\t\t\t\t\t\t\t\t\t\t\t\t\t\t\t<\/div>\n\t\t\t\t<\/div>\n\t\t\t\t<div class=\"elementor-element elementor-element-0c1c8a5 elementor-align-center elementor-widget elementor-widget-button\" data-id=\"0c1c8a5\" data-element_type=\"widget\" data-e-type=\"widget\" data-widget_type=\"button.default\">\n\t\t\t\t<div class=\"elementor-widget-container\">\n\t\t\t\t\t\t\t\t\t<div class=\"elementor-button-wrapper\">\n\t\t\t\t\t<a class=\"elementor-button elementor-button-link elementor-size-sm\" href=\"https:\/\/loopys.pl\/gdansk\/wp-content\/uploads\/2024\/07\/zaproszenie-dziewczynka-GDA.pdf\">\n\t\t\t\t\t\t<span class=\"elementor-button-content-wrapper\">\n\t\t\t\t\t\t<span class=\"elementor-button-icon\">\n\t\t\t\t<svg aria-hidden=\"true\" class=\"e-font-icon-svg e-far-file-pdf\" viewBox=\"0 0 384 512\" xmlns=\"http:\/\/www.w3.org\/2000\/svg\"><path d=\"M369.9 97.9L286 14C277 5 264.8-.1 252.1-.1H48C21.5 0 0 21.5 0 48v416c0 26.5 21.5 48 48 48h288c26.5 0 48-21.5 48-48V131.9c0-12.7-5.1-25-14.1-34zM332.1 128H256V51.9l76.1 76.1zM48 464V48h160v104c0 13.3 10.7 24 24 24h104v288H48zm250.2-143.7c-12.2-12-47-8.7-64.4-6.5-17.2-10.5-28.7-25-36.8-46.3 3.9-16.1 10.1-40.6 5.4-56-4.2-26.2-37.8-23.6-42.6-5.9-4.4 16.1-.4 38.5 7 67.1-10 23.9-24.9 56-35.4 74.4-20 10.3-47 26.2-51 46.2-3.3 15.8 26 55.2 76.1-31.2 22.4-7.4 46.8-16.5 68.4-20.1 18.9 10.2 41 17 55.8 17 25.5 0 28-28.2 17.5-38.7zm-198.1 77.8c5.1-13.7 24.5-29.5 30.4-35-19 30.3-30.4 35.7-30.4 35zm81.6-190.6c7.4 0 6.7 32.1 1.8 40.8-4.4-13.9-4.3-40.8-1.8-40.8zm-24.4 136.6c9.7-16.9 18-37 24.7-54.7 8.3 15.1 18.9 27.2 30.1 35.5-20.8 4.3-38.9 13.1-54.8 19.2zm131.6-5s-5 6-37.3-7.8c35.1-2.6 40.9 5.4 37.3 7.8z\"><\/path><\/svg>\t\t\t<\/span>\n\t\t\t\t\t\t\t\t\t<span class=\"elementor-button-text\">Zaproszenie niebieskie<\/span>\n\t\t\t\t\t<\/span>\n\t\t\t\t\t<\/a>\n\t\t\t\t<\/div>\n\t\t\t\t\t\t\t\t<\/div>\n\t\t\t\t<\/div>\n\t\t\t\t<div class=\"elementor-element elementor-element-7646181 elementor-widget elementor-widget-image\" data-id=\"7646181\" data-element_type=\"widget\" data-e-type=\"widget\" data-widget_type=\"image.default\">\n\t\t\t\t<div class=\"elementor-widget-container\">\n\t\t\t\t\t\t\t\t\t\t\t\t\t\t\t\t<a href=\"https:\/\/loopys.pl\/gdansk\/wp-content\/uploads\/2024\/07\/zaproszenie-chlopiec-GDA.pdf\">\n\t\t\t\t\t\t\t<img decoding=\"async\" width=\"595\" height=\"281\" src=\"https:\/\/loopys.pl\/gdansk\/wp-content\/uploads\/2023\/07\/zaproszenie-chlopiec-awers.jpg\" class=\"attachment-medium_large size-medium_large wp-image-12985\" alt=\"\" srcset=\"https:\/\/loopys.pl\/gdansk\/wp-content\/uploads\/2023\/07\/zaproszenie-chlopiec-awers.jpg 595w, https:\/\/loopys.pl\/gdansk\/wp-content\/uploads\/2023\/07\/zaproszenie-chlopiec-awers-300x142.jpg 300w\" sizes=\"(max-width: 595px) 100vw, 595px\" \/>\t\t\t\t\t\t\t\t<\/a>\n\t\t\t\t\t\t\t\t\t\t\t\t\t\t\t<\/div>\n\t\t\t\t<\/div>\n\t\t\t\t<div class=\"elementor-element elementor-element-93e2bcd elementor-align-center elementor-widget elementor-widget-button\" data-id=\"93e2bcd\" data-element_type=\"widget\" data-e-type=\"widget\" data-widget_type=\"button.default\">\n\t\t\t\t<div class=\"elementor-widget-container\">\n\t\t\t\t\t\t\t\t\t<div class=\"elementor-button-wrapper\">\n\t\t\t\t\t<a class=\"elementor-button elementor-button-link elementor-size-sm\" href=\"https:\/\/loopys.pl\/gdansk\/wp-content\/uploads\/2024\/07\/zaproszenie-chlopiec-GDA.pdf\">\n\t\t\t\t\t\t<span class=\"elementor-button-content-wrapper\">\n\t\t\t\t\t\t<span class=\"elementor-button-icon\">\n\t\t\t\t<svg aria-hidden=\"true\" class=\"e-font-icon-svg e-far-file-pdf\" viewBox=\"0 0 384 512\" xmlns=\"http:\/\/www.w3.org\/2000\/svg\"><path d=\"M369.9 97.9L286 14C277 5 264.8-.1 252.1-.1H48C21.5 0 0 21.5 0 48v416c0 26.5 21.5 48 48 48h288c26.5 0 48-21.5 48-48V131.9c0-12.7-5.1-25-14.1-34zM332.1 128H256V51.9l76.1 76.1zM48 464V48h160v104c0 13.3 10.7 24 24 24h104v288H48zm250.2-143.7c-12.2-12-47-8.7-64.4-6.5-17.2-10.5-28.7-25-36.8-46.3 3.9-16.1 10.1-40.6 5.4-56-4.2-26.2-37.8-23.6-42.6-5.9-4.4 16.1-.4 38.5 7 67.1-10 23.9-24.9 56-35.4 74.4-20 10.3-47 26.2-51 46.2-3.3 15.8 26 55.2 76.1-31.2 22.4-7.4 46.8-16.5 68.4-20.1 18.9 10.2 41 17 55.8 17 25.5 0 28-28.2 17.5-38.7zm-198.1 77.8c5.1-13.7 24.5-29.5 30.4-35-19 30.3-30.4 35.7-30.4 35zm81.6-190.6c7.4 0 6.7 32.1 1.8 40.8-4.4-13.9-4.3-40.8-1.8-40.8zm-24.4 136.6c9.7-16.9 18-37 24.7-54.7 8.3 15.1 18.9 27.2 30.1 35.5-20.8 4.3-38.9 13.1-54.8 19.2zm131.6-5s-5 6-37.3-7.8c35.1-2.6 40.9 5.4 37.3 7.8z\"><\/path><\/svg>\t\t\t<\/span>\n\t\t\t\t\t\t\t\t\t<span class=\"elementor-button-text\">Zaproszenie \u017c\u00f3\u0142te<\/span>\n\t\t\t\t\t<\/span>\n\t\t\t\t\t<\/a>\n\t\t\t\t<\/div>\n\t\t\t\t\t\t\t\t<\/div>\n\t\t\t\t<\/div>\n\t\t\t\t\t<\/div>\n\t\t\t\t<\/div>\n\t\t<div class=\"elementor-element elementor-element-35fa560 e-flex e-con-boxed e-con e-parent\" data-id=\"35fa560\" data-element_type=\"container\" data-e-type=\"container\">\n\t\t\t\t\t<div class=\"e-con-inner\">\n\t\t\t\t<div class=\"elementor-element elementor-element-0c449bf elementor-widget elementor-widget-image\" data-id=\"0c449bf\" data-element_type=\"widget\" data-e-type=\"widget\" data-widget_type=\"image.default\">\n\t\t\t\t<div class=\"elementor-widget-container\">\n\t\t\t\t\t\t\t\t\t\t\t\t\t\t\t\t<a href=\"https:\/\/loopys.pl\/gdansk\/wp-content\/uploads\/2024\/06\/GD-zaproszenie-rozowe.pdf\">\n\t\t\t\t\t\t\t<img decoding=\"async\" width=\"768\" height=\"372\" src=\"https:\/\/loopys.pl\/gdansk\/wp-content\/uploads\/2024\/06\/7870967b-ee23-4d04-a09e-9d9c3874caf8-768x372.jpg\" class=\"attachment-medium_large size-medium_large wp-image-14664\" alt=\"zaproszenie na urodziny dla dzieci\" srcset=\"https:\/\/loopys.pl\/gdansk\/wp-content\/uploads\/2024\/06\/7870967b-ee23-4d04-a09e-9d9c3874caf8-768x372.jpg 768w, https:\/\/loopys.pl\/gdansk\/wp-content\/uploads\/2024\/06\/7870967b-ee23-4d04-a09e-9d9c3874caf8-300x145.jpg 300w, https:\/\/loopys.pl\/gdansk\/wp-content\/uploads\/2024\/06\/7870967b-ee23-4d04-a09e-9d9c3874caf8-1024x496.jpg 1024w, https:\/\/loopys.pl\/gdansk\/wp-content\/uploads\/2024\/06\/7870967b-ee23-4d04-a09e-9d9c3874caf8-1536x744.jpg 1536w, https:\/\/loopys.pl\/gdansk\/wp-content\/uploads\/2024\/06\/7870967b-ee23-4d04-a09e-9d9c3874caf8-scaled.jpg 2048w, https:\/\/loopys.pl\/gdansk\/wp-content\/uploads\/2024\/06\/7870967b-ee23-4d04-a09e-9d9c3874caf8-18x9.jpg 18w\" sizes=\"(max-width: 768px) 100vw, 768px\" \/>\t\t\t\t\t\t\t\t<\/a>\n\t\t\t\t\t\t\t\t\t\t\t\t\t\t\t<\/div>\n\t\t\t\t<\/div>\n\t\t\t\t<div class=\"elementor-element elementor-element-314e92b elementor-align-center elementor-widget elementor-widget-button\" data-id=\"314e92b\" data-element_type=\"widget\" data-e-type=\"widget\" data-widget_type=\"button.default\">\n\t\t\t\t<div class=\"elementor-widget-container\">\n\t\t\t\t\t\t\t\t\t<div class=\"elementor-button-wrapper\">\n\t\t\t\t\t<a class=\"elementor-button elementor-button-link elementor-size-sm\" href=\"https:\/\/loopys.pl\/gdansk\/wp-content\/uploads\/2024\/06\/GD-zaproszenie-rozowe.pdf\">\n\t\t\t\t\t\t<span class=\"elementor-button-content-wrapper\">\n\t\t\t\t\t\t<span class=\"elementor-button-icon\">\n\t\t\t\t<svg aria-hidden=\"true\" class=\"e-font-icon-svg e-far-file-pdf\" viewBox=\"0 0 384 512\" xmlns=\"http:\/\/www.w3.org\/2000\/svg\"><path d=\"M369.9 97.9L286 14C277 5 264.8-.1 252.1-.1H48C21.5 0 0 21.5 0 48v416c0 26.5 21.5 48 48 48h288c26.5 0 48-21.5 48-48V131.9c0-12.7-5.1-25-14.1-34zM332.1 128H256V51.9l76.1 76.1zM48 464V48h160v104c0 13.3 10.7 24 24 24h104v288H48zm250.2-143.7c-12.2-12-47-8.7-64.4-6.5-17.2-10.5-28.7-25-36.8-46.3 3.9-16.1 10.1-40.6 5.4-56-4.2-26.2-37.8-23.6-42.6-5.9-4.4 16.1-.4 38.5 7 67.1-10 23.9-24.9 56-35.4 74.4-20 10.3-47 26.2-51 46.2-3.3 15.8 26 55.2 76.1-31.2 22.4-7.4 46.8-16.5 68.4-20.1 18.9 10.2 41 17 55.8 17 25.5 0 28-28.2 17.5-38.7zm-198.1 77.8c5.1-13.7 24.5-29.5 30.4-35-19 30.3-30.4 35.7-30.4 35zm81.6-190.6c7.4 0 6.7 32.1 1.8 40.8-4.4-13.9-4.3-40.8-1.8-40.8zm-24.4 136.6c9.7-16.9 18-37 24.7-54.7 8.3 15.1 18.9 27.2 30.1 35.5-20.8 4.3-38.9 13.1-54.8 19.2zm131.6-5s-5 6-37.3-7.8c35.1-2.6 40.9 5.4 37.3 7.8z\"><\/path><\/svg>\t\t\t<\/span>\n\t\t\t\t\t\t\t\t\t<span class=\"elementor-button-text\">Zaproszenie r\u00f3\u017cowe<\/span>\n\t\t\t\t\t<\/span>\n\t\t\t\t\t<\/a>\n\t\t\t\t<\/div>\n\t\t\t\t\t\t\t\t<\/div>\n\t\t\t\t<\/div>\n\t\t\t\t<div class=\"elementor-element elementor-element-6a19d09 elementor-widget elementor-widget-image\" data-id=\"6a19d09\" data-element_type=\"widget\" data-e-type=\"widget\" data-widget_type=\"image.default\">\n\t\t\t\t<div class=\"elementor-widget-container\">\n\t\t\t\t\t\t\t\t\t\t\t\t\t\t\t\t<a href=\"https:\/\/loopys.pl\/gdansk\/wp-content\/uploads\/2024\/06\/GD-zaproszenie-zielone.pdf\">\n\t\t\t\t\t\t\t<img loading=\"lazy\" decoding=\"async\" width=\"768\" height=\"372\" src=\"https:\/\/loopys.pl\/gdansk\/wp-content\/uploads\/2024\/06\/8f821b6e-6bf4-4978-866d-1ce76e68facb-768x372.jpg\" class=\"attachment-medium_large size-medium_large wp-image-14663\" alt=\"zaproszenie na urodziny\" srcset=\"https:\/\/loopys.pl\/gdansk\/wp-content\/uploads\/2024\/06\/8f821b6e-6bf4-4978-866d-1ce76e68facb-768x372.jpg 768w, https:\/\/loopys.pl\/gdansk\/wp-content\/uploads\/2024\/06\/8f821b6e-6bf4-4978-866d-1ce76e68facb-300x145.jpg 300w, https:\/\/loopys.pl\/gdansk\/wp-content\/uploads\/2024\/06\/8f821b6e-6bf4-4978-866d-1ce76e68facb-1024x496.jpg 1024w, https:\/\/loopys.pl\/gdansk\/wp-content\/uploads\/2024\/06\/8f821b6e-6bf4-4978-866d-1ce76e68facb-1536x745.jpg 1536w, https:\/\/loopys.pl\/gdansk\/wp-content\/uploads\/2024\/06\/8f821b6e-6bf4-4978-866d-1ce76e68facb-scaled.jpg 2048w, https:\/\/loopys.pl\/gdansk\/wp-content\/uploads\/2024\/06\/8f821b6e-6bf4-4978-866d-1ce76e68facb-18x9.jpg 18w\" sizes=\"(max-width: 768px) 100vw, 768px\" \/>\t\t\t\t\t\t\t\t<\/a>\n\t\t\t\t\t\t\t\t\t\t\t\t\t\t\t<\/div>\n\t\t\t\t<\/div>\n\t\t\t\t<div class=\"elementor-element elementor-element-a2bd215 elementor-align-center elementor-widget elementor-widget-button\" data-id=\"a2bd215\" data-element_type=\"widget\" data-e-type=\"widget\" data-widget_type=\"button.default\">\n\t\t\t\t<div class=\"elementor-widget-container\">\n\t\t\t\t\t\t\t\t\t<div class=\"elementor-button-wrapper\">\n\t\t\t\t\t<a class=\"elementor-button elementor-button-link elementor-size-sm\" href=\"https:\/\/loopys.pl\/gdansk\/wp-content\/uploads\/2024\/07\/zielone.pdf\">\n\t\t\t\t\t\t<span class=\"elementor-button-content-wrapper\">\n\t\t\t\t\t\t<span class=\"elementor-button-icon\">\n\t\t\t\t<svg aria-hidden=\"true\" class=\"e-font-icon-svg e-far-file-pdf\" viewBox=\"0 0 384 512\" xmlns=\"http:\/\/www.w3.org\/2000\/svg\"><path d=\"M369.9 97.9L286 14C277 5 264.8-.1 252.1-.1H48C21.5 0 0 21.5 0 48v416c0 26.5 21.5 48 48 48h288c26.5 0 48-21.5 48-48V131.9c0-12.7-5.1-25-14.1-34zM332.1 128H256V51.9l76.1 76.1zM48 464V48h160v104c0 13.3 10.7 24 24 24h104v288H48zm250.2-143.7c-12.2-12-47-8.7-64.4-6.5-17.2-10.5-28.7-25-36.8-46.3 3.9-16.1 10.1-40.6 5.4-56-4.2-26.2-37.8-23.6-42.6-5.9-4.4 16.1-.4 38.5 7 67.1-10 23.9-24.9 56-35.4 74.4-20 10.3-47 26.2-51 46.2-3.3 15.8 26 55.2 76.1-31.2 22.4-7.4 46.8-16.5 68.4-20.1 18.9 10.2 41 17 55.8 17 25.5 0 28-28.2 17.5-38.7zm-198.1 77.8c5.1-13.7 24.5-29.5 30.4-35-19 30.3-30.4 35.7-30.4 35zm81.6-190.6c7.4 0 6.7 32.1 1.8 40.8-4.4-13.9-4.3-40.8-1.8-40.8zm-24.4 136.6c9.7-16.9 18-37 24.7-54.7 8.3 15.1 18.9 27.2 30.1 35.5-20.8 4.3-38.9 13.1-54.8 19.2zm131.6-5s-5 6-37.3-7.8c35.1-2.6 40.9 5.4 37.3 7.8z\"><\/path><\/svg>\t\t\t<\/span>\n\t\t\t\t\t\t\t\t\t<span class=\"elementor-button-text\">Zaproszenie zielone<\/span>\n\t\t\t\t\t<\/span>\n\t\t\t\t\t<\/a>\n\t\t\t\t<\/div>\n\t\t\t\t\t\t\t\t<\/div>\n\t\t\t\t<\/div>\n\t\t\t\t<div class=\"elementor-element elementor-element-cc96f20 elementor-widget elementor-widget-image\" data-id=\"cc96f20\" data-element_type=\"widget\" data-e-type=\"widget\" data-widget_type=\"image.default\">\n\t\t\t\t<div class=\"elementor-widget-container\">\n\t\t\t\t\t\t\t\t\t\t\t\t\t\t\t\t<a href=\"https:\/\/loopys.pl\/gdansk\/wp-content\/uploads\/2024\/07\/english-version.pdf\">\n\t\t\t\t\t\t\t<img loading=\"lazy\" decoding=\"async\" width=\"768\" height=\"373\" src=\"https:\/\/loopys.pl\/gdansk\/wp-content\/uploads\/2024\/06\/94baacc1-9e3a-4787-a930-e7c20439bd84-768x373.jpg\" class=\"attachment-medium_large size-medium_large wp-image-14662\" alt=\"zaproszenie na urodziny dla dzieci\" srcset=\"https:\/\/loopys.pl\/gdansk\/wp-content\/uploads\/2024\/06\/94baacc1-9e3a-4787-a930-e7c20439bd84-768x373.jpg 768w, https:\/\/loopys.pl\/gdansk\/wp-content\/uploads\/2024\/06\/94baacc1-9e3a-4787-a930-e7c20439bd84-300x146.jpg 300w, https:\/\/loopys.pl\/gdansk\/wp-content\/uploads\/2024\/06\/94baacc1-9e3a-4787-a930-e7c20439bd84-18x9.jpg 18w, https:\/\/loopys.pl\/gdansk\/wp-content\/uploads\/2024\/06\/94baacc1-9e3a-4787-a930-e7c20439bd84.jpg 942w\" sizes=\"(max-width: 768px) 100vw, 768px\" \/>\t\t\t\t\t\t\t\t<\/a>\n\t\t\t\t\t\t\t\t\t\t\t\t\t\t\t<\/div>\n\t\t\t\t<\/div>\n\t\t\t\t<div class=\"elementor-element elementor-element-4548978 elementor-align-center elementor-widget elementor-widget-button\" data-id=\"4548978\" data-element_type=\"widget\" data-e-type=\"widget\" data-widget_type=\"button.default\">\n\t\t\t\t<div class=\"elementor-widget-container\">\n\t\t\t\t\t\t\t\t\t<div class=\"elementor-button-wrapper\">\n\t\t\t\t\t<a class=\"elementor-button elementor-button-link elementor-size-sm\" href=\"https:\/\/loopys.pl\/gdansk\/wp-content\/uploads\/2024\/07\/english-version.pdf\">\n\t\t\t\t\t\t<span class=\"elementor-button-content-wrapper\">\n\t\t\t\t\t\t<span class=\"elementor-button-icon\">\n\t\t\t\t<svg aria-hidden=\"true\" class=\"e-font-icon-svg e-far-file-pdf\" viewBox=\"0 0 384 512\" xmlns=\"http:\/\/www.w3.org\/2000\/svg\"><path d=\"M369.9 97.9L286 14C277 5 264.8-.1 252.1-.1H48C21.5 0 0 21.5 0 48v416c0 26.5 21.5 48 48 48h288c26.5 0 48-21.5 48-48V131.9c0-12.7-5.1-25-14.1-34zM332.1 128H256V51.9l76.1 76.1zM48 464V48h160v104c0 13.3 10.7 24 24 24h104v288H48zm250.2-143.7c-12.2-12-47-8.7-64.4-6.5-17.2-10.5-28.7-25-36.8-46.3 3.9-16.1 10.1-40.6 5.4-56-4.2-26.2-37.8-23.6-42.6-5.9-4.4 16.1-.4 38.5 7 67.1-10 23.9-24.9 56-35.4 74.4-20 10.3-47 26.2-51 46.2-3.3 15.8 26 55.2 76.1-31.2 22.4-7.4 46.8-16.5 68.4-20.1 18.9 10.2 41 17 55.8 17 25.5 0 28-28.2 17.5-38.7zm-198.1 77.8c5.1-13.7 24.5-29.5 30.4-35-19 30.3-30.4 35.7-30.4 35zm81.6-190.6c7.4 0 6.7 32.1 1.8 40.8-4.4-13.9-4.3-40.8-1.8-40.8zm-24.4 136.6c9.7-16.9 18-37 24.7-54.7 8.3 15.1 18.9 27.2 30.1 35.5-20.8 4.3-38.9 13.1-54.8 19.2zm131.6-5s-5 6-37.3-7.8c35.1-2.6 40.9 5.4 37.3 7.8z\"><\/path><\/svg>\t\t\t<\/span>\n\t\t\t\t\t\t\t\t\t<span class=\"elementor-button-text\">Zaproszenie w wersji angielskiej<\/span>\n\t\t\t\t\t<\/span>\n\t\t\t\t\t<\/a>\n\t\t\t\t<\/div>\n\t\t\t\t\t\t\t\t<\/div>\n\t\t\t\t<\/div>\n\t\t\t\t\t<\/div>\n\t\t\t\t<\/div>\n\t\t\t\t<\/div>\n\t\t","protected":false},"excerpt":{"rendered":"<p>ZAPROSZENIA URODZINOWE W naszym centrum mo\u017cesz kupi\u0107 starannie wykonane zaproszenia ale istnieje r\u00f3wnie\u017c mo\u017cliwo\u015b\u0107 pobrania ich w formacie pdf poni\u017cej. Pobierz i wydrukuj zaproszenia: Zaproszenie niebieskie Zaproszenie \u017c\u00f3\u0142te Zaproszenie r\u00f3\u017cowe Zaproszenie zielone Zaproszenie w wersji angielskiej<\/p>\n","protected":false},"author":11,"featured_media":0,"parent":38,"menu_order":0,"comment_status":"closed","ping_status":"closed","template":"","meta":{"_acf_changed":false,"_kad_blocks_custom_css":"","_kad_blocks_head_custom_js":"","_kad_blocks_body_custom_js":"","_kad_blocks_footer_custom_js":"","_kad_post_transparent":"","_kad_post_title":"hide","_kad_post_layout":"fullwidth","_kad_post_sidebar_id":"","_kad_post_content_style":"unboxed","_kad_post_vertical_padding":"hide","_kad_post_feature":"hide","_kad_post_feature_position":"","_kad_post_header":false,"_kad_post_footer":false,"_kad_post_classname":"","footnotes":""},"class_list":["post-42","page","type-page","status-publish","hentry"],"acf":[],"taxonomy_info":[],"featured_image_src_large":false,"author_info":{"display_name":"michal2","author_link":"https:\/\/loopys.pl\/gdansk\/author\/michal2\/"},"comment_info":0,"_links":{"self":[{"href":"https:\/\/loopys.pl\/gdansk\/wp-json\/wp\/v2\/pages\/42","targetHints":{"allow":["GET"]}}],"collection":[{"href":"https:\/\/loopys.pl\/gdansk\/wp-json\/wp\/v2\/pages"}],"about":[{"href":"https:\/\/loopys.pl\/gdansk\/wp-json\/wp\/v2\/types\/page"}],"author":[{"embeddable":true,"href":"https:\/\/loopys.pl\/gdansk\/wp-json\/wp\/v2\/users\/11"}],"replies":[{"embeddable":true,"href":"https:\/\/loopys.pl\/gdansk\/wp-json\/wp\/v2\/comments?post=42"}],"version-history":[{"count":0,"href":"https:\/\/loopys.pl\/gdansk\/wp-json\/wp\/v2\/pages\/42\/revisions"}],"up":[{"embeddable":true,"href":"https:\/\/loopys.pl\/gdansk\/wp-json\/wp\/v2\/pages\/38"}],"wp:attachment":[{"href":"https:\/\/loopys.pl\/gdansk\/wp-json\/wp\/v2\/media?parent=42"}],"curies":[{"name":"wp","href":"https:\/\/api.w.org\/{rel}","templated":true}]}}