{"id":43,"date":"2023-06-15T13:46:26","date_gmt":"2023-06-15T11:46:26","guid":{"rendered":"https:\/\/loopys.pl\/gdansk\/oferta\/grupy-zorganizowane\/"},"modified":"2025-11-13T13:04:41","modified_gmt":"2025-11-13T12:04:41","slug":"grupy-zorganizowane","status":"publish","type":"page","link":"https:\/\/loopys.pl\/gdansk\/oferta\/grupy-zorganizowane\/","title":{"rendered":"Grupy zorganizowane"},"content":{"rendered":"\t\t<div data-elementor-type=\"wp-page\" data-elementor-id=\"43\" class=\"elementor elementor-43\" data-elementor-post-type=\"page\">\n\t\t\t\t<div class=\"elementor-element elementor-element-96fca81 e-flex e-con-boxed e-con e-parent\" data-id=\"96fca81\" data-element_type=\"container\" data-e-type=\"container\">\n\t\t\t\t\t<div class=\"e-con-inner\">\n\t\t\t\t<div class=\"elementor-element elementor-element-0af3dec elementor-widget elementor-widget-heading\" data-id=\"0af3dec\" data-element_type=\"widget\" data-e-type=\"widget\" data-widget_type=\"heading.default\">\n\t\t\t\t<div class=\"elementor-widget-container\">\n\t\t\t\t\t<h2 class=\"elementor-heading-title elementor-size-default\">WI\u0118CEJ NI\u017b ZABAWA:<\/h2>\t\t\t\t<\/div>\n\t\t\t\t<\/div>\n\t\t\t\t\t<\/div>\n\t\t\t\t<\/div>\n\t\t<div class=\"elementor-element elementor-element-f124569 e-grid e-con-boxed e-con e-parent\" data-id=\"f124569\" data-element_type=\"container\" data-e-type=\"container\">\n\t\t\t\t\t<div class=\"e-con-inner\">\n\t\t\t\t<div class=\"elementor-element elementor-element-ee9aa49 boxtlo elementor-position-top elementor-widget elementor-widget-image-box\" data-id=\"ee9aa49\" data-element_type=\"widget\" data-e-type=\"widget\" data-widget_type=\"image-box.default\">\n\t\t\t\t<div class=\"elementor-widget-container\">\n\t\t\t\t\t<div class=\"elementor-image-box-wrapper\"><figure class=\"elementor-image-box-img\"><img fetchpriority=\"high\" decoding=\"async\" width=\"840\" height=\"840\" src=\"https:\/\/loopys.pl\/gdansk\/wp-content\/uploads\/2023\/08\/zdrowotne.svg\" class=\"attachment-full size-full wp-image-14109\" alt=\"\" \/><\/figure><div class=\"elementor-image-box-content\"><h3 class=\"elementor-image-box-title\">KORZY\u015aCI ZDROWOTNE<\/h3><p class=\"elementor-image-box-description\">Przeciwdzia\u0142anie oty\u0142o\u015bci i wadom postawy. Poprawa funkcjonowania uk\u0142adu kr\u0105\u017cenia oddechowego i kostnego. Wzrost odporno\u015bci. Wzrost si\u0142y i poprawa og\u00f3lnej kondycji fizycznej.<\/p><\/div><\/div>\t\t\t\t<\/div>\n\t\t\t\t<\/div>\n\t\t\t\t<div class=\"elementor-element elementor-element-6de9519 boxtlo elementor-position-top elementor-widget elementor-widget-image-box\" data-id=\"6de9519\" data-element_type=\"widget\" data-e-type=\"widget\" data-widget_type=\"image-box.default\">\n\t\t\t\t<div class=\"elementor-widget-container\">\n\t\t\t\t\t<div class=\"elementor-image-box-wrapper\"><figure class=\"elementor-image-box-img\"><img decoding=\"async\" width=\"840\" height=\"840\" src=\"https:\/\/loopys.pl\/gdansk\/wp-content\/uploads\/2023\/08\/emocjonalne.svg\" class=\"attachment-full size-full wp-image-14110\" alt=\"\" \/><\/figure><div class=\"elementor-image-box-content\"><h3 class=\"elementor-image-box-title\">KORZY\u015aCI EMOCJONALNE<\/h3><p class=\"elementor-image-box-description\">Poczucie szcz\u0119\u015bcia. Wzrost wiary we w\u0142asne mo\u017cliwo\u015bci. Lepsze samopoczucie. Satysfakcja. Roz\u0142adowanie stresu i napi\u0119\u0107. Trening umiej\u0119tno\u015bci spo\u0142ecznych.<\/p><\/div><\/div>\t\t\t\t<\/div>\n\t\t\t\t<\/div>\n\t\t\t\t<div class=\"elementor-element elementor-element-29ca1e3 boxtlo elementor-position-top elementor-widget elementor-widget-image-box\" data-id=\"29ca1e3\" data-element_type=\"widget\" data-e-type=\"widget\" data-widget_type=\"image-box.default\">\n\t\t\t\t<div class=\"elementor-widget-container\">\n\t\t\t\t\t<div class=\"elementor-image-box-wrapper\"><figure class=\"elementor-image-box-img\"><img decoding=\"async\" width=\"840\" height=\"840\" src=\"https:\/\/loopys.pl\/gdansk\/wp-content\/uploads\/2023\/08\/umyslowe.svg\" class=\"attachment-full size-full wp-image-14111\" alt=\"\" \/><\/figure><div class=\"elementor-image-box-content\"><h3 class=\"elementor-image-box-title\">KORZY\u015aCI ROZWOJOWO - UMYS\u0141OWE<\/h3><p class=\"elementor-image-box-description\">Poprawa koncentracji. Lepsze zapami\u0119tywanie. Sprawniejsze przetwarzanie informacji. Wzrost efektywno\u015bci procesu nauki.<\/p><\/div><\/div>\t\t\t\t<\/div>\n\t\t\t\t<\/div>\n\t\t\t\t\t<\/div>\n\t\t\t\t<\/div>\n\t\t<div class=\"elementor-element elementor-element-7423c8c e-flex e-con-boxed e-con e-parent\" data-id=\"7423c8c\" data-element_type=\"container\" data-e-type=\"container\">\n\t\t\t\t\t<div class=\"e-con-inner\">\n\t\t\t\t<div class=\"elementor-element elementor-element-e183f98 elementor-widget elementor-widget-text-editor\" data-id=\"e183f98\" data-element_type=\"widget\" data-e-type=\"widget\" data-widget_type=\"text-editor.default\">\n\t\t\t\t<div class=\"elementor-widget-container\">\n\t\t\t\t\t\t\t\t\t<ul class=\"kids-list\"><li>Wej\u015bcie pakietowe lub zwyk\u0142e \u2013\u00a0wej\u015bcie w ramach wybranego pakietu zawieraj\u0105cego najbardziej korzystn\u0105 opcj\u0119.<\/li><li>Swobodna zabaw\u0119 na placu \u2013 w trakcie ka\u017cdej wizyty w Loopy\u2019s, mo\u017cecie korzysta\u0107 ze wszystkich og\u00f3lnodost\u0119pnych atrakcji palcu. \u015acie\u017cki sprawno\u015bciowe w wielopoziomowym labiryncie, zje\u017cd\u017calnie, trampoliny, armatki pneumatyczne, tunele, boisko i mostki i wiele innych atrakcji!<\/li><li>Zaj\u0119cia tematyczne i warsztaty \u2013\u00a0to\u00a0oko\u0142o 30 min. zaj\u0119\u0107 prowadzonych przez animatora Loopy\u2019s. Prowadzone zaj\u0119cia i warsztaty, to po\u0142\u0105czenie zabaw sportowych i edukacji dostosowanych do grup wiekowych dzieci.<\/li><li>Pocz\u0119stunek\u00a0\u2013 wybieraj\u0105c wej\u015bcie pakietowe pocz\u0119stunek wliczony jest w cen\u0119 biletu.<\/li><\/ul>\t\t\t\t\t\t\t\t<\/div>\n\t\t\t\t<\/div>\n\t\t\t\t\t<\/div>\n\t\t\t\t<\/div>\n\t\t<div class=\"elementor-element elementor-element-bb318f6 e-grid e-con-boxed e-con e-parent\" data-id=\"bb318f6\" data-element_type=\"container\" data-e-type=\"container\">\n\t\t\t\t\t<div class=\"e-con-inner\">\n\t\t\t\t<div class=\"elementor-element elementor-element-c0f8f80 boxtlo elementor-vertical-align-top elementor-widget elementor-widget-image-box\" data-id=\"c0f8f80\" data-element_type=\"widget\" data-e-type=\"widget\" data-widget_type=\"image-box.default\">\n\t\t\t\t<div class=\"elementor-widget-container\">\n\t\t\t\t\t<div class=\"elementor-image-box-wrapper\"><figure class=\"elementor-image-box-img\"><a href=\"https:\/\/loopys.pl\/gdansk\/oferta\/grupy-zorganizowane\/oferta-dla-grup\/\" tabindex=\"-1\"><img loading=\"lazy\" decoding=\"async\" width=\"800\" height=\"800\" src=\"https:\/\/loopys.pl\/gdansk\/wp-content\/uploads\/2023\/08\/oferta_dla_grup.svg\" class=\"elementor-animation-grow attachment-full size-full wp-image-14103\" alt=\"\" \/><\/a><\/figure><div class=\"elementor-image-box-content\"><h3 class=\"elementor-image-box-title\"><a href=\"https:\/\/loopys.pl\/gdansk\/oferta\/grupy-zorganizowane\/oferta-dla-grup\/\">Oferta dla grup<\/a><\/h3><p class=\"elementor-image-box-description\">Przygotowali\u015bmy ofert\u0119, kt\u00f3r\u0105 kierujemy przede wszystkim do szk\u00f3\u0142, przedszkoli oraz plac\u00f3wek organizuj\u0105cych zaj\u0119cia dla dzieci.<\/p><\/div><\/div>\t\t\t\t<\/div>\n\t\t\t\t<\/div>\n\t\t\t\t<div class=\"elementor-element elementor-element-d8c6f54 boxtlo elementor-vertical-align-top elementor-widget elementor-widget-image-box\" data-id=\"d8c6f54\" data-element_type=\"widget\" data-e-type=\"widget\" data-widget_type=\"image-box.default\">\n\t\t\t\t<div class=\"elementor-widget-container\">\n\t\t\t\t\t<div class=\"elementor-image-box-wrapper\"><figure class=\"elementor-image-box-img\"><a href=\"https:\/\/loopys.pl\/gdansk\/oferta\/grupy-zorganizowane\/oferta-dla-grup\/\" tabindex=\"-1\"><img loading=\"lazy\" decoding=\"async\" width=\"800\" height=\"800\" src=\"https:\/\/loopys.pl\/gdansk\/wp-content\/uploads\/2023\/08\/cennik_dla_grup.svg\" class=\"elementor-animation-grow attachment-full size-full wp-image-14104\" alt=\"\" \/><\/a><\/figure><div class=\"elementor-image-box-content\"><h3 class=\"elementor-image-box-title\"><a href=\"https:\/\/loopys.pl\/gdansk\/oferta\/grupy-zorganizowane\/oferta-dla-grup\/\">Cennik dla grup<\/a><\/h3><p class=\"elementor-image-box-description\">Dla du\u017cych grup dzieci z jednej szko\u0142y lub przedszkola, kt\u00f3rzy odwiedz\u0105 nas jednego dnia mamy specjalne ceny i rabaty.<\/p><\/div><\/div>\t\t\t\t<\/div>\n\t\t\t\t<\/div>\n\t\t\t\t<div class=\"elementor-element elementor-element-5c515e8 boxtlo elementor-vertical-align-top elementor-widget elementor-widget-image-box\" data-id=\"5c515e8\" data-element_type=\"widget\" data-e-type=\"widget\" data-widget_type=\"image-box.default\">\n\t\t\t\t<div class=\"elementor-widget-container\">\n\t\t\t\t\t<div class=\"elementor-image-box-wrapper\"><figure class=\"elementor-image-box-img\"><a href=\"https:\/\/loopys.pl\/gdansk\/oferta\/grupy-zorganizowane\/zasady-dla-grup\/\" tabindex=\"-1\"><img loading=\"lazy\" decoding=\"async\" width=\"800\" height=\"800\" src=\"https:\/\/loopys.pl\/gdansk\/wp-content\/uploads\/2023\/08\/zasady_dla_grup.svg\" class=\"elementor-animation-grow attachment-full size-full wp-image-14105\" alt=\"\" \/><\/a><\/figure><div class=\"elementor-image-box-content\"><h3 class=\"elementor-image-box-title\"><a href=\"https:\/\/loopys.pl\/gdansk\/oferta\/grupy-zorganizowane\/zasady-dla-grup\/\">Zasady dla grup<\/a><\/h3><p class=\"elementor-image-box-description\">Zbi\u00f3r przydatnych informacji, okre\u015blaj\u0105cych zasady obowi\u0105zuj\u0105ce grupy dzieci.<\/p><\/div><\/div>\t\t\t\t<\/div>\n\t\t\t\t<\/div>\n\t\t\t\t<div class=\"elementor-element elementor-element-393e736 boxtlo elementor-vertical-align-top elementor-widget elementor-widget-image-box\" data-id=\"393e736\" data-element_type=\"widget\" data-e-type=\"widget\" data-widget_type=\"image-box.default\">\n\t\t\t\t<div class=\"elementor-widget-container\">\n\t\t\t\t\t<div class=\"elementor-image-box-wrapper\"><figure class=\"elementor-image-box-img\"><a href=\"https:\/\/loopys.pl\/gdansk\/oferta\/grupy-zorganizowane\/regulamin-grup-zorganizowanych\/\" tabindex=\"-1\"><img loading=\"lazy\" decoding=\"async\" width=\"800\" height=\"800\" src=\"https:\/\/loopys.pl\/gdansk\/wp-content\/uploads\/2023\/08\/zasady_dla_grup.svg\" class=\"elementor-animation-grow attachment-full size-full wp-image-14105\" alt=\"\" \/><\/a><\/figure><div class=\"elementor-image-box-content\"><h3 class=\"elementor-image-box-title\"><a href=\"https:\/\/loopys.pl\/gdansk\/oferta\/grupy-zorganizowane\/regulamin-grup-zorganizowanych\/\">Regulamin  dla grup zorganizowanych<\/a><\/h3><\/div><\/div>\t\t\t\t<\/div>\n\t\t\t\t<\/div>\n\t\t\t\t\t<\/div>\n\t\t\t\t<\/div>\n\t\t\t\t<\/div>\n\t\t","protected":false},"excerpt":{"rendered":"<p>WI\u0118CEJ NI\u017b ZABAWA: KORZY\u015aCI ZDROWOTNE Przeciwdzia\u0142anie oty\u0142o\u015bci i wadom postawy. Poprawa funkcjonowania uk\u0142adu kr\u0105\u017cenia oddechowego i kostnego. Wzrost odporno\u015bci. Wzrost si\u0142y i poprawa og\u00f3lnej kondycji fizycznej. KORZY\u015aCI EMOCJONALNE Poczucie szcz\u0119\u015bcia. Wzrost wiary we w\u0142asne mo\u017cliwo\u015bci. Lepsze samopoczucie. Satysfakcja. Roz\u0142adowanie stresu i napi\u0119\u0107. Trening umiej\u0119tno\u015bci spo\u0142ecznych. KORZY\u015aCI ROZWOJOWO &#8211; UMYS\u0141OWE Poprawa koncentracji. Lepsze zapami\u0119tywanie. Sprawniejsze przetwarzanie&#8230;<\/p>\n","protected":false},"author":11,"featured_media":0,"parent":37,"menu_order":0,"comment_status":"closed","ping_status":"closed","template":"","meta":{"_acf_changed":false,"_kad_blocks_custom_css":"","_kad_blocks_head_custom_js":"","_kad_blocks_body_custom_js":"","_kad_blocks_footer_custom_js":"","_kad_post_transparent":"","_kad_post_title":"hide","_kad_post_layout":"fullwidth","_kad_post_sidebar_id":"","_kad_post_content_style":"unboxed","_kad_post_vertical_padding":"hide","_kad_post_feature":"hide","_kad_post_feature_position":"","_kad_post_header":false,"_kad_post_footer":false,"_kad_post_classname":"","footnotes":""},"class_list":["post-43","page","type-page","status-publish","hentry"],"acf":[],"taxonomy_info":[],"featured_image_src_large":false,"author_info":{"display_name":"michal2","author_link":"https:\/\/loopys.pl\/gdansk\/author\/michal2\/"},"comment_info":0,"_links":{"self":[{"href":"https:\/\/loopys.pl\/gdansk\/wp-json\/wp\/v2\/pages\/43","targetHints":{"allow":["GET"]}}],"collection":[{"href":"https:\/\/loopys.pl\/gdansk\/wp-json\/wp\/v2\/pages"}],"about":[{"href":"https:\/\/loopys.pl\/gdansk\/wp-json\/wp\/v2\/types\/page"}],"author":[{"embeddable":true,"href":"https:\/\/loopys.pl\/gdansk\/wp-json\/wp\/v2\/users\/11"}],"replies":[{"embeddable":true,"href":"https:\/\/loopys.pl\/gdansk\/wp-json\/wp\/v2\/comments?post=43"}],"version-history":[{"count":0,"href":"https:\/\/loopys.pl\/gdansk\/wp-json\/wp\/v2\/pages\/43\/revisions"}],"up":[{"embeddable":true,"href":"https:\/\/loopys.pl\/gdansk\/wp-json\/wp\/v2\/pages\/37"}],"wp:attachment":[{"href":"https:\/\/loopys.pl\/gdansk\/wp-json\/wp\/v2\/media?parent=43"}],"curies":[{"name":"wp","href":"https:\/\/api.w.org\/{rel}","templated":true}]}}