{"id":45,"date":"2023-06-15T13:46:26","date_gmt":"2023-06-15T11:46:26","guid":{"rendered":"https:\/\/loopys.pl\/gdansk\/oferta\/grupy-zorganizowane\/zasady-dla-grup\/"},"modified":"2025-09-22T17:22:26","modified_gmt":"2025-09-22T15:22:26","slug":"zasady-dla-grup","status":"publish","type":"page","link":"https:\/\/loopys.pl\/gdansk\/oferta\/grupy-zorganizowane\/zasady-dla-grup\/","title":{"rendered":"Zasady dla grup"},"content":{"rendered":"\t\t<div data-elementor-type=\"wp-page\" data-elementor-id=\"45\" class=\"elementor elementor-45\" data-elementor-post-type=\"page\">\n\t\t\t\t<div class=\"elementor-element elementor-element-4346b8c e-flex e-con-boxed e-con e-parent\" data-id=\"4346b8c\" data-element_type=\"container\" data-e-type=\"container\">\n\t\t\t\t\t<div class=\"e-con-inner\">\n\t\t\t\t<div class=\"elementor-element elementor-element-ef07c72 elementor-widget elementor-widget-heading\" data-id=\"ef07c72\" data-element_type=\"widget\" data-e-type=\"widget\" data-widget_type=\"heading.default\">\n\t\t\t\t<div class=\"elementor-widget-container\">\n\t\t\t\t\t<h2 class=\"elementor-heading-title elementor-size-default\">ZASADY OBOWI\u0104ZUJ\u0104CE GRUP\u0118:<\/h2>\t\t\t\t<\/div>\n\t\t\t\t<\/div>\n\t\t\t\t<div class=\"elementor-element elementor-element-bee5d42 elementor-widget elementor-widget-text-editor\" data-id=\"bee5d42\" data-element_type=\"widget\" data-e-type=\"widget\" data-widget_type=\"text-editor.default\">\n\t\t\t\t<div class=\"elementor-widget-container\">\n\t\t\t\t\t\t\t\t\t<ul class=\"kids-list\"><li>Oferta przeznaczona jest dla grup min. 15 dzieci w wieku od 3 do 14 lat.<\/li><li>Obowi\u0105zuje taki sam pakiet dla ca\u0142ej grupy.<\/li><li>Do Centrum nie mo\u017cna wnosi\u0107 w\u0142asnych napoj\u00f3w i jedzenia. To zasada, kt\u00f3rej bardzo restrykcyjnie przestrzegamy.<\/li><li>Wszyscy (r\u00f3wnie\u017c opiekunowie) bawi\u0105 si\u0119 bez but\u00f3w, ale zawsze w skarpetkach.<\/li><li>Paragon wystawiany jest na rzeczywist\u0105 liczb\u0119 dzieci pod warunkiem, \u017ce podczas pierwszej godziny trwania wizyty Organizator potwierdzi liczb\u0119 dzieci.<\/li><li>P\u0142atno\u015b\u0107 za wizyt\u0119 nale\u017cy uregulowa\u0107 w recepcji Loopy\u2019s\u00a0podczas wizyty (p\u0142atno\u015b\u0107 got\u00f3wk\u0105 lub kart\u0105).<\/li><li>Podczas pobytu w Loopy\u2019s World dzieci pozostaj\u0105 pod nadzorem Opiekun\u00f3w szkolnych.<\/li><li>Czym wcze\u015bniej zarezerwujecie wizyt\u0119 tym wi\u0119ksza szansa, \u017ce wybrany przez Was termin b\u0119dzie dost\u0119pny.<\/li><li>Kieszonkowe \u2013 nie jest konieczne, ale za niewielkie kwoty mo\u017cna skorzysta\u0107 z atrakcji dodatkowo p\u0142atnych.<\/li><li>Plecaki- wszystkie bezpiecznie zostaj\u0105 w szatni.<\/li><li>Opiekunowie zawsze wchodz\u0105 GRATIS.<\/li><\/ul>\t\t\t\t\t\t\t\t<\/div>\n\t\t\t\t<\/div>\n\t\t\t\t\t<\/div>\n\t\t\t\t<\/div>\n\t\t\t\t<\/div>\n\t\t","protected":false},"excerpt":{"rendered":"<p>ZASADY OBOWI\u0104ZUJ\u0104CE GRUP\u0118: Oferta przeznaczona jest dla grup min. 15 dzieci w wieku od 3 do 14 lat. Obowi\u0105zuje taki sam pakiet dla ca\u0142ej grupy. Do Centrum nie mo\u017cna wnosi\u0107 w\u0142asnych napoj\u00f3w i jedzenia. To zasada, kt\u00f3rej bardzo restrykcyjnie przestrzegamy. Wszyscy (r\u00f3wnie\u017c opiekunowie) bawi\u0105 si\u0119 bez but\u00f3w, ale zawsze w skarpetkach. Paragon wystawiany jest na&#8230;<\/p>\n","protected":false},"author":11,"featured_media":0,"parent":43,"menu_order":0,"comment_status":"closed","ping_status":"closed","template":"","meta":{"_acf_changed":false,"_kad_blocks_custom_css":"","_kad_blocks_head_custom_js":"","_kad_blocks_body_custom_js":"","_kad_blocks_footer_custom_js":"","_kad_post_transparent":"","_kad_post_title":"hide","_kad_post_layout":"fullwidth","_kad_post_sidebar_id":"","_kad_post_content_style":"unboxed","_kad_post_vertical_padding":"hide","_kad_post_feature":"hide","_kad_post_feature_position":"","_kad_post_header":false,"_kad_post_footer":false,"_kad_post_classname":"","footnotes":""},"class_list":["post-45","page","type-page","status-publish","hentry"],"acf":[],"taxonomy_info":[],"featured_image_src_large":false,"author_info":{"display_name":"michal2","author_link":"https:\/\/loopys.pl\/gdansk\/author\/michal2\/"},"comment_info":0,"_links":{"self":[{"href":"https:\/\/loopys.pl\/gdansk\/wp-json\/wp\/v2\/pages\/45","targetHints":{"allow":["GET"]}}],"collection":[{"href":"https:\/\/loopys.pl\/gdansk\/wp-json\/wp\/v2\/pages"}],"about":[{"href":"https:\/\/loopys.pl\/gdansk\/wp-json\/wp\/v2\/types\/page"}],"author":[{"embeddable":true,"href":"https:\/\/loopys.pl\/gdansk\/wp-json\/wp\/v2\/users\/11"}],"replies":[{"embeddable":true,"href":"https:\/\/loopys.pl\/gdansk\/wp-json\/wp\/v2\/comments?post=45"}],"version-history":[{"count":0,"href":"https:\/\/loopys.pl\/gdansk\/wp-json\/wp\/v2\/pages\/45\/revisions"}],"up":[{"embeddable":true,"href":"https:\/\/loopys.pl\/gdansk\/wp-json\/wp\/v2\/pages\/43"}],"wp:attachment":[{"href":"https:\/\/loopys.pl\/gdansk\/wp-json\/wp\/v2\/media?parent=45"}],"curies":[{"name":"wp","href":"https:\/\/api.w.org\/{rel}","templated":true}]}}