{"id":48,"date":"2023-06-15T13:46:26","date_gmt":"2023-06-15T11:46:26","guid":{"rendered":"https:\/\/loopys.pl\/gdansk\/oferta\/firmy\/imprezy-firmowe\/"},"modified":"2025-03-31T12:55:02","modified_gmt":"2025-03-31T10:55:02","slug":"imprezy-firmowe","status":"publish","type":"page","link":"https:\/\/loopys.pl\/gdansk\/oferta\/imprezy-firmowe-gdansk\/imprezy-firmowe\/","title":{"rendered":"Imprezy firmowe"},"content":{"rendered":"\t\t<div data-elementor-type=\"wp-page\" data-elementor-id=\"48\" class=\"elementor elementor-48\" data-elementor-post-type=\"page\">\n\t\t\t\t<div class=\"elementor-element elementor-element-1d2e940 e-flex e-con-boxed e-con e-parent\" data-id=\"1d2e940\" data-element_type=\"container\" data-e-type=\"container\">\n\t\t\t\t\t<div class=\"e-con-inner\">\n\t\t\t\t<div class=\"elementor-element elementor-element-949af87 elementor-widget__width-initial elementor-widget elementor-widget-heading\" data-id=\"949af87\" data-element_type=\"widget\" data-e-type=\"widget\" data-widget_type=\"heading.default\">\n\t\t\t\t<div class=\"elementor-widget-container\">\n\t\t\t\t\t<h2 class=\"elementor-heading-title elementor-size-default\">Co mo\u017cemy zrobi\u0107 dla Twojej firmy?<\/h2>\t\t\t\t<\/div>\n\t\t\t\t<\/div>\n\t\t\t\t\t<\/div>\n\t\t\t\t<\/div>\n\t\t<div class=\"elementor-element elementor-element-8f7d4c0 e-flex e-con-boxed e-con e-parent\" data-id=\"8f7d4c0\" data-element_type=\"container\" data-e-type=\"container\">\n\t\t\t\t\t<div class=\"e-con-inner\">\n\t\t\t\t<div class=\"elementor-element elementor-element-6f2fceb elementor-widget elementor-widget-text-editor\" data-id=\"6f2fceb\" data-element_type=\"widget\" data-e-type=\"widget\" data-widget_type=\"text-editor.default\">\n\t\t\t\t<div class=\"elementor-widget-container\">\n\t\t\t\t\t\t\t\t\t<p>Nasza wsp\u00f3\u0142praca mo\u017ce mie\u0107 bardzo r\u00f3\u017cny charakter, ale zawsze skoncentrowana b\u0119dzie wok\u00f3\u0142 zabawy.<br \/>Cokolwiek robimy staramy si\u0119, \u017ceby nasi klienci mieli poczucie satysfakcji z otrzymanej us\u0142ugi. Wyr\u00f3\u017cnia nas:<\/p><ul class=\"kids-list\"><li>Wysoka jako\u015b\u0107 dostarczanych us\u0142ug.<\/li><li>Oryginalne i kreatywne scenariusze wydarze\u0144.<\/li><li>Bezpiecze\u0144stwo uczestnik\u00f3w i realizowanych zlece\u0144.<\/li><li>Otwarto\u015b\u0107 na potrzeby i oczekiwania klient\u00f3w.<\/li><li>Wsp\u00f3lnie okre\u015blamy temat i zakres naszej wsp\u00f3\u0142pracy.<\/li><\/ul><p style=\"text-align: center;\">\u00a0<\/p>\t\t\t\t\t\t\t\t<\/div>\n\t\t\t\t<\/div>\n\t\t\t\t\t<\/div>\n\t\t\t\t<\/div>\n\t\t<div class=\"elementor-element elementor-element-bd23b71 e-flex e-con-boxed e-con e-parent\" data-id=\"bd23b71\" data-element_type=\"container\" data-e-type=\"container\">\n\t\t\t\t\t<div class=\"e-con-inner\">\n\t\t\t\t<div class=\"elementor-element elementor-element-4eaedce elementor-widget elementor-widget-heading\" data-id=\"4eaedce\" data-element_type=\"widget\" data-e-type=\"widget\" data-widget_type=\"heading.default\">\n\t\t\t\t<div class=\"elementor-widget-container\">\n\t\t\t\t\t<h2 class=\"elementor-heading-title elementor-size-default\">Proponujemy wsp\u00f3\u0142prac\u0119 w obszarach:<\/h2>\t\t\t\t<\/div>\n\t\t\t\t<\/div>\n\t\t\t\t<div class=\"elementor-element elementor-element-d6077a8 elementor-widget elementor-widget-text-editor\" data-id=\"d6077a8\" data-element_type=\"widget\" data-e-type=\"widget\" data-widget_type=\"text-editor.default\">\n\t\t\t\t<div class=\"elementor-widget-container\">\n\t\t\t\t\t\t\t\t\t<ul class=\"kids-list\"><li>Organizacja imprez firmowych i integracyjnych dla rodzin pracownik\u00f3w.<\/li><li>Sprzeda\u017c wej\u015bci\u00f3wek i karnet\u00f3w do Loopy\u2019s dla pracownik\u00f3w. <a href=\"https:\/\/loopys.pl\/gdansk\/oferta\/imprezy-firmowe-gdansk\/wejsciowki\/\">&gt;&gt;&gt; dowiedz si\u0119 wi\u0119cej<\/a><\/li><li>Promocji produkt\u00f3w i us\u0142ug firmy na terenie Loopy\u2019s.<\/li><li>Organizacja piknik\u00f3w i imprez poza Loopy\u2019s.<\/li><\/ul>\t\t\t\t\t\t\t\t<\/div>\n\t\t\t\t<\/div>\n\t\t\t\t\t<\/div>\n\t\t\t\t<\/div>\n\t\t<div class=\"elementor-element elementor-element-9c9a7f4 e-flex e-con-boxed e-con e-parent\" data-id=\"9c9a7f4\" data-element_type=\"container\" data-e-type=\"container\">\n\t\t\t\t\t<div class=\"e-con-inner\">\n\t\t\t\t<div class=\"elementor-element elementor-element-6abee2f elementor-widget elementor-widget-heading\" data-id=\"6abee2f\" data-element_type=\"widget\" data-e-type=\"widget\" data-widget_type=\"heading.default\">\n\t\t\t\t<div class=\"elementor-widget-container\">\n\t\t\t\t\t<h2 class=\"elementor-heading-title elementor-size-default\">Dlaczego Loopy\u2019s World?<\/h2>\t\t\t\t<\/div>\n\t\t\t\t<\/div>\n\t\t\t\t<div class=\"elementor-element elementor-element-630ebae elementor-widget elementor-widget-text-editor\" data-id=\"630ebae\" data-element_type=\"widget\" data-e-type=\"widget\" data-widget_type=\"text-editor.default\">\n\t\t\t\t<div class=\"elementor-widget-container\">\n\t\t\t\t\t\t\t\t\t<ul class=\"kids-list\"><li>Gigantyczna przestrze\u0144 \u2013 umo\u017cliwia organizacj\u0119 imprez nawet dla 600 os\u00f3b.<\/li><li>Niezwyk\u0142e atrakcje \u2013 ich r\u00f3\u017cnorodno\u015b\u0107 i jako\u015b\u0107 gwarantuje zabaw\u0119 doros\u0142ym i dzieciom.<\/li><li>Oryginalny program imprezy.<\/li><li>W\u0142asna Restauracja \u00a0\u2013 indywidualnie przygotowywane menu dla grup.<\/li><li>Korzystne warunki wyceny \u2013 p\u0142ac\u0105 tylko dzieci, doro\u015bli bawi\u0105 si\u0119 GRATIS!<\/li><li>Atrakcyjne rabaty \u2013 czym wi\u0119cej zamawiasz, tym wi\u0119cej zyskujesz.<\/li><li>Bogate do\u015bwiadczenie \u2013 co roku obs\u0142ugujemy 150 tysi\u0119cy Go\u015bci i ok. 100 imprez.<\/li><\/ul>\t\t\t\t\t\t\t\t<\/div>\n\t\t\t\t<\/div>\n\t\t\t\t\t<\/div>\n\t\t\t\t<\/div>\n\t\t<div class=\"elementor-element elementor-element-e176cea e-flex e-con-boxed e-con e-parent\" data-id=\"e176cea\" data-element_type=\"container\" data-e-type=\"container\">\n\t\t\t\t\t<div class=\"e-con-inner\">\n\t\t\t\t<div class=\"elementor-element elementor-element-b1a820d elementor-widget elementor-widget-shortcode\" data-id=\"b1a820d\" data-element_type=\"widget\" data-e-type=\"widget\" data-widget_type=\"shortcode.default\">\n\t\t\t\t<div class=\"elementor-widget-container\">\n\t\t\t\t\t\t\t<div class=\"elementor-shortcode\"><div class=\"_df_book df-container df-loading \" id=\"df_15899\"  data-title=\"oferta-firmowa\" _slug=\"ulotka-7-gda\" wpoptions=\"true\" thumbtype=\"bg\" ><\/div><script class=\"df-shortcode-script\" type=\"application\/javascript\">window.option_df_15899 = {\"outline\":[],\"forceFit\":\"true\",\"autoEnableOutline\":\"false\",\"autoEnableThumbnail\":\"false\",\"overwritePDFOutline\":\"false\",\"direction\":\"1\",\"pageSize\":\"0\",\"source\":\"https:\\\/\\\/loopys.pl\\\/gdansk\\\/wp-content\\\/uploads\\\/2025\\\/03\\\/ulotka-7-gda.pdf\",\"wpOptions\":\"true\"}; if(window.DFLIP && window.DFLIP.parseBooks){window.DFLIP.parseBooks();}<\/script><\/div>\n\t\t\t\t\t\t<\/div>\n\t\t\t\t<\/div>\n\t\t\t\t<div class=\"elementor-element elementor-element-883f2b5 elementor-widget elementor-widget-text-editor\" data-id=\"883f2b5\" data-element_type=\"widget\" data-e-type=\"widget\" data-widget_type=\"text-editor.default\">\n\t\t\t\t<div class=\"elementor-widget-container\">\n\t\t\t\t\t\t\t\t\t<p style=\"text-align: center;\">Skontaktuj si\u0119 z nami i sprawd\u017a, co mo\u017cemy zrobi\u0107 dla Twojej Firmy i Twoich Pracownik\u00f3w.<\/p><p><a href=\"mailto:firmy.gdansk@loopys.pl\">firmy.gdansk@loopys.pl<\/a><\/p><p style=\"text-align: center;\"><strong>ZAPRASZAMY DO WSP\u00d3\u0141PRACY !!!<\/strong><\/p>\t\t\t\t\t\t\t\t<\/div>\n\t\t\t\t<\/div>\n\t\t\t\t\t<\/div>\n\t\t\t\t<\/div>\n\t\t\t\t<\/div>\n\t\t","protected":false},"excerpt":{"rendered":"<p>Co mo\u017cemy zrobi\u0107 dla Twojej firmy? Nasza wsp\u00f3\u0142praca mo\u017ce mie\u0107 bardzo r\u00f3\u017cny charakter, ale zawsze skoncentrowana b\u0119dzie wok\u00f3\u0142 zabawy.Cokolwiek robimy staramy si\u0119, \u017ceby nasi klienci mieli poczucie satysfakcji z otrzymanej us\u0142ugi. Wyr\u00f3\u017cnia nas: Wysoka jako\u015b\u0107 dostarczanych us\u0142ug. Oryginalne i kreatywne scenariusze wydarze\u0144. Bezpiecze\u0144stwo uczestnik\u00f3w i realizowanych zlece\u0144. Otwarto\u015b\u0107 na potrzeby i oczekiwania klient\u00f3w. Wsp\u00f3lnie okre\u015blamy&#8230;<\/p>\n","protected":false},"author":11,"featured_media":0,"parent":47,"menu_order":0,"comment_status":"closed","ping_status":"closed","template":"","meta":{"_acf_changed":false,"_kad_blocks_custom_css":"","_kad_blocks_head_custom_js":"","_kad_blocks_body_custom_js":"","_kad_blocks_footer_custom_js":"","_kad_post_transparent":"","_kad_post_title":"hide","_kad_post_layout":"fullwidth","_kad_post_sidebar_id":"","_kad_post_content_style":"unboxed","_kad_post_vertical_padding":"hide","_kad_post_feature":"hide","_kad_post_feature_position":"","_kad_post_header":false,"_kad_post_footer":false,"_kad_post_classname":"","footnotes":""},"class_list":["post-48","page","type-page","status-publish","hentry"],"acf":[],"taxonomy_info":[],"featured_image_src_large":false,"author_info":{"display_name":"michal2","author_link":"https:\/\/loopys.pl\/gdansk\/author\/michal2\/"},"comment_info":0,"_links":{"self":[{"href":"https:\/\/loopys.pl\/gdansk\/wp-json\/wp\/v2\/pages\/48","targetHints":{"allow":["GET"]}}],"collection":[{"href":"https:\/\/loopys.pl\/gdansk\/wp-json\/wp\/v2\/pages"}],"about":[{"href":"https:\/\/loopys.pl\/gdansk\/wp-json\/wp\/v2\/types\/page"}],"author":[{"embeddable":true,"href":"https:\/\/loopys.pl\/gdansk\/wp-json\/wp\/v2\/users\/11"}],"replies":[{"embeddable":true,"href":"https:\/\/loopys.pl\/gdansk\/wp-json\/wp\/v2\/comments?post=48"}],"version-history":[{"count":0,"href":"https:\/\/loopys.pl\/gdansk\/wp-json\/wp\/v2\/pages\/48\/revisions"}],"up":[{"embeddable":true,"href":"https:\/\/loopys.pl\/gdansk\/wp-json\/wp\/v2\/pages\/47"}],"wp:attachment":[{"href":"https:\/\/loopys.pl\/gdansk\/wp-json\/wp\/v2\/media?parent=48"}],"curies":[{"name":"wp","href":"https:\/\/api.w.org\/{rel}","templated":true}]}}