{"id":51,"date":"2023-06-15T13:46:26","date_gmt":"2023-06-15T11:46:26","guid":{"rendered":"https:\/\/loopys.pl\/gdansk\/oferta\/abonamenty\/karta-juniora\/"},"modified":"2025-12-16T13:49:33","modified_gmt":"2025-12-16T12:49:33","slug":"karta-juniora","status":"publish","type":"page","link":"https:\/\/loopys.pl\/gdansk\/oferta\/abonamenty-gdansk\/karta-juniora\/","title":{"rendered":"Karta Juniora"},"content":{"rendered":"\t\t<div data-elementor-type=\"wp-page\" data-elementor-id=\"51\" class=\"elementor elementor-51\" data-elementor-post-type=\"page\">\n\t\t\t\t<div class=\"elementor-element elementor-element-b828612 e-flex e-con-boxed e-con e-parent\" data-id=\"b828612\" data-element_type=\"container\" data-e-type=\"container\">\n\t\t\t\t\t<div class=\"e-con-inner\">\n\t\t<div class=\"elementor-element elementor-element-b244987 e-con-full e-flex e-con e-child\" data-id=\"b244987\" data-element_type=\"container\" data-e-type=\"container\">\n\t\t\t\t<div class=\"elementor-element elementor-element-80009ef elementor-widget elementor-widget-heading\" data-id=\"80009ef\" data-element_type=\"widget\" data-e-type=\"widget\" data-widget_type=\"heading.default\">\n\t\t\t\t<div class=\"elementor-widget-container\">\n\t\t\t\t\t<h2 class=\"elementor-heading-title elementor-size-default\">Odbierz Kart\u0119 Juniora Loopy\u2019s World dla swojego dziecka!<\/h2>\t\t\t\t<\/div>\n\t\t\t\t<\/div>\n\t\t\t\t<div class=\"elementor-element elementor-element-f159260 elementor-widget elementor-widget-text-editor\" data-id=\"f159260\" data-element_type=\"widget\" data-e-type=\"widget\" data-widget_type=\"text-editor.default\">\n\t\t\t\t<div class=\"elementor-widget-container\">\n\t\t\t\t\t\t\t\t\t<p>Karta Juniora powsta\u0142a z my\u015bl\u0105 o dzieciach w wieku 4-14, ich rodzicach i opiekunach.<\/p><p>Karta wa\u017cna jest do 14 urodzin dziecka.<\/p><p>Wyrabiaj\u0105c dziecku kart\u0119 otrzymacie mo\u017cliwo\u015b\u0107 zakupu abonamentu.<\/p><p><strong>Abonament uprawnia Was do:<\/strong><\/p><ul class=\"kids-list\"><li>Nieograniczonej ilo\u015bci wizyt w tym czasie.<\/li><li>Wizyt nielimitowanych czasem.<\/li><li>Darmowego przejazdu gokartem lub elektryczn\u0105 kolejk\u0105 podczas ka\u017cdej wizyty.<\/li><\/ul>\t\t\t\t\t\t\t\t<\/div>\n\t\t\t\t<\/div>\n\t\t\t\t<div class=\"elementor-element elementor-element-30210f4 elementor-align-justify elementor-widget elementor-widget-button\" data-id=\"30210f4\" data-element_type=\"widget\" data-e-type=\"widget\" data-widget_type=\"button.default\">\n\t\t\t\t<div class=\"elementor-widget-container\">\n\t\t\t\t\t\t\t\t\t<div class=\"elementor-button-wrapper\">\n\t\t\t\t\t<a class=\"elementor-button elementor-button-link elementor-size-sm\" href=\"https:\/\/loopys.pl\/gdansk\/wejsciowka-do-loopys-world\/\">\n\t\t\t\t\t\t<span class=\"elementor-button-content-wrapper\">\n\t\t\t\t\t\t\t\t\t<span class=\"elementor-button-text\">Kup online<\/span>\n\t\t\t\t\t<\/span>\n\t\t\t\t\t<\/a>\n\t\t\t\t<\/div>\n\t\t\t\t\t\t\t\t<\/div>\n\t\t\t\t<\/div>\n\t\t\t\t<\/div>\n\t\t<div class=\"elementor-element elementor-element-3cae306 e-con-full e-flex e-con e-child\" data-id=\"3cae306\" data-element_type=\"container\" data-e-type=\"container\">\n\t\t\t\t<div class=\"elementor-element elementor-element-b724d12 elementor-widget elementor-widget-image\" data-id=\"b724d12\" data-element_type=\"widget\" data-e-type=\"widget\" data-widget_type=\"image.default\">\n\t\t\t\t<div class=\"elementor-widget-container\">\n\t\t\t\t\t\t\t\t\t\t\t\t\t\t\t<img fetchpriority=\"high\" decoding=\"async\" width=\"1003\" height=\"655\" src=\"https:\/\/loopys.pl\/gdansk\/wp-content\/uploads\/2024\/02\/karta1.jpg\" class=\"attachment-large size-large wp-image-14412\" alt=\"loopys world gda\u0144sk cennik karta juniora\" srcset=\"https:\/\/loopys.pl\/gdansk\/wp-content\/uploads\/2024\/02\/karta1.jpg 1003w, https:\/\/loopys.pl\/gdansk\/wp-content\/uploads\/2024\/02\/karta1-300x196.jpg 300w, https:\/\/loopys.pl\/gdansk\/wp-content\/uploads\/2024\/02\/karta1-768x502.jpg 768w, https:\/\/loopys.pl\/gdansk\/wp-content\/uploads\/2024\/02\/karta1-18x12.jpg 18w\" sizes=\"(max-width: 1003px) 100vw, 1003px\" \/>\t\t\t\t\t\t\t\t\t\t\t\t\t\t\t<\/div>\n\t\t\t\t<\/div>\n\t\t\t\t<\/div>\n\t\t\t\t\t<\/div>\n\t\t\t\t<\/div>\n\t\t\t\t<\/div>\n\t\t","protected":false},"excerpt":{"rendered":"<p>Odbierz Kart\u0119 Juniora Loopy\u2019s World dla swojego dziecka! Karta Juniora powsta\u0142a z my\u015bl\u0105 o dzieciach w wieku 4-14, ich rodzicach i opiekunach. Karta wa\u017cna jest do 14 urodzin dziecka. Wyrabiaj\u0105c dziecku kart\u0119 otrzymacie mo\u017cliwo\u015b\u0107 zakupu abonamentu. Abonament uprawnia Was do: Nieograniczonej ilo\u015bci wizyt w tym czasie. Wizyt nielimitowanych czasem. Darmowego przejazdu gokartem lub elektryczn\u0105 kolejk\u0105&#8230;<\/p>\n","protected":false},"author":11,"featured_media":0,"parent":50,"menu_order":0,"comment_status":"closed","ping_status":"closed","template":"","meta":{"_acf_changed":false,"_kad_blocks_custom_css":"","_kad_blocks_head_custom_js":"","_kad_blocks_body_custom_js":"","_kad_blocks_footer_custom_js":"","_kad_post_transparent":"","_kad_post_title":"hide","_kad_post_layout":"fullwidth","_kad_post_sidebar_id":"","_kad_post_content_style":"unboxed","_kad_post_vertical_padding":"hide","_kad_post_feature":"hide","_kad_post_feature_position":"","_kad_post_header":false,"_kad_post_footer":false,"_kad_post_classname":"","footnotes":""},"class_list":["post-51","page","type-page","status-publish","hentry"],"acf":[],"taxonomy_info":[],"featured_image_src_large":false,"author_info":{"display_name":"michal2","author_link":"https:\/\/loopys.pl\/gdansk\/author\/michal2\/"},"comment_info":0,"_links":{"self":[{"href":"https:\/\/loopys.pl\/gdansk\/wp-json\/wp\/v2\/pages\/51","targetHints":{"allow":["GET"]}}],"collection":[{"href":"https:\/\/loopys.pl\/gdansk\/wp-json\/wp\/v2\/pages"}],"about":[{"href":"https:\/\/loopys.pl\/gdansk\/wp-json\/wp\/v2\/types\/page"}],"author":[{"embeddable":true,"href":"https:\/\/loopys.pl\/gdansk\/wp-json\/wp\/v2\/users\/11"}],"replies":[{"embeddable":true,"href":"https:\/\/loopys.pl\/gdansk\/wp-json\/wp\/v2\/comments?post=51"}],"version-history":[{"count":0,"href":"https:\/\/loopys.pl\/gdansk\/wp-json\/wp\/v2\/pages\/51\/revisions"}],"up":[{"embeddable":true,"href":"https:\/\/loopys.pl\/gdansk\/wp-json\/wp\/v2\/pages\/50"}],"wp:attachment":[{"href":"https:\/\/loopys.pl\/gdansk\/wp-json\/wp\/v2\/media?parent=51"}],"curies":[{"name":"wp","href":"https:\/\/api.w.org\/{rel}","templated":true}]}}