{"id":53,"date":"2023-06-15T13:46:26","date_gmt":"2023-06-15T11:46:26","guid":{"rendered":"https:\/\/loopys.pl\/gdansk\/cennik\/"},"modified":"2026-03-04T15:11:43","modified_gmt":"2026-03-04T14:11:43","slug":"cennik-atrakcje-dla-dzieci","status":"publish","type":"page","link":"https:\/\/loopys.pl\/gdansk\/cennik-atrakcje-dla-dzieci\/","title":{"rendered":"Cennik"},"content":{"rendered":"\t\t<div data-elementor-type=\"wp-page\" data-elementor-id=\"53\" class=\"elementor elementor-53\" data-elementor-post-type=\"page\">\n\t\t\t\t<div class=\"elementor-element elementor-element-c6d650a e-flex e-con-boxed e-con e-parent\" data-id=\"c6d650a\" data-element_type=\"container\" data-e-type=\"container\">\n\t\t\t\t\t<div class=\"e-con-inner\">\n\t\t\t\t<div class=\"elementor-element elementor-element-2c63608 animated-slow elementor-invisible elementor-widget elementor-widget-heading\" data-id=\"2c63608\" data-element_type=\"widget\" data-e-type=\"widget\" data-settings=\"{&quot;_animation&quot;:&quot;fadeInUp&quot;}\" data-widget_type=\"heading.default\">\n\t\t\t\t<div class=\"elementor-widget-container\">\n\t\t\t\t\t<h2 class=\"elementor-heading-title elementor-size-default\">WEJ\u015aCIE W TYGODNIU<\/h2>\t\t\t\t<\/div>\n\t\t\t\t<\/div>\n\t\t\t\t<div class=\"elementor-element elementor-element-d55c495 elementor-widget elementor-widget-image\" data-id=\"d55c495\" data-element_type=\"widget\" data-e-type=\"widget\" data-widget_type=\"image.default\">\n\t\t\t\t<div class=\"elementor-widget-container\">\n\t\t\t\t\t\t\t\t\t\t\t\t\t\t\t<img fetchpriority=\"high\" decoding=\"async\" width=\"1920\" height=\"1080\" src=\"https:\/\/loopys.pl\/gdansk\/wp-content\/uploads\/2026\/03\/cennik-wiosna-w-tygodniu.png\" class=\"attachment-full size-full wp-image-16736\" alt=\"\" srcset=\"https:\/\/loopys.pl\/gdansk\/wp-content\/uploads\/2026\/03\/cennik-wiosna-w-tygodniu.png 1920w, https:\/\/loopys.pl\/gdansk\/wp-content\/uploads\/2026\/03\/cennik-wiosna-w-tygodniu-300x169.png 300w, https:\/\/loopys.pl\/gdansk\/wp-content\/uploads\/2026\/03\/cennik-wiosna-w-tygodniu-1024x576.png 1024w, https:\/\/loopys.pl\/gdansk\/wp-content\/uploads\/2026\/03\/cennik-wiosna-w-tygodniu-768x432.png 768w, https:\/\/loopys.pl\/gdansk\/wp-content\/uploads\/2026\/03\/cennik-wiosna-w-tygodniu-1536x864.png 1536w, https:\/\/loopys.pl\/gdansk\/wp-content\/uploads\/2026\/03\/cennik-wiosna-w-tygodniu-18x10.png 18w\" sizes=\"(max-width: 1920px) 100vw, 1920px\" \/>\t\t\t\t\t\t\t\t\t\t\t\t\t\t\t<\/div>\n\t\t\t\t<\/div>\n\t\t\t\t<div class=\"elementor-element elementor-element-36f54b3 animated-slow elementor-invisible elementor-widget elementor-widget-heading\" data-id=\"36f54b3\" data-element_type=\"widget\" data-e-type=\"widget\" data-settings=\"{&quot;_animation&quot;:&quot;fadeInUp&quot;}\" data-widget_type=\"heading.default\">\n\t\t\t\t<div class=\"elementor-widget-container\">\n\t\t\t\t\t<h2 class=\"elementor-heading-title elementor-size-default\"><br>WEJ\u015aCIE W DNI WOLNE OD SZKO\u0141Y<br><\/h2>\t\t\t\t<\/div>\n\t\t\t\t<\/div>\n\t\t\t\t<div class=\"elementor-element elementor-element-88d2b7a elementor-widget elementor-widget-image\" data-id=\"88d2b7a\" data-element_type=\"widget\" data-e-type=\"widget\" data-widget_type=\"image.default\">\n\t\t\t\t<div class=\"elementor-widget-container\">\n\t\t\t\t\t\t\t\t\t\t\t\t\t\t\t<img decoding=\"async\" width=\"1920\" height=\"1080\" src=\"https:\/\/loopys.pl\/gdansk\/wp-content\/uploads\/2026\/03\/cennik-wiosna-weekend.png\" class=\"attachment-full size-full wp-image-16737\" alt=\"\" srcset=\"https:\/\/loopys.pl\/gdansk\/wp-content\/uploads\/2026\/03\/cennik-wiosna-weekend.png 1920w, https:\/\/loopys.pl\/gdansk\/wp-content\/uploads\/2026\/03\/cennik-wiosna-weekend-300x169.png 300w, https:\/\/loopys.pl\/gdansk\/wp-content\/uploads\/2026\/03\/cennik-wiosna-weekend-1024x576.png 1024w, https:\/\/loopys.pl\/gdansk\/wp-content\/uploads\/2026\/03\/cennik-wiosna-weekend-768x432.png 768w, https:\/\/loopys.pl\/gdansk\/wp-content\/uploads\/2026\/03\/cennik-wiosna-weekend-1536x864.png 1536w, https:\/\/loopys.pl\/gdansk\/wp-content\/uploads\/2026\/03\/cennik-wiosna-weekend-18x10.png 18w\" sizes=\"(max-width: 1920px) 100vw, 1920px\" \/>\t\t\t\t\t\t\t\t\t\t\t\t\t\t\t<\/div>\n\t\t\t\t<\/div>\n\t\t\t\t\t<\/div>\n\t\t\t\t<\/div>\n\t\t<div class=\"elementor-element elementor-element-e059ce9 e-flex e-con-boxed e-con e-parent\" data-id=\"e059ce9\" data-element_type=\"container\" data-e-type=\"container\">\n\t\t\t\t\t<div class=\"e-con-inner\">\n\t\t\t\t<div class=\"elementor-element elementor-element-7b6f5b9 animated-slow elementor-invisible elementor-widget elementor-widget-heading\" data-id=\"7b6f5b9\" data-element_type=\"widget\" data-e-type=\"widget\" data-settings=\"{&quot;_animation&quot;:&quot;fadeInUp&quot;}\" data-widget_type=\"heading.default\">\n\t\t\t\t<div class=\"elementor-widget-container\">\n\t\t\t\t\t<h2 class=\"elementor-heading-title elementor-size-default\">KARTY ABONAMENTOWE<br><\/h2>\t\t\t\t<\/div>\n\t\t\t\t<\/div>\n\t\t\t\t<div class=\"elementor-element elementor-element-a27b5a7 elementor-widget elementor-widget-image\" data-id=\"a27b5a7\" data-element_type=\"widget\" data-e-type=\"widget\" data-widget_type=\"image.default\">\n\t\t\t\t<div class=\"elementor-widget-container\">\n\t\t\t\t\t\t\t\t\t\t\t\t\t\t\t<img decoding=\"async\" width=\"1920\" height=\"1080\" src=\"https:\/\/loopys.pl\/gdansk\/wp-content\/uploads\/2026\/03\/karta-malucha1.png\" class=\"attachment-full size-full wp-image-16740\" alt=\"\" srcset=\"https:\/\/loopys.pl\/gdansk\/wp-content\/uploads\/2026\/03\/karta-malucha1.png 1920w, https:\/\/loopys.pl\/gdansk\/wp-content\/uploads\/2026\/03\/karta-malucha1-300x169.png 300w, https:\/\/loopys.pl\/gdansk\/wp-content\/uploads\/2026\/03\/karta-malucha1-1024x576.png 1024w, https:\/\/loopys.pl\/gdansk\/wp-content\/uploads\/2026\/03\/karta-malucha1-768x432.png 768w, https:\/\/loopys.pl\/gdansk\/wp-content\/uploads\/2026\/03\/karta-malucha1-1536x864.png 1536w, https:\/\/loopys.pl\/gdansk\/wp-content\/uploads\/2026\/03\/karta-malucha1-18x10.png 18w\" sizes=\"(max-width: 1920px) 100vw, 1920px\" \/>\t\t\t\t\t\t\t\t\t\t\t\t\t\t\t<\/div>\n\t\t\t\t<\/div>\n\t\t\t\t<div class=\"elementor-element elementor-element-7a27fe7 elementor-widget elementor-widget-image\" data-id=\"7a27fe7\" data-element_type=\"widget\" data-e-type=\"widget\" data-widget_type=\"image.default\">\n\t\t\t\t<div class=\"elementor-widget-container\">\n\t\t\t\t\t\t\t\t\t\t\t\t\t\t\t<img loading=\"lazy\" decoding=\"async\" width=\"1920\" height=\"1080\" src=\"https:\/\/loopys.pl\/gdansk\/wp-content\/uploads\/2026\/03\/karta-juniora1.png\" class=\"attachment-full size-full wp-image-16738\" alt=\"\" srcset=\"https:\/\/loopys.pl\/gdansk\/wp-content\/uploads\/2026\/03\/karta-juniora1.png 1920w, https:\/\/loopys.pl\/gdansk\/wp-content\/uploads\/2026\/03\/karta-juniora1-300x169.png 300w, https:\/\/loopys.pl\/gdansk\/wp-content\/uploads\/2026\/03\/karta-juniora1-1024x576.png 1024w, https:\/\/loopys.pl\/gdansk\/wp-content\/uploads\/2026\/03\/karta-juniora1-768x432.png 768w, https:\/\/loopys.pl\/gdansk\/wp-content\/uploads\/2026\/03\/karta-juniora1-1536x864.png 1536w, https:\/\/loopys.pl\/gdansk\/wp-content\/uploads\/2026\/03\/karta-juniora1-18x10.png 18w\" sizes=\"(max-width: 1920px) 100vw, 1920px\" \/>\t\t\t\t\t\t\t\t\t\t\t\t\t\t\t<\/div>\n\t\t\t\t<\/div>\n\t\t<div class=\"elementor-element elementor-element-0f9c597 e-flex e-con-boxed e-con e-child\" data-id=\"0f9c597\" data-element_type=\"container\" data-e-type=\"container\">\n\t\t\t\t\t<div class=\"e-con-inner\">\n\t\t\t\t<div class=\"elementor-element elementor-element-224003c elementor-widget elementor-widget-button\" data-id=\"224003c\" data-element_type=\"widget\" data-e-type=\"widget\" data-widget_type=\"button.default\">\n\t\t\t\t<div class=\"elementor-widget-container\">\n\t\t\t\t\t\t\t\t\t<div class=\"elementor-button-wrapper\">\n\t\t\t\t\t<a class=\"elementor-button elementor-button-link elementor-size-sm\" href=\"https:\/\/loopys.pl\/gdansk\/oferta\/urodziny\/cennik-imprezy-urodzinowej\/\">\n\t\t\t\t\t\t<span class=\"elementor-button-content-wrapper\">\n\t\t\t\t\t\t\t\t\t<span class=\"elementor-button-text\">CENNIK URODZINY<\/span>\n\t\t\t\t\t<\/span>\n\t\t\t\t\t<\/a>\n\t\t\t\t<\/div>\n\t\t\t\t\t\t\t\t<\/div>\n\t\t\t\t<\/div>\n\t\t\t\t<div class=\"elementor-element elementor-element-d948023 elementor-widget elementor-widget-button\" data-id=\"d948023\" data-element_type=\"widget\" data-e-type=\"widget\" data-widget_type=\"button.default\">\n\t\t\t\t<div class=\"elementor-widget-container\">\n\t\t\t\t\t\t\t\t\t<div class=\"elementor-button-wrapper\">\n\t\t\t\t\t<a class=\"elementor-button elementor-button-link elementor-size-sm\" href=\"https:\/\/loopys.pl\/gdansk\/oferta\/grupy-zorganizowane\/oferta-dla-grup\/\">\n\t\t\t\t\t\t<span class=\"elementor-button-content-wrapper\">\n\t\t\t\t\t\t\t\t\t<span class=\"elementor-button-text\">CENNIK GRUPY SZKOLNE <\/span>\n\t\t\t\t\t<\/span>\n\t\t\t\t\t<\/a>\n\t\t\t\t<\/div>\n\t\t\t\t\t\t\t\t<\/div>\n\t\t\t\t<\/div>\n\t\t\t\t\t<\/div>\n\t\t\t\t<\/div>\n\t\t\t\t\t<\/div>\n\t\t\t\t<\/div>\n\t\t<div class=\"elementor-element elementor-element-910e4a7 e-flex e-con-boxed e-con e-parent\" data-id=\"910e4a7\" data-element_type=\"container\" data-e-type=\"container\" data-settings=\"{&quot;background_background&quot;:&quot;classic&quot;}\">\n\t\t\t\t\t<div class=\"e-con-inner\">\n\t\t\t\t<div class=\"elementor-element elementor-element-69aad3e efektcien animated-slow elementor-invisible elementor-widget elementor-widget-heading\" data-id=\"69aad3e\" data-element_type=\"widget\" data-e-type=\"widget\" data-settings=\"{&quot;_animation&quot;:&quot;fadeInUp&quot;}\" data-widget_type=\"heading.default\">\n\t\t\t\t<div class=\"elementor-widget-container\">\n\t\t\t\t\t<h2 class=\"elementor-heading-title elementor-size-default\">Zaplanuj wizyt\u0119 w Loopy\u2019s World:<\/h2>\t\t\t\t<\/div>\n\t\t\t\t<\/div>\n\t\t\t\t\t<\/div>\n\t\t\t\t<\/div>\n\t\t<div class=\"elementor-element elementor-element-a12c748 e-flex e-con-boxed e-con e-parent\" data-id=\"a12c748\" data-element_type=\"container\" data-e-type=\"container\">\n\t\t\t\t\t<div class=\"e-con-inner\">\n\t\t\t\t<div class=\"elementor-element elementor-element-e0adade elementor-widget elementor-widget-text-editor\" data-id=\"e0adade\" data-element_type=\"widget\" data-e-type=\"widget\" data-widget_type=\"text-editor.default\">\n\t\t\t\t<div class=\"elementor-widget-container\">\n\t\t\t\t\t\t\t\t\t<p>Przed wizyt\u0105 w Rodzinnym Centrum Rozrywki Loopy\u2019s World prosimy o zapoznanie si\u0119 z Regulaminem Centrum.<\/p>\n<p><strong>Bilet wst\u0119pu upowa\u017cnia do korzystania z atrakcji placu:<\/strong><\/p>\n<ul class=\"kids-list\">\n<li>3000 m2 powierzchni<\/li>\n<li>konstrukcja ruchowa z labiryntami, przej\u015bciami i torem przeszk\u00f3d<br \/>7 zje\u017cd\u017calni<\/li>\n<li>unikalna stroma \u201ezje\u017cd\u017calnia z adrenalin\u0105\u201d<\/li>\n<li>zje\u017cd\u017calnia spiralna<\/li>\n<li>zje\u017cd\u017calnia rodzinna (4 r\u00f3wnoleg\u0142e tory)<\/li>\n<li>5 trampolin<\/li>\n<li>kolorowe boiska<\/li>\n<li>tor saneczkowy<\/li>\n<li>tunele i tajemnicze przej\u015bcia<\/li>\n<li>mini \u015bcianka wspinaczkowa<\/li>\n<li>armatki i wulkany na spr\u0119\u017cone powietrze<\/li>\n<li>Ninja Park \u2013 sprawd\u017a, czy masz refleks jak wojownik! <strong>NOWO\u015a\u0106!<\/strong><\/li>\n<li>Spider Tower \u2013 wspinaczka w paj\u0119czym stylu! <strong>NOWO\u015a\u0106!<\/strong><\/li>\n<li>Climbing Tower \u2013 wyzwanie dla ma\u0142ych i du\u017cych zdobywc\u00f3w! <strong>NOWO\u015a\u0106!<\/strong><\/li>\n<li>dwie strefy malucha \u2013 dla dzieci od 1 do 3 lat<\/li>\n<li>bezprzewodowy internet<\/li>\n<li>i wiele innych<\/li>\n<\/ul>\n<p>Na terenie Centrum dost\u0119pne s\u0105 r\u00f3wnie\u017c atrakcje dodatkowo p\u0142atne:<\/p>\n<ul class=\"kids-list\">\n<li>automaty uruchamiane za pomoc\u0105 \u017ceton\u00f3w<\/li>\n<li>gokarty<\/li>\n<li>kolejka<\/li>\n<\/ul>\n<p><strong>Opiekunowie wchodz\u0105 gratis!<\/strong><\/p>\n<p>Dotyczy os\u00f3b wchodz\u0105cych do Rodzinnego Centrum Rozrywki wraz z dzie\u0107mi w wieku 1-14 lat.<br \/>Dzieci poni\u017cej roku oraz powy\u017cej 14 lat bawi\u0105 si\u0119 gratis (je\u015bli wchodz\u0105 wraz z dzieckiem w wieku 1-14 lat oraz opiekunem). W przypadku dzieci powy\u017cej 14 lat nale\u017cy okaza\u0107 legitymacj\u0119 szkoln\u0105.<\/p>\n<p><a href=\"https:\/\/loopys.pl\/gdansk\/\">Rodzinne Centrum Rozrywki Loopy\u2019s World<\/a> jest otwarte codziennie, z wyj\u0105tkiem:<\/p>\n<ul class=\"kids-list\">\n<li>Niedzieli Wielkanocnej \u2013 pierwszy dzie\u0144 \u015awi\u0105t Wielkanocnych<\/li>\n<li>Dnia Wszystkich \u015awi\u0119tych<\/li>\n<li>Wigilii Bo\u017cego Narodzenia<\/li>\n<li>Pierwszego dnia \u015awi\u0105t Bo\u017cego Narodzenia<\/li>\n<\/ul>\t\t\t\t\t\t\t\t<\/div>\n\t\t\t\t<\/div>\n\t\t\t\t\t<\/div>\n\t\t\t\t<\/div>\n\t\t<div class=\"elementor-element elementor-element-98cd999 e-flex e-con-boxed e-con e-parent\" data-id=\"98cd999\" data-element_type=\"container\" data-e-type=\"container\">\n\t\t\t\t\t<div class=\"e-con-inner\">\n\t\t\t\t<div class=\"elementor-element elementor-element-578e20d elementor-widget elementor-widget-heading\" data-id=\"578e20d\" data-element_type=\"widget\" data-e-type=\"widget\" data-widget_type=\"heading.default\">\n\t\t\t\t<div class=\"elementor-widget-container\">\n\t\t\t\t\t<h3 class=\"elementor-heading-title elementor-size-default\">Wej\u015bci\u00f3wka honorowana w Loopy\u2019s World:<\/h3>\t\t\t\t<\/div>\n\t\t\t\t<\/div>\n\t\t\t\t<div class=\"elementor-element elementor-element-f0178c7 elementor-widget elementor-widget-image\" data-id=\"f0178c7\" data-element_type=\"widget\" data-e-type=\"widget\" data-widget_type=\"image.default\">\n\t\t\t\t<div class=\"elementor-widget-container\">\n\t\t\t\t\t\t\t\t\t\t\t\t\t\t\t\t<a href=\"https:\/\/loopys.pl\/gdansk\/wejsciowka-do-loopys-world\/\">\n\t\t\t\t\t\t\t<img loading=\"lazy\" decoding=\"async\" width=\"768\" height=\"514\" src=\"https:\/\/loopys.pl\/gdansk\/wp-content\/uploads\/2023\/09\/bon-upominkowy-768x514.png\" class=\"attachment-medium_large size-medium_large wp-image-14293\" alt=\"cennik atrakcji dla dzieci\" srcset=\"https:\/\/loopys.pl\/gdansk\/wp-content\/uploads\/2023\/09\/bon-upominkowy-768x514.png 768w, https:\/\/loopys.pl\/gdansk\/wp-content\/uploads\/2023\/09\/bon-upominkowy-300x201.png 300w, https:\/\/loopys.pl\/gdansk\/wp-content\/uploads\/2023\/09\/bon-upominkowy-1024x686.png 1024w, https:\/\/loopys.pl\/gdansk\/wp-content\/uploads\/2023\/09\/bon-upominkowy.png 1075w\" sizes=\"(max-width: 768px) 100vw, 768px\" \/>\t\t\t\t\t\t\t\t<\/a>\n\t\t\t\t\t\t\t\t\t\t\t\t\t\t\t<\/div>\n\t\t\t\t<\/div>\n\t\t\t\t\t<\/div>\n\t\t\t\t<\/div>\n\t\t\t\t<\/div>\n\t\t","protected":false},"excerpt":{"rendered":"<p>WEJ\u015aCIE W TYGODNIU WEJ\u015aCIE W DNI WOLNE OD SZKO\u0141Y KARTY ABONAMENTOWE CENNIK URODZINY CENNIK GRUPY SZKOLNE Zaplanuj wizyt\u0119 w Loopy\u2019s World: Przed wizyt\u0105 w Rodzinnym Centrum Rozrywki Loopy\u2019s World prosimy o zapoznanie si\u0119 z Regulaminem Centrum. Bilet wst\u0119pu upowa\u017cnia do korzystania z atrakcji placu: 3000 m2 powierzchni konstrukcja ruchowa z labiryntami, przej\u015bciami i torem przeszk\u00f3d7&#8230;<\/p>\n","protected":false},"author":11,"featured_media":0,"parent":0,"menu_order":0,"comment_status":"closed","ping_status":"closed","template":"","meta":{"_acf_changed":false,"_kad_blocks_custom_css":"","_kad_blocks_head_custom_js":"","_kad_blocks_body_custom_js":"","_kad_blocks_footer_custom_js":"","_kad_post_transparent":"","_kad_post_title":"hide","_kad_post_layout":"fullwidth","_kad_post_sidebar_id":"","_kad_post_content_style":"unboxed","_kad_post_vertical_padding":"hide","_kad_post_feature":"hide","_kad_post_feature_position":"","_kad_post_header":false,"_kad_post_footer":false,"_kad_post_classname":"","footnotes":""},"class_list":["post-53","page","type-page","status-publish","hentry"],"acf":[],"taxonomy_info":[],"featured_image_src_large":false,"author_info":{"display_name":"michal2","author_link":"https:\/\/loopys.pl\/gdansk\/author\/michal2\/"},"comment_info":0,"_links":{"self":[{"href":"https:\/\/loopys.pl\/gdansk\/wp-json\/wp\/v2\/pages\/53","targetHints":{"allow":["GET"]}}],"collection":[{"href":"https:\/\/loopys.pl\/gdansk\/wp-json\/wp\/v2\/pages"}],"about":[{"href":"https:\/\/loopys.pl\/gdansk\/wp-json\/wp\/v2\/types\/page"}],"author":[{"embeddable":true,"href":"https:\/\/loopys.pl\/gdansk\/wp-json\/wp\/v2\/users\/11"}],"replies":[{"embeddable":true,"href":"https:\/\/loopys.pl\/gdansk\/wp-json\/wp\/v2\/comments?post=53"}],"version-history":[{"count":0,"href":"https:\/\/loopys.pl\/gdansk\/wp-json\/wp\/v2\/pages\/53\/revisions"}],"wp:attachment":[{"href":"https:\/\/loopys.pl\/gdansk\/wp-json\/wp\/v2\/media?parent=53"}],"curies":[{"name":"wp","href":"https:\/\/api.w.org\/{rel}","templated":true}]}}