{"id":13424,"date":"2023-07-10T14:00:57","date_gmt":"2023-07-10T12:00:57","guid":{"rendered":"https:\/\/loopys.pl\/wroclaw\/?page_id=13424"},"modified":"2024-06-11T12:27:54","modified_gmt":"2024-06-11T10:27:54","slug":"reklama","status":"publish","type":"page","link":"https:\/\/loopys.pl\/wroclaw\/oferta-imprezy-dzieciece\/imprezy-firmowe-wroclaw\/reklama\/","title":{"rendered":"Reklama"},"content":{"rendered":"\t\t<div data-elementor-type=\"wp-page\" data-elementor-id=\"13424\" class=\"elementor elementor-13424\" data-elementor-post-type=\"page\">\n\t\t\t\t<div class=\"elementor-element elementor-element-00d1a3c e-flex e-con-boxed e-con e-parent\" data-id=\"00d1a3c\" data-element_type=\"container\" data-e-type=\"container\">\n\t\t\t\t\t<div class=\"e-con-inner\">\n\t\t\t\t<div class=\"elementor-element elementor-element-47943e5 elementor-widget elementor-widget-heading\" data-id=\"47943e5\" data-element_type=\"widget\" data-e-type=\"widget\" data-widget_type=\"heading.default\">\n\t\t\t\t<div class=\"elementor-widget-container\">\n\t\t\t\t\t<h2 class=\"elementor-heading-title elementor-size-default\">PROMOCJA PRODUKT\u00d3W I US\u0141UG NA TERENIE LOOPY'S<\/h2>\t\t\t\t<\/div>\n\t\t\t\t<\/div>\n\t\t\t\t<div class=\"elementor-element elementor-element-f1ccc96 elementor-widget elementor-widget-text-editor\" data-id=\"f1ccc96\" data-element_type=\"widget\" data-e-type=\"widget\" data-widget_type=\"text-editor.default\">\n\t\t\t\t<div class=\"elementor-widget-container\">\n\t\t\t\t\t\t\t\t\t<p>Nasze Centrum w Gda\u0144sku, ka\u017cdego roku, odwiedza 65 tysi\u0119cy dzieci i 65 tysi\u0119cy rodzic\u00f3w. To bardzo sprecyzowana grupa docelowa, do kt\u00f3rej mo\u017cemy skierowa\u0107 promocj\u0119 produkt\u00f3w i\/lub wybranych us\u0142ug, kt\u00f3rymi mogliby by\u0107 zainteresowani.<\/p><ul><li>Na bazie produktu planujemy program eventu, kt\u00f3ry poprzez zabaw\u0119 prezentuje swoje warto\u015bci, w\u0142a\u015bciwo\u015bci, korzy\u015bci.<\/li><li>Produkt lub us\u0142uga wplecione s\u0105 w scenariusz zabawy, a nie prezentowane bezpo\u015brednio.<\/li><li>Dzieci poznaj\u0105 go poprzez do\u015bwiadczenie.<\/li><li>Elementy edukacyjne dodaj\u0105 imprezie dodatkowej warto\u015bci poznawczej, kt\u00f3ra wzbudza zainteresowanie i aprobat\u0119 uczestnik\u00f3w<\/li><li>Nieodzownym elementem zabaw jest ruch. Tak dobieramy zabawy i scenariusze, \u017ceby dzieci mia\u0142y okazj\u0119 \u0107wiczy\u0107 du\u017c\u0105 i ma\u0142\u0105 motoryk\u0119.<\/li><\/ul><p>Zapewniamy, \u017ce taka niestandardowa prezentacja produktu i us\u0142ugi na d\u0142ugo pozostanie w pami\u0119ci uczestnik\u00f3w eventu i b\u0119dzie wi\u0105za\u0142a si\u0119 z mi\u0142ymi i pozytywnymi skojarzeniami. W spos\u00f3b naturalny b\u0119dzie kojarzy\u0107 si\u0119 z zabaw\u0105, mile sp\u0119dzonym czasem, rodzin\u0105. To korzy\u015bci, kt\u00f3re trudno osi\u0105gn\u0105\u0107 przy standardowej formie promocji i reklamy.<\/p><p>Posiadamy r\u00f3wnie\u017c inne formy reklamy, dzi\u0119ki kt\u00f3rym produkty Twojej firmy dotr\u0105 z \u0142atwo\u015bci\u0105 do grupy docelowej:<\/p><ul><li>sponsoring<\/li><li>mo\u017cliwo\u015b\u0107 zamieszczenia reklamy wizualnej<\/li><li>reklama na stronie www<\/li><li>telebimy<\/li><li>inne formy wsp\u00f3\u0142pracy<\/li><\/ul><p>Zapraszamy do kontaktu:\u00a0<a href=\"mailto:marketing@loopys.pl\">marketing@loopys.pl<\/a><\/p>\t\t\t\t\t\t\t\t<\/div>\n\t\t\t\t<\/div>\n\t\t\t\t\t<\/div>\n\t\t\t\t<\/div>\n\t\t\t\t<\/div>\n\t\t","protected":false},"excerpt":{"rendered":"<p>PROMOCJA PRODUKT\u00d3W I US\u0141UG NA TERENIE LOOPY&#8217;S Nasze Centrum w Gda\u0144sku, ka\u017cdego roku, odwiedza 65 tysi\u0119cy dzieci i 65 tysi\u0119cy rodzic\u00f3w. To bardzo sprecyzowana grupa docelowa, do kt\u00f3rej mo\u017cemy skierowa\u0107 promocj\u0119 produkt\u00f3w i\/lub wybranych us\u0142ug, kt\u00f3rymi mogliby by\u0107 zainteresowani. Na bazie produktu planujemy program eventu, kt\u00f3ry poprzez zabaw\u0119 prezentuje swoje warto\u015bci, w\u0142a\u015bciwo\u015bci, korzy\u015bci. Produkt lub&#8230;<\/p>\n","protected":false},"author":11,"featured_media":0,"parent":47,"menu_order":0,"comment_status":"closed","ping_status":"closed","template":"","meta":{"_acf_changed":false,"_kad_blocks_custom_css":"","_kad_blocks_head_custom_js":"","_kad_blocks_body_custom_js":"","_kad_blocks_footer_custom_js":"","_kad_post_transparent":"","_kad_post_title":"hide","_kad_post_layout":"fullwidth","_kad_post_sidebar_id":"","_kad_post_content_style":"unboxed","_kad_post_vertical_padding":"hide","_kad_post_feature":"hide","_kad_post_feature_position":"","_kad_post_header":false,"_kad_post_footer":false,"_kad_post_classname":"","footnotes":""},"class_list":["post-13424","page","type-page","status-publish","hentry"],"acf":[],"taxonomy_info":[],"featured_image_src_large":false,"author_info":{"display_name":"Michal","author_link":"https:\/\/loopys.pl\/wroclaw\/author\/michal2\/"},"comment_info":0,"_links":{"self":[{"href":"https:\/\/loopys.pl\/wroclaw\/wp-json\/wp\/v2\/pages\/13424","targetHints":{"allow":["GET"]}}],"collection":[{"href":"https:\/\/loopys.pl\/wroclaw\/wp-json\/wp\/v2\/pages"}],"about":[{"href":"https:\/\/loopys.pl\/wroclaw\/wp-json\/wp\/v2\/types\/page"}],"author":[{"embeddable":true,"href":"https:\/\/loopys.pl\/wroclaw\/wp-json\/wp\/v2\/users\/11"}],"replies":[{"embeddable":true,"href":"https:\/\/loopys.pl\/wroclaw\/wp-json\/wp\/v2\/comments?post=13424"}],"version-history":[{"count":0,"href":"https:\/\/loopys.pl\/wroclaw\/wp-json\/wp\/v2\/pages\/13424\/revisions"}],"up":[{"embeddable":true,"href":"https:\/\/loopys.pl\/wroclaw\/wp-json\/wp\/v2\/pages\/47"}],"wp:attachment":[{"href":"https:\/\/loopys.pl\/wroclaw\/wp-json\/wp\/v2\/media?parent=13424"}],"curies":[{"name":"wp","href":"https:\/\/api.w.org\/{rel}","templated":true}]}}