{"id":14558,"date":"2024-02-15T10:03:03","date_gmt":"2024-02-15T09:03:03","guid":{"rendered":"https:\/\/loopys.pl\/wroclaw\/?page_id=14558"},"modified":"2024-07-24T16:07:58","modified_gmt":"2024-07-24T14:07:58","slug":"kostiumy-dla-dzieci","status":"publish","type":"page","link":"https:\/\/loopys.pl\/wroclaw\/kostiumy-dla-dzieci\/","title":{"rendered":"Kostiumy"},"content":{"rendered":"\t\t<div data-elementor-type=\"wp-page\" data-elementor-id=\"14558\" class=\"elementor elementor-14558\" data-elementor-post-type=\"page\">\n\t\t\t\t<div class=\"elementor-element elementor-element-13622fa e-flex e-con-boxed e-con e-parent\" data-id=\"13622fa\" data-element_type=\"container\" data-e-type=\"container\">\n\t\t\t\t\t<div class=\"e-con-inner\">\n\t\t\t\t<div class=\"elementor-element elementor-element-f3165f3 elementor-widget elementor-widget-text-editor\" data-id=\"f3165f3\" data-element_type=\"widget\" data-e-type=\"widget\" data-widget_type=\"text-editor.default\">\n\t\t\t\t<div class=\"elementor-widget-container\">\n\t\t\t\t\t\t\t\t\t<h2>Wypo\u017cyczalnia stroj\u00f3w karnawa\u0142owych dla dzieci w Loopy\u2019s World<\/h2>\n<p>Nowa,&nbsp;<a href=\"https:\/\/loopys.pl\/wroclaw\/wypozyczalnia-strojow-dla-dzieci-w-loopys\/\"><strong>ca\u0142oroczna wypo\u017cyczalnia stroj\u00f3w<\/strong><\/a>&nbsp;dzieci\u0119cych w Loopy\u2019s World otwiera si\u0119 dla Was ju\u017c 18 pa\u017adziernika tego roku!<\/p>\n<p>W naszej wypo\u017cyczalni&nbsp;<strong>doba trwa 3 dni<\/strong>, d\u0142ugie godziny otwarcia Centrum (7 dni w tygodniu!) daj\u0105 mo\u017cliwo\u015b\u0107 swobodnego zwrotu stroju w odpowiadaj\u0105cym Pa\u0144stwu terminie. Na miejscu dysponujemy przymierzalni\u0105, gdzie serdecznie zapraszamy na swoistego rodzaju\u2026 przebierany pokaz mody <img decoding=\"async\" class=\"emoji\" role=\"img\" draggable=\"false\" src=\"https:\/\/s.w.org\/images\/core\/emoji\/15.0.3\/svg\/1f642.svg\" alt=\"\ud83d\ude42\"><\/p>\n<p><strong>Godziny otwarcia wypo\u017cyczalni:&nbsp;<\/strong><\/p>\n<p>poniedzia\u0142ek-czwartek 12:00-20:00<\/p>\n<p>pi\u0105tek 12:00-21:00<\/p>\n<p>sobota 10:00-21:00<\/p>\n<p>niedziela 10:00-20:00<\/p>\n<p><strong>Znajdziecie u nas stroje na r\u00f3\u017cne okazje:<\/strong><\/p>\n<p><img decoding=\"async\" class=\"emoji\" role=\"img\" draggable=\"false\" src=\"https:\/\/s.w.org\/images\/core\/emoji\/15.0.3\/svg\/1f3ad.svg\" alt=\"\ud83c\udfad\">Karnawa\u0142<\/p>\n<p><img decoding=\"async\" class=\"emoji\" role=\"img\" draggable=\"false\" src=\"https:\/\/s.w.org\/images\/core\/emoji\/15.0.3\/svg\/1f383.svg\" alt=\"\ud83c\udf83\">Halloween<\/p>\n<p><img decoding=\"async\" class=\"emoji\" role=\"img\" draggable=\"false\" src=\"https:\/\/s.w.org\/images\/core\/emoji\/15.0.3\/svg\/1f386.svg\" alt=\"\ud83c\udf86\">Sylwester<\/p>\n<p><img decoding=\"async\" class=\"emoji\" role=\"img\" draggable=\"false\" src=\"https:\/\/s.w.org\/images\/core\/emoji\/15.0.3\/svg\/1f388.svg\" alt=\"\ud83c\udf88\">Dzie\u0144 dziecka<\/p>\n<p><img decoding=\"async\" class=\"emoji\" role=\"img\" draggable=\"false\" src=\"https:\/\/s.w.org\/images\/core\/emoji\/15.0.3\/svg\/1f389.svg\" alt=\"\ud83c\udf89\">inne \u015bwi\u0119ta.&nbsp;<\/p><p><br><\/p>\n<p><\/p>\t\t\t\t\t\t\t\t<\/div>\n\t\t\t\t<\/div>\n\t\t\t\t\t<\/div>\n\t\t\t\t<\/div>\n\t\t<div class=\"elementor-element elementor-element-cd6dd1a e-flex e-con-boxed e-con e-parent\" data-id=\"cd6dd1a\" data-element_type=\"container\" data-e-type=\"container\">\n\t\t\t\t\t<div class=\"e-con-inner\">\n\t\t\t\t<div class=\"elementor-element elementor-element-6d294ce elementor-widget elementor-widget-text-editor\" data-id=\"6d294ce\" data-element_type=\"widget\" data-e-type=\"widget\" data-widget_type=\"text-editor.default\">\n\t\t\t\t<div class=\"elementor-widget-container\">\n\t\t\t\t\t\t\t\t\t<p><span style=\"color: rgb(80, 87, 94); font-family: Consolas, Monaco, monospace; font-size: 13px; background-color: rgba(0, 0, 0, 0.07);\"><div class=\"_df_book df-container df-loading \" id=\"df_19043\"  data-title=\"wypozyczalnia\" _slug=\"\" wpoptions=\"true\" thumbtype=\"bg\" ><\/div><script class=\"df-shortcode-script\" type=\"application\/javascript\">window.option_df_19043 = {\"outline\":[],\"forceFit\":\"true\",\"autoEnableOutline\":\"false\",\"autoEnableThumbnail\":\"false\",\"overwritePDFOutline\":\"false\",\"direction\":\"1\",\"pageSize\":\"0\",\"source\":\"https:\\\/\\\/loopys.pl\\\/wroclaw\\\/wp-content\\\/uploads\\\/2024\\\/07\\\/prezentacja_oferta-1.pdf\",\"wpOptions\":\"true\"}; if(window.DFLIP && window.DFLIP.parseBooks){window.DFLIP.parseBooks();}<\/script><\/span><br><\/p>\t\t\t\t\t\t\t\t<\/div>\n\t\t\t\t<\/div>\n\t\t\t\t\t<\/div>\n\t\t\t\t<\/div>\n\t\t\t\t<\/div>\n\t\t","protected":false},"excerpt":{"rendered":"<p>Wypo\u017cyczalnia stroj\u00f3w karnawa\u0142owych dla dzieci w Loopy\u2019s World Nowa,&nbsp;ca\u0142oroczna wypo\u017cyczalnia stroj\u00f3w&nbsp;dzieci\u0119cych w Loopy\u2019s World otwiera si\u0119 dla Was ju\u017c 18 pa\u017adziernika tego roku! W naszej wypo\u017cyczalni&nbsp;doba trwa 3 dni, d\u0142ugie godziny otwarcia Centrum (7 dni w tygodniu!) daj\u0105 mo\u017cliwo\u015b\u0107 swobodnego zwrotu stroju w odpowiadaj\u0105cym Pa\u0144stwu terminie. Na miejscu dysponujemy przymierzalni\u0105, gdzie serdecznie zapraszamy na swoistego&#8230;<\/p>\n","protected":false},"author":11,"featured_media":0,"parent":0,"menu_order":0,"comment_status":"closed","ping_status":"closed","template":"","meta":{"_acf_changed":false,"_kad_blocks_custom_css":"","_kad_blocks_head_custom_js":"","_kad_blocks_body_custom_js":"","_kad_blocks_footer_custom_js":"","_kad_post_transparent":"","_kad_post_title":"hide","_kad_post_layout":"fullwidth","_kad_post_sidebar_id":"","_kad_post_content_style":"unboxed","_kad_post_vertical_padding":"hide","_kad_post_feature":"hide","_kad_post_feature_position":"","_kad_post_header":false,"_kad_post_footer":false,"_kad_post_classname":"","footnotes":""},"class_list":["post-14558","page","type-page","status-publish","hentry"],"acf":[],"taxonomy_info":[],"featured_image_src_large":false,"author_info":{"display_name":"Michal","author_link":"https:\/\/loopys.pl\/wroclaw\/author\/michal2\/"},"comment_info":0,"_links":{"self":[{"href":"https:\/\/loopys.pl\/wroclaw\/wp-json\/wp\/v2\/pages\/14558","targetHints":{"allow":["GET"]}}],"collection":[{"href":"https:\/\/loopys.pl\/wroclaw\/wp-json\/wp\/v2\/pages"}],"about":[{"href":"https:\/\/loopys.pl\/wroclaw\/wp-json\/wp\/v2\/types\/page"}],"author":[{"embeddable":true,"href":"https:\/\/loopys.pl\/wroclaw\/wp-json\/wp\/v2\/users\/11"}],"replies":[{"embeddable":true,"href":"https:\/\/loopys.pl\/wroclaw\/wp-json\/wp\/v2\/comments?post=14558"}],"version-history":[{"count":0,"href":"https:\/\/loopys.pl\/wroclaw\/wp-json\/wp\/v2\/pages\/14558\/revisions"}],"wp:attachment":[{"href":"https:\/\/loopys.pl\/wroclaw\/wp-json\/wp\/v2\/media?parent=14558"}],"curies":[{"name":"wp","href":"https:\/\/api.w.org\/{rel}","templated":true}]}}