{"id":18898,"date":"2024-06-15T17:06:30","date_gmt":"2024-06-15T15:06:30","guid":{"rendered":"https:\/\/loopys.pl\/wroclaw\/?page_id=18898"},"modified":"2024-06-15T17:06:31","modified_gmt":"2024-06-15T15:06:31","slug":"regulamin-grup-zorganizowanych","status":"publish","type":"page","link":"https:\/\/loopys.pl\/wroclaw\/oferta-imprezy-dzieciece\/grupy-zorganizowane\/regulamin-grup-zorganizowanych\/","title":{"rendered":"Regulamin grup zorganizowanych"},"content":{"rendered":"\t\t<div data-elementor-type=\"wp-page\" data-elementor-id=\"18898\" class=\"elementor elementor-18898\" data-elementor-post-type=\"page\">\n\t\t\t\t<div class=\"elementor-element elementor-element-4346b8c e-flex e-con-boxed e-con e-parent\" data-id=\"4346b8c\" data-element_type=\"container\" data-e-type=\"container\">\n\t\t\t\t\t<div class=\"e-con-inner\">\n\t\t\t\t<div class=\"elementor-element elementor-element-bee5d42 elementor-widget elementor-widget-text-editor\" data-id=\"bee5d42\" data-element_type=\"widget\" data-e-type=\"widget\" data-widget_type=\"text-editor.default\">\n\t\t\t\t<div class=\"elementor-widget-container\">\n\t\t\t\t\t\t\t\t\t<ol><li><span style=\"font-weight: 400;\">Z grup\u0105 przychodzimy punktualnie z zarezerwowan\u0105 godzin\u0105 wizyty.\u00a0<\/span><\/li><li style=\"font-weight: 400;\" aria-level=\"1\"><span style=\"font-weight: 400;\">Wizyta grup zorganizowanych trwa w zale\u017cno\u015bci od wybranego pakietu. Wszystkie dost\u0119pne pakiety znajduj\u0105 si\u0119 w zak\u0142adkach kolejno: OFERTA DLA GRUP, MIKO\u0141AJKI, FERIE ZIMOWE.\u00a0<\/span><\/li><li style=\"font-weight: 400;\" aria-level=\"1\"><span style=\"font-weight: 400;\">Minimalna ilo\u015b\u0107 dzieci w wej\u015bciu grupowym to 15. W przypadku mniejszej ilo\u015bci, szczeg\u00f3\u0142y do ustalenia z koordynatorem.\u00a0<\/span><\/li><li style=\"font-weight: 400;\" aria-level=\"1\"><span style=\"font-weight: 400;\">Oferta skierowana jest dla dzieci w wieku od 3 do 14 lat.\u00a0<\/span><\/li><li style=\"font-weight: 400;\" aria-level=\"1\"><span style=\"font-weight: 400;\">Obowi\u0105zuje taki sam pakiet dla ca\u0142ej grupy.\u00a0<\/span><\/li><li style=\"font-weight: 400;\" aria-level=\"1\"><span style=\"font-weight: 400;\">Po terenie Centrum dzieci wraz z opiekunami poruszaj\u0105 si\u0119 w skarpetkach.\u00a0<\/span><\/li><li style=\"font-weight: 400;\" aria-level=\"1\"><span style=\"font-weight: 400;\">Paragon wystawiany jest na rzeczywist\u0105 liczb\u0119 dzieci pod warunkiem, \u017ce Organizator podczas pierwszej godziny zabawy potwierdzi liczb\u0119 dzieci.<\/span><\/li><li style=\"font-weight: 400;\" aria-level=\"1\"><span style=\"font-weight: 400;\">P\u0142atno\u015b\u0107 nale\u017cy dokona\u0107 w Recepcji Loopy\u2019s (kart\u0105 lub got\u00f3wk\u0105, istnieje mo\u017cliwo\u015b\u0107 p\u0142atno\u015bci przelewowej 7 dni, po wcze\u015bniejszym ustaleniu z koordynatorem).<\/span><\/li><li style=\"font-weight: 400;\" aria-level=\"1\"><span style=\"font-weight: 400;\">W czasie wizyty obowi\u0105zuje REGULAMIN CENTRUM, ze szczeg\u00f3lnym uwzgl\u0119dnieniem zasady, i\u017c odpowiedzialno\u015b\u0107 za dzieci podczas zabawy ponosz\u0105 Opiekunowie.\u00a0<\/span><\/li><li style=\"font-weight: 400;\" aria-level=\"1\"><span style=\"font-weight: 400;\">Organizator wycieczki jest zobowi\u0105zany do zapewnienia Opiekun\u00f3w w ilo\u015bci niezb\u0119dnej do zapewnienia dzieciom opieki, stosownie do ilo\u015bci i wieku dzieci.\u00a0<\/span><\/li><li style=\"font-weight: 400;\" aria-level=\"1\"><span style=\"font-weight: 400;\">Podczas wizyty grupowej na teren Centrum nie mo\u017cna wnosi\u0107 w\u0142asnego jedzenia i picia, z wyj\u0105tkiem tych, kt\u00f3re zosta\u0142y zakupione w Restauracji Loopy\u2019s.\u00a0<\/span><\/li><li style=\"font-weight: 400;\" aria-level=\"1\"><span style=\"font-weight: 400;\">Plecaki i wszystkie zb\u0119dne\u00a0 rzeczy nale\u017cy zostawi\u0107 w autokarze.\u00a0<\/span><\/li><li style=\"font-weight: 400;\" aria-level=\"1\"><span style=\"font-weight: 400;\">\u00a0Loopy\u2019s zastrzega sobie prawo do zmiany pakietu, po wcze\u015bniejszym powiadomieniu Organizatora wycieczki.\u00a0<\/span><\/li><li style=\"font-weight: 400;\" aria-level=\"1\"><span style=\"font-weight: 400;\">Rezerwacji mo\u017cna dokona\u0107 poprzez wys\u0142anie wype\u0142nionego formularza, kt\u00f3ry znajduje si\u0119 w zak\u0142adce GRUPY na stronie internetowej <\/span><a href=\"http:\/\/www.loopys.pl\"><span style=\"font-weight: 400;\">www.loopys.pl<\/span><\/a><span style=\"font-weight: 400;\">. Formularz nale\u017cy wys\u0142a\u0107 na adres <\/span><a href=\"mailto:grupy.wroclaw@loopys.pl\"><span style=\"font-weight: 400;\">grupy.wroclaw@loopys.pl<\/span><\/a><span style=\"font-weight: 400;\">\u00a0<\/span><\/li><li style=\"font-weight: 400;\" aria-level=\"1\"><span style=\"font-weight: 400;\">Najp\u00f3\u017aniej 3 dni przed planowan\u0105 wizyt\u0105 nale\u017cy zg\u0142osi\u0107 drog\u0105 mailow\u0105 ilo\u015b\u0107 dzieci, kt\u00f3re b\u0119d\u0105 uczestniczy\u0142y w zabawie.\u00a0<\/span><\/li><li style=\"font-weight: 400;\" aria-level=\"1\"><span style=\"font-weight: 400;\">Rezerwacja w dniu planowanego przybycia lub dzie\u0144 wcze\u015bniej r\u00f3wna si\u0119 z dodatkow\u0105 op\u0142at\u0105. W wybranych przypadkach Loopy\u2019s mo\u017ce odm\u00f3wi\u0107 przyj\u0119cia rezerwacji.\u00a0<\/span><\/li><li style=\"font-weight: 400;\" aria-level=\"1\"><span style=\"font-weight: 400;\">Wszelkie zmiany przek\u0105sek, animacji, r\u00f3wnie\u017c rezygnacja z wizyty mog\u0105 nast\u0105pi\u0107 maksymalnie 3 dni przed planowan\u0105 wizyt\u0105.\u00a0<\/span><\/li><li style=\"font-weight: 400;\" aria-level=\"1\"><span style=\"font-weight: 400;\">Kieszonkowe, nie jest konieczne, ale za niewielkie kwoty mo\u017cna skorzysta\u0107 z atrakcji dodatkowo p\u0142atnych.\u00a0<\/span><\/li><li style=\"font-weight: 400;\" aria-level=\"1\"><span style=\"font-weight: 400;\">Opiekunowie wchodz\u0105 zawsze za darmo.\u00a0<\/span><\/li><li style=\"font-weight: 400;\" aria-level=\"1\"><span style=\"font-weight: 400;\">\u00a0Wej\u015bcie grupowe nie \u0142\u0105czy si\u0119 z wej\u015bciami z kart abonamentowych.\u00a0<\/span><\/li><li style=\"font-weight: 400;\" aria-level=\"1\"><span style=\"font-weight: 400;\">\u00a0Dzieci podczas zabawy nie mog\u0105 same uda\u0107 si\u0119 do szatni.<\/span><\/li><li style=\"font-weight: 400;\" aria-level=\"1\"><span style=\"font-weight: 400;\">W sprawach nieuregulowanych w niniejszym Regulaminie zastosowanie znajdzie Regulamin Centrum.<\/span><\/li><\/ol>\t\t\t\t\t\t\t\t<\/div>\n\t\t\t\t<\/div>\n\t\t\t\t\t<\/div>\n\t\t\t\t<\/div>\n\t\t\t\t<\/div>\n\t\t","protected":false},"excerpt":{"rendered":"<p>Z grup\u0105 przychodzimy punktualnie z zarezerwowan\u0105 godzin\u0105 wizyty.\u00a0 Wizyta grup zorganizowanych trwa w zale\u017cno\u015bci od wybranego pakietu. Wszystkie dost\u0119pne pakiety znajduj\u0105 si\u0119 w zak\u0142adkach kolejno: OFERTA DLA GRUP, MIKO\u0141AJKI, FERIE ZIMOWE.\u00a0 Minimalna ilo\u015b\u0107 dzieci w wej\u015bciu grupowym to 15. W przypadku mniejszej ilo\u015bci, szczeg\u00f3\u0142y do ustalenia z koordynatorem.\u00a0 Oferta skierowana jest dla dzieci w wieku&#8230;<\/p>\n","protected":false},"author":4,"featured_media":0,"parent":43,"menu_order":0,"comment_status":"closed","ping_status":"closed","template":"","meta":{"_acf_changed":false,"_kad_blocks_custom_css":"","_kad_blocks_head_custom_js":"","_kad_blocks_body_custom_js":"","_kad_blocks_footer_custom_js":"","_kad_post_transparent":"","_kad_post_title":"hide","_kad_post_layout":"fullwidth","_kad_post_sidebar_id":"","_kad_post_content_style":"unboxed","_kad_post_vertical_padding":"hide","_kad_post_feature":"hide","_kad_post_feature_position":"","_kad_post_header":false,"_kad_post_footer":false,"_kad_post_classname":"","footnotes":""},"class_list":["post-18898","page","type-page","status-publish","hentry"],"acf":[],"taxonomy_info":[],"featured_image_src_large":false,"author_info":{"display_name":"Maja Kocurowska","author_link":"https:\/\/loopys.pl\/wroclaw\/author\/maja\/"},"comment_info":0,"_links":{"self":[{"href":"https:\/\/loopys.pl\/wroclaw\/wp-json\/wp\/v2\/pages\/18898","targetHints":{"allow":["GET"]}}],"collection":[{"href":"https:\/\/loopys.pl\/wroclaw\/wp-json\/wp\/v2\/pages"}],"about":[{"href":"https:\/\/loopys.pl\/wroclaw\/wp-json\/wp\/v2\/types\/page"}],"author":[{"embeddable":true,"href":"https:\/\/loopys.pl\/wroclaw\/wp-json\/wp\/v2\/users\/4"}],"replies":[{"embeddable":true,"href":"https:\/\/loopys.pl\/wroclaw\/wp-json\/wp\/v2\/comments?post=18898"}],"version-history":[{"count":0,"href":"https:\/\/loopys.pl\/wroclaw\/wp-json\/wp\/v2\/pages\/18898\/revisions"}],"up":[{"embeddable":true,"href":"https:\/\/loopys.pl\/wroclaw\/wp-json\/wp\/v2\/pages\/43"}],"wp:attachment":[{"href":"https:\/\/loopys.pl\/wroclaw\/wp-json\/wp\/v2\/media?parent=18898"}],"curies":[{"name":"wp","href":"https:\/\/api.w.org\/{rel}","templated":true}]}}