{"id":30,"date":"2023-06-15T13:46:26","date_gmt":"2023-06-15T11:46:26","guid":{"rendered":"https:\/\/loopys.pl\/wroclaw\/atrakcje\/"},"modified":"2025-10-29T17:40:08","modified_gmt":"2025-10-29T16:40:08","slug":"atrakcje-dla-dzieci","status":"publish","type":"page","link":"https:\/\/loopys.pl\/wroclaw\/atrakcje-dla-dzieci\/","title":{"rendered":"Atrakcje"},"content":{"rendered":"\t\t<div data-elementor-type=\"wp-page\" data-elementor-id=\"30\" class=\"elementor elementor-30\" data-elementor-post-type=\"page\">\n\t\t\t\t<div class=\"elementor-element elementor-element-006c665 e-flex e-con-boxed e-con e-parent\" data-id=\"006c665\" data-element_type=\"container\" data-e-type=\"container\" data-settings=\"{&quot;background_background&quot;:&quot;classic&quot;}\">\n\t\t\t\t\t<div class=\"e-con-inner\">\n\t\t<div class=\"elementor-element elementor-element-8bcd405 e-con-full e-flex e-con e-child\" data-id=\"8bcd405\" data-element_type=\"container\" data-e-type=\"container\">\n\t\t\t\t<div class=\"elementor-element elementor-element-9d14415 efektcien animated-slow elementor-widget__width-auto elementor-invisible elementor-widget elementor-widget-heading\" data-id=\"9d14415\" data-element_type=\"widget\" data-e-type=\"widget\" data-settings=\"{&quot;_animation&quot;:&quot;fadeInUp&quot;}\" data-widget_type=\"heading.default\">\n\t\t\t\t<div class=\"elementor-widget-container\">\n\t\t\t\t\t<h2 class=\"elementor-heading-title elementor-size-default\">4000 m<sup>2<\/sup> \nzabawy<\/h2>\t\t\t\t<\/div>\n\t\t\t\t<\/div>\n\t\t\t\t<\/div>\n\t\t<div class=\"elementor-element elementor-element-1854359 e-con-full e-flex e-con e-child\" data-id=\"1854359\" data-element_type=\"container\" data-e-type=\"container\">\n\t\t\t\t<div class=\"elementor-element elementor-element-b92adb4 elementor-widget elementor-widget-image\" data-id=\"b92adb4\" data-element_type=\"widget\" data-e-type=\"widget\" data-settings=\"{&quot;motion_fx_translateY_effect&quot;:&quot;yes&quot;,&quot;motion_fx_devices&quot;:[&quot;desktop&quot;,&quot;tablet&quot;],&quot;motion_fx_mouseTrack_effect&quot;:&quot;yes&quot;,&quot;motion_fx_mouseTrack_direction&quot;:&quot;negative&quot;,&quot;motion_fx_mouseTrack_speed&quot;:{&quot;unit&quot;:&quot;px&quot;,&quot;size&quot;:0.4,&quot;sizes&quot;:[]},&quot;motion_fx_motion_fx_scrolling&quot;:&quot;yes&quot;,&quot;motion_fx_translateY_speed&quot;:{&quot;unit&quot;:&quot;px&quot;,&quot;size&quot;:1,&quot;sizes&quot;:[]},&quot;motion_fx_scale_effect&quot;:&quot;yes&quot;,&quot;motion_fx_scale_speed&quot;:{&quot;unit&quot;:&quot;px&quot;,&quot;size&quot;:2,&quot;sizes&quot;:[]},&quot;motion_fx_motion_fx_mouse&quot;:&quot;yes&quot;,&quot;motion_fx_translateY_affectedRange&quot;:{&quot;unit&quot;:&quot;%&quot;,&quot;size&quot;:&quot;&quot;,&quot;sizes&quot;:{&quot;start&quot;:0,&quot;end&quot;:100}},&quot;motion_fx_scale_direction&quot;:&quot;out-in&quot;,&quot;motion_fx_scale_range&quot;:{&quot;unit&quot;:&quot;%&quot;,&quot;size&quot;:&quot;&quot;,&quot;sizes&quot;:{&quot;start&quot;:20,&quot;end&quot;:80}}}\" data-widget_type=\"image.default\">\n\t\t\t\t<div class=\"elementor-widget-container\">\n\t\t\t\t\t\t\t\t\t\t\t\t\t\t\t<img fetchpriority=\"high\" decoding=\"async\" width=\"900\" height=\"834\" src=\"https:\/\/loopys.pl\/wroclaw\/wp-content\/uploads\/2023\/07\/atrakcje-dla-dzieci-loopys.png\" class=\"attachment-full size-full wp-image-12545\" alt=\"atrakcje dla dzieci Wroc\u0142aw\" srcset=\"https:\/\/loopys.pl\/wroclaw\/wp-content\/uploads\/2023\/07\/atrakcje-dla-dzieci-loopys.png 900w, https:\/\/loopys.pl\/wroclaw\/wp-content\/uploads\/2023\/07\/atrakcje-dla-dzieci-loopys-300x278.png 300w, https:\/\/loopys.pl\/wroclaw\/wp-content\/uploads\/2023\/07\/atrakcje-dla-dzieci-loopys-768x712.png 768w\" sizes=\"(max-width: 900px) 100vw, 900px\" \/>\t\t\t\t\t\t\t\t\t\t\t\t\t\t\t<\/div>\n\t\t\t\t<\/div>\n\t\t\t\t<\/div>\n\t\t\t\t\t<\/div>\n\t\t\t\t<\/div>\n\t\t<div class=\"elementor-element elementor-element-693ddc7 e-flex e-con-boxed e-con e-parent\" data-id=\"693ddc7\" data-element_type=\"container\" data-e-type=\"container\">\n\t\t\t\t\t<div class=\"e-con-inner\">\n\t\t\t\t<div class=\"elementor-element elementor-element-a981bb0 elementor-widget elementor-widget-heading\" data-id=\"a981bb0\" data-element_type=\"widget\" data-e-type=\"widget\" data-widget_type=\"heading.default\">\n\t\t\t\t<div class=\"elementor-widget-container\">\n\t\t\t\t\t<h2 class=\"elementor-heading-title elementor-size-default\">W cenie biletu wst\u0119pu mo\u017cecie korzysta\u0107\u00a0z nast\u0119puj\u0105cych atrakcji:<\/h2>\t\t\t\t<\/div>\n\t\t\t\t<\/div>\n\t\t\t\t<div class=\"elementor-element elementor-element-34f7e5c elementor-widget elementor-widget-text-editor\" data-id=\"34f7e5c\" data-element_type=\"widget\" data-e-type=\"widget\" data-widget_type=\"text-editor.default\">\n\t\t\t\t<div class=\"elementor-widget-container\">\n\t\t\t\t\t\t\t\t\t<ul class=\"kids-list\"><li>4000 m2 powierzchni, przygotowanej do swobodnej zabawy w gronie przyjaci\u00f3\u0142 i rodziny<\/li><li>donut glider <strong>NOWO\u015a\u0106!<\/strong><\/li><li>tor ninja <strong>NOWO\u015a\u0106!\u00a0<\/strong><\/li><li>\u015bcianka wspinaczkowa <strong>NOWO\u015a\u0106!<\/strong><\/li><li>magiczny basen\u00a0<strong>NOWO\u015a\u0106!<\/strong><\/li><li>kilkupoziomowa konstrukcja<\/li><li>7 zje\u017cd\u017calni o r\u00f3\u017cnym stopniu trudno\u015bci i d\u0142ugo\u015bci w tym:<ul><li>zje\u017cd\u017calnia spiralna<\/li><li>zje\u017cd\u017calnia bez tor\u00f3w \u201cCzarna Adrenalina\u201d<\/li><li>zje\u017cd\u017calnia rodzinna (4 r\u00f3wnoleg\u0142e tory)<\/li><li>zje\u017cd\u017calnia dla maluch\u00f3w<\/li><\/ul><\/li><li>4 trampoliny<\/li><li>kolorowe boisko<\/li><li>tor saneczkowy<\/li><li>tunele i tajemnicze przej\u015bcia<\/li><li>ciemny pok\u00f3j<\/li><li>tory przeszk\u00f3d i mostki<\/li><li>3-metrowa pi\u0142ka<\/li><li>suwaki<\/li><li>armatki na spr\u0119\u017cone powietrze<\/li><li>strefa Malucha \u2013 dla dzieci od 1 do 3 lat<\/li><li>budowisko \u2013 strefa z wielkimi, lekkimi klockami<\/li><li>bezprzewodowy internet<\/li><\/ul>\t\t\t\t\t\t\t\t<\/div>\n\t\t\t\t<\/div>\n\t\t\t\t<div class=\"elementor-element elementor-element-b545b67 elementor-widget elementor-widget-heading\" data-id=\"b545b67\" data-element_type=\"widget\" data-e-type=\"widget\" data-widget_type=\"heading.default\">\n\t\t\t\t<div class=\"elementor-widget-container\">\n\t\t\t\t\t<h3 class=\"elementor-heading-title elementor-size-default\">To nie wszystko! Na terenie Centrum dost\u0119pne s\u0105 r\u00f3wnie\u017c atrakcje dodatkowo p\u0142atne:<\/h3>\t\t\t\t<\/div>\n\t\t\t\t<\/div>\n\t\t\t\t\t<\/div>\n\t\t\t\t<\/div>\n\t\t<div class=\"elementor-element elementor-element-cb57a53 e-grid e-con-boxed e-con e-parent\" data-id=\"cb57a53\" data-element_type=\"container\" data-e-type=\"container\">\n\t\t\t\t\t<div class=\"e-con-inner\">\n\t\t\t\t<div class=\"elementor-element elementor-element-c7cdd68 boxtlo elementor-position-top elementor-widget elementor-widget-image-box\" data-id=\"c7cdd68\" data-element_type=\"widget\" data-e-type=\"widget\" data-widget_type=\"image-box.default\">\n\t\t\t\t<div class=\"elementor-widget-container\">\n\t\t\t\t\t<div class=\"elementor-image-box-wrapper\"><figure class=\"elementor-image-box-img\"><a href=\"https:\/\/loopys.pl\/wroclaw\/restauracja\/\" tabindex=\"-1\"><img decoding=\"async\" width=\"820\" height=\"820\" src=\"https:\/\/loopys.pl\/wroclaw\/wp-content\/uploads\/2023\/08\/restauracja.svg\" class=\"attachment-full size-full wp-image-14080\" alt=\"\" \/><\/a><\/figure><div class=\"elementor-image-box-content\"><h3 class=\"elementor-image-box-title\"><a href=\"https:\/\/loopys.pl\/wroclaw\/restauracja\/\">Restauracja Loopy\u2019s World<\/a><\/h3><\/div><\/div>\t\t\t\t<\/div>\n\t\t\t\t<\/div>\n\t\t\t\t<div class=\"elementor-element elementor-element-96802fb boxtlo elementor-position-top elementor-widget elementor-widget-image-box\" data-id=\"96802fb\" data-element_type=\"widget\" data-e-type=\"widget\" data-widget_type=\"image-box.default\">\n\t\t\t\t<div class=\"elementor-widget-container\">\n\t\t\t\t\t<div class=\"elementor-image-box-wrapper\"><figure class=\"elementor-image-box-img\"><img decoding=\"async\" width=\"820\" height=\"820\" src=\"https:\/\/loopys.pl\/wroclaw\/wp-content\/uploads\/2023\/08\/automaty.svg\" class=\"attachment-full size-full wp-image-14081\" alt=\"\" \/><\/figure><div class=\"elementor-image-box-content\"><h3 class=\"elementor-image-box-title\">Automaty uruchamiane za pomoc\u0105 \u017ceton\u00f3w\u00a0<\/h3><\/div><\/div>\t\t\t\t<\/div>\n\t\t\t\t<\/div>\n\t\t\t\t<div class=\"elementor-element elementor-element-44dbf01 boxtlo elementor-position-top elementor-widget elementor-widget-image-box\" data-id=\"44dbf01\" data-element_type=\"widget\" data-e-type=\"widget\" data-widget_type=\"image-box.default\">\n\t\t\t\t<div class=\"elementor-widget-container\">\n\t\t\t\t\t<div class=\"elementor-image-box-wrapper\"><figure class=\"elementor-image-box-img\"><img loading=\"lazy\" decoding=\"async\" width=\"820\" height=\"820\" src=\"https:\/\/loopys.pl\/wroclaw\/wp-content\/uploads\/2023\/08\/kolejka.svg\" class=\"attachment-full size-full wp-image-14083\" alt=\"\" \/><\/figure><div class=\"elementor-image-box-content\"><h3 class=\"elementor-image-box-title\">Kolorowa elektryczna kolejka<\/h3><\/div><\/div>\t\t\t\t<\/div>\n\t\t\t\t<\/div>\n\t\t\t\t<div class=\"elementor-element elementor-element-3b58e77 boxtlo elementor-position-top elementor-widget elementor-widget-image-box\" data-id=\"3b58e77\" data-element_type=\"widget\" data-e-type=\"widget\" data-widget_type=\"image-box.default\">\n\t\t\t\t<div class=\"elementor-widget-container\">\n\t\t\t\t\t<div class=\"elementor-image-box-wrapper\"><figure class=\"elementor-image-box-img\"><img loading=\"lazy\" decoding=\"async\" width=\"820\" height=\"820\" src=\"https:\/\/loopys.pl\/wroclaw\/wp-content\/uploads\/2023\/08\/gokarty.svg\" class=\"attachment-full size-full wp-image-14082\" alt=\"\" \/><\/figure><div class=\"elementor-image-box-content\"><h3 class=\"elementor-image-box-title\">Gokarty\u200b<\/h3><\/div><\/div>\t\t\t\t<\/div>\n\t\t\t\t<\/div>\n\t\t\t\t<div class=\"elementor-element elementor-element-7a10207 boxtlo elementor-position-top elementor-widget elementor-widget-image-box\" data-id=\"7a10207\" data-element_type=\"widget\" data-e-type=\"widget\" data-widget_type=\"image-box.default\">\n\t\t\t\t<div class=\"elementor-widget-container\">\n\t\t\t\t\t<div class=\"elementor-image-box-wrapper\"><figure class=\"elementor-image-box-img\"><img decoding=\"async\" width=\"820\" height=\"820\" src=\"https:\/\/loopys.pl\/wroclaw\/wp-content\/uploads\/2023\/08\/automaty.svg\" class=\"attachment-full size-full wp-image-14081\" alt=\"\" \/><\/figure><div class=\"elementor-image-box-content\"><h3 class=\"elementor-image-box-title\">PIXEL- pod\u0142ogowa gra interaktywna<\/h3><\/div><\/div>\t\t\t\t<\/div>\n\t\t\t\t<\/div>\n\t\t\t\t\t<\/div>\n\t\t\t\t<\/div>\n\t\t\t\t<\/div>\n\t\t","protected":false},"excerpt":{"rendered":"<p>4000 m2 zabawy W cenie biletu wst\u0119pu mo\u017cecie korzysta\u0107\u00a0z nast\u0119puj\u0105cych atrakcji: 4000 m2 powierzchni, przygotowanej do swobodnej zabawy w gronie przyjaci\u00f3\u0142 i rodziny donut glider NOWO\u015a\u0106! tor ninja NOWO\u015a\u0106!\u00a0 \u015bcianka wspinaczkowa NOWO\u015a\u0106! magiczny basen\u00a0NOWO\u015a\u0106! kilkupoziomowa konstrukcja 7 zje\u017cd\u017calni o r\u00f3\u017cnym stopniu trudno\u015bci i d\u0142ugo\u015bci w tym: zje\u017cd\u017calnia spiralna zje\u017cd\u017calnia bez tor\u00f3w \u201cCzarna Adrenalina\u201d zje\u017cd\u017calnia rodzinna&#8230;<\/p>\n","protected":false},"author":11,"featured_media":0,"parent":0,"menu_order":0,"comment_status":"closed","ping_status":"closed","template":"","meta":{"_acf_changed":false,"_kad_blocks_custom_css":"","_kad_blocks_head_custom_js":"","_kad_blocks_body_custom_js":"","_kad_blocks_footer_custom_js":"","_kad_post_transparent":"","_kad_post_title":"","_kad_post_layout":"","_kad_post_sidebar_id":"","_kad_post_content_style":"","_kad_post_vertical_padding":"","_kad_post_feature":"","_kad_post_feature_position":"","_kad_post_header":false,"_kad_post_footer":false,"_kad_post_classname":"","footnotes":""},"class_list":["post-30","page","type-page","status-publish","hentry"],"acf":[],"taxonomy_info":[],"featured_image_src_large":false,"author_info":{"display_name":"Michal","author_link":"https:\/\/loopys.pl\/wroclaw\/author\/michal2\/"},"comment_info":0,"_links":{"self":[{"href":"https:\/\/loopys.pl\/wroclaw\/wp-json\/wp\/v2\/pages\/30","targetHints":{"allow":["GET"]}}],"collection":[{"href":"https:\/\/loopys.pl\/wroclaw\/wp-json\/wp\/v2\/pages"}],"about":[{"href":"https:\/\/loopys.pl\/wroclaw\/wp-json\/wp\/v2\/types\/page"}],"author":[{"embeddable":true,"href":"https:\/\/loopys.pl\/wroclaw\/wp-json\/wp\/v2\/users\/11"}],"replies":[{"embeddable":true,"href":"https:\/\/loopys.pl\/wroclaw\/wp-json\/wp\/v2\/comments?post=30"}],"version-history":[{"count":16,"href":"https:\/\/loopys.pl\/wroclaw\/wp-json\/wp\/v2\/pages\/30\/revisions"}],"predecessor-version":[{"id":21504,"href":"https:\/\/loopys.pl\/wroclaw\/wp-json\/wp\/v2\/pages\/30\/revisions\/21504"}],"wp:attachment":[{"href":"https:\/\/loopys.pl\/wroclaw\/wp-json\/wp\/v2\/media?parent=30"}],"curies":[{"name":"wp","href":"https:\/\/api.w.org\/{rel}","templated":true}]}}