{"id":32,"date":"2023-06-15T13:46:26","date_gmt":"2023-06-15T11:46:26","guid":{"rendered":"https:\/\/loopys.pl\/wroclaw\/informacje-praktyczne\/"},"modified":"2024-09-24T20:42:05","modified_gmt":"2024-09-24T18:42:05","slug":"przed-wizyta","status":"publish","type":"page","link":"https:\/\/loopys.pl\/wroclaw\/przed-wizyta\/","title":{"rendered":"Przed wizyt\u0105"},"content":{"rendered":"\t\t<div data-elementor-type=\"wp-page\" data-elementor-id=\"32\" class=\"elementor elementor-32\" data-elementor-post-type=\"page\">\n\t\t\t\t<div class=\"elementor-element elementor-element-c0a044c e-grid e-con-boxed e-con e-parent\" data-id=\"c0a044c\" data-element_type=\"container\" data-e-type=\"container\">\n\t\t\t\t\t<div class=\"e-con-inner\">\n\t\t\t\t<div class=\"elementor-element elementor-element-d5b12dd boxtlo elementor-vertical-align-top elementor-widget elementor-widget-image-box\" data-id=\"d5b12dd\" data-element_type=\"widget\" data-e-type=\"widget\" data-widget_type=\"image-box.default\">\n\t\t\t\t<div class=\"elementor-widget-container\">\n\t\t\t\t\t<div class=\"elementor-image-box-wrapper\"><figure class=\"elementor-image-box-img\"><a href=\"https:\/\/loopys.pl\/wroclaw\/informacje-praktyczne\/zasady\/\" tabindex=\"-1\"><img fetchpriority=\"high\" decoding=\"async\" width=\"800\" height=\"800\" src=\"https:\/\/loopys.pl\/wroclaw\/wp-content\/uploads\/2023\/08\/zasady.svg\" class=\"elementor-animation-grow attachment-full size-full wp-image-14115\" alt=\"\" \/><\/a><\/figure><div class=\"elementor-image-box-content\"><h3 class=\"elementor-image-box-title\"><a href=\"https:\/\/loopys.pl\/wroclaw\/informacje-praktyczne\/zasady\/\">Zasady<\/a><\/h3><p class=\"elementor-image-box-description\">Przed wizyt\u0105 w Loopy\u2019s warto zapozna\u0107 si\u0119 panuj\u0105cymi wewn\u0105trz zasadami i zwyczajami. <\/p><\/div><\/div>\t\t\t\t<\/div>\n\t\t\t\t<\/div>\n\t\t\t\t<div class=\"elementor-element elementor-element-0fb70a3 boxtlo elementor-vertical-align-top elementor-widget elementor-widget-image-box\" data-id=\"0fb70a3\" data-element_type=\"widget\" data-e-type=\"widget\" data-widget_type=\"image-box.default\">\n\t\t\t\t<div class=\"elementor-widget-container\">\n\t\t\t\t\t<div class=\"elementor-image-box-wrapper\"><figure class=\"elementor-image-box-img\"><a href=\"https:\/\/loopys.pl\/wroclaw\/informacje-praktyczne\/regulamin\/\" tabindex=\"-1\"><img decoding=\"async\" width=\"800\" height=\"800\" src=\"https:\/\/loopys.pl\/wroclaw\/wp-content\/uploads\/2023\/08\/regulamin.svg\" class=\"elementor-animation-grow attachment-full size-full wp-image-14116\" alt=\"\" \/><\/a><\/figure><div class=\"elementor-image-box-content\"><h3 class=\"elementor-image-box-title\"><a href=\"https:\/\/loopys.pl\/wroclaw\/informacje-praktyczne\/regulamin\/\">Regulamin<\/a><\/h3><p class=\"elementor-image-box-description\">Nasz Regulamin powsta\u0142, \u017ceby zapewni\u0107 Pa\u0144stwa Dzieciom bezpieczn\u0105 i beztrosk\u0105 zabaw\u0119. Dlatego prosimy o zapoznanie si\u0119 z nim i jego przestrzeganie.<\/p><\/div><\/div>\t\t\t\t<\/div>\n\t\t\t\t<\/div>\n\t\t\t\t<div class=\"elementor-element elementor-element-5ef2d69 boxtlo elementor-vertical-align-top elementor-widget elementor-widget-image-box\" data-id=\"5ef2d69\" data-element_type=\"widget\" data-e-type=\"widget\" data-widget_type=\"image-box.default\">\n\t\t\t\t<div class=\"elementor-widget-container\">\n\t\t\t\t\t<div class=\"elementor-image-box-wrapper\"><figure class=\"elementor-image-box-img\"><a href=\"https:\/\/loopys.pl\/wroclaw\/informacje-praktyczne\/polityka-prywatnosci\/\" tabindex=\"-1\"><img decoding=\"async\" width=\"800\" height=\"800\" src=\"https:\/\/loopys.pl\/wroclaw\/wp-content\/uploads\/2023\/08\/polityka.svg\" class=\"elementor-animation-grow attachment-full size-full wp-image-14117\" alt=\"\" \/><\/a><\/figure><div class=\"elementor-image-box-content\"><h3 class=\"elementor-image-box-title\"><a href=\"https:\/\/loopys.pl\/wroclaw\/informacje-praktyczne\/polityka-prywatnosci\/\">Polityka prywatno\u015bci<\/a><\/h3><p class=\"elementor-image-box-description\">Wymagane przepisami informacje o przetwarzaniu danych osobowych i prawach przys\u0142uguj\u0105cych Go\u015bciom\/Klientom Loopy\u2019s World.<\/p><\/div><\/div>\t\t\t\t<\/div>\n\t\t\t\t<\/div>\n\t\t\t\t<div class=\"elementor-element elementor-element-cd6eda5 boxtlo elementor-vertical-align-top elementor-widget elementor-widget-image-box\" data-id=\"cd6eda5\" data-element_type=\"widget\" data-e-type=\"widget\" data-widget_type=\"image-box.default\">\n\t\t\t\t<div class=\"elementor-widget-container\">\n\t\t\t\t\t<div class=\"elementor-image-box-wrapper\"><figure class=\"elementor-image-box-img\"><a href=\"https:\/\/loopys.pl\/wroclaw\/informacje-praktyczne\/bezpieczenstwo\/\" tabindex=\"-1\"><img loading=\"lazy\" decoding=\"async\" width=\"800\" height=\"800\" src=\"https:\/\/loopys.pl\/wroclaw\/wp-content\/uploads\/2023\/08\/bezpieczenstwo.svg\" class=\"elementor-animation-grow attachment-full size-full wp-image-14118\" alt=\"\" \/><\/a><\/figure><div class=\"elementor-image-box-content\"><h3 class=\"elementor-image-box-title\"><a href=\"https:\/\/loopys.pl\/wroclaw\/informacje-praktyczne\/bezpieczenstwo\/\">Bezpiecze\u0144stwo<\/a><\/h3><p class=\"elementor-image-box-description\">W Loopy\u2019s lubimy si\u0119 bawi\u0107, ale je\u015bli chodzi o bezpiecze\u0144stwo, to \u017carty si\u0119 ko\u0144cz\u0105.\n\nDo tej sprawy podchodzimy niezwykle powa\u017cnie. <\/p><\/div><\/div>\t\t\t\t<\/div>\n\t\t\t\t<\/div>\n\t\t\t\t\t<\/div>\n\t\t\t\t<\/div>\n\t\t\t\t<\/div>\n\t\t","protected":false},"excerpt":{"rendered":"<p>Zasady Przed wizyt\u0105 w Loopy\u2019s warto zapozna\u0107 si\u0119 panuj\u0105cymi wewn\u0105trz zasadami i zwyczajami. Regulamin Nasz Regulamin powsta\u0142, \u017ceby zapewni\u0107 Pa\u0144stwa Dzieciom bezpieczn\u0105 i beztrosk\u0105 zabaw\u0119. Dlatego prosimy o zapoznanie si\u0119 z nim i jego przestrzeganie. Polityka prywatno\u015bci Wymagane przepisami informacje o przetwarzaniu danych osobowych i prawach przys\u0142uguj\u0105cych Go\u015bciom\/Klientom Loopy\u2019s World. Bezpiecze\u0144stwo W Loopy\u2019s lubimy si\u0119&#8230;<\/p>\n","protected":false},"author":11,"featured_media":0,"parent":0,"menu_order":0,"comment_status":"closed","ping_status":"closed","template":"","meta":{"_acf_changed":false,"_kad_blocks_custom_css":"","_kad_blocks_head_custom_js":"","_kad_blocks_body_custom_js":"","_kad_blocks_footer_custom_js":"","_kad_post_transparent":"","_kad_post_title":"hide","_kad_post_layout":"fullwidth","_kad_post_sidebar_id":"","_kad_post_content_style":"unboxed","_kad_post_vertical_padding":"hide","_kad_post_feature":"hide","_kad_post_feature_position":"","_kad_post_header":false,"_kad_post_footer":false,"_kad_post_classname":"","footnotes":""},"class_list":["post-32","page","type-page","status-publish","hentry"],"acf":[],"taxonomy_info":[],"featured_image_src_large":false,"author_info":{"display_name":"Michal","author_link":"https:\/\/loopys.pl\/wroclaw\/author\/michal2\/"},"comment_info":0,"_links":{"self":[{"href":"https:\/\/loopys.pl\/wroclaw\/wp-json\/wp\/v2\/pages\/32","targetHints":{"allow":["GET"]}}],"collection":[{"href":"https:\/\/loopys.pl\/wroclaw\/wp-json\/wp\/v2\/pages"}],"about":[{"href":"https:\/\/loopys.pl\/wroclaw\/wp-json\/wp\/v2\/types\/page"}],"author":[{"embeddable":true,"href":"https:\/\/loopys.pl\/wroclaw\/wp-json\/wp\/v2\/users\/11"}],"replies":[{"embeddable":true,"href":"https:\/\/loopys.pl\/wroclaw\/wp-json\/wp\/v2\/comments?post=32"}],"version-history":[{"count":1,"href":"https:\/\/loopys.pl\/wroclaw\/wp-json\/wp\/v2\/pages\/32\/revisions"}],"predecessor-version":[{"id":19529,"href":"https:\/\/loopys.pl\/wroclaw\/wp-json\/wp\/v2\/pages\/32\/revisions\/19529"}],"wp:attachment":[{"href":"https:\/\/loopys.pl\/wroclaw\/wp-json\/wp\/v2\/media?parent=32"}],"curies":[{"name":"wp","href":"https:\/\/api.w.org\/{rel}","templated":true}]}}