{"id":35,"date":"2023-06-15T13:46:26","date_gmt":"2023-06-15T11:46:26","guid":{"rendered":"https:\/\/loopys.pl\/wroclaw\/informacje-praktyczne\/polityka-prywatnosci\/"},"modified":"2025-11-14T17:34:31","modified_gmt":"2025-11-14T16:34:31","slug":"polityka-prywatnosci","status":"publish","type":"page","link":"https:\/\/loopys.pl\/wroclaw\/przed-wizyta\/polityka-prywatnosci\/","title":{"rendered":"Polityka prywatno\u015bci"},"content":{"rendered":"\t\t<div data-elementor-type=\"wp-page\" data-elementor-id=\"35\" class=\"elementor elementor-35\" data-elementor-post-type=\"page\">\n\t\t\t\t<div class=\"elementor-element elementor-element-2a52fe6 e-flex e-con-boxed e-con e-parent\" data-id=\"2a52fe6\" data-element_type=\"container\" data-e-type=\"container\">\n\t\t\t\t\t<div class=\"e-con-inner\">\n\t\t<div class=\"elementor-element elementor-element-83c8f64 e-con-full e-flex e-con e-child\" data-id=\"83c8f64\" data-element_type=\"container\" data-e-type=\"container\">\n\t\t\t\t<div class=\"elementor-element elementor-element-bcbcd02 elementor-widget elementor-widget-text-editor\" data-id=\"bcbcd02\" data-element_type=\"widget\" data-e-type=\"widget\" data-widget_type=\"text-editor.default\">\n\t\t\t\t<div class=\"elementor-widget-container\">\n\t\t\t\t\t\t\t\t\t<p><\/p>\n<h2 class=\"wp-block-heading\">1.Wprowadzenie:<\/h2>\n<p><\/p>\n<p><\/p>\n<p>Administratorem danych osobowych udost\u0119pnionych przez naszych Go\u015bci\/ Klient\u00f3w podczas korzystania z\u00a0us\u0142ug Rodzinnego Centrum Rozrywki Loopy\u2019s World, jest Loopys Sp. z\u00a0o.o. z siedzib\u0105 80-266 Gda\u0144sk, ul. Grunwaldzka 229, NIP: 9581617993 (okre\u015blany dalej jako \u201cLoopy\u2019s World\u201d).<\/p>\n<p><\/p>\n<p><\/p>\n<p>Dane osobowe przetwarzamy zgodnie z przepisami o ochronie danych osobowych, w szczeg\u00f3lno\u015bci zgodnie z Og\u00f3lnym Rozporz\u0105dzeniem o Ochronie Danych Osobowych Unii Europejskiej (2016\/679) (\u201cRODO\u201d).<\/p>\n<p><\/p>\n<p><\/p>\n<p>Przetwarzamy powierzone dane osobowe w celu realizacji us\u0142ug \u015bwiadczonych przez Loopy\u2019s World. Przetwarzamy tylko te dane, kt\u00f3re klient sam nam przekaza\u0142 i wyrazi\u0142 zgod\u0119 na ich przetwarzanie lub s\u0105 to dane niezb\u0119dne do wykonania us\u0142ugi a w szczeg\u00f3lno\u015bci dane uzyskane:<\/p>\n<p><\/p>\n<p><\/p>\n<ol class=\"wp-block-list\">\n<li style=\"list-style-type: none;\">\n<ol><\/ol>\n<\/li>\n<\/ol>\n<p>\u00a0<\/p>\n<ol>\n<li style=\"list-style-type: none;\">\n<ol>\n<li>w celu zawarcia, wykonania, rozwi\u0105zania um\u00f3w lub innych czynno\u015bci prawnych zwi\u0105zanych z umow\u0105;<\/li>\n<\/ol>\n<\/li>\n<\/ol>\n<p><\/p>\n<p><\/p>\n<ol>\n<li style=\"list-style-type: none;\">\n<ol>\n<li>w celu wykonania czynno\u015bci na podstawie zgody udzielonej w spos\u00f3b \u015bwiadomy i dobrowolny;<\/li>\n<\/ol>\n<\/li>\n<\/ol>\n<p><\/p>\n<p><\/p>\n<ol>\n<li style=\"list-style-type: none;\">\n<ol>\n<li>wykonania ci\u0105\u017c\u0105cych na Administratorze obowi\u0105zk\u00f3w prawnych np.: wystawiania i przechowywania faktur oraz dokument\u00f3w ksi\u0119gowych, udzielania odpowiedzi na reklamacje w terminie i formie przewidzianej przez prawo;<\/li>\n<\/ol>\n<\/li>\n<\/ol>\n<p><\/p>\n<p><\/p>\n<ol>\n<li style=\"list-style-type: none;\">\n<ol>\n<li>ustalenia, dochodzenia lub obrony przed roszczeniami b\u0119d\u0105cego realizacj\u0105 prawnie uzasadnionego interesu Administratora;<\/li>\n<\/ol>\n<\/li>\n<\/ol>\n<p><\/p>\n<p><\/p>\n<ol>\n<li style=\"list-style-type: none;\">\n<ol>\n<li>tworzenia analiz, zestawie\u0144 i statystyk na potrzeby wewn\u0119trzne administratora;<\/li>\n<\/ol>\n<\/li>\n<\/ol>\n<p><\/p>\n<p><\/p>\n<ol>\n<li style=\"list-style-type: none;\">\n<ol>\n<li>w pozosta\u0142ych celach zwi\u0105zanych z prowadzon\u0105 dzia\u0142alno\u015bci\u0105 gospodarcz\u0105, dochodzenia roszcze\u0144 z tytu\u0142u prowadzenia dzia\u0142alno\u015bci oraz do wype\u0142niania prawnie usprawiedliwionych cel\u00f3w Administratora, w tym sprzeda\u017cy i marketingu bezpo\u015bredniego.<\/li>\n<\/ol>\n<\/li>\n<\/ol>\n<p><\/p>\n<p><\/p>\n<p><\/p>\n<h2 class=\"wp-block-heading\">2. Przetwarzanie danych osobowych:<\/h2>\n<p><\/p>\n<p><\/p>\n<h6 class=\"wp-block-heading\"><strong>Zawieranie transakcje kupna i sprzeda\u017cy bilet\u00f3w, udzia\u0142 w organizowanych przez nas imprezach, urodzinach i korzystanie z innych us\u0142ug.<\/strong><\/h6>\n<p><\/p>\n<p><\/p>\n<p>W ramach skorzyastania z\u00a0wybranych us\u0142ug Loopy\u2019s World przetwarzamy Twoje dane osobowe w celu \u015bwiadczenia us\u0142ugi. Do przetwarzanych danych mog\u0105 nale\u017ce\u0107 imi\u0119, nazwisko, e-mail numer telefonu, dane adresowe, je\u017celi s\u0105 wymagane na potrzeby realizacji us\u0142ugi. Je\u017celi kupujesz bilety lub us\u0142ug\u0119 za po\u015brednictwem nasze strony\u00a0<a href=\"http:\/\/www.loopys.pl\/\">www.loopys.pl<\/a>\u00a0przetwarzamy informacje o Twoich p\u0142atno\u015bciach oraz histori\u0119 zam\u00f3wie\u0144.<\/p>\n<p><\/p>\n<p><\/p>\n<p>W przypadku, gdy wymaga tego realizacja us\u0142ugi Twoje dane mog\u0105 by\u0107 udost\u0119pnione:<\/p>\n<p><\/p>\n<p><\/p>\n<ul class=\"wp-block-list\">\n<li style=\"list-style-type: none;\">\n<ul><\/ul>\n<\/li>\n<\/ul>\n<p>\u00a0<\/p>\n<ul>\n<li style=\"list-style-type: none;\">\n<ul>\n<li>po\u015brednikowi w realizacji p\u0142atno\u015bci, firmie PayU S.A.<\/li>\n<\/ul>\n<\/li>\n<\/ul>\n<p><\/p>\n<p><\/p>\n<ul>\n<li style=\"list-style-type: none;\">\n<ul>\n<li>drugiej stronie transakcji, je\u017celi wymagane to jest na potrzeby dostawy bilet\u00f3w lub z innego powodu niezb\u0119dnego w procesie realizacji us\u0142ugi<\/li>\n<\/ul>\n<\/li>\n<\/ul>\n<p><\/p>\n<p><\/p>\n<ul>\n<li style=\"list-style-type: none;\">\n<ul>\n<li>podmiotowi zewn\u0119trznemu realizuj\u0105cemu dostaw\u0119 (np. firmie kurierskiej).<\/li>\n<\/ul>\n<\/li>\n<\/ul>\n<p><\/p>\n<p><\/p>\n<p><\/p>\n<h6 class=\"wp-block-heading\"><strong>Marketing bezpo\u015bredni<\/strong><\/h6>\n<p><\/p>\n<p><\/p>\n<p>Je\u017celi wyrazisz zgod\u0119 na otrzymywanie informacji handlowych od Loopy\u2019s World b\u0119dziemy przetwarzali Twoje dane osobowe takie jak e-mail i historia otwieralno\u015bci e-maili w celach marketingowych. Tre\u015b\u0107 wysy\u0142anych informacji handlowych mo\u017ce by\u0107 dostosowana do Twoich preferencji na podstawie wcze\u015bniej przegl\u0105danych imprez lub z\u0142o\u017conych zam\u00f3wie\u0144. Zawsze mo\u017cna wypisa\u0107 si\u0119 z naszej listy klikaj\u0105c w link rezygnacyjny znajduj\u0105cy si\u0119 w ka\u017cdym e-mailu lub kontaktuj\u0105c si\u0119 z nami pod adresem <a href=\"mailto:marketing@loopys.pl\">marketing@loopys.pl<\/a>\u00a0Zapisuj\u0105c adres e-mail do naszej listy o\u015bwiadczasz, \u017ce jeste\u015b jego w\u0142a\u015bcicielem.<\/p>\n<p><\/p>\n<p><\/p>\n<h2 class=\"wp-block-heading\">3. Pliki cookies oraz adresy IP:<\/h2>\n<p><\/p>\n<p><\/p>\n<p>W Loopy\u2019s World stosujemy pliki cookies mi\u0119dzy innymi w celach:<\/p>\n<p><\/p>\n<p><\/p>\n<ul class=\"wp-block-list\">\n<li style=\"list-style-type: none;\">\n<ul><\/ul>\n<\/li>\n<\/ul>\n<p>\u00a0<\/p>\n<ul>\n<li style=\"list-style-type: none;\">\n<ul>\n<li>Zapewnienia podstawowych funkcjonalno\u015bci strony www.loopys.pl takich jak korzystanie z formularzy zakupu, rezerwacji.<\/li>\n<\/ul>\n<\/li>\n<\/ul>\n<p><\/p>\n<p><\/p>\n<ul>\n<li style=\"list-style-type: none;\">\n<ul>\n<li>Zbierania danych statystycznych.<\/li>\n<\/ul>\n<\/li>\n<\/ul>\n<p><\/p>\n<p><\/p>\n<ul>\n<li style=\"list-style-type: none;\">\n<ul>\n<li>Dopasowania tre\u015bci wy\u015bwietlanych na stronach, np. wy\u015bwietlania imprez, kt\u00f3re wcze\u015bniej przegl\u0105da\u0142e\u015b lub imprez kt\u00f3rymi mo\u017cesz by\u0107 zainteresowany.<\/li>\n<\/ul>\n<\/li>\n<\/ul>\n<p><\/p>\n<p><\/p>\n<p><\/p>\n<p>U\u017cywamy r\u00f3wnie\u017c zewn\u0119trznych plik\u00f3w cookies umieszczanych przez zewn\u0119trzne podmioty, kt\u00f3rych komponenty zosta\u0142y przez nas wywo\u0142ane. Do tych najwa\u017cniejszych, kt\u00f3rych technologie wykorzystywane s\u0105 przez nas najcz\u0119\u015bciej nale\u017c\u0105:<\/p>\n<p><\/p>\n<p><\/p>\n<ul class=\"wp-block-list\">\n<li style=\"list-style-type: none;\">\n<ul><\/ul>\n<\/li>\n<\/ul>\n<p>\u00a0<\/p>\n<ul>\n<li style=\"list-style-type: none;\">\n<ul>\n<li><a href=\"https:\/\/policies.google.com\/?hl=pl&amp;gl=pl\" rel=\"nofollow noopener\" target=\"_blank\">Google<\/a>\u00a0\u2013 us\u0142ugi wykorzystywane przez nas do analizy statystycznej (Google Analytics), jak r\u00f3wnie\u017c do marketingu naszych us\u0142ug (Google Adwords).<\/li>\n<\/ul>\n<\/li>\n<\/ul>\n<p><\/p>\n<p><\/p>\n<ul>\n<li style=\"list-style-type: none;\">\n<ul>\n<li><a href=\"https:\/\/www.facebook.com\/policies\/cookies\/\" rel=\"nofollow noopener\" target=\"_blank\">Facebook<\/a>\u00a0\u2013 platforma spo\u0142eczno\u015bciowa pozwalaj\u0105ca nam dociera\u0107 do Ciebie w celu umo\u017cliwiania dzielenia si\u0119 oraz zaanga\u017cowania. Facebook mo\u017ce wykorzystywa\u0107 Twoje dane do swoich w\u0142asnych cel\u00f3w, w tym do profilowania i kierowania do Ciebie przekazu za pomoc\u0105 reklam.<\/li>\n<\/ul>\n<\/li>\n<\/ul>\n<p><\/p>\n<p><\/p>\n<ul>\n<li style=\"list-style-type: none;\">\n<ul>\n<li><a href=\"https:\/\/www.getresponse.pl\/informacje-prawne\/max-polityka-prywatnosci\" rel=\"nofollow noopener\" target=\"_blank\">GetResponse<\/a> \u2013 us\u0142uga pozwalaj\u0105ca nam na wysy\u0142anie newsletter\u00f3w.<\/li>\n<\/ul>\n<\/li>\n<\/ul>\n<p><\/p>\n<p><\/p>\n<p><\/p>\n<p>Za pomoc\u0105 ustawie\u0144 przegl\u0105darki mo\u017cesz akceptowa\u0107 lub odrzuca\u0107 nowe pliki cookie oraz usuwa\u0107 ju\u017c istniej\u0105ce. Mo\u017cesz r\u00f3wnie\u017c ustawi\u0107 przegl\u0105dark\u0119 tak, aby powiadamia\u0142a Ci\u0119 o ka\u017cdym umieszczeniu nowych plik\u00f3w cookie na Twoim komputerze lub innym urz\u0105dzeniu. Bardziej szczeg\u00f3\u0142owe informacje na temat sposobu zarz\u0105dzania plikami cookie mo\u017cna znale\u017a\u0107 korzystaj\u0105c z funkcji pomocy, dost\u0119pnej w Twojej przegl\u0105darce internetowej.<\/p>\n<p><\/p>\n<p><\/p>\n<p>W Loopy\u2019s World wykorzystujemy adresy IP zbierane w trakcie po\u0142\u0105cze\u0144 internetowych w celach technicznych. Ponadto adresy IP s\u0142u\u017c\u0105 do zbierania og\u00f3lnych, statystycznych informacji demograficznych (np. o regionie, z kt\u00f3rego nast\u0119puje po\u0142\u0105czenie).<\/p>\n<p><\/p>\n<p><\/p>\n<h2 class=\"wp-block-heading\">4. Ochrona danych osobowych:<\/h2>\n<p><\/p>\n<p><\/p>\n<p>W Loopy\u2019s World przyk\u0142adamy szczeg\u00f3ln\u0105 wag\u0119 do ochrony prywatno\u015bci naszych Go\u015bci\/Klient\u00f3w. Z nale\u017cyt\u0105 staranno\u015bci\u0105 dobieramy i stosujemy odpowiednie \u015brodki techniczne i organizacyjne zapewniaj\u0105ce ochron\u0119 przetwarzanych danych. W szczeg\u00f3lno\u015bci zabezpieczamy dane przed ich udost\u0119pnieniem osobom nieupowa\u017cnionym, jak r\u00f3wnie\u017c przed ich przetwarzaniem z naruszeniem obowi\u0105zuj\u0105cych przepis\u00f3w prawa.<\/p>\n<p><\/p>\n<p><\/p>\n<p>Stosowanym przez nas na wszystkich stronach serwisu protoko\u0142em transmisji, zapewniaj\u0105cym bezpiecze\u0144stwo przesy\u0142ania danych w Internecie, jest protok\u00f3\u0142 SSL (Secure Socket Layer v3). SSL szyfruje, uwierzytelnia i zapewnia integralno\u015b\u0107 wiadomo\u015bci.<\/p>\n<p><\/p>\n<p><\/p>\n<p>Przetwarzamy powierzone dane w celu realizacji oraz rozliczenia us\u0142ug \u015bwiadczonych przez Loopy\u2019s World. Sprawujemy sta\u0142\u0105 kontrol\u0119 nad procesem przetwarzania danych oraz ograniczamy dost\u0119p do danych w mo\u017cliwie najwi\u0119kszym stopniu, udzielaj\u0105c stosownych upowa\u017cnie\u0144 tylko w\u00f3wczas, gdy jest to niezb\u0119dne do \u015bwiadczenia us\u0142ug.<\/p>\n<p><\/p>\n<p><\/p>\n<h2 class=\"wp-block-heading\">5. Prawa przys\u0142uguj\u0105ce Go\u015bciom\/Klientom Loopy\u2019s World:<\/h2>\n<p><\/p>\n<p><\/p>\n<p>Masz prawo dost\u0119pu do powierzonych nam Twoich danych osobowych, ich sprostowania, usuni\u0119cia, ograniczenia przetwarzania, wniesienia sprzeciwu wobec przetwarzania oraz przenoszenia. Aby skorzysta\u0107 z tych praw prosimy o kontakt z nami pod adresem biuro@loopys.pl. Twoje \u017c\u0105danie zostanie przez nas niezw\u0142ocznie spe\u0142nione. Mo\u017cemy jednak odm\u00f3wi\u0107 \u017c\u0105dania usuni\u0119cia Twoich danych, je\u017celi do dalszego ich przetwarzania obliguj\u0105 nas przepisy prawa, z przepis\u00f3w prawa wynika obowi\u0105zek, kt\u00f3ry musimy zrealizowa\u0107, lub gdy Twoje dane osobowe s\u0105 nam niezb\u0119dne do ustalenia, dochodzenia lub obrony roszcze\u0144.<\/p>\n<p><\/p>\n<p><\/p>\n<p>Masz prawo do niewyra\u017cenia zgody na marketing bezpo\u015bredni, w tym tak\u017ce na profilowanie, oraz do wycofania takiej zgody. Aby zrezygnowa\u0107 z otrzymywania materia\u0142\u00f3w marketingu bezpo\u015bredniego nale\u017cy wykona\u0107 instrukcje zawarte w stopce ka\u017cdej takiej wiadomo\u015bci e-mail lub skontaktowa\u0107 si\u0119 z nami pod adresem <a href=\"mailto:marketing@loopys.pl\">marketing@loopys.pl.<\/a><\/p>\n<p><\/p>\n<p><\/p>\n<p>Masz r\u00f3wnie\u017c prawo wnie\u015b\u0107 skarg\u0119 w zwi\u0105zku z przetwarzaniem przez nas Twoich danych osobowych do organu nadzorczego, kt\u00f3rym jest Prezes Urz\u0119du Ochrony Danych Osobowych (adres: ul. Stawki 2, 00-193 Warszawa).<\/p>\n<p><\/p>\t\t\t\t\t\t\t\t<\/div>\n\t\t\t\t<\/div>\n\t\t\t\t<\/div>\n\t\t\t\t\t<\/div>\n\t\t\t\t<\/div>\n\t\t\t\t<\/div>\n\t\t","protected":false},"excerpt":{"rendered":"<p>1.Wprowadzenie: Administratorem danych osobowych udost\u0119pnionych przez naszych Go\u015bci\/ Klient\u00f3w podczas korzystania z\u00a0us\u0142ug Rodzinnego Centrum Rozrywki Loopy\u2019s World, jest Loopys Sp. z\u00a0o.o. z siedzib\u0105 80-266 Gda\u0144sk, ul. Grunwaldzka 229, NIP: 9581617993 (okre\u015blany dalej jako \u201cLoopy\u2019s World\u201d). Dane osobowe przetwarzamy zgodnie z przepisami o ochronie danych osobowych, w szczeg\u00f3lno\u015bci zgodnie z Og\u00f3lnym Rozporz\u0105dzeniem o Ochronie Danych Osobowych&#8230;<\/p>\n","protected":false},"author":11,"featured_media":0,"parent":32,"menu_order":0,"comment_status":"closed","ping_status":"closed","template":"","meta":{"_acf_changed":false,"_kad_blocks_custom_css":"","_kad_blocks_head_custom_js":"","_kad_blocks_body_custom_js":"","_kad_blocks_footer_custom_js":"","_kad_post_transparent":"","_kad_post_title":"","_kad_post_layout":"","_kad_post_sidebar_id":"","_kad_post_content_style":"","_kad_post_vertical_padding":"","_kad_post_feature":"","_kad_post_feature_position":"","_kad_post_header":false,"_kad_post_footer":false,"_kad_post_classname":"","footnotes":""},"class_list":["post-35","page","type-page","status-publish","hentry"],"acf":[],"taxonomy_info":[],"featured_image_src_large":false,"author_info":{"display_name":"Michal","author_link":"https:\/\/loopys.pl\/wroclaw\/author\/michal2\/"},"comment_info":0,"_links":{"self":[{"href":"https:\/\/loopys.pl\/wroclaw\/wp-json\/wp\/v2\/pages\/35","targetHints":{"allow":["GET"]}}],"collection":[{"href":"https:\/\/loopys.pl\/wroclaw\/wp-json\/wp\/v2\/pages"}],"about":[{"href":"https:\/\/loopys.pl\/wroclaw\/wp-json\/wp\/v2\/types\/page"}],"author":[{"embeddable":true,"href":"https:\/\/loopys.pl\/wroclaw\/wp-json\/wp\/v2\/users\/11"}],"replies":[{"embeddable":true,"href":"https:\/\/loopys.pl\/wroclaw\/wp-json\/wp\/v2\/comments?post=35"}],"version-history":[{"count":1,"href":"https:\/\/loopys.pl\/wroclaw\/wp-json\/wp\/v2\/pages\/35\/revisions"}],"predecessor-version":[{"id":21598,"href":"https:\/\/loopys.pl\/wroclaw\/wp-json\/wp\/v2\/pages\/35\/revisions\/21598"}],"up":[{"embeddable":true,"href":"https:\/\/loopys.pl\/wroclaw\/wp-json\/wp\/v2\/pages\/32"}],"wp:attachment":[{"href":"https:\/\/loopys.pl\/wroclaw\/wp-json\/wp\/v2\/media?parent=35"}],"curies":[{"name":"wp","href":"https:\/\/api.w.org\/{rel}","templated":true}]}}