{"id":36,"date":"2023-06-15T13:46:26","date_gmt":"2023-06-15T11:46:26","guid":{"rendered":"https:\/\/loopys.pl\/wroclaw\/informacje-praktyczne\/bezpieczenstwo\/"},"modified":"2025-02-04T15:43:36","modified_gmt":"2025-02-04T14:43:36","slug":"bezpieczenstwo","status":"publish","type":"page","link":"https:\/\/loopys.pl\/wroclaw\/przed-wizyta\/bezpieczenstwo\/","title":{"rendered":"Bezpiecze\u0144stwo"},"content":{"rendered":"\t\t<div data-elementor-type=\"wp-page\" data-elementor-id=\"36\" class=\"elementor elementor-36\" data-elementor-post-type=\"page\">\n\t\t\t\t<div class=\"elementor-element elementor-element-fcd8fa1 e-flex e-con-boxed e-con e-parent\" data-id=\"fcd8fa1\" data-element_type=\"container\" data-e-type=\"container\">\n\t\t\t\t\t<div class=\"e-con-inner\">\n\t\t\t\t<div class=\"elementor-element elementor-element-b31ddb7 elementor-widget elementor-widget-text-editor\" data-id=\"b31ddb7\" data-element_type=\"widget\" data-e-type=\"widget\" data-widget_type=\"text-editor.default\">\n\t\t\t\t<div class=\"elementor-widget-container\">\n\t\t\t\t\t\t\t\t\t<p>W Loopy\u2019s lubimy si\u0119 bawi\u0107, ale je\u015bli chodzi o bezpiecze\u0144stwo, to \u017carty si\u0119 ko\u0144cz\u0105.<\/p>\n<p>Do tej sprawy&nbsp;podchodzimy niezwykle powa\u017cnie. Bezpiecze\u0144stwo naszym Go\u015bciom gwarantujemy poprzez:<\/p>\n<p><strong>Wysok\u0105 jako\u015b\u0107 urz\u0105dze\u0144 i atrakcji&nbsp;<\/strong>\u2013 to warunek konieczny. Zabawki i sprz\u0119ty wykonane s\u0105 w UE, &nbsp;z najlepszych i najnowocze\u015bniejszych materia\u0142\u00f3w. Wsp\u00f3\u0142pracujemy ze \u015bwiatowymi liderami w zakresie projektowania i produkcji atrakcji dla dzieci, kt\u00f3rzy dbaj\u0105, by spe\u0142nia\u0142y \u015bwiatowe standardy. Dysponujemy certyfikatami wymaganymi przez Uni\u0119 Europejsk\u0105 oraz IAAPA (International Association of Amusement Parks and Attractions). Co roku odwiedzamy targi by na bie\u017c\u0105co \u015bledzi\u0107 trendy i nowo\u015bci z zakresy bezpiecze\u0144stwa i jako\u015bci dost\u0119pnych atrakcji.<\/p>\n<p><strong>Elektroniczny system wej\u015b\u0107 i wyj\u015b\u0107 \u2013&nbsp;<\/strong>ka\u017cdy z Go\u015bci, po zakupie biletu, otrzymuje transponder z chipem. Zegarki dzieci przypisane s\u0105 do opiekun\u00f3w. Dzi\u0119ki nim dzieci bawi\u0105 si\u0119 bezpiecznie na placu i na pewno go nie opuszcz\u0105, bez wiedzy opiekuna!<\/p>\n<p><strong>Monitoring wewn\u0119trzny \u2013&nbsp;<\/strong>sie\u0107 kamer pozwala nam na sta\u0142\u0105 obserwacj\u0119 bawi\u0105cych si\u0119 Go\u015bci i szybk\u0105 interwencj\u0119, dyskretnej obs\u0142ugi w sytuacjach ryzyka.<\/p>\n<p><strong>Strefy wiekowe \u2013&nbsp;<\/strong>dla komfortu najm\u0142odszych, dla dzieci do 3 roku \u017cycia, mamy specjaln\u0105 stref\u0119! Oznaczenia, \u017ce jest to miejsce dla maluch\u00f3w sprawiaj\u0105, \u017ce najm\u0142odsi bawi\u0105 si\u0119 w swoim towarzystwie!<\/p>\n<p><strong>Profesjonaln\u0105 obs\u0142ug\u0119&nbsp;\u2013<\/strong>&nbsp;wszyscy nasi pracownicy to profesjonali\u015bci. Potrafi\u0105 w grzeczny, ale asertywny spos\u00f3b czuwa\u0107 nad bezpiecze\u0144stwem Go\u015bci. Jednocze\u015bnie lubi\u0105&nbsp;dzieci i lubi\u0105 z nimi pracowa\u0107. Dzi\u0119ki temu zabawa w Loopy\u2019s jest bezpieczna i pe\u0142na rado\u015bci.<\/p>\n<p><strong>Centrum \u2013&nbsp;<\/strong>wszystkie zasady obowi\u0105zuj\u0105ce w Loopy\u2019s zosta\u0142y stworzone po to, by zabawa by\u0142a bezpieczna i przyjemna dla wszystkich u\u017cytkownik\u00f3w placu! Wszystkie osoby wchodz\u0105c na plac s\u0105 zobowi\u0105zane do zapoznania si\u0119 z Regulaminem Centrum i Instrukcj\u0105 obs\u0142ugi poszczeg\u00f3lnych urz\u0105dze\u0144 oraz przestrzegania ich zapis\u00f3w.<\/p>\t\t\t\t\t\t\t\t<\/div>\n\t\t\t\t<\/div>\n\t\t\t\t\t<\/div>\n\t\t\t\t<\/div>\n\t\t<div class=\"elementor-element elementor-element-98472b6 e-flex e-con-boxed e-con e-parent\" data-id=\"98472b6\" data-element_type=\"container\" data-e-type=\"container\">\n\t\t\t\t\t<div class=\"e-con-inner\">\n\t\t\t\t<div class=\"elementor-element elementor-element-566d73c elementor-widget elementor-widget-image\" data-id=\"566d73c\" data-element_type=\"widget\" data-e-type=\"widget\" data-widget_type=\"image.default\">\n\t\t\t\t<div class=\"elementor-widget-container\">\n\t\t\t\t\t\t\t\t\t\t\t\t\t\t\t\t<a href=\"https:\/\/loopys.pl\/wroclaw\/wp-content\/uploads\/2024\/09\/Standardy-ochrony-maloletnich-LOOPYS.pdf\">\n\t\t\t\t\t\t\t<img fetchpriority=\"high\" decoding=\"async\" width=\"604\" height=\"165\" src=\"https:\/\/loopys.pl\/wroclaw\/wp-content\/uploads\/2024\/09\/przycisk2.png\" class=\"attachment-medium_large size-medium_large wp-image-19498\" alt=\"\" srcset=\"https:\/\/loopys.pl\/wroclaw\/wp-content\/uploads\/2024\/09\/przycisk2.png 604w, https:\/\/loopys.pl\/wroclaw\/wp-content\/uploads\/2024\/09\/przycisk2-300x82.png 300w, https:\/\/loopys.pl\/wroclaw\/wp-content\/uploads\/2024\/09\/przycisk2-18x5.png 18w\" sizes=\"(max-width: 604px) 100vw, 604px\" \/>\t\t\t\t\t\t\t\t<\/a>\n\t\t\t\t\t\t\t\t\t\t\t\t\t\t\t<\/div>\n\t\t\t\t<\/div>\n\t\t\t\t\t<\/div>\n\t\t\t\t<\/div>\n\t\t<div class=\"elementor-element elementor-element-4961bfd e-flex e-con-boxed e-con e-parent\" data-id=\"4961bfd\" data-element_type=\"container\" data-e-type=\"container\">\n\t\t\t\t\t<div class=\"e-con-inner\">\n\t\t\t\t<div class=\"elementor-element elementor-element-55c1c29 elementor-widget elementor-widget-image\" data-id=\"55c1c29\" data-element_type=\"widget\" data-e-type=\"widget\" data-widget_type=\"image.default\">\n\t\t\t\t<div class=\"elementor-widget-container\">\n\t\t\t\t\t\t\t\t\t\t\t\t\t\t\t<img decoding=\"async\" width=\"732\" height=\"1024\" src=\"https:\/\/loopys.pl\/wroclaw\/wp-content\/uploads\/2024\/10\/standardy-ochrony-maloletnich-732x1024.jpg\" class=\"attachment-large size-large wp-image-19556\" alt=\"\" srcset=\"https:\/\/loopys.pl\/wroclaw\/wp-content\/uploads\/2024\/10\/standardy-ochrony-maloletnich-732x1024.jpg 732w, https:\/\/loopys.pl\/wroclaw\/wp-content\/uploads\/2024\/10\/standardy-ochrony-maloletnich-215x300.jpg 215w, https:\/\/loopys.pl\/wroclaw\/wp-content\/uploads\/2024\/10\/standardy-ochrony-maloletnich-768x1074.jpg 768w, https:\/\/loopys.pl\/wroclaw\/wp-content\/uploads\/2024\/10\/standardy-ochrony-maloletnich-1098x1536.jpg 1098w, https:\/\/loopys.pl\/wroclaw\/wp-content\/uploads\/2024\/10\/standardy-ochrony-maloletnich-9x12.jpg 9w, https:\/\/loopys.pl\/wroclaw\/wp-content\/uploads\/2024\/10\/standardy-ochrony-maloletnich.jpg 1430w\" sizes=\"(max-width: 732px) 100vw, 732px\" \/>\t\t\t\t\t\t\t\t\t\t\t\t\t\t\t<\/div>\n\t\t\t\t<\/div>\n\t\t\t\t\t<\/div>\n\t\t\t\t<\/div>\n\t\t\t\t<\/div>\n\t\t","protected":false},"excerpt":{"rendered":"<p>W Loopy\u2019s lubimy si\u0119 bawi\u0107, ale je\u015bli chodzi o bezpiecze\u0144stwo, to \u017carty si\u0119 ko\u0144cz\u0105. Do tej sprawy&nbsp;podchodzimy niezwykle powa\u017cnie. Bezpiecze\u0144stwo naszym Go\u015bciom gwarantujemy poprzez: Wysok\u0105 jako\u015b\u0107 urz\u0105dze\u0144 i atrakcji&nbsp;\u2013 to warunek konieczny. Zabawki i sprz\u0119ty wykonane s\u0105 w UE, &nbsp;z najlepszych i najnowocze\u015bniejszych materia\u0142\u00f3w. Wsp\u00f3\u0142pracujemy ze \u015bwiatowymi liderami w zakresie projektowania i produkcji atrakcji dla&#8230;<\/p>\n","protected":false},"author":11,"featured_media":0,"parent":32,"menu_order":0,"comment_status":"closed","ping_status":"closed","template":"","meta":{"_acf_changed":false,"_kad_blocks_custom_css":"","_kad_blocks_head_custom_js":"","_kad_blocks_body_custom_js":"","_kad_blocks_footer_custom_js":"","_kad_post_transparent":"","_kad_post_title":"hide","_kad_post_layout":"fullwidth","_kad_post_sidebar_id":"","_kad_post_content_style":"unboxed","_kad_post_vertical_padding":"hide","_kad_post_feature":"hide","_kad_post_feature_position":"","_kad_post_header":false,"_kad_post_footer":false,"_kad_post_classname":"","footnotes":""},"class_list":["post-36","page","type-page","status-publish","hentry"],"acf":[],"taxonomy_info":[],"featured_image_src_large":false,"author_info":{"display_name":"Michal","author_link":"https:\/\/loopys.pl\/wroclaw\/author\/michal2\/"},"comment_info":0,"_links":{"self":[{"href":"https:\/\/loopys.pl\/wroclaw\/wp-json\/wp\/v2\/pages\/36","targetHints":{"allow":["GET"]}}],"collection":[{"href":"https:\/\/loopys.pl\/wroclaw\/wp-json\/wp\/v2\/pages"}],"about":[{"href":"https:\/\/loopys.pl\/wroclaw\/wp-json\/wp\/v2\/types\/page"}],"author":[{"embeddable":true,"href":"https:\/\/loopys.pl\/wroclaw\/wp-json\/wp\/v2\/users\/11"}],"replies":[{"embeddable":true,"href":"https:\/\/loopys.pl\/wroclaw\/wp-json\/wp\/v2\/comments?post=36"}],"version-history":[{"count":9,"href":"https:\/\/loopys.pl\/wroclaw\/wp-json\/wp\/v2\/pages\/36\/revisions"}],"predecessor-version":[{"id":20220,"href":"https:\/\/loopys.pl\/wroclaw\/wp-json\/wp\/v2\/pages\/36\/revisions\/20220"}],"up":[{"embeddable":true,"href":"https:\/\/loopys.pl\/wroclaw\/wp-json\/wp\/v2\/pages\/32"}],"wp:attachment":[{"href":"https:\/\/loopys.pl\/wroclaw\/wp-json\/wp\/v2\/media?parent=36"}],"curies":[{"name":"wp","href":"https:\/\/api.w.org\/{rel}","templated":true}]}}