{"id":37,"date":"2023-06-15T13:46:26","date_gmt":"2023-06-15T11:46:26","guid":{"rendered":"https:\/\/loopys.pl\/wroclaw\/oferta\/"},"modified":"2024-07-24T16:26:29","modified_gmt":"2024-07-24T14:26:29","slug":"oferta-imprezy-dzieciece","status":"publish","type":"page","link":"https:\/\/loopys.pl\/wroclaw\/oferta-imprezy-dzieciece\/","title":{"rendered":"Oferta"},"content":{"rendered":"\t\t<div data-elementor-type=\"wp-page\" data-elementor-id=\"37\" class=\"elementor elementor-37\" data-elementor-post-type=\"page\">\n\t\t\t\t<div class=\"elementor-element elementor-element-b3fdd71 e-grid e-con-boxed elementor-invisible e-con e-parent\" data-id=\"b3fdd71\" data-element_type=\"container\" data-e-type=\"container\" data-settings=\"{&quot;animation&quot;:&quot;fadeInUp&quot;}\">\n\t\t\t\t\t<div class=\"e-con-inner\">\n\t\t\t\t<div class=\"elementor-element elementor-element-303265a boxtlo elementor-vertical-align-top elementor-widget elementor-widget-image-box\" data-id=\"303265a\" data-element_type=\"widget\" data-e-type=\"widget\" data-widget_type=\"image-box.default\">\n\t\t\t\t<div class=\"elementor-widget-container\">\n\t\t\t\t\t<div class=\"elementor-image-box-wrapper\"><figure class=\"elementor-image-box-img\"><a href=\"https:\/\/loopys.pl\/wroclaw\/oferta\/urodziny\/\" tabindex=\"-1\"><img fetchpriority=\"high\" decoding=\"async\" width=\"800\" height=\"800\" src=\"https:\/\/loopys.pl\/wroclaw\/wp-content\/uploads\/2023\/08\/urodziny.svg\" class=\"elementor-animation-grow attachment-full size-full wp-image-14094\" alt=\"\" \/><\/a><\/figure><div class=\"elementor-image-box-content\"><h3 class=\"elementor-image-box-title\"><a href=\"https:\/\/loopys.pl\/wroclaw\/oferta\/urodziny\/\">Urodziny<\/a><\/h3><p class=\"elementor-image-box-description\">Organizujemy najbardziej energetyczne przyj\u0119cie urodzinowe dla dzieci z okolic Wroc\u0142awia i Dolnego \u015al\u0105ska!<\/p><\/div><\/div>\t\t\t\t<\/div>\n\t\t\t\t<\/div>\n\t\t\t\t<div class=\"elementor-element elementor-element-88a77eb boxtlo elementor-vertical-align-top elementor-widget elementor-widget-image-box\" data-id=\"88a77eb\" data-element_type=\"widget\" data-e-type=\"widget\" data-widget_type=\"image-box.default\">\n\t\t\t\t<div class=\"elementor-widget-container\">\n\t\t\t\t\t<div class=\"elementor-image-box-wrapper\"><figure class=\"elementor-image-box-img\"><a href=\"https:\/\/loopys.pl\/wroclaw\/oferta\/grupy-zorganizowane\/\" tabindex=\"-1\"><img decoding=\"async\" width=\"800\" height=\"800\" src=\"https:\/\/loopys.pl\/wroclaw\/wp-content\/uploads\/2023\/08\/grupy-zorganizowane.svg\" class=\"elementor-animation-grow attachment-full size-full wp-image-14095\" alt=\"\" \/><\/a><\/figure><div class=\"elementor-image-box-content\"><h3 class=\"elementor-image-box-title\"><a href=\"https:\/\/loopys.pl\/wroclaw\/oferta\/grupy-zorganizowane\/\">Grupy zorganizowane<\/a><\/h3><p class=\"elementor-image-box-description\">Wej\u015bcie pakietowe lub zwyk\u0142e \u2013 wej\u015bcie w ramach wybranego pakietu zawieraj\u0105cego najbardziej korzystn\u0105 opcj\u0119.<\/p><\/div><\/div>\t\t\t\t<\/div>\n\t\t\t\t<\/div>\n\t\t\t\t<div class=\"elementor-element elementor-element-8683292 boxtlo elementor-vertical-align-top elementor-widget elementor-widget-image-box\" data-id=\"8683292\" data-element_type=\"widget\" data-e-type=\"widget\" data-widget_type=\"image-box.default\">\n\t\t\t\t<div class=\"elementor-widget-container\">\n\t\t\t\t\t<div class=\"elementor-image-box-wrapper\"><figure class=\"elementor-image-box-img\"><a href=\"https:\/\/loopys.pl\/wroclaw\/oferta\/firmy\/\" tabindex=\"-1\"><img decoding=\"async\" width=\"800\" height=\"800\" src=\"https:\/\/loopys.pl\/wroclaw\/wp-content\/uploads\/2023\/08\/imprezy-firmowe.svg\" class=\"elementor-animation-grow attachment-full size-full wp-image-14096\" alt=\"\" \/><\/a><\/figure><div class=\"elementor-image-box-content\"><h3 class=\"elementor-image-box-title\"><a href=\"https:\/\/loopys.pl\/wroclaw\/oferta\/firmy\/\">Imprezy firmowe<\/a><\/h3><p class=\"elementor-image-box-description\">Nasza wsp\u00f3\u0142praca mo\u017ce mie\u0107 bardzo r\u00f3\u017cny charakter, ale zawsze skoncentrowana b\u0119dzie wok\u00f3\u0142 zabawy.<\/p><\/div><\/div>\t\t\t\t<\/div>\n\t\t\t\t<\/div>\n\t\t\t\t\t<\/div>\n\t\t\t\t<\/div>\n\t\t<div class=\"elementor-element elementor-element-185c8e1 e-grid e-con-boxed e-con e-parent\" data-id=\"185c8e1\" data-element_type=\"container\" data-e-type=\"container\">\n\t\t\t\t\t<div class=\"e-con-inner\">\n\t\t\t\t<div class=\"elementor-element elementor-element-7f0996e boxtlo elementor-vertical-align-top elementor-invisible elementor-widget elementor-widget-image-box\" data-id=\"7f0996e\" data-element_type=\"widget\" data-e-type=\"widget\" data-settings=\"{&quot;_animation&quot;:&quot;rotateIn&quot;}\" data-widget_type=\"image-box.default\">\n\t\t\t\t<div class=\"elementor-widget-container\">\n\t\t\t\t\t<div class=\"elementor-image-box-wrapper\"><figure class=\"elementor-image-box-img\"><a href=\"https:\/\/loopys.pl\/wroclaw\/wejsciowka-do-loopys-world\/\" tabindex=\"-1\"><img loading=\"lazy\" decoding=\"async\" width=\"1075\" height=\"720\" src=\"https:\/\/loopys.pl\/wroclaw\/wp-content\/uploads\/2023\/09\/bon-upominkowy.png\" class=\"elementor-animation-grow attachment-full size-full wp-image-14293\" alt=\"\" srcset=\"https:\/\/loopys.pl\/wroclaw\/wp-content\/uploads\/2023\/09\/bon-upominkowy.png 1075w, https:\/\/loopys.pl\/wroclaw\/wp-content\/uploads\/2023\/09\/bon-upominkowy-300x201.png 300w, https:\/\/loopys.pl\/wroclaw\/wp-content\/uploads\/2023\/09\/bon-upominkowy-1024x686.png 1024w, https:\/\/loopys.pl\/wroclaw\/wp-content\/uploads\/2023\/09\/bon-upominkowy-768x514.png 768w\" sizes=\"(max-width: 1075px) 100vw, 1075px\" \/><\/a><\/figure><div class=\"elementor-image-box-content\"><h3 class=\"elementor-image-box-title\"><a href=\"https:\/\/loopys.pl\/wroclaw\/wejsciowka-do-loopys-world\/\">Kup wej\u015bcie online<\/a><\/h3><\/div><\/div>\t\t\t\t<\/div>\n\t\t\t\t<\/div>\n\t\t\t\t<div class=\"elementor-element elementor-element-2b7987d boxtlo elementor-vertical-align-top elementor-invisible elementor-widget elementor-widget-image-box\" data-id=\"2b7987d\" data-element_type=\"widget\" data-e-type=\"widget\" data-settings=\"{&quot;_animation&quot;:&quot;fadeInRight&quot;}\" data-widget_type=\"image-box.default\">\n\t\t\t\t<div class=\"elementor-widget-container\">\n\t\t\t\t\t<div class=\"elementor-image-box-wrapper\"><figure class=\"elementor-image-box-img\"><a href=\"https:\/\/loopys.pl\/wroclaw\/oferta\/abonamenty\/\" tabindex=\"-1\"><img loading=\"lazy\" decoding=\"async\" width=\"1005\" height=\"645\" src=\"https:\/\/loopys.pl\/wroclaw\/wp-content\/uploads\/2024\/02\/karta-malucha.jpg\" class=\"elementor-animation-grow attachment-full size-full wp-image-14411\" alt=\"\" srcset=\"https:\/\/loopys.pl\/wroclaw\/wp-content\/uploads\/2024\/02\/karta-malucha.jpg 1005w, https:\/\/loopys.pl\/wroclaw\/wp-content\/uploads\/2024\/02\/karta-malucha-300x193.jpg 300w, https:\/\/loopys.pl\/wroclaw\/wp-content\/uploads\/2024\/02\/karta-malucha-768x493.jpg 768w, https:\/\/loopys.pl\/wroclaw\/wp-content\/uploads\/2024\/02\/karta-malucha-18x12.jpg 18w\" sizes=\"(max-width: 1005px) 100vw, 1005px\" \/><\/a><\/figure><div class=\"elementor-image-box-content\"><h3 class=\"elementor-image-box-title\"><a href=\"https:\/\/loopys.pl\/wroclaw\/oferta\/abonamenty\/\">Abonamenty<\/a><\/h3><p class=\"elementor-image-box-description\">Abonament uprawnia Was do nielimitowanych wej\u015b\u0107 do Loopy\u2019s World<\/p><\/div><\/div>\t\t\t\t<\/div>\n\t\t\t\t<\/div>\n\t\t\t\t\t<\/div>\n\t\t\t\t<\/div>\n\t\t\t\t<\/div>\n\t\t","protected":false},"excerpt":{"rendered":"<p>Urodziny Organizujemy najbardziej energetyczne przyj\u0119cie urodzinowe dla dzieci z okolic Wroc\u0142awia i Dolnego \u015al\u0105ska! Grupy zorganizowane Wej\u015bcie pakietowe lub zwyk\u0142e \u2013 wej\u015bcie w ramach wybranego pakietu zawieraj\u0105cego najbardziej korzystn\u0105 opcj\u0119. Imprezy firmowe Nasza wsp\u00f3\u0142praca mo\u017ce mie\u0107 bardzo r\u00f3\u017cny charakter, ale zawsze skoncentrowana b\u0119dzie wok\u00f3\u0142 zabawy. Kup wej\u015bcie online Abonamenty Abonament uprawnia Was do nielimitowanych wej\u015b\u0107&#8230;<\/p>\n","protected":false},"author":11,"featured_media":0,"parent":0,"menu_order":0,"comment_status":"closed","ping_status":"closed","template":"","meta":{"_acf_changed":false,"_kad_blocks_custom_css":"","_kad_blocks_head_custom_js":"","_kad_blocks_body_custom_js":"","_kad_blocks_footer_custom_js":"","_kad_post_transparent":"","_kad_post_title":"hide","_kad_post_layout":"fullwidth","_kad_post_sidebar_id":"","_kad_post_content_style":"unboxed","_kad_post_vertical_padding":"hide","_kad_post_feature":"hide","_kad_post_feature_position":"","_kad_post_header":false,"_kad_post_footer":false,"_kad_post_classname":"","footnotes":""},"class_list":["post-37","page","type-page","status-publish","hentry"],"acf":[],"taxonomy_info":[],"featured_image_src_large":false,"author_info":{"display_name":"Michal","author_link":"https:\/\/loopys.pl\/wroclaw\/author\/michal2\/"},"comment_info":0,"_links":{"self":[{"href":"https:\/\/loopys.pl\/wroclaw\/wp-json\/wp\/v2\/pages\/37","targetHints":{"allow":["GET"]}}],"collection":[{"href":"https:\/\/loopys.pl\/wroclaw\/wp-json\/wp\/v2\/pages"}],"about":[{"href":"https:\/\/loopys.pl\/wroclaw\/wp-json\/wp\/v2\/types\/page"}],"author":[{"embeddable":true,"href":"https:\/\/loopys.pl\/wroclaw\/wp-json\/wp\/v2\/users\/11"}],"replies":[{"embeddable":true,"href":"https:\/\/loopys.pl\/wroclaw\/wp-json\/wp\/v2\/comments?post=37"}],"version-history":[{"count":1,"href":"https:\/\/loopys.pl\/wroclaw\/wp-json\/wp\/v2\/pages\/37\/revisions"}],"predecessor-version":[{"id":21090,"href":"https:\/\/loopys.pl\/wroclaw\/wp-json\/wp\/v2\/pages\/37\/revisions\/21090"}],"wp:attachment":[{"href":"https:\/\/loopys.pl\/wroclaw\/wp-json\/wp\/v2\/media?parent=37"}],"curies":[{"name":"wp","href":"https:\/\/api.w.org\/{rel}","templated":true}]}}