{"id":40,"date":"2023-06-15T13:46:26","date_gmt":"2023-06-15T11:46:26","guid":{"rendered":"https:\/\/loopys.pl\/wroclaw\/oferta\/urodziny\/regulamin-urodzin\/"},"modified":"2025-12-16T14:27:21","modified_gmt":"2025-12-16T13:27:21","slug":"regulamin-urodzin","status":"publish","type":"page","link":"https:\/\/loopys.pl\/wroclaw\/oferta-imprezy-dzieciece\/urodziny\/regulamin-urodzin\/","title":{"rendered":"Regulamin urodzin"},"content":{"rendered":"\t\t<div data-elementor-type=\"wp-page\" data-elementor-id=\"40\" class=\"elementor elementor-40\" data-elementor-post-type=\"page\">\n\t\t\t\t<div class=\"elementor-element elementor-element-1450eaa e-flex e-con-boxed e-con e-parent\" data-id=\"1450eaa\" data-element_type=\"container\" data-e-type=\"container\">\n\t\t\t\t\t<div class=\"e-con-inner\">\n\t\t\t\t<div class=\"elementor-element elementor-element-f58a0c5 elementor-widget elementor-widget-text-editor\" data-id=\"f58a0c5\" data-element_type=\"widget\" data-e-type=\"widget\" data-widget_type=\"text-editor.default\">\n\t\t\t\t<div class=\"elementor-widget-container\">\n\t\t\t\t\t\t\t\t\t<h3 style=\"text-align: center;\">Og\u00f3lne zasady organizacji przyj\u0119cia urodzinowego:<\/h3>\t\t\t\t\t\t\t\t<\/div>\n\t\t\t\t<\/div>\n\t\t\t\t<div class=\"elementor-element elementor-element-7884386 elementor-widget elementor-widget-text-editor\" data-id=\"7884386\" data-element_type=\"widget\" data-e-type=\"widget\" data-widget_type=\"text-editor.default\">\n\t\t\t\t<div class=\"elementor-widget-container\">\n\t\t\t\t\t\t\t\t\t<ol><li>Na urodziny przychodzimy punktualnie, z du\u017cym zapasem u\u015bmiechu i dobrego humoru.<\/li><li>Przyj\u0119cie urodzinowe trwa 2,5 godziny lub 3 godziny w zale\u017cno\u015bci od wybranego pakietu:<\/li><\/ol><p><strong>Pakiet Odjazd:<\/strong><\/p><ul><li>45 minut\u00a0zabawy\u00a0na Placu Zabaw, nast\u0119pnie 45 minut w wybranym pokoju urodzinowym przy\u00a0wsp\u00f3lnym posi\u0142ku\u00a0i 1 godzina\u00a0swobodnej zabawy\u00a0na Placu Zabaw<\/li><\/ul><p><strong>Pakiet Przygoda:<\/strong><\/p><ul><li>zabawy tematyczne dostosowane do wieku dzieci \u2013 prowadzone przez Animatora, 30 minut w pokoju urodzinowym, przy wsp\u00f3lnym, ciep\u0142ym posi\u0142ku z napojem, swobodna zabawa na Placu Zabaw<\/li><\/ul><p><strong>Pakiet Deluxe:<\/strong><\/p><ul><li>zabawy tematyczne dostosowane do wieku dzieci \u2013 prowadzone przez Animatora, 30 minut w pokoju urodzinowym, przy wsp\u00f3lnym, ciep\u0142ym posi\u0142ku z napojem, 1,5 godziny swobodnej zabawy na Placu Zabaw, przejazdy kolejk\u0105 i samochodzikami bez limitu, szampan bezalkoholowy, pocz\u0119stunek dla doros\u0142ych + kawa i herbata<br \/><h2><strong>REGULAMIN ORGANIZACJI URODZIN LOOPY\u2019S WORLD\u00a0<\/strong><\/h2><ol><li style=\"font-weight: 400;\" aria-level=\"1\"><span style=\"font-weight: 400;\">Rezerwacji mo\u017cna dokona\u0107 poprzez wype\u0142nienie formularza dost\u0119pnego na stronie <\/span><a href=\"http:\/\/www.loopys.pl\"><span style=\"font-weight: 400;\">www.loopys.pl<\/span><\/a><span style=\"font-weight: 400;\"> jak i r\u00f3wnie\u017c w Recepcji Loopy\u2019s World.<\/span><\/li><li style=\"font-weight: 400;\" aria-level=\"1\"><span style=\"font-weight: 400;\">Ze wzgl\u0119du na wzmo\u017cony ruch weekendowy nie zawsze istnieje mo\u017cliwo\u015b\u0107 dokonania rezerwacji oraz obejrzenia pokoj\u00f3w urodzinowych.<\/span><\/li><li style=\"font-weight: 400;\" aria-level=\"1\"><span style=\"font-weight: 400;\">W ci\u0105gu 3 dni od z\u0142o\u017cenia rezerwacji nale\u017cy wp\u0142aci\u0107 zadatek urodzinowy w wysoko\u015bci 25 % od ca\u0142o\u015bciowej kwoty przyj\u0119cia. Zadatek nale\u017cy wp\u0142aci\u0107 na rachunek bankowy Loopy\u2019s numer <\/span><b>03 1750 1325 0000 0000 3359 0059 <\/b><span style=\"font-weight: 400;\">lub w Recepcji.\u00a0<\/span><\/li><li style=\"font-weight: 400;\" aria-level=\"1\"><span style=\"font-weight: 400;\">W tytule nale\u017cy wpisa\u0107 numer rezerwacji, dat\u0119 i imi\u0119 dziecka. Brak podania tych informacji mo\u017ce zosta\u0107 uznany za brak zadatku.\u00a0<\/span><\/li><li style=\"font-weight: 400;\" aria-level=\"1\"><span style=\"font-weight: 400;\">Po wp\u0142acie zadatku rezerwacja uznana jest za przyj\u0119t\u0105. Pozosta\u0142\u0105 cz\u0119\u015b\u0107 nale\u017cno\u015bci nale\u017cy uregulowa\u0107 w dniu urodzin.\u00a0<\/span><\/li><li style=\"font-weight: 400;\" aria-level=\"1\"><span style=\"font-weight: 400;\">Nie nale\u017cy op\u0142aca\u0107 ca\u0142ej warto\u015bci przyj\u0119cia przed planowan\u0105 imprez\u0105. Nie ma mo\u017cliwo\u015bci zwrotu op\u0142aty za Go\u015bci, kt\u00f3rzy nie pojawili si\u0119 na przyj\u0119ciu.\u00a0<\/span><\/li><li style=\"font-weight: 400;\" aria-level=\"1\"><span style=\"font-weight: 400;\">Rezerwacji nale\u017cy dokona\u0107 przynajmniej 5 dni wcze\u015bniej.<\/span><\/li><li style=\"font-weight: 400;\" aria-level=\"1\"><span style=\"font-weight: 400;\">Rezerwacja w okresie kr\u00f3tszym ni\u017c 5 dni przed planowanym przyj\u0119ciem mo\u017cliwa jest tylko w siedzibie Placu Zabaw, jednak nie ma gwarancji, \u017ce dany termin b\u0119dzie dost\u0119pny.\u00a0<\/span><\/li><li style=\"font-weight: 400;\" aria-level=\"1\"><span style=\"font-weight: 400;\">Je\u015bli rezerwacja nast\u0119puje w okresie kr\u00f3tszym ni\u017c 5 dni wp\u0142acenie zadatku wymagane jest w dniu sk\u0142adania rezerwacji w Recepcji.\u00a0<\/span><\/li><li style=\"font-weight: 400;\" aria-level=\"1\"><span style=\"font-weight: 400;\">Rezygnacj\u0119 z urodzin nale\u017cy zg\u0142osi\u0107 najp\u00f3\u017aniej 5 dni przed planowanym przyj\u0119ciem.<\/span><\/li><li style=\"font-weight: 400;\" aria-level=\"1\"><span style=\"font-weight: 400;\">Rezygnacja w okresie kr\u00f3tszym ni\u017c 5 dni wi\u0105\u017ce si\u0119 z op\u0142at\u0105 za tort (w przypadku kiedy nie mo\u017cna odm\u00f3wi\u0107 tortu w cukierni).\u00a0<\/span><\/li><li style=\"font-weight: 400;\" aria-level=\"1\"><span style=\"font-weight: 400;\">Losowe zdarzenia (np. choroba dziecka) b\u0119d\u0105 rozpatrywane indywidualnie, w przypadku przeniesienia urodzin na inny termin obowi\u0105zuje podw\u00f3jna op\u0142ata za zam\u00f3wiony tort.\u00a0<\/span><\/li><li style=\"font-weight: 400;\" aria-level=\"1\"><span style=\"font-weight: 400;\">Przygotowania do przyj\u0119cia urodzinowego rozpoczynaj\u0105 si\u0119 w dniu rezerwacji, dlatego zadatek nie podlega zwrotowi, niezale\u017cnie od terminu zg\u0142oszenia rezygnacji.\u00a0<\/span><\/li><li style=\"font-weight: 400;\" aria-level=\"1\"><span style=\"font-weight: 400;\">Na przyj\u0119cie urodzinowe przychodzimy punktualnie. Nie ma mo\u017cliwo\u015bci wcze\u015bniejszego wej\u015bcia.\u00a0<\/span><\/li><li style=\"font-weight: 400;\" aria-level=\"1\"><span style=\"font-weight: 400;\">W przypadku urodzin z zabaw\u0105 animacyjn\u0105, op\u00f3\u017anienie mo\u017ce spowodowa\u0107 brak mo\u017cliwo\u015bci wzi\u0119cia udzia\u0142u w cz\u0119\u015bci zabaw\u00a0<\/span><\/li><li style=\"font-weight: 400;\" aria-level=\"1\"><span style=\"font-weight: 400;\">Wszelkie zmiany w rezerwacji nale\u017cy zg\u0142osi\u0107 nie p\u00f3\u017aniej ni\u017c 5 dni przed planowanym przyj\u0119ciem drog\u0105 mailow\u0105.\u00a0<\/span><\/li><li style=\"font-weight: 400;\" aria-level=\"1\"><span style=\"font-weight: 400;\">Minimalna liczba dzieci bior\u0105cych udzia\u0142 w przyj\u0119ciu wynosi 8. W przypadku mniejszej ilo\u015bci obowi\u0105zuje p\u0142atno\u015b\u0107 za o\u015bmioro.\u00a0<\/span><\/li><li style=\"font-weight: 400;\" aria-level=\"1\"><span style=\"font-weight: 400;\">Zamawiaj\u0105cy mo\u017ce dokona\u0107 korekty ilo\u015bci dzieci nie p\u00f3\u017aniej ni\u017c 5 dni przed przyj\u0119ciem. Z zastrze\u017ceniem, \u017ce nie ma mo\u017cliwo\u015bci zmniejszenia ilo\u015bci uczestnik\u00f3w poni\u017cej 8.\u00a0<\/span><\/li><li style=\"font-weight: 400;\" aria-level=\"1\"><span style=\"font-weight: 400;\">W przypadku zmniejszenia liczby dzieci i nie poinformowaniu Centrum Loopy\u2019s World minimum 5 dni przed planowanym przyj\u0119ciem, zamawiaj\u0105cy zobowi\u0105zany jest do zap\u0142aty za ilo\u015b\u0107 dzieci, na kt\u00f3r\u0105 zosta\u0142a dokonana rezerwacja.\u00a0<\/span><\/li><li style=\"font-weight: 400;\" aria-level=\"1\"><span style=\"font-weight: 400;\">W przypadku rezerwacji przyj\u0119cia dla wi\u0119cej ni\u017c jednego solenizanta, za ka\u017cdego kolejnego obowi\u0105zuje dodatkowa op\u0142ata w wysoko\u015bci okre\u015blonej w Cenniku.\u00a0<\/span><\/li><li style=\"font-weight: 400;\" aria-level=\"1\"><span style=\"font-weight: 400;\">Wi\u0119ksza liczba solenizant\u00f3w musi zosta\u0107 zg\u0142oszona wcze\u015bniej i zatwierdzona przez Loopy\u2019s.\u00a0<\/span><\/li><li style=\"font-weight: 400;\" aria-level=\"1\"><span style=\"font-weight: 400;\">Na przyj\u0119cie urodzinowe nie mo\u017cna wnosi\u0107 w\u0142asnego pocz\u0119stunku, napoj\u00f3w i przek\u0105sek, z wyj\u0105tkiem tych, kt\u00f3re zosta\u0142y zakupione w Restauracji Loopy\u2019s. Istnieje mo\u017cliwo\u015b\u0107 zam\u00f3wienia tortu.\u00a0<\/span><\/li><li style=\"font-weight: 400;\" aria-level=\"1\"><span style=\"font-weight: 400;\">Istnieje mo\u017cliwo\u015b\u0107 wniesienia tortu nie zakupionego w Loopy\u2019s World, nale\u017cy w\u00f3wczas ui\u015bci\u0107 op\u0142at\u0119 w wysoko\u015bci okre\u015blonej w Cenniku oraz podpisa\u0107 o\u015bwiadczenie, i\u017c tort nie zosta\u0142 zakupiony w Loopy\u2019s oraz, \u017ce organizator przyj\u0119cia ponosi odpowiedzialno\u015b\u0107 za szkody spowodowane spo\u017cyciem tortu. Wz\u00f3r o\u015bwiadczenia stanowi za\u0142\u0105cznik do Regulaminu. Pracownik Centrum mo\u017ce odm\u00f3wi\u0107 krojenia tortu, kt\u00f3ry nie zosta\u0142 zam\u00f3wiony w Centrum.\u00a0<\/span><\/li><li style=\"font-weight: 400;\" aria-level=\"1\"><span style=\"font-weight: 400;\">Przyj\u0119cie urodzinowe trwa zgodnie z wybranym pakietem. Wszystkie pakiety dost\u0119pne w zak\u0142adce <a href=\"https:\/\/loopys.pl\/wroclaw\/oferta\/urodziny\/cennik-imprezy-urodzinowej\/\">URODZINY<\/a><\/span><span style=\"font-weight: 400;\"><a href=\"https:\/\/loopys.pl\/wroclaw\/oferta\/urodziny\/cennik-imprezy-urodzinowej\/\">\u00a0CENNIK<\/a> lub w Recepcji.\u00a0<\/span><\/li><li style=\"font-weight: 400;\" aria-level=\"1\"><span style=\"font-weight: 400;\">Ka\u017cdy pok\u00f3j udost\u0119pniony jest na okre\u015blony czas, zgodny z opisem wybranego pakietu.<\/span><\/li><li style=\"font-weight: 400;\" aria-level=\"1\"><span style=\"font-weight: 400;\">Po czasie sp\u0119dzonym w pokoju urodzinowym prezenty nale\u017cy zabra\u0107 z pokoju.\u00a0<\/span><\/li><li style=\"font-weight: 400;\" aria-level=\"1\"><span style=\"font-weight: 400;\">Za przedmioty pozostawione w pokoju urodzinowym Loopy\u2019s nie odpowiada. Opiekunowie powinni we w\u0142asnym zakresie zabezpieczy\u0107 prezenty urodzinowe oraz inne przedmioty nale\u017c\u0105ce do uczestnik\u00f3w imprezy.\u00a0<\/span><\/li><li style=\"font-weight: 400;\" aria-level=\"1\"><span style=\"font-weight: 400;\">Animator obs\u0142uguje urodziny \u2013 nie bawi si\u0119 z dzie\u0107mi. Jest odpowiedzialny za organizacj\u0119 przebiegu, nie zabaw\u0119.<\/span><\/li><li style=\"font-weight: 400;\" aria-level=\"1\"><span style=\"font-weight: 400;\">Zabawy tematyczne dostosowane s\u0105 do wieku dzieci i dynamiki grupy. Wykaz animacji znajduje si\u0119 w na stronie internetowej w zak\u0142adce\u00a0<\/span><span style=\"font-weight: 400;\"><a href=\"https:\/\/loopys.pl\/wroclaw\/oferta\/urodziny\/cennik-imprezy-urodzinowej\/\" target=\"_blank\" rel=\"noopener\">URODZINY CENNIK<\/a>\u00a0lub w Recepcji.<\/span><\/li><li style=\"font-weight: 400;\" aria-level=\"1\"><span style=\"font-weight: 400;\">Organizator przyj\u0119cia zobowi\u0105zany jest do zapewnienia Opiekun\u00f3w dla dzieci bior\u0105cych udzia\u0142 w przyj\u0119ciu, w ilo\u015bci stosownej do ilo\u015bci i wieku dzieci.<\/span><\/li><li style=\"font-weight: 400;\" aria-level=\"1\"><span style=\"font-weight: 400;\">Odpowiedzialno\u015b\u0107 za dzieci bior\u0105ce udzia\u0142 w przyj\u0119ciu ponosz\u0105 rodzice\/opiekunowie.\u00a0<\/span><\/li><li style=\"font-weight: 400;\" aria-level=\"1\"><span style=\"font-weight: 400;\">Dzieci przed wej\u015bciem na plac otrzymuj\u0105 opaski, dzi\u0119ki kt\u00f3rym mog\u0105 skorzysta\u0107 z wcze\u015bniej wykupionych atrakcji, tj. autka, kolejka, VR.\u00a0<\/span><\/li><li style=\"font-weight: 400;\" aria-level=\"1\"><span style=\"font-weight: 400;\">Organizator przyj\u0119cia otrzymuje czerwony lub \u017c\u00f3\u0142ty zegarek, na kt\u00f3ry mo\u017ce dokona\u0107 dodatkowych op\u0142at, za kt\u00f3re rozlicza si\u0119 pod koniec przyj\u0119cia.\u00a0<\/span><\/li><li style=\"font-weight: 400;\" aria-level=\"1\"><span style=\"font-weight: 400;\">Wszyscy uczestnicy poruszaj\u0105 si\u0119 po Centrum bez but\u00f3w, ale w skarpetkach.\u00a0<\/span><\/li><li style=\"font-weight: 400;\" aria-level=\"1\"><span style=\"font-weight: 400;\">Na przyj\u0119cie zabrania si\u0119 wnosi\u0107 balon\u00f3w, balon\u00f3w z helem, fontann tortowych, konfetti.\u00a0<\/span><\/li><li style=\"font-weight: 400;\" aria-level=\"1\"><span style=\"font-weight: 400;\">Wszelkie zmiany dotycz\u0105ce przyj\u0119cia nale\u017cy zg\u0142asza\u0107 drog\u0105 mailow\u0105 &#8211;\u00a0<\/span><a href=\"mailto:urodziny.wroclaw@loopys.pl\"><span style=\"font-weight: 400;\">urodziny.wroclaw@loopys.pl<\/span><\/a>.<\/li><li style=\"font-weight: 400;\" aria-level=\"1\"><span style=\"font-weight: 400;\">W sprawach nieuregulowanych w niniejszym Regulaminie zastosowanie znajdzie Regulamin Centrum. <\/span><\/li><\/ol><\/li><\/ul><p>UWAGA!<\/p><p>Ze wzgl\u0119du na odbywaj\u0105ce si\u0119 w soboty i niedziele przyj\u0119cia urodzinowe, nie zawsze istnieje mo\u017cliwo\u015b\u0107 obejrzenia pokoj\u00f3w urodzinowych oraz rezerwacji urodzin stacjonarnie. Zach\u0119camy do szybkiej\u00a0<a style=\"font-weight: var( --e-global-typography-text-font-weight ); font-family: var(--global-body-font-family);\" href=\"https:\/\/loopys.pl\/wroclaw\/oferta\/urodziny\/zarezerwuj-urodziny\/\" target=\"_blank\" rel=\"noopener\">rezerwacji online.\u00a0<\/a><\/p>\t\t\t\t\t\t\t\t<\/div>\n\t\t\t\t<\/div>\n\t\t\t\t\t<\/div>\n\t\t\t\t<\/div>\n\t\t\t\t<\/div>\n\t\t","protected":false},"excerpt":{"rendered":"<p>Og\u00f3lne zasady organizacji przyj\u0119cia urodzinowego: Na urodziny przychodzimy punktualnie, z du\u017cym zapasem u\u015bmiechu i dobrego humoru. Przyj\u0119cie urodzinowe trwa 2,5 godziny lub 3 godziny w zale\u017cno\u015bci od wybranego pakietu: Pakiet Odjazd: 45 minut\u00a0zabawy\u00a0na Placu Zabaw, nast\u0119pnie 45 minut w wybranym pokoju urodzinowym przy\u00a0wsp\u00f3lnym posi\u0142ku\u00a0i 1 godzina\u00a0swobodnej zabawy\u00a0na Placu Zabaw Pakiet Przygoda: zabawy tematyczne dostosowane do&#8230;<\/p>\n","protected":false},"author":11,"featured_media":0,"parent":38,"menu_order":0,"comment_status":"closed","ping_status":"closed","template":"","meta":{"_acf_changed":false,"_kad_blocks_custom_css":"","_kad_blocks_head_custom_js":"","_kad_blocks_body_custom_js":"","_kad_blocks_footer_custom_js":"","_kad_post_transparent":"","_kad_post_title":"hide","_kad_post_layout":"fullwidth","_kad_post_sidebar_id":"","_kad_post_content_style":"unboxed","_kad_post_vertical_padding":"hide","_kad_post_feature":"hide","_kad_post_feature_position":"","_kad_post_header":false,"_kad_post_footer":false,"_kad_post_classname":"","footnotes":""},"class_list":["post-40","page","type-page","status-publish","hentry"],"acf":[],"taxonomy_info":[],"featured_image_src_large":false,"author_info":{"display_name":"Michal","author_link":"https:\/\/loopys.pl\/wroclaw\/author\/michal2\/"},"comment_info":0,"_links":{"self":[{"href":"https:\/\/loopys.pl\/wroclaw\/wp-json\/wp\/v2\/pages\/40","targetHints":{"allow":["GET"]}}],"collection":[{"href":"https:\/\/loopys.pl\/wroclaw\/wp-json\/wp\/v2\/pages"}],"about":[{"href":"https:\/\/loopys.pl\/wroclaw\/wp-json\/wp\/v2\/types\/page"}],"author":[{"embeddable":true,"href":"https:\/\/loopys.pl\/wroclaw\/wp-json\/wp\/v2\/users\/11"}],"replies":[{"embeddable":true,"href":"https:\/\/loopys.pl\/wroclaw\/wp-json\/wp\/v2\/comments?post=40"}],"version-history":[{"count":7,"href":"https:\/\/loopys.pl\/wroclaw\/wp-json\/wp\/v2\/pages\/40\/revisions"}],"predecessor-version":[{"id":21746,"href":"https:\/\/loopys.pl\/wroclaw\/wp-json\/wp\/v2\/pages\/40\/revisions\/21746"}],"up":[{"embeddable":true,"href":"https:\/\/loopys.pl\/wroclaw\/wp-json\/wp\/v2\/pages\/38"}],"wp:attachment":[{"href":"https:\/\/loopys.pl\/wroclaw\/wp-json\/wp\/v2\/media?parent=40"}],"curies":[{"name":"wp","href":"https:\/\/api.w.org\/{rel}","templated":true}]}}