{"id":41,"date":"2023-06-15T13:46:26","date_gmt":"2023-06-15T11:46:26","guid":{"rendered":"https:\/\/loopys.pl\/wroclaw\/oferta\/urodziny\/cennik-imprezy-urodzinowej\/"},"modified":"2025-08-07T10:26:11","modified_gmt":"2025-08-07T08:26:11","slug":"cennik-imprezy-urodzinowej","status":"publish","type":"page","link":"https:\/\/loopys.pl\/wroclaw\/oferta-imprezy-dzieciece\/urodziny\/cennik-imprezy-urodzinowej\/","title":{"rendered":"Cennik imprezy urodzinowej"},"content":{"rendered":"\t\t<div data-elementor-type=\"wp-page\" data-elementor-id=\"41\" class=\"elementor elementor-41\" data-elementor-post-type=\"page\">\n\t\t\t\t<div class=\"elementor-element elementor-element-faeb896 e-flex e-con-boxed e-con e-parent\" data-id=\"faeb896\" data-element_type=\"container\" data-e-type=\"container\">\n\t\t\t\t\t<div class=\"e-con-inner\">\n\t\t\t\t<div class=\"elementor-element elementor-element-3b913c3 elementor-widget elementor-widget-text-editor\" data-id=\"3b913c3\" data-element_type=\"widget\" data-e-type=\"widget\" data-widget_type=\"text-editor.default\">\n\t\t\t\t<div class=\"elementor-widget-container\">\n\t\t\t\t\t\t\t\t\t<div class=\"responsive-table-wrapper\">\n<table style=\"font-family: var(--global-body-font-family);\">\n<thead>\n<tr>\n<th><\/th>\n<th style=\"text-align: center;\"><strong>ODJAZD<\/strong><\/th>\n<th style=\"text-align: center;\"><strong>PRZYGODA<\/strong><\/th>\n<th style=\"text-align: center;\"><strong>DELUXE<\/strong><\/th>\n<\/tr>\n<\/thead>\n<tbody>\n<tr>\n<td>Czas trwania urodzin<\/td>\n<td>2,5 h<\/td>\n<td>2,5 h<\/td>\n<td>3 h<\/td>\n<\/tr>\n<tr>\n<td>Zabawy tematyczne<\/td>\n<td>&#8212;-<\/td>\n<td>\n<ul>\n \t<li>Wyprawa w g\u0142\u0105b d\u017cungli<\/li>\n \t<li>Podr\u00f3\u017c dooko\u0142a \u015bwiata<\/li>\n \t<li>Superbohaterowie &#8211; misja specjalna<\/li>\n \t<li>Bingo!<\/li>\n \t<li>Kosmiczne igrzyska<\/li>\n<\/ul>\n<\/td>\n<td>\n<ul>\n \t<li>Wyprawa w g\u0142\u0105b d\u017cungli<\/li>\n \t<li>Podr\u00f3\u017c dooko\u0142a \u015bwiata<\/li>\n \t<li>Superbohaterowie &#8211; misja specjalna<\/li>\n \t<li>Bingo!<\/li>\n \t<li>Kosmiczne igrzyska<\/li>\n<\/ul>\n<\/td>\n<\/tr>\n<tr>\n<td>Rezerwacja pokoju urodzinowego na okre\u015blony czas<\/td>\n<td>tak\n(45 min.)<\/td>\n<td>tak\n(30 min.)<\/td>\n<td>tak\n(30 min.)<\/td>\n<\/tr>\n<tr>\n<td>Zaproszenia dla Go\u015bci<\/td>\n<td>TAK (do pobrania ze strony www lub do zakupu w Recepcji Loopy&#8217;s)<\/td>\n<td>TAK (do pobrania ze strony www lub do zakupu w Recepcji Loopy&#8217;s)<\/td>\n<td>TAK (do odbioru w Recepcji Loopy&#8217;s)<\/td>\n<\/tr>\n<tr>\n<td>Ciep\u0142a przek\u0105ska i nap\u00f3j<\/td>\n<td>TAK<\/td>\n<td>TAK<\/td>\n<td>TAK<\/td>\n<\/tr>\n<tr>\n<td>Prezent od Loopy&#8217;s dla Solenizanta<\/td>\n<td>TAK<\/td>\n<td>TAK<\/td>\n<td>TAK<\/td>\n<\/tr>\n<tr>\n<td>Stolik w restauracji dla Rodzic\u00f3w<\/td>\n<td>TAK<\/td>\n<td>TAK<\/td>\n<td>TAK<\/td>\n<\/tr>\n<tr>\n<td>Przejazdy kolejk\u0105 \/ samochodami<\/td>\n<td>&#8212;-<\/td>\n<td>&#8212;-<\/td>\n<td>TAK (bez limitu)<\/td>\n<\/tr>\n<tr>\n<td>Tort (10\/15\/20 PORCJI )*\n\n* opcja dodatkowo p\u0142atna<\/td>\n<td><strong>Smaki:<\/strong>\n\u015bmietanka, oreo, mango-marakuja, truskawka, malina-banan\n<strong>Cena:<\/strong>\n10 porcji -&gt; 170 z\u0142\n15 porcji -&gt; 225 z\u0142\n20 porcji -&gt; 265 z\u0142<\/td>\n<td><strong>Smaki:<\/strong>\n\u015bmietanka, oreo, mango-marakuja, truskawka, malina-banan\n<strong>Cena:<\/strong>\n10 porcji -&gt; 170 z\u0142\n15 porcji -&gt; 225 z\u0142\n20 porcji -&gt; 265 z\u0142<\/td>\n<td><strong>Smaki:<\/strong>\n\u015bmietanka, oreo,\u00a0 mango-marakuja, truskawka, malina-banan\n<strong>Cena:<\/strong>\n10 porcji -&gt; 170 z\u0142\n15 porcji -&gt; 225 z\u0142\n20 porcji -&gt; 265 z\u0142<\/td>\n<\/tr>\n<tr>\n<td>Szampan bezalkoholowy<\/td>\n<td>&#8212;-<\/td>\n<td>&#8212;-<\/td>\n<td>TAK<\/td>\n<\/tr>\n<tr>\n<td>Patera przek\u0105sek s\u0142odkich i s\u0142onych<\/td>\n<td>&#8212;-<\/td>\n<td>&#8212;-<\/td>\n<td>TAK<\/td>\n<\/tr>\n<tr>\n<td>Patera ciast dla doros\u0142ych<\/td>\n<td>&#8212;-<\/td>\n<td>&#8212;-<\/td>\n<td>TAK<\/td>\n<\/tr>\n<tr>\n<td>Kawa (bia\u0142a\/czarna)<\/td>\n<td>&#8212;-<\/td>\n<td>&#8212;-<\/td>\n<td>TAK<\/td>\n<\/tr>\n<tr>\n<td><strong>CENA PAKIETU<\/strong><\/td>\n<td><strong>90 z\u0142 \/ os<\/strong><\/td>\n<td><strong>110 z\u0142 \/ os<\/strong><\/td>\n<td><strong>155 z\u0142 \/ os<\/strong><\/td>\n<\/tr>\n<tr>\n<td colspan=\"2\"><strong>PROMOCJE<\/strong><\/td>\n<td><\/td>\n<td><\/td>\n<td><\/td>\n<\/tr>\n<tr>\n<td colspan=\"4\">Du\u017ce przyj\u0119cie: rabat 15% na 16-te i ka\u017cde kolejne dziecko\nNasz Wroc\u0142aw: 5% rabatu na organizacj\u0119 przyj\u0119cia urodzinowego z aplikacj\u0105 Nasz Wroc\u0142aw<\/td>\n<td><\/td>\n<\/tr>\n<\/tbody>\n<\/table>\n<h2>DODATKOWO P\u0141ATNE<\/h2>\n<div>\n\nWybuchowy balon s\u0142odko\u015bci75 z\u0142 \/ szt.\n<table>\n<tbody>\n<tr>\n<td>Drugi Solenizant<\/td>\n<td>70 z\u0142<\/td>\n<\/tr>\n<tr>\n<td>Przyj\u0119cie w j\u0119zyku angielskim<\/td>\n<td>150 z\u0142<\/td>\n<\/tr>\n<tr>\n<td>Przejazdy kolejk\u0105 \/ gokartami elektrycznymi<\/td>\n<td>od 6 z\u0142 \/ os.<\/td>\n<\/tr>\n<tr>\n<td>Szampan bezalkoholowy<\/td>\n<td>25 z\u0142 \/ szt.<\/td>\n<\/tr>\n<tr>\n<td>Minimelts (lody kuleczkowe)<\/td>\n<td>12 z\u0142 \/ os.<\/td>\n<\/tr>\n<tr>\n<td>Patera owoc\u00f3w<\/td>\n<td>70 z\u0142 \/ 1,2kg<\/td>\n<\/tr>\n<tr>\n<td>Patera przek\u0105sek s\u0142odkich i s\u0142onych<\/td>\n<td>60 z\u0142 \/ szt.<\/td>\n<\/tr>\n<tr>\n<td>Dodatkowy nap\u00f3j w dzbanku (1,5l.)<\/td>\n<td>25 z\u0142 \/ szt.<\/td>\n<\/tr>\n<tr>\n<td>Upominek dla go\u015bci<\/td>\n<td>15 z\u0142 \/ szt.<\/td>\n<\/tr>\n<tr>\n<td>Op\u0142ata za w\u0142asny tort<\/td>\n<td>100 z\u0142 \/ szt.<\/td>\n<\/tr>\n<tr>\n<td>\u017betony do automat\u00f3w\n20szt. \/ 30szt. \/ 40 szt.<\/td>\n<td>76z\u0142 \/ 111z\u0142 \/ 144z\u0142<\/td>\n<\/tr>\n<tr>\n<td>Przed\u0142u\u017cenie imprezy urodzinowej<\/td>\n<td>\u00a0100 z\u0142\/ 1h<\/td>\n<\/tr>\n<tr>\n<td>Ga\u0142ka loda w wafelku<\/td>\n<td>5 z\u0142 \/ szt.<\/td>\n<\/tr>\n<tr>\n<td>Cake pops \/ <strong>NOWO\u015a\u0106!\u00a0<\/strong><\/td>\n<td>50 z\u0142 \/ 10 szt.<\/td>\n<\/tr>\n<tr>\n<td>Patera \u017celek \/ <strong>NOWO\u015a\u0106!\u00a0<\/strong><\/td>\n<td>60 z\u0142<\/td>\n<\/tr>\n<tr>\n<td>Gra PIXEL RUSH (rezerwacja telefoniczna min. 3 dni wcze\u015bniej)\/ <strong>NOWO\u015a\u0106!\u00a0<\/strong><\/td>\n<td>10 z\u0142\/ os. <\/td>\n<\/tr>\n<tr>\n<td>Zaproszenia urodzinowe<\/td>\n<td>3 z\u0142 \/ szt.<\/td>\n<\/tr>\n<tr>\n<td><strong>DLA RODZIC\u00d3W<\/strong><\/td>\n<td><\/td>\n<\/tr>\n<tr>\n<td>Kawa (bia\u0142a\/czarna)<\/td>\n<td>10 z\u0142 \/ os.<\/td>\n<\/tr>\n<tr>\n<td>Patera ciast<\/td>\n<td>75 z\u0142 \/ szt.<\/td>\n<\/tr>\n<tr>\n<td>Pocz\u0119stunek dla doros\u0142ych &#8211; opcja 1\n\n2x pizza, patera ciast, kawa i herbata bez limitu, dzbanek soku jab\u0142kowego, dzbanek lemoniady<\/td>\n<td>200 z\u0142<\/td>\n<\/tr>\n<tr>\n<td>Pocz\u0119stunek dla doros\u0142ych &#8211; opcja 2\n2x pizza, patera owoc\u00f3w, dzbanek soku jab\u0142kowego, dzbanek lemoniady<\/td>\n<td>160 z\u0142<\/td>\n<\/tr>\n<\/tbody>\n<\/table>\n<\/div>\n<\/div>\t\t\t\t\t\t\t\t<\/div>\n\t\t\t\t<\/div>\n\t\t\t\t\t<\/div>\n\t\t\t\t<\/div>\n\t\t<div class=\"elementor-element elementor-element-c863ee2 e-flex e-con-boxed e-con e-parent\" data-id=\"c863ee2\" data-element_type=\"container\" data-e-type=\"container\">\n\t\t\t\t\t<div class=\"e-con-inner\">\n\t\t\t\t\t<\/div>\n\t\t\t\t<\/div>\n\t\t\t\t<\/div>\n\t\t","protected":false},"excerpt":{"rendered":"<p>ODJAZD PRZYGODA DELUXE Czas trwania urodzin 2,5 h 2,5 h 3 h Zabawy tematyczne &#8212;- Wyprawa w g\u0142\u0105b d\u017cungli Podr\u00f3\u017c dooko\u0142a \u015bwiata Superbohaterowie &#8211; misja specjalna Bingo! Kosmiczne igrzyska Wyprawa w g\u0142\u0105b d\u017cungli Podr\u00f3\u017c dooko\u0142a \u015bwiata Superbohaterowie &#8211; misja specjalna Bingo! Kosmiczne igrzyska Rezerwacja pokoju urodzinowego na okre\u015blony czas tak (45 min.) tak (30 min.)&#8230;<\/p>\n","protected":false},"author":11,"featured_media":0,"parent":38,"menu_order":0,"comment_status":"closed","ping_status":"closed","template":"","meta":{"_acf_changed":false,"_kad_blocks_custom_css":"","_kad_blocks_head_custom_js":"","_kad_blocks_body_custom_js":"","_kad_blocks_footer_custom_js":"","_kad_post_transparent":"","_kad_post_title":"hide","_kad_post_layout":"normal","_kad_post_sidebar_id":"","_kad_post_content_style":"unboxed","_kad_post_vertical_padding":"hide","_kad_post_feature":"hide","_kad_post_feature_position":"","_kad_post_header":false,"_kad_post_footer":false,"_kad_post_classname":"","footnotes":""},"class_list":["post-41","page","type-page","status-publish","hentry"],"acf":[],"taxonomy_info":[],"featured_image_src_large":false,"author_info":{"display_name":"Michal","author_link":"https:\/\/loopys.pl\/wroclaw\/author\/michal2\/"},"comment_info":0,"_links":{"self":[{"href":"https:\/\/loopys.pl\/wroclaw\/wp-json\/wp\/v2\/pages\/41","targetHints":{"allow":["GET"]}}],"collection":[{"href":"https:\/\/loopys.pl\/wroclaw\/wp-json\/wp\/v2\/pages"}],"about":[{"href":"https:\/\/loopys.pl\/wroclaw\/wp-json\/wp\/v2\/types\/page"}],"author":[{"embeddable":true,"href":"https:\/\/loopys.pl\/wroclaw\/wp-json\/wp\/v2\/users\/11"}],"replies":[{"embeddable":true,"href":"https:\/\/loopys.pl\/wroclaw\/wp-json\/wp\/v2\/comments?post=41"}],"version-history":[{"count":35,"href":"https:\/\/loopys.pl\/wroclaw\/wp-json\/wp\/v2\/pages\/41\/revisions"}],"predecessor-version":[{"id":21499,"href":"https:\/\/loopys.pl\/wroclaw\/wp-json\/wp\/v2\/pages\/41\/revisions\/21499"}],"up":[{"embeddable":true,"href":"https:\/\/loopys.pl\/wroclaw\/wp-json\/wp\/v2\/pages\/38"}],"wp:attachment":[{"href":"https:\/\/loopys.pl\/wroclaw\/wp-json\/wp\/v2\/media?parent=41"}],"curies":[{"name":"wp","href":"https:\/\/api.w.org\/{rel}","templated":true}]}}