{"id":46,"date":"2023-06-15T13:46:26","date_gmt":"2023-06-15T11:46:26","guid":{"rendered":"https:\/\/loopys.pl\/wroclaw\/oferta\/grupy-zorganizowane\/cennik-dla-grup\/"},"modified":"2024-07-26T11:48:36","modified_gmt":"2024-07-26T09:48:36","slug":"cennik-dla-grup","status":"publish","type":"page","link":"https:\/\/loopys.pl\/wroclaw\/oferta-imprezy-dzieciece\/grupy-zorganizowane\/cennik-dla-grup\/","title":{"rendered":"Cennik dla grup"},"content":{"rendered":"\t\t<div data-elementor-type=\"wp-page\" data-elementor-id=\"46\" class=\"elementor elementor-46\" data-elementor-post-type=\"page\">\n\t\t\t\t<div class=\"elementor-element elementor-element-81616e0 e-flex e-con-boxed e-con e-parent\" data-id=\"81616e0\" data-element_type=\"container\" data-e-type=\"container\">\n\t\t\t\t\t<div class=\"e-con-inner\">\n\t\t\t\t<div class=\"elementor-element elementor-element-4692135 elementor-widget elementor-widget-heading\" data-id=\"4692135\" data-element_type=\"widget\" data-e-type=\"widget\" data-widget_type=\"heading.default\">\n\t\t\t\t<div class=\"elementor-widget-container\">\n\t\t\t\t\t<h2 class=\"elementor-heading-title elementor-size-default\">PROMOCJE<\/h2>\t\t\t\t<\/div>\n\t\t\t\t<\/div>\n\t\t\t\t<div class=\"elementor-element elementor-element-a30112c elementor-widget elementor-widget-text-editor\" data-id=\"a30112c\" data-element_type=\"widget\" data-e-type=\"widget\" data-widget_type=\"text-editor.default\">\n\t\t\t\t<div class=\"elementor-widget-container\">\n\t\t\t\t\t\t\t\t\t<h5>DU\u017bE GRUPY\u00a0\ud83d\ude00<\/h5>\nDla du\u017cych grup dzieci z jednej szko\u0142y lub przedszkola, kt\u00f3rzy odwiedz\u0105 nas jednego dnia mamy specjalne ceny i rabaty.\n<ul class=\"kids-list\">\n \t<li>Grupa min. 50 dzieci \u2013 1 z\u0142 taniej od dziecka<\/li>\n \t<li>Grupa min. 80 dzieci \u2013 1,5 z\u0142 taniej od dziecka<\/li>\n \t<li>Grupa min. 100 dzieci \u2013 2 z\u0142 taniej od dziecka<\/li>\n<\/ul>\nPromocja dotyczy tylko wej\u015b\u0107 pakietowych lub na 2,5h.\n\nPromocja nie \u0142\u0105czy si\u0119 z innymi.\t\t\t\t\t\t\t\t<\/div>\n\t\t\t\t<\/div>\n\t\t\t\t\t<\/div>\n\t\t\t\t<\/div>\n\t\t\t\t<\/div>\n\t\t","protected":false},"excerpt":{"rendered":"<p>PROMOCJE DU\u017bE GRUPY\u00a0\ud83d\ude00 Dla du\u017cych grup dzieci z jednej szko\u0142y lub przedszkola, kt\u00f3rzy odwiedz\u0105 nas jednego dnia mamy specjalne ceny i rabaty. Grupa min. 50 dzieci \u2013 1 z\u0142 taniej od dziecka Grupa min. 80 dzieci \u2013 1,5 z\u0142 taniej od dziecka Grupa min. 100 dzieci \u2013 2 z\u0142 taniej od dziecka Promocja dotyczy tylko&#8230;<\/p>\n","protected":false},"author":11,"featured_media":0,"parent":43,"menu_order":0,"comment_status":"closed","ping_status":"closed","template":"","meta":{"_acf_changed":false,"_kad_blocks_custom_css":"","_kad_blocks_head_custom_js":"","_kad_blocks_body_custom_js":"","_kad_blocks_footer_custom_js":"","_kad_post_transparent":"","_kad_post_title":"hide","_kad_post_layout":"fullwidth","_kad_post_sidebar_id":"","_kad_post_content_style":"unboxed","_kad_post_vertical_padding":"hide","_kad_post_feature":"hide","_kad_post_feature_position":"","_kad_post_header":false,"_kad_post_footer":false,"_kad_post_classname":"","footnotes":""},"class_list":["post-46","page","type-page","status-publish","hentry"],"acf":[],"taxonomy_info":[],"featured_image_src_large":false,"author_info":{"display_name":"Michal","author_link":"https:\/\/loopys.pl\/wroclaw\/author\/michal2\/"},"comment_info":0,"_links":{"self":[{"href":"https:\/\/loopys.pl\/wroclaw\/wp-json\/wp\/v2\/pages\/46","targetHints":{"allow":["GET"]}}],"collection":[{"href":"https:\/\/loopys.pl\/wroclaw\/wp-json\/wp\/v2\/pages"}],"about":[{"href":"https:\/\/loopys.pl\/wroclaw\/wp-json\/wp\/v2\/types\/page"}],"author":[{"embeddable":true,"href":"https:\/\/loopys.pl\/wroclaw\/wp-json\/wp\/v2\/users\/11"}],"replies":[{"embeddable":true,"href":"https:\/\/loopys.pl\/wroclaw\/wp-json\/wp\/v2\/comments?post=46"}],"version-history":[{"count":0,"href":"https:\/\/loopys.pl\/wroclaw\/wp-json\/wp\/v2\/pages\/46\/revisions"}],"up":[{"embeddable":true,"href":"https:\/\/loopys.pl\/wroclaw\/wp-json\/wp\/v2\/pages\/43"}],"wp:attachment":[{"href":"https:\/\/loopys.pl\/wroclaw\/wp-json\/wp\/v2\/media?parent=46"}],"curies":[{"name":"wp","href":"https:\/\/api.w.org\/{rel}","templated":true}]}}