{"id":49,"date":"2023-06-15T13:46:26","date_gmt":"2023-06-15T11:46:26","guid":{"rendered":"https:\/\/loopys.pl\/wroclaw\/oferta\/firmy\/wejsciowki\/"},"modified":"2026-02-16T11:38:28","modified_gmt":"2026-02-16T10:38:28","slug":"wejsciowki-wroclaw","status":"publish","type":"page","link":"https:\/\/loopys.pl\/wroclaw\/oferta-imprezy-dzieciece\/imprezy-firmowe-wroclaw\/wejsciowki-wroclaw\/","title":{"rendered":"Wej\u015bci\u00f3wki"},"content":{"rendered":"\t\t<div data-elementor-type=\"wp-page\" data-elementor-id=\"49\" class=\"elementor elementor-49\" data-elementor-post-type=\"page\">\n\t\t\t\t<div class=\"elementor-element elementor-element-33674d1 e-flex e-con-boxed e-con e-parent\" data-id=\"33674d1\" data-element_type=\"container\" data-e-type=\"container\">\n\t\t\t\t\t<div class=\"e-con-inner\">\n\t\t\t\t<div class=\"elementor-element elementor-element-47e03dc elementor-widget elementor-widget-heading\" data-id=\"47e03dc\" data-element_type=\"widget\" data-e-type=\"widget\" data-widget_type=\"heading.default\">\n\t\t\t\t<div class=\"elementor-widget-container\">\n\t\t\t\t\t<h2 class=\"elementor-heading-title elementor-size-default\">WEJ\u015aCI\u00d3WKI I KARNETY DLA PRACOWNIK\u00d3W<\/h2>\t\t\t\t<\/div>\n\t\t\t\t<\/div>\n\t\t\t\t\t<\/div>\n\t\t\t\t<\/div>\n\t\t<div class=\"elementor-element elementor-element-8328e6f e-flex e-con-boxed e-con e-parent\" data-id=\"8328e6f\" data-element_type=\"container\" data-e-type=\"container\">\n\t\t\t\t\t<div class=\"e-con-inner\">\n\t\t\t\t<div class=\"elementor-element elementor-element-e116206 elementor-widget elementor-widget-text-editor\" data-id=\"e116206\" data-element_type=\"widget\" data-e-type=\"widget\" data-widget_type=\"text-editor.default\">\n\t\t\t\t<div class=\"elementor-widget-container\">\n\t\t\t\t\t\t\t\t\t<h4>Wizyta w Loopy\u2019s to zabawa i rado\u015b\u0107 dla dzieci oraz doros\u0142ych.<\/h4><p>Loopy\u2019s we Wroc\u0142awiu to najwi\u0119kszy kryty plac zabaw pe\u0142en atrakcji rodzinnych w Polsce. Tunele i liczne przej\u015bcia pomi\u0119dzy poszczeg\u00f3lnymi elementami wielopoziomowej konstrukcji, zje\u017cd\u017calnie, trampoliny, du\u017ce i lekkie klocki oraz armatki, kolejka i autka elektryczne. To tylko kilka z atrakcji, jakie czekaj\u0105 na Was w Loopy\u2019s. Wyr\u00f3\u017cnikiem Centrum jest wsp\u00f3lna i aktywna zabawa.<\/p>\t\t\t\t\t\t\t\t<\/div>\n\t\t\t\t<\/div>\n\t\t\t\t<div class=\"elementor-element elementor-element-453d564 elementor-widget elementor-widget-text-editor\" data-id=\"453d564\" data-element_type=\"widget\" data-e-type=\"widget\" data-widget_type=\"text-editor.default\">\n\t\t\t\t<div class=\"elementor-widget-container\">\n\t\t\t\t\t\t\t\t\t<p><strong>Bardzo atrakcyjne oferty dla firm ju\u017c przy zakupie 10 wej\u015bci\u00f3wek.<\/strong><\/p><p>Czym wi\u0119cej wej\u015bci\u00f3wek, tym wi\u0119cej korzy\u015bci.<br \/>Napisz i dowiedz si\u0119 jak\u0119 ofert\u0119 mamy dla Ciebie.<br \/>Justyna Popielas <br \/>e-mail: firmy.wroclaw@loopys.pl<\/p><p><strong>Wej\u015bci\u00f3wki dla pracownik\u00f3w, na przyk\u0142ad z okazji Miko\u0142ajek lub Dnia Dziecka, to same korzy\u015bci:<\/strong><\/p>\t\t\t\t\t\t\t\t<\/div>\n\t\t\t\t<\/div>\n\t\t\t\t\t<\/div>\n\t\t\t\t<\/div>\n\t\t<div class=\"elementor-element elementor-element-1d7d639 e-flex e-con-boxed e-con e-parent\" data-id=\"1d7d639\" data-element_type=\"container\" data-e-type=\"container\">\n\t\t\t\t\t<div class=\"e-con-inner\">\n\t\t\t\t<div class=\"elementor-element elementor-element-f0eda5c elementor-widget elementor-widget-heading\" data-id=\"f0eda5c\" data-element_type=\"widget\" data-e-type=\"widget\" data-widget_type=\"heading.default\">\n\t\t\t\t<div class=\"elementor-widget-container\">\n\t\t\t\t\t<h2 class=\"elementor-heading-title elementor-size-default\">DLA PRACOWNIK\u00d3W:<\/h2>\t\t\t\t<\/div>\n\t\t\t\t<\/div>\n\t\t\t\t<div class=\"elementor-element elementor-element-d7dfb12 elementor-widget elementor-widget-text-editor\" data-id=\"d7dfb12\" data-element_type=\"widget\" data-e-type=\"widget\" data-widget_type=\"text-editor.default\">\n\t\t\t\t<div class=\"elementor-widget-container\">\n\t\t\t\t\t\t\t\t\t<ul class=\"kids-list\"><li>D\u0142ugi termin realizacji (minimalny termin wa\u017cno\u015bci wej\u015bci\u00f3wki to 3 miesi\u0119cy).<\/li><li>Pracownik sam decyduje, kiedy chce go wykorzysta\u0107.<\/li><li>Jedna wej\u015bci\u00f3wka uprawnia do wej\u015bcia do Loopy\u2019s 1 dziecko + nieograniczon\u0105 ilo\u015b\u0107 towarzysz\u0105cych os\u00f3b doros\u0142ych.<\/li><li>Prezent, kt\u00f3ry buduje wi\u0119zi rodzinne i sk\u0142ania do aktywnego sp\u0119dzania czasu, w gronie najbli\u017cszych.<\/li><li>Mo\u017cliwo\u015b\u0107 uczestniczenia w wybranych zabawach i animacjach tematycznych. Przez ca\u0142e wakacje, w ka\u017cdy weekend b\u0119dziemy zabiera\u0107 naszych go\u015bci w niezwyk\u0142y \u015bwiat zabaw animacyjnych, anga\u017cuj\u0105cych wyobra\u017ani\u0119 i kreatywno\u015b\u0107.<\/li><\/ul>\t\t\t\t\t\t\t\t<\/div>\n\t\t\t\t<\/div>\n\t\t\t\t\t<\/div>\n\t\t\t\t<\/div>\n\t\t<div class=\"elementor-element elementor-element-38821f7 e-flex e-con-boxed e-con e-parent\" data-id=\"38821f7\" data-element_type=\"container\" data-e-type=\"container\">\n\t\t\t\t\t<div class=\"e-con-inner\">\n\t\t\t\t<div class=\"elementor-element elementor-element-071380f elementor-widget elementor-widget-heading\" data-id=\"071380f\" data-element_type=\"widget\" data-e-type=\"widget\" data-widget_type=\"heading.default\">\n\t\t\t\t<div class=\"elementor-widget-container\">\n\t\t\t\t\t<h2 class=\"elementor-heading-title elementor-size-default\">DLA PRACODAWCY:<\/h2>\t\t\t\t<\/div>\n\t\t\t\t<\/div>\n\t\t\t\t<div class=\"elementor-element elementor-element-a393afd elementor-widget elementor-widget-text-editor\" data-id=\"a393afd\" data-element_type=\"widget\" data-e-type=\"widget\" data-widget_type=\"text-editor.default\">\n\t\t\t\t<div class=\"elementor-widget-container\">\n\t\t\t\t\t\t\t\t\t<ul class=\"kids-list\"><li>Oryginalne narz\u0119dzie motywacyjne i pozwalaj\u0105ce zachowa\u0107 work life balance<\/li><li>Wizerunek firmy prorodzinnej i nowoczesnej<\/li><li>Zwi\u0119kszenie konkurencyjno\u015bci na rynku pracodawc\u00f3w<\/li><li>Zadowolenie dzieci pracownik\u00f3w i ich rodzin<\/li><li>Bardzo korzystne warunki wsp\u00f3\u0142pracy<\/li><\/ul>\t\t\t\t\t\t\t\t<\/div>\n\t\t\t\t<\/div>\n\t\t\t\t\t<\/div>\n\t\t\t\t<\/div>\n\t\t<div class=\"elementor-element elementor-element-698efaa e-flex e-con-boxed e-con e-parent\" data-id=\"698efaa\" data-element_type=\"container\" data-e-type=\"container\">\n\t\t\t\t\t<div class=\"e-con-inner\">\n\t\t\t\t<div class=\"elementor-element elementor-element-6cfa253 elementor-widget elementor-widget-text-editor\" data-id=\"6cfa253\" data-element_type=\"widget\" data-e-type=\"widget\" data-widget_type=\"text-editor.default\">\n\t\t\t\t<div class=\"elementor-widget-container\">\n\t\t\t\t\t\t\t\t\t<p>Chcesz wyr\u00f3\u017cni\u0107 swoich pracownik\u00f3w, nagrodzi\u0107 ich za dobre wyniki, zmotywowa\u0107 i zwi\u0119kszy\u0107 ich zaanga\u017cowanie?<\/p>\t\t\t\t\t\t\t\t<\/div>\n\t\t\t\t<\/div>\n\t\t\t\t\t<\/div>\n\t\t\t\t<\/div>\n\t\t\t\t<\/div>\n\t\t","protected":false},"excerpt":{"rendered":"<p>WEJ\u015aCI\u00d3WKI I KARNETY DLA PRACOWNIK\u00d3W Wizyta w Loopy\u2019s to zabawa i rado\u015b\u0107 dla dzieci oraz doros\u0142ych. Loopy\u2019s we Wroc\u0142awiu to najwi\u0119kszy kryty plac zabaw pe\u0142en atrakcji rodzinnych w Polsce. Tunele i liczne przej\u015bcia pomi\u0119dzy poszczeg\u00f3lnymi elementami wielopoziomowej konstrukcji, zje\u017cd\u017calnie, trampoliny, du\u017ce i lekkie klocki oraz armatki, kolejka i autka elektryczne. To tylko kilka z atrakcji,&#8230;<\/p>\n","protected":false},"author":11,"featured_media":0,"parent":47,"menu_order":0,"comment_status":"closed","ping_status":"closed","template":"","meta":{"_acf_changed":false,"_kad_blocks_custom_css":"","_kad_blocks_head_custom_js":"","_kad_blocks_body_custom_js":"","_kad_blocks_footer_custom_js":"","_kad_post_transparent":"","_kad_post_title":"hide","_kad_post_layout":"fullwidth","_kad_post_sidebar_id":"","_kad_post_content_style":"unboxed","_kad_post_vertical_padding":"hide","_kad_post_feature":"hide","_kad_post_feature_position":"","_kad_post_header":false,"_kad_post_footer":false,"_kad_post_classname":"","footnotes":""},"class_list":["post-49","page","type-page","status-publish","hentry"],"acf":[],"taxonomy_info":[],"featured_image_src_large":false,"author_info":{"display_name":"Michal","author_link":"https:\/\/loopys.pl\/wroclaw\/author\/michal2\/"},"comment_info":0,"_links":{"self":[{"href":"https:\/\/loopys.pl\/wroclaw\/wp-json\/wp\/v2\/pages\/49","targetHints":{"allow":["GET"]}}],"collection":[{"href":"https:\/\/loopys.pl\/wroclaw\/wp-json\/wp\/v2\/pages"}],"about":[{"href":"https:\/\/loopys.pl\/wroclaw\/wp-json\/wp\/v2\/types\/page"}],"author":[{"embeddable":true,"href":"https:\/\/loopys.pl\/wroclaw\/wp-json\/wp\/v2\/users\/11"}],"replies":[{"embeddable":true,"href":"https:\/\/loopys.pl\/wroclaw\/wp-json\/wp\/v2\/comments?post=49"}],"version-history":[{"count":3,"href":"https:\/\/loopys.pl\/wroclaw\/wp-json\/wp\/v2\/pages\/49\/revisions"}],"predecessor-version":[{"id":22046,"href":"https:\/\/loopys.pl\/wroclaw\/wp-json\/wp\/v2\/pages\/49\/revisions\/22046"}],"up":[{"embeddable":true,"href":"https:\/\/loopys.pl\/wroclaw\/wp-json\/wp\/v2\/pages\/47"}],"wp:attachment":[{"href":"https:\/\/loopys.pl\/wroclaw\/wp-json\/wp\/v2\/media?parent=49"}],"curies":[{"name":"wp","href":"https:\/\/api.w.org\/{rel}","templated":true}]}}