{"id":53,"date":"2023-06-15T13:46:26","date_gmt":"2023-06-15T11:46:26","guid":{"rendered":"https:\/\/loopys.pl\/wroclaw\/cennik\/"},"modified":"2026-04-07T19:00:05","modified_gmt":"2026-04-07T17:00:05","slug":"cennik","status":"publish","type":"page","link":"https:\/\/loopys.pl\/wroclaw\/cennik\/","title":{"rendered":"Cennik"},"content":{"rendered":"\t\t<div data-elementor-type=\"wp-page\" data-elementor-id=\"53\" class=\"elementor elementor-53\" data-elementor-post-type=\"page\">\n\t\t\t\t<div class=\"elementor-element elementor-element-c6d650a e-flex e-con-boxed e-con e-parent\" data-id=\"c6d650a\" data-element_type=\"container\" data-e-type=\"container\">\n\t\t\t\t\t<div class=\"e-con-inner\">\n\t\t\t\t<div class=\"elementor-element elementor-element-871f6f6 elementor-widget elementor-widget-heading\" data-id=\"871f6f6\" data-element_type=\"widget\" data-e-type=\"widget\" data-widget_type=\"heading.default\">\n\t\t\t\t<div class=\"elementor-widget-container\">\n\t\t\t\t\t<h2 class=\"elementor-heading-title elementor-size-default\">WEJ\u015aCIE W TYGODNIU <\/h2>\t\t\t\t<\/div>\n\t\t\t\t<\/div>\n\t\t\t\t<div class=\"elementor-element elementor-element-051929a elementor-widget elementor-widget-image\" data-id=\"051929a\" data-element_type=\"widget\" data-e-type=\"widget\" data-widget_type=\"image.default\">\n\t\t\t\t<div class=\"elementor-widget-container\">\n\t\t\t\t\t\t\t\t\t\t\t\t\t\t\t<img fetchpriority=\"high\" decoding=\"async\" width=\"1024\" height=\"576\" src=\"https:\/\/loopys.pl\/wroclaw\/wp-content\/uploads\/2026\/03\/cennik-wiosna-w-tygodniu-1-1024x576.png\" class=\"attachment-large size-large wp-image-22191\" alt=\"cennik loopys world wroc\u0142aw\" srcset=\"https:\/\/loopys.pl\/wroclaw\/wp-content\/uploads\/2026\/03\/cennik-wiosna-w-tygodniu-1-1024x576.png 1024w, https:\/\/loopys.pl\/wroclaw\/wp-content\/uploads\/2026\/03\/cennik-wiosna-w-tygodniu-1-300x169.png 300w, https:\/\/loopys.pl\/wroclaw\/wp-content\/uploads\/2026\/03\/cennik-wiosna-w-tygodniu-1-768x432.png 768w, https:\/\/loopys.pl\/wroclaw\/wp-content\/uploads\/2026\/03\/cennik-wiosna-w-tygodniu-1-1536x864.png 1536w, https:\/\/loopys.pl\/wroclaw\/wp-content\/uploads\/2026\/03\/cennik-wiosna-w-tygodniu-1-18x10.png 18w, https:\/\/loopys.pl\/wroclaw\/wp-content\/uploads\/2026\/03\/cennik-wiosna-w-tygodniu-1.png 1920w\" sizes=\"(max-width: 1024px) 100vw, 1024px\" \/>\t\t\t\t\t\t\t\t\t\t\t\t\t\t\t<\/div>\n\t\t\t\t<\/div>\n\t\t\t\t\t<\/div>\n\t\t\t\t<\/div>\n\t\t<div class=\"elementor-element elementor-element-e059ce9 e-flex e-con-boxed e-con e-parent\" data-id=\"e059ce9\" data-element_type=\"container\" data-e-type=\"container\">\n\t\t\t\t\t<div class=\"e-con-inner\">\n\t\t\t\t<div class=\"elementor-element elementor-element-603f206 animated-slow elementor-invisible elementor-widget elementor-widget-heading\" data-id=\"603f206\" data-element_type=\"widget\" data-e-type=\"widget\" data-settings=\"{&quot;_animation&quot;:&quot;fadeInUp&quot;}\" data-widget_type=\"heading.default\">\n\t\t\t\t<div class=\"elementor-widget-container\">\n\t\t\t\t\t<h2 class=\"elementor-heading-title elementor-size-default\">WEJ\u015aCIE W WEEKEND I DNI WOLNE OD SZKO\u0141Y<\/h2>\t\t\t\t<\/div>\n\t\t\t\t<\/div>\n\t\t<div class=\"elementor-element elementor-element-6b1f2fe e-con-full e-flex e-con e-child\" data-id=\"6b1f2fe\" data-element_type=\"container\" data-e-type=\"container\">\n\t\t\t\t<div class=\"elementor-element elementor-element-44ba565 elementor-widget elementor-widget-image\" data-id=\"44ba565\" data-element_type=\"widget\" data-e-type=\"widget\" data-widget_type=\"image.default\">\n\t\t\t\t<div class=\"elementor-widget-container\">\n\t\t\t\t\t\t\t\t\t\t\t\t\t\t\t<img decoding=\"async\" width=\"1024\" height=\"576\" src=\"https:\/\/loopys.pl\/wroclaw\/wp-content\/uploads\/2026\/03\/cennik-wiosna-weekend-1-1024x576.png\" class=\"attachment-large size-large wp-image-22190\" alt=\"cennik wroc\u0142aw loopys world\" srcset=\"https:\/\/loopys.pl\/wroclaw\/wp-content\/uploads\/2026\/03\/cennik-wiosna-weekend-1-1024x576.png 1024w, https:\/\/loopys.pl\/wroclaw\/wp-content\/uploads\/2026\/03\/cennik-wiosna-weekend-1-300x169.png 300w, https:\/\/loopys.pl\/wroclaw\/wp-content\/uploads\/2026\/03\/cennik-wiosna-weekend-1-768x432.png 768w, https:\/\/loopys.pl\/wroclaw\/wp-content\/uploads\/2026\/03\/cennik-wiosna-weekend-1-1536x864.png 1536w, https:\/\/loopys.pl\/wroclaw\/wp-content\/uploads\/2026\/03\/cennik-wiosna-weekend-1-18x10.png 18w, https:\/\/loopys.pl\/wroclaw\/wp-content\/uploads\/2026\/03\/cennik-wiosna-weekend-1.png 1920w\" sizes=\"(max-width: 1024px) 100vw, 1024px\" \/>\t\t\t\t\t\t\t\t\t\t\t\t\t\t\t<\/div>\n\t\t\t\t<\/div>\n\t\t\t\t<\/div>\n\t\t\t\t<div class=\"elementor-element elementor-element-7b6f5b9 animated-slow elementor-invisible elementor-widget elementor-widget-heading\" data-id=\"7b6f5b9\" data-element_type=\"widget\" data-e-type=\"widget\" data-settings=\"{&quot;_animation&quot;:&quot;fadeInUp&quot;}\" data-widget_type=\"heading.default\">\n\t\t\t\t<div class=\"elementor-widget-container\">\n\t\t\t\t\t<h2 class=\"elementor-heading-title elementor-size-default\">KARTY ABONAMENTOWE<\/h2>\t\t\t\t<\/div>\n\t\t\t\t<\/div>\n\t\t\t\t<div class=\"elementor-element elementor-element-a27b5a7 elementor-widget elementor-widget-image\" data-id=\"a27b5a7\" data-element_type=\"widget\" data-e-type=\"widget\" data-widget_type=\"image.default\">\n\t\t\t\t<div class=\"elementor-widget-container\">\n\t\t\t\t\t\t\t\t\t\t\t\t\t\t\t<img decoding=\"async\" width=\"1024\" height=\"576\" src=\"https:\/\/loopys.pl\/wroclaw\/wp-content\/uploads\/2026\/03\/karta-malucha1-1-1024x576.png\" class=\"attachment-large size-large wp-image-22189\" alt=\"loopys world cennik wroc\u0142aw\" srcset=\"https:\/\/loopys.pl\/wroclaw\/wp-content\/uploads\/2026\/03\/karta-malucha1-1-1024x576.png 1024w, https:\/\/loopys.pl\/wroclaw\/wp-content\/uploads\/2026\/03\/karta-malucha1-1-300x169.png 300w, https:\/\/loopys.pl\/wroclaw\/wp-content\/uploads\/2026\/03\/karta-malucha1-1-768x432.png 768w, https:\/\/loopys.pl\/wroclaw\/wp-content\/uploads\/2026\/03\/karta-malucha1-1-1536x864.png 1536w, https:\/\/loopys.pl\/wroclaw\/wp-content\/uploads\/2026\/03\/karta-malucha1-1-18x10.png 18w, https:\/\/loopys.pl\/wroclaw\/wp-content\/uploads\/2026\/03\/karta-malucha1-1.png 1920w\" sizes=\"(max-width: 1024px) 100vw, 1024px\" \/>\t\t\t\t\t\t\t\t\t\t\t\t\t\t\t<\/div>\n\t\t\t\t<\/div>\n\t\t\t\t<div class=\"elementor-element elementor-element-7a27fe7 elementor-widget elementor-widget-image\" data-id=\"7a27fe7\" data-element_type=\"widget\" data-e-type=\"widget\" data-widget_type=\"image.default\">\n\t\t\t\t<div class=\"elementor-widget-container\">\n\t\t\t\t\t\t\t\t\t\t\t\t\t\t\t<img loading=\"lazy\" decoding=\"async\" width=\"1024\" height=\"576\" src=\"https:\/\/loopys.pl\/wroclaw\/wp-content\/uploads\/2026\/03\/karta-juniora2-1-1024x576.png\" class=\"attachment-large size-large wp-image-22188\" alt=\"loopys world cennik wroc\u0142aw junior\" srcset=\"https:\/\/loopys.pl\/wroclaw\/wp-content\/uploads\/2026\/03\/karta-juniora2-1-1024x576.png 1024w, https:\/\/loopys.pl\/wroclaw\/wp-content\/uploads\/2026\/03\/karta-juniora2-1-300x169.png 300w, https:\/\/loopys.pl\/wroclaw\/wp-content\/uploads\/2026\/03\/karta-juniora2-1-768x432.png 768w, https:\/\/loopys.pl\/wroclaw\/wp-content\/uploads\/2026\/03\/karta-juniora2-1-1536x864.png 1536w, https:\/\/loopys.pl\/wroclaw\/wp-content\/uploads\/2026\/03\/karta-juniora2-1-18x10.png 18w, https:\/\/loopys.pl\/wroclaw\/wp-content\/uploads\/2026\/03\/karta-juniora2-1.png 1920w\" sizes=\"(max-width: 1024px) 100vw, 1024px\" \/>\t\t\t\t\t\t\t\t\t\t\t\t\t\t\t<\/div>\n\t\t\t\t<\/div>\n\t\t<div class=\"elementor-element elementor-element-0f9c597 e-flex e-con-boxed e-con e-child\" data-id=\"0f9c597\" data-element_type=\"container\" data-e-type=\"container\">\n\t\t\t\t\t<div class=\"e-con-inner\">\n\t\t\t\t<div class=\"elementor-element elementor-element-224003c elementor-widget elementor-widget-button\" data-id=\"224003c\" data-element_type=\"widget\" data-e-type=\"widget\" data-widget_type=\"button.default\">\n\t\t\t\t<div class=\"elementor-widget-container\">\n\t\t\t\t\t\t\t\t\t<div class=\"elementor-button-wrapper\">\n\t\t\t\t\t<a class=\"elementor-button elementor-button-link elementor-size-sm\" href=\"https:\/\/loopys.pl\/wroclaw\/oferta-imprezy-dzieciece\/urodziny\/cennik-imprezy-urodzinowej\/\">\n\t\t\t\t\t\t<span class=\"elementor-button-content-wrapper\">\n\t\t\t\t\t\t\t\t\t<span class=\"elementor-button-text\">CENNIK URODZINY<\/span>\n\t\t\t\t\t<\/span>\n\t\t\t\t\t<\/a>\n\t\t\t\t<\/div>\n\t\t\t\t\t\t\t\t<\/div>\n\t\t\t\t<\/div>\n\t\t\t\t<div class=\"elementor-element elementor-element-d948023 elementor-widget elementor-widget-button\" data-id=\"d948023\" data-element_type=\"widget\" data-e-type=\"widget\" data-widget_type=\"button.default\">\n\t\t\t\t<div class=\"elementor-widget-container\">\n\t\t\t\t\t\t\t\t\t<div class=\"elementor-button-wrapper\">\n\t\t\t\t\t<a class=\"elementor-button elementor-button-link elementor-size-sm\" href=\"https:\/\/loopys.pl\/wroclaw\/oferta-imprezy-dzieciece\/grupy-zorganizowane\/oferta-dla-grup\/\">\n\t\t\t\t\t\t<span class=\"elementor-button-content-wrapper\">\n\t\t\t\t\t\t\t\t\t<span class=\"elementor-button-text\">CENNIK GRUPY SZKOLNE <\/span>\n\t\t\t\t\t<\/span>\n\t\t\t\t\t<\/a>\n\t\t\t\t<\/div>\n\t\t\t\t\t\t\t\t<\/div>\n\t\t\t\t<\/div>\n\t\t\t\t\t<\/div>\n\t\t\t\t<\/div>\n\t\t\t\t\t<\/div>\n\t\t\t\t<\/div>\n\t\t<div class=\"elementor-element elementor-element-910e4a7 e-flex e-con-boxed e-con e-parent\" data-id=\"910e4a7\" data-element_type=\"container\" data-e-type=\"container\" data-settings=\"{&quot;background_background&quot;:&quot;classic&quot;}\">\n\t\t\t\t\t<div class=\"e-con-inner\">\n\t\t\t\t<div class=\"elementor-element elementor-element-69aad3e efektcien animated-slow elementor-invisible elementor-widget elementor-widget-heading\" data-id=\"69aad3e\" data-element_type=\"widget\" data-e-type=\"widget\" data-settings=\"{&quot;_animation&quot;:&quot;fadeInUp&quot;}\" data-widget_type=\"heading.default\">\n\t\t\t\t<div class=\"elementor-widget-container\">\n\t\t\t\t\t<h2 class=\"elementor-heading-title elementor-size-default\">Zaplanuj wizyt\u0119 w Loopy\u2019s World:<\/h2>\t\t\t\t<\/div>\n\t\t\t\t<\/div>\n\t\t\t\t\t<\/div>\n\t\t\t\t<\/div>\n\t\t<div class=\"elementor-element elementor-element-a12c748 e-flex e-con-boxed e-con e-parent\" data-id=\"a12c748\" data-element_type=\"container\" data-e-type=\"container\">\n\t\t\t\t\t<div class=\"e-con-inner\">\n\t\t\t\t<div class=\"elementor-element elementor-element-e0adade elementor-widget elementor-widget-text-editor\" data-id=\"e0adade\" data-element_type=\"widget\" data-e-type=\"widget\" data-widget_type=\"text-editor.default\">\n\t\t\t\t<div class=\"elementor-widget-container\">\n\t\t\t\t\t\t\t\t\t<p><strong>Przed wizyt\u0105 w Rodzinnym Centrum Rozrywki Loopy\u2019s World prosimy o zapoznanie si\u0119 z <a href=\"https:\/\/loopys.me-how.pl\/przed-wizyta\/regulamin\/\" rel=\"nofollow noopener\" target=\"_blank\">Regulaminem Centrum<\/a>.<\/strong><\/p><p>Na terenie Centrum dost\u0119pne s\u0105 r\u00f3wnie\u017c atrakcje dodatkowo p\u0142atne:<\/p><ul class=\"kids-list\"><li>automaty uruchamiane za pomoc\u0105 \u017ceton\u00f3w<\/li><li>gokarty<\/li><li>kolejka<\/li><li>pixele<\/li><\/ul><p><strong>Opiekunowie wchodz\u0105 gratis!<\/strong><\/p><p>Dotyczy os\u00f3b wchodz\u0105cych do Rodzinnego Centrum Rozrywki wraz z dzie\u0107mi w wieku 1-14 lat.<br \/>Dzieci poni\u017cej roku oraz powy\u017cej 14 lat bawi\u0105 si\u0119 gratis (je\u015bli wchodz\u0105 wraz z dzieckiem w wieku 1-14 lat oraz opiekunem). W przypadku dzieci powy\u017cej 14 lat nale\u017cy okaza\u0107 legitymacj\u0119 szkoln\u0105.<\/p><p><span style=\"color: var( --e-global-color-text ); font-weight: var( --e-global-typography-text-font-weight ); text-align: var(--text-align); font-family: var(--global-body-font-family);\">Rodzinne Centrum Rozrywki Loopy\u2019s World jest otwarte codziennie, z wyj\u0105tkiem:<\/span><\/p><ul class=\"kids-list\"><li>Niedzieli Wielkanocnej \u2013 pierwszy dzie\u0144 \u015awi\u0105t Wielkanocnych<\/li><li>Dnia Wszystkich \u015awi\u0119tych<\/li><li>Wigilii Bo\u017cego Narodzenia<\/li><li>Pierwszego dnia \u015awi\u0105t Bo\u017cego Narodzenia<\/li><li>Drugiego dnia \u015awi\u0105t Bo\u017cego Narodzenia<\/li><\/ul>\t\t\t\t\t\t\t\t<\/div>\n\t\t\t\t<\/div>\n\t\t\t\t\t<\/div>\n\t\t\t\t<\/div>\n\t\t<div class=\"elementor-element elementor-element-98cd999 e-flex e-con-boxed e-con e-parent\" data-id=\"98cd999\" data-element_type=\"container\" data-e-type=\"container\">\n\t\t\t\t\t<div class=\"e-con-inner\">\n\t\t\t\t<div class=\"elementor-element elementor-element-578e20d elementor-widget elementor-widget-heading\" data-id=\"578e20d\" data-element_type=\"widget\" data-e-type=\"widget\" data-widget_type=\"heading.default\">\n\t\t\t\t<div class=\"elementor-widget-container\">\n\t\t\t\t\t<h3 class=\"elementor-heading-title elementor-size-default\">Wej\u015bci\u00f3wka honorowana w Loopy\u2019s World:<\/h3>\t\t\t\t<\/div>\n\t\t\t\t<\/div>\n\t\t\t\t<div class=\"elementor-element elementor-element-f0178c7 elementor-widget elementor-widget-image\" data-id=\"f0178c7\" data-element_type=\"widget\" data-e-type=\"widget\" data-widget_type=\"image.default\">\n\t\t\t\t<div class=\"elementor-widget-container\">\n\t\t\t\t\t\t\t\t\t\t\t\t\t\t\t<img loading=\"lazy\" decoding=\"async\" width=\"768\" height=\"514\" src=\"https:\/\/loopys.pl\/wroclaw\/wp-content\/uploads\/2023\/09\/bon-upominkowy-768x514.png\" class=\"attachment-medium_large size-medium_large wp-image-14293\" alt=\"\" srcset=\"https:\/\/loopys.pl\/wroclaw\/wp-content\/uploads\/2023\/09\/bon-upominkowy-768x514.png 768w, https:\/\/loopys.pl\/wroclaw\/wp-content\/uploads\/2023\/09\/bon-upominkowy-300x201.png 300w, https:\/\/loopys.pl\/wroclaw\/wp-content\/uploads\/2023\/09\/bon-upominkowy-1024x686.png 1024w, https:\/\/loopys.pl\/wroclaw\/wp-content\/uploads\/2023\/09\/bon-upominkowy.png 1075w\" sizes=\"(max-width: 768px) 100vw, 768px\" \/>\t\t\t\t\t\t\t\t\t\t\t\t\t\t\t<\/div>\n\t\t\t\t<\/div>\n\t\t\t\t\t<\/div>\n\t\t\t\t<\/div>\n\t\t<div class=\"elementor-element elementor-element-c12cc19 e-flex e-con-boxed e-con e-parent\" data-id=\"c12cc19\" data-element_type=\"container\" data-e-type=\"container\">\n\t\t\t\t\t<div class=\"e-con-inner\">\n\t\t\t\t\t<\/div>\n\t\t\t\t<\/div>\n\t\t<div class=\"elementor-element elementor-element-b6cea0d e-flex e-con-boxed e-con e-parent\" data-id=\"b6cea0d\" data-element_type=\"container\" data-e-type=\"container\">\n\t\t\t\t\t<div class=\"e-con-inner\">\n\t\t\t\t\t<\/div>\n\t\t\t\t<\/div>\n\t\t<div class=\"elementor-element elementor-element-2c1b35d e-flex e-con-boxed e-con e-parent\" data-id=\"2c1b35d\" data-element_type=\"container\" data-e-type=\"container\">\n\t\t\t\t\t<div class=\"e-con-inner\">\n\t\t\t\t\t<\/div>\n\t\t\t\t<\/div>\n\t\t<div class=\"elementor-element elementor-element-82012a8 e-flex e-con-boxed e-con e-parent\" data-id=\"82012a8\" data-element_type=\"container\" data-e-type=\"container\">\n\t\t\t\t\t<div class=\"e-con-inner\">\n\t\t\t\t\t<\/div>\n\t\t\t\t<\/div>\n\t\t\t\t<\/div>\n\t\t","protected":false},"excerpt":{"rendered":"<p>WEJ\u015aCIE W TYGODNIU WEJ\u015aCIE W WEEKEND I DNI WOLNE OD SZKO\u0141Y KARTY ABONAMENTOWE CENNIK URODZINY CENNIK GRUPY SZKOLNE Zaplanuj wizyt\u0119 w Loopy\u2019s World: Przed wizyt\u0105 w Rodzinnym Centrum Rozrywki Loopy\u2019s World prosimy o zapoznanie si\u0119 z Regulaminem Centrum. Na terenie Centrum dost\u0119pne s\u0105 r\u00f3wnie\u017c atrakcje dodatkowo p\u0142atne: automaty uruchamiane za pomoc\u0105 \u017ceton\u00f3w gokarty kolejka pixele&#8230;<\/p>\n","protected":false},"author":11,"featured_media":0,"parent":0,"menu_order":0,"comment_status":"closed","ping_status":"closed","template":"","meta":{"_acf_changed":false,"_kad_blocks_custom_css":"","_kad_blocks_head_custom_js":"","_kad_blocks_body_custom_js":"","_kad_blocks_footer_custom_js":"","_kad_post_transparent":"","_kad_post_title":"hide","_kad_post_layout":"fullwidth","_kad_post_sidebar_id":"","_kad_post_content_style":"unboxed","_kad_post_vertical_padding":"hide","_kad_post_feature":"hide","_kad_post_feature_position":"","_kad_post_header":false,"_kad_post_footer":false,"_kad_post_classname":"","footnotes":""},"class_list":["post-53","page","type-page","status-publish","hentry"],"acf":[],"taxonomy_info":[],"featured_image_src_large":false,"author_info":{"display_name":"Michal","author_link":"https:\/\/loopys.pl\/wroclaw\/author\/michal2\/"},"comment_info":0,"_links":{"self":[{"href":"https:\/\/loopys.pl\/wroclaw\/wp-json\/wp\/v2\/pages\/53","targetHints":{"allow":["GET"]}}],"collection":[{"href":"https:\/\/loopys.pl\/wroclaw\/wp-json\/wp\/v2\/pages"}],"about":[{"href":"https:\/\/loopys.pl\/wroclaw\/wp-json\/wp\/v2\/types\/page"}],"author":[{"embeddable":true,"href":"https:\/\/loopys.pl\/wroclaw\/wp-json\/wp\/v2\/users\/11"}],"replies":[{"embeddable":true,"href":"https:\/\/loopys.pl\/wroclaw\/wp-json\/wp\/v2\/comments?post=53"}],"version-history":[{"count":97,"href":"https:\/\/loopys.pl\/wroclaw\/wp-json\/wp\/v2\/pages\/53\/revisions"}],"predecessor-version":[{"id":22279,"href":"https:\/\/loopys.pl\/wroclaw\/wp-json\/wp\/v2\/pages\/53\/revisions\/22279"}],"wp:attachment":[{"href":"https:\/\/loopys.pl\/wroclaw\/wp-json\/wp\/v2\/media?parent=53"}],"curies":[{"name":"wp","href":"https:\/\/api.w.org\/{rel}","templated":true}]}}